{"id":7857,"date":"2025-06-25T05:07:58","date_gmt":"2025-06-25T05:07:58","guid":{"rendered":"https:\/\/megapets.eu\/?post_type=product&#038;p=7857"},"modified":"2025-06-25T05:13:29","modified_gmt":"2025-06-25T05:13:29","slug":"lissachatina-fulicacorpo-albino-kopia","status":"publish","type":"product","link":"https:\/\/megapets.eu\/it\/lumache\/lissachatina-fulicacorpo-albino-kopia\/","title":{"rendered":"Lissachatina fulica<br \/>corpo albino (Kopia)"},"content":{"rendered":"<p class=\"v1v1v1v1MsoNormal\"><span style=\"color: #424242;\"><strong><em><span style=\"font-size: 15px;\"><b>Specie: <\/b><\/span><\/em><\/strong><em><span style=\"font-size: 15px;\">Lissachatina fulica<\/span><\/em><strong><em><span style=\"font-size: 15px;\"><br \/>\nVariazione di colore:<\/span><\/em><\/strong><em><span style=\"font-size: 15px;\"> corpo albino<\/span><\/em><\/span><\/p>\n<p class=\"v1v1v1v1MsoNormal\"><span style=\"font-size: 15px;\"><strong><em><span style=\"color: #008000;\">\u2b50\u2b50\u2b50<\/span><\/em><\/strong><em><span style=\"color: #008000;\"><span style=\"color: #424242;\"> La specie Lissachatina fulica \u00e8 una delle lumache africane pi\u00f9 popolari e conosciute dai principianti. Questa specie \u00e8 attiva e resistente agli errori di riproduzione. Per questo motivo, viene spesso consigliata come prima specie con cui iniziare la tua avventura con le lumache. Il corpo della Lissachatina fulica albina cresce abbastanza velocemente, la dimensione del guscio di un adulto di questa specie \u00e8 di circa 12-15 cm. <\/span><\/span><\/em><\/span><\/p>\n<p class=\"v1v1v1v1MsoNormal\"><span style=\"font-size: 15px;\"><em><span style=\"color: #008000;\"><span style=\"color: #424242;\">La prima foto mostra una lumaca adulta della specie Lissachatina fulica corpo albino, la seconda foto mostra le dimensioni delle lumache giovani di questa specie che offriamo. <\/span><\/span><\/em><\/span><\/p>\n<p class=\"v1v1v1v1MsoNormal\"><span style=\"font-size: 15px;\"><em><span style=\"color: #008000;\"><img decoding=\"async\" src=\"https:\/\/static.xx.fbcdn.net\/images\/emoji.php\/v9\/tbe\/1\/16\/1f3c6.png\" alt=\"\ud83c\udfc6\" \/><span style=\"color: #e36a19;\"> Tutti i piccoli provengono dal nostro noto allevatore registrato, quindi stai acquistando da una fonte conosciuta, dove ci prendiamo cura delle lumache e osserviamo attentamente lo sviluppo di ciascuna di esse.<\/span><\/span><\/em><\/span><\/p>\n<p class=\"v1v1v1v1MsoNormal\"><span style=\"font-size: 15px; color: #424242;\"><em>Come sai, i contenitori di plastica sono i migliori per l&#8217;allevamento delle lumache. I contenitori che abbiamo preparato sono ideali per lo sviluppo di una nuova crescita di gusci di lumaca). Per risparmiare tempo durante il completamento del tuo ordine, ti consigliamo di iniziare con il set iniziale, che include gli accessori di base per un rapido avvio del tuo allevamento e le istruzioni.<\/em><\/span><\/p>\n<p><span style=\"font-size: 15px;\"><em><span style=\"color: #008000;\"><img loading=\"lazy\" decoding=\"async\" class=\"xz74otr\" src=\"https:\/\/static.xx.fbcdn.net\/images\/emoji.php\/v9\/t1e\/1\/16\/1f33f.png\" alt=\"\ud83c\udf3f\" width=\"16\" height=\"16\" \/> Tutto ci\u00f2 di cui l&#8217;animale ha bisogno \u00e8 frutta e verdura fresca e matura, un contenitore per l&#8217;allevamento e un substrato (non lasciare che il substrato si secchi, spruzza il terrario ogni 2-3 giorni). Nella dieta quotidiana della lumaca non deve mancare l&#8217;elemento base per la formazione di un guscio bello e sano; fonti naturali di calcio perfettamente digeribile sono il guscio d&#8217;uovo in polvere e la seppia. Puoi trovare informazioni sulla dieta delle lumache esotiche sul nostro sito web.<\/span><\/em><\/span><\/p>\n","protected":false},"excerpt":{"rendered":"<ul>\n<li>Da una coppia non correlata:\n<ul>\n<li>P-<\/li>\n<\/ul>\n<\/li>\n<li>Dimensioni del guscio di destinazione:\n<ul>\n<li>ca. 12-15 cm<\/li>\n<\/ul>\n<\/li>\n<li>Giovane offerto:\n<ul>\n<li>ca. 5 cm<\/li>\n<\/ul>\n<\/li>\n<li>Il prezzo \u00e8 per:\n<ul>\n<li>1 pezzo<\/li>\n<\/ul>\n<\/li>\n<\/ul>\n","protected":false},"featured_media":7010,"template":"","meta":{"_acf_changed":false,"_links_to":"","_links_to_target":""},"product_cat":[183],"product_tag":[],"class_list":{"0":"post-7857","1":"product","2":"type-product","3":"status-publish","4":"has-post-thumbnail","6":"product_cat-lumache","8":"first","9":"outofstock","10":"shipping-taxable","11":"purchasable","12":"product-type-simple"},"acf":[],"yoast_head":"<!-- This site is optimized with the Yoast SEO plugin v24.9 - https:\/\/yoast.com\/wordpress\/plugins\/seo\/ -->\n<title>Lissachatina fulicacorpo albino (Kopia) | MegaPets<\/title>\n<meta name=\"description\" content=\"Le lumache africane della specie Lissachatina fulica sono una delle lumache africane pi\u00f9 popolari e conosciute dai principianti. Questa specie \u00e8 attiva e resistente agli errori di riproduzione. Per questo motivo, viene spesso consigliata come prima specie con cui iniziare la tua avventura con le lumache. Il corpo della Lissachatina fulica albina cresce abbastanza velocemente, la dimensione del guscio di un adulto di questa specie \u00e8 di circa 12-15 cm.\" \/>\n<meta name=\"robots\" content=\"index, follow, max-snippet:-1, max-image-preview:large, max-video-preview:-1\" \/>\n<link rel=\"canonical\" href=\"https:\/\/megapets.eu\/it\/lumache\/lissachatina-fulicacorpo-albino-kopia\/\" \/>\n<meta property=\"og:locale\" content=\"it_IT\" \/>\n<meta property=\"og:type\" content=\"article\" \/>\n<meta property=\"og:title\" content=\"Lissachatina fulicacorpo albino (Kopia) | MegaPets\" \/>\n<meta property=\"og:description\" content=\"Le lumache africane della specie Lissachatina fulica sono una delle lumache africane pi\u00f9 popolari e conosciute dai principianti. Questa specie \u00e8 attiva e resistente agli errori di riproduzione. Per questo motivo, viene spesso consigliata come prima specie con cui iniziare la tua avventura con le lumache. Il corpo della Lissachatina fulica albina cresce abbastanza velocemente, la dimensione del guscio di un adulto di questa specie \u00e8 di circa 12-15 cm.\" \/>\n<meta property=\"og:url\" content=\"https:\/\/megapets.eu\/it\/lumache\/lissachatina-fulicacorpo-albino-kopia\/\" \/>\n<meta property=\"og:site_name\" content=\"MegaPets\" \/>\n<meta property=\"article:publisher\" content=\"https:\/\/www.facebook.com\/MegaPets.eu\/\" \/>\n<meta property=\"article:modified_time\" content=\"2025-06-25T05:13:29+00:00\" \/>\n<meta property=\"og:image\" content=\"https:\/\/megapets.eu\/wp-content\/uploads\/2025\/04\/logowj4.png\" \/>\n\t<meta property=\"og:image:width\" content=\"1198\" \/>\n\t<meta property=\"og:image:height\" content=\"796\" \/>\n\t<meta property=\"og:image:type\" content=\"image\/png\" \/>\n<meta name=\"twitter:card\" content=\"summary_large_image\" \/>\n<meta name=\"twitter:label1\" content=\"Tempo di lettura stimato\" \/>\n\t<meta name=\"twitter:data1\" content=\"1 minuto\" \/>\n<script type=\"application\/ld+json\" class=\"yoast-schema-graph\">{\"@context\":\"https:\/\/schema.org\",\"@graph\":[{\"@type\":\"WebPage\",\"@id\":\"https:\/\/megapets.eu\/it\/lumache\/lissachatina-fulicacorpo-albino-kopia\/\",\"url\":\"https:\/\/megapets.eu\/it\/lumache\/lissachatina-fulicacorpo-albino-kopia\/\",\"name\":\"Lissachatina fulica corpo albino (Kopia) | MegaPets\",\"isPartOf\":{\"@id\":\"https:\/\/megapets.eu\/it\/#website\"},\"primaryImageOfPage\":{\"@id\":\"https:\/\/megapets.eu\/it\/lumache\/lissachatina-fulicacorpo-albino-kopia\/#primaryimage\"},\"image\":{\"@id\":\"https:\/\/megapets.eu\/it\/lumache\/lissachatina-fulicacorpo-albino-kopia\/#primaryimage\"},\"thumbnailUrl\":\"https:\/\/megapets.eu\/wp-content\/uploads\/2025\/04\/Liss.-fulica-1-Ex.png\",\"datePublished\":\"2025-06-25T05:07:58+00:00\",\"dateModified\":\"2025-06-25T05:13:29+00:00\",\"description\":\"Le lumache africane della specie Lissachatina fulica sono una delle lumache africane pi\u00f9 popolari e conosciute dai principianti. Questa specie \u00e8 attiva e resistente agli errori di riproduzione. Per questo motivo, viene spesso consigliata come prima specie con cui iniziare la tua avventura con le lumache. Il corpo della Lissachatina fulica albina cresce abbastanza velocemente, la dimensione del guscio di un adulto di questa specie \u00e8 di circa 12-15 cm.\",\"breadcrumb\":{\"@id\":\"https:\/\/megapets.eu\/it\/lumache\/lissachatina-fulicacorpo-albino-kopia\/#breadcrumb\"},\"inLanguage\":\"it-IT\",\"potentialAction\":[{\"@type\":\"ReadAction\",\"target\":[\"https:\/\/megapets.eu\/it\/lumache\/lissachatina-fulicacorpo-albino-kopia\/\"]}]},{\"@type\":\"ImageObject\",\"inLanguage\":\"it-IT\",\"@id\":\"https:\/\/megapets.eu\/it\/lumache\/lissachatina-fulicacorpo-albino-kopia\/#primaryimage\",\"url\":\"https:\/\/megapets.eu\/wp-content\/uploads\/2025\/04\/Liss.-fulica-1-Ex.png\",\"contentUrl\":\"https:\/\/megapets.eu\/wp-content\/uploads\/2025\/04\/Liss.-fulica-1-Ex.png\",\"width\":1046,\"height\":704},{\"@type\":\"BreadcrumbList\",\"@id\":\"https:\/\/megapets.eu\/it\/lumache\/lissachatina-fulicacorpo-albino-kopia\/#breadcrumb\",\"itemListElement\":[{\"@type\":\"ListItem\",\"position\":1,\"name\":\"Strona g\u0142\u00f3wna\",\"item\":\"https:\/\/megapets.eu\/it\/\"},{\"@type\":\"ListItem\",\"position\":2,\"name\":\"Negozio\",\"item\":\"https:\/\/megapets.eu\/it\/negozio\/\"},{\"@type\":\"ListItem\",\"position\":3,\"name\":\"Lissachatina fulicacorpo albino (Kopia)\"}]},{\"@type\":\"WebSite\",\"@id\":\"https:\/\/megapets.eu\/it\/#website\",\"url\":\"https:\/\/megapets.eu\/it\/\",\"name\":\"Mega Pets\",\"description\":\"Jedna z najwi\u0119kszych hodowli \u015blimak\u00f3w w Europie\",\"publisher\":{\"@id\":\"https:\/\/megapets.eu\/it\/#organization\"},\"alternateName\":\"Mega Pets\",\"potentialAction\":[{\"@type\":\"SearchAction\",\"target\":{\"@type\":\"EntryPoint\",\"urlTemplate\":\"https:\/\/megapets.eu\/it\/?s={search_term_string}\"},\"query-input\":{\"@type\":\"PropertyValueSpecification\",\"valueRequired\":true,\"valueName\":\"search_term_string\"}}],\"inLanguage\":\"it-IT\"},{\"@type\":\"Organization\",\"@id\":\"https:\/\/megapets.eu\/it\/#organization\",\"name\":\"Mega Pets\",\"url\":\"https:\/\/megapets.eu\/it\/\",\"logo\":{\"@type\":\"ImageObject\",\"inLanguage\":\"it-IT\",\"@id\":\"https:\/\/megapets.eu\/it\/#\/schema\/logo\/image\/\",\"url\":\"https:\/\/megapets.eu\/wp-content\/uploads\/2025\/04\/megapets_eu-logo.png\",\"contentUrl\":\"https:\/\/megapets.eu\/wp-content\/uploads\/2025\/04\/megapets_eu-logo.png\",\"width\":2362,\"height\":2362,\"caption\":\"Mega Pets\"},\"image\":{\"@id\":\"https:\/\/megapets.eu\/it\/#\/schema\/logo\/image\/\"},\"sameAs\":[\"https:\/\/www.facebook.com\/MegaPets.eu\/\"]}]}<\/script>\n<!-- \/ Yoast SEO plugin. -->","yoast_head_json":{"title":"Lissachatina fulicacorpo albino (Kopia) | MegaPets","description":"Le lumache africane della specie Lissachatina fulica sono una delle lumache africane pi\u00f9 popolari e conosciute dai principianti. Questa specie \u00e8 attiva e resistente agli errori di riproduzione. Per questo motivo, viene spesso consigliata come prima specie con cui iniziare la tua avventura con le lumache. Il corpo della Lissachatina fulica albina cresce abbastanza velocemente, la dimensione del guscio di un adulto di questa specie \u00e8 di circa 12-15 cm.","robots":{"index":"index","follow":"follow","max-snippet":"max-snippet:-1","max-image-preview":"max-image-preview:large","max-video-preview":"max-video-preview:-1"},"canonical":"https:\/\/megapets.eu\/it\/lumache\/lissachatina-fulicacorpo-albino-kopia\/","og_locale":"it_IT","og_type":"article","og_title":"Lissachatina fulicacorpo albino (Kopia) | MegaPets","og_description":"Le lumache africane della specie Lissachatina fulica sono una delle lumache africane pi\u00f9 popolari e conosciute dai principianti. Questa specie \u00e8 attiva e resistente agli errori di riproduzione. Per questo motivo, viene spesso consigliata come prima specie con cui iniziare la tua avventura con le lumache. Il corpo della Lissachatina fulica albina cresce abbastanza velocemente, la dimensione del guscio di un adulto di questa specie \u00e8 di circa 12-15 cm.","og_url":"https:\/\/megapets.eu\/it\/lumache\/lissachatina-fulicacorpo-albino-kopia\/","og_site_name":"MegaPets","article_publisher":"https:\/\/www.facebook.com\/MegaPets.eu\/","article_modified_time":"2025-06-25T05:13:29+00:00","og_image":[{"width":1198,"height":796,"url":"https:\/\/megapets.eu\/wp-content\/uploads\/2025\/04\/logowj4.png","type":"image\/png"}],"twitter_card":"summary_large_image","twitter_misc":{"Tempo di lettura stimato":"1 minuto"},"schema":{"@context":"https:\/\/schema.org","@graph":[{"@type":"WebPage","@id":"https:\/\/megapets.eu\/it\/lumache\/lissachatina-fulicacorpo-albino-kopia\/","url":"https:\/\/megapets.eu\/it\/lumache\/lissachatina-fulicacorpo-albino-kopia\/","name":"Lissachatina fulica corpo albino (Kopia) | MegaPets","isPartOf":{"@id":"https:\/\/megapets.eu\/it\/#website"},"primaryImageOfPage":{"@id":"https:\/\/megapets.eu\/it\/lumache\/lissachatina-fulicacorpo-albino-kopia\/#primaryimage"},"image":{"@id":"https:\/\/megapets.eu\/it\/lumache\/lissachatina-fulicacorpo-albino-kopia\/#primaryimage"},"thumbnailUrl":"https:\/\/megapets.eu\/wp-content\/uploads\/2025\/04\/Liss.-fulica-1-Ex.png","datePublished":"2025-06-25T05:07:58+00:00","dateModified":"2025-06-25T05:13:29+00:00","description":"Le lumache africane della specie Lissachatina fulica sono una delle lumache africane pi\u00f9 popolari e conosciute dai principianti. Questa specie \u00e8 attiva e resistente agli errori di riproduzione. Per questo motivo, viene spesso consigliata come prima specie con cui iniziare la tua avventura con le lumache. Il corpo della Lissachatina fulica albina cresce abbastanza velocemente, la dimensione del guscio di un adulto di questa specie \u00e8 di circa 12-15 cm.","breadcrumb":{"@id":"https:\/\/megapets.eu\/it\/lumache\/lissachatina-fulicacorpo-albino-kopia\/#breadcrumb"},"inLanguage":"it-IT","potentialAction":[{"@type":"ReadAction","target":["https:\/\/megapets.eu\/it\/lumache\/lissachatina-fulicacorpo-albino-kopia\/"]}]},{"@type":"ImageObject","inLanguage":"it-IT","@id":"https:\/\/megapets.eu\/it\/lumache\/lissachatina-fulicacorpo-albino-kopia\/#primaryimage","url":"https:\/\/megapets.eu\/wp-content\/uploads\/2025\/04\/Liss.-fulica-1-Ex.png","contentUrl":"https:\/\/megapets.eu\/wp-content\/uploads\/2025\/04\/Liss.-fulica-1-Ex.png","width":1046,"height":704},{"@type":"BreadcrumbList","@id":"https:\/\/megapets.eu\/it\/lumache\/lissachatina-fulicacorpo-albino-kopia\/#breadcrumb","itemListElement":[{"@type":"ListItem","position":1,"name":"Strona g\u0142\u00f3wna","item":"https:\/\/megapets.eu\/it\/"},{"@type":"ListItem","position":2,"name":"Negozio","item":"https:\/\/megapets.eu\/it\/negozio\/"},{"@type":"ListItem","position":3,"name":"Lissachatina fulicacorpo albino (Kopia)"}]},{"@type":"WebSite","@id":"https:\/\/megapets.eu\/it\/#website","url":"https:\/\/megapets.eu\/it\/","name":"Mega Pets","description":"Jedna z najwi\u0119kszych hodowli \u015blimak\u00f3w w Europie","publisher":{"@id":"https:\/\/megapets.eu\/it\/#organization"},"alternateName":"Mega Pets","potentialAction":[{"@type":"SearchAction","target":{"@type":"EntryPoint","urlTemplate":"https:\/\/megapets.eu\/it\/?s={search_term_string}"},"query-input":{"@type":"PropertyValueSpecification","valueRequired":true,"valueName":"search_term_string"}}],"inLanguage":"it-IT"},{"@type":"Organization","@id":"https:\/\/megapets.eu\/it\/#organization","name":"Mega Pets","url":"https:\/\/megapets.eu\/it\/","logo":{"@type":"ImageObject","inLanguage":"it-IT","@id":"https:\/\/megapets.eu\/it\/#\/schema\/logo\/image\/","url":"https:\/\/megapets.eu\/wp-content\/uploads\/2025\/04\/megapets_eu-logo.png","contentUrl":"https:\/\/megapets.eu\/wp-content\/uploads\/2025\/04\/megapets_eu-logo.png","width":2362,"height":2362,"caption":"Mega Pets"},"image":{"@id":"https:\/\/megapets.eu\/it\/#\/schema\/logo\/image\/"},"sameAs":["https:\/\/www.facebook.com\/MegaPets.eu\/"]}]}},"_links":{"self":[{"href":"https:\/\/megapets.eu\/it\/wp-json\/wp\/v2\/product\/7857","targetHints":{"allow":["GET"]}}],"collection":[{"href":"https:\/\/megapets.eu\/it\/wp-json\/wp\/v2\/product"}],"about":[{"href":"https:\/\/megapets.eu\/it\/wp-json\/wp\/v2\/types\/product"}],"wp:featuredmedia":[{"embeddable":true,"href":"https:\/\/megapets.eu\/it\/wp-json\/wp\/v2\/media\/7010"}],"wp:attachment":[{"href":"https:\/\/megapets.eu\/it\/wp-json\/wp\/v2\/media?parent=7857"}],"wp:term":[{"taxonomy":"product_cat","embeddable":true,"href":"https:\/\/megapets.eu\/it\/wp-json\/wp\/v2\/product_cat?post=7857"},{"taxonomy":"product_tag","embeddable":true,"href":"https:\/\/megapets.eu\/it\/wp-json\/wp\/v2\/product_tag?post=7857"}],"curies":[{"name":"wp","href":"https:\/\/api.w.org\/{rel}","templated":true}]}}