{"id":9745,"date":"2025-07-13T14:04:04","date_gmt":"2025-07-13T14:04:04","guid":{"rendered":"https:\/\/megapets.eu\/?post_type=product&#038;p=9745"},"modified":"2025-07-14T09:08:58","modified_gmt":"2025-07-14T09:08:58","slug":"ponticelli-rossoaddetti-alle-pulizie-kopia","status":"publish","type":"product","link":"https:\/\/megapets.eu\/it\/isopodia\/ponticelli-rossoaddetti-alle-pulizie-kopia\/","title":{"rendered":"Collemboli &#8220;Gialli\" <br> Ceratophysella sp. &#8220;Albino giallo lilla\" <br> &#8220;Squadra di pulizia\""},"content":{"rendered":"<p class=\"v1v1v1v1MsoNormal\"><span style=\"color: #424242;\"><strong><em><span style=\"font-size: 15px;\">Collemboli: Collemboli &#8220;gialli\". Ceratophysella spec. &#8220;Albino giallo lilla\"  <\/span><\/em><\/strong><\/span><\/p>\n<p class=\"v1v1v1v1MsoNormal\"><span style=\"color: #424242;\"><strong><em><span style=\"font-size: 15px;\">&#8220;Squadra di pulizia\" <strong style=\"color: #424242;\"><span class=\"x1xsqp64 xiy17q3 x1o6pynw x19co3pv xdj266r xcwd3tp xat24cr x39eecv x2b8uid\" data-testid=\"emoji\"><span class=\"xexx8yu xn5pp95 x18d9i69 x2fxd7x x3jgonx x1bhl96m\"><span style=\"font-size: 15px; color: #424242;\"><span class=\"html-span xexx8yu x4uap5 x18d9i69 xkhd6sd x1hl2dhg x16tdsg8 x1vvkbs x3nfvp2 x1j61x8r x1fcty0u xdj266r xat24cr xgzva0m xhhsvwb xxymvpz xlup9mm x1kky2od\"><img loading=\"lazy\" decoding=\"async\" class=\"xz74otr\" src=\"https:\/\/static.xx.fbcdn.net\/images\/emoji.php\/v9\/ta4\/1\/16\/1f9f9.png\" alt=\"\ud83e\uddf9\" width=\"16\" height=\"16\"><img loading=\"lazy\" decoding=\"async\" class=\"xz74otr\" src=\"https:\/\/static.xx.fbcdn.net\/images\/emoji.php\/v9\/tbc\/1\/16\/1f30a.png\" alt=\"\ud83c\udf0a\" width=\"16\" height=\"16\"><\/span><span class=\"html-span xexx8yu x4uap5 x18d9i69 xkhd6sd x1hl2dhg x16tdsg8 x1vvkbs x3nfvp2 x1j61x8r x1fcty0u xdj266r xat24cr xgzva0m xhhsvwb xxymvpz xlup9mm x1kky2od\"><img loading=\"lazy\" decoding=\"async\" class=\"xz74otr\" src=\"https:\/\/static.xx.fbcdn.net\/images\/emoji.php\/v9\/t4f\/1\/16\/1f9fd.png\" alt=\"\ud83e\uddfd\" width=\"16\" height=\"16\"><\/span><\/span><\/span><\/span><\/strong>per il terrario.<\/span><\/em><\/strong><\/span><\/p>\n<p><strong style=\"color: #424242;\"><em><span style=\"font-size: 15px;\"><strong><span class=\"x1xsqp64 xiy17q3 x1o6pynw x19co3pv xdj266r xcwd3tp xat24cr x39eecv x2b8uid\" data-testid=\"emoji\"><span class=\"xexx8yu xn5pp95 x18d9i69 x2fxd7x x3jgonx x1bhl96m\">Di facile manutenzione, sono ottimi per i principianti.<\/span><\/span><\/strong><\/span><\/em><\/strong><\/p>\n<p>&nbsp;<\/p>\n<p><strong style=\"color: #424242;\"><strong><em><span style=\"font-size: 15px; color: #424242;\"><strong><span style=\"font-size: 15px;\"><span class=\"x1xsqp64 xiy17q3 x1o6pynw x19co3pv xdj266r xcwd3tp xat24cr x39eecv x2b8uid\" data-testid=\"emoji\"><span class=\"xexx8yu xn5pp95 x18d9i69 x2fxd7x x3jgonx x1bhl96m\"><span style=\"color: #424242;\">\u2764\ufe0f\ud83e\udde1\u2764\ufe0f <\/span><\/span><\/span><\/span>Cerchi qualcosa di divertente da allevare per cominciare? <\/strong> Collemboli<strong> <\/strong>Sono creature belle e facili da curare, completamente sicure per l&#8217;uomo, non mordono. Hanno mascelle deboli che si adattano a schiacciare la materia vegetale. I collemboli preferiscono luoghi umidi, vivono nello strato superiore del substrato e si nutrono di foglie, substrato multicomponente destinato all&#8217;allevamento di millepiedi, nonch\u00e9 frutta e verdura.  <\/span><\/em><\/strong><\/strong><\/p>\n<p>&nbsp;<\/p>\n<p class=\"v1v1v1v1MsoNormal\"><span style=\"color: #424242;\"><strong><em><span style=\"font-size: 15px;\"><span class=\"x1xsqp64 xiy17q3 x1o6pynw x19co3pv xdj266r xcwd3tp xat24cr x39eecv x2b8uid\" data-testid=\"emoji\"><span class=\"xexx8yu xn5pp95 x18d9i69 x2fxd7x x3jgonx x1bhl96m\">\ud83c\udf3f <\/span><\/span>Tutto ci\u00f2 di cui un animale del genere ha bisogno per svilupparsi e vivere con successo in un terrario \u00e8:<\/span><\/em><\/strong><\/span><\/p>\n<p class=\"v1v1v1v1MsoNormal\"><span style=\"color: #008000;\"><strong><em><span style=\"font-size: 15px;\">* Substrato \/ cibo: Terreno di riproduzione per millepiedi e miriadi o substrato di cocco;<\/span><\/em><\/strong><\/span><\/p>\n<p class=\"v1v1v1v1MsoNormal\"><span style=\"color: #008000;\"><strong><em><span style=\"font-size: 15px;\">* Superfood: frutta e verdura fresca;<\/span><\/em><\/strong><\/span><\/p>\n<p class=\"v1v1v1v1MsoNormal\"><span style=\"color: #008000;\"><strong><em><span style=\"font-size: 15px;\">* Cibo: Seppia &#8211; l&#8217;osso di seppia \u00e8 una fonte naturale di calcio per gli animali da terrario;  <\/span><\/em><\/strong><\/span><\/p>\n<p class=\"v1v1v1v1MsoNormal\"><span style=\"color: #008000;\"><strong><em><span style=\"font-size: 15px;\">* Cibo: il gammarus macinato \u00e8 un gammarus essiccato, ricco di macro e microelementi, una fonte naturale di proteine animali e chitina (disponibile in altre aste);<\/span><\/em><\/strong><\/span><\/p>\n<p class=\"v1v1v1v1MsoNormal\"><span style=\"color: #008000;\"><strong><em><span style=\"font-size: 15px;\">* Terrario: Faunabox o contenitore per l&#8217;allevamento \u00e8 ideale per l&#8217;allevamento di isopodi;<\/span><\/em><\/strong><\/span><\/p>\n<p class=\"v1v1v1v1MsoNormal\"><span style=\"color: #008000;\"><strong><em><span style=\"font-size: 15px;\">* Non lasciare che il substrato si asciughi completamente, cospargere il terrario di tanto in tanto.<\/span><\/em><\/strong><\/span><\/p>\n","protected":false},"excerpt":{"rendered":"<ul class=\"product_attributes\">\n<li><strong>Dimensione target degli individui:<\/strong> <span style=\"color: #000000;\">circa 0,2 cm<\/span><\/li>\n<li>Individui offerti: <span style=\"color: #000000;\">imballati in modo casuale<\/span><\/li>\n<li>Il prezzo si riferisce a un set: <span style=\"color: #000000;\">10-15 pezzi<\/span><\/li>\n<\/ul>\n","protected":false},"featured_media":9781,"template":"","meta":{"_acf_changed":false,"_links_to":"","_links_to_target":""},"product_cat":[182],"product_tag":[],"class_list":{"0":"post-9745","1":"product","2":"type-product","3":"status-publish","4":"has-post-thumbnail","6":"product_cat-isopodia","8":"first","9":"outofstock","10":"shipping-taxable","11":"purchasable","12":"product-type-simple"},"acf":[],"yoast_head":"<!-- This site is optimized with the Yoast SEO plugin v24.9 - https:\/\/yoast.com\/wordpress\/plugins\/seo\/ -->\n<title>Collemboli &quot;Gialli&quot;  Ceratophysella sp. &quot;Albino giallo lilla&quot;  &quot;Squadra di pulizia&quot; | MegaPets<\/title>\n<meta name=\"robots\" content=\"index, follow, max-snippet:-1, max-image-preview:large, max-video-preview:-1\" \/>\n<link rel=\"canonical\" href=\"https:\/\/megapets.eu\/it\/isopodia\/ponticelli-rossoaddetti-alle-pulizie-kopia\/\" \/>\n<meta property=\"og:locale\" content=\"it_IT\" \/>\n<meta property=\"og:type\" content=\"article\" \/>\n<meta property=\"og:title\" content=\"Collemboli &quot;Gialli&quot;  Ceratophysella sp. &quot;Albino giallo lilla&quot;  &quot;Squadra di pulizia&quot; | MegaPets\" \/>\n<meta property=\"og:description\" content=\"Dimensione target degli individui: circa 0,2 cm  Individui offerti: imballati in modo casuale  Il prezzo si riferisce a un set: 10-15 pezzi\" \/>\n<meta property=\"og:url\" content=\"https:\/\/megapets.eu\/it\/isopodia\/ponticelli-rossoaddetti-alle-pulizie-kopia\/\" \/>\n<meta property=\"og:site_name\" content=\"MegaPets\" \/>\n<meta property=\"article:publisher\" content=\"https:\/\/www.facebook.com\/MegaPets.eu\/\" \/>\n<meta property=\"article:modified_time\" content=\"2025-07-14T09:08:58+00:00\" \/>\n<meta property=\"og:image\" content=\"https:\/\/megapets.eu\/wp-content\/uploads\/2025\/07\/skocz-1.png\" \/>\n\t<meta property=\"og:image:width\" content=\"1051\" \/>\n\t<meta property=\"og:image:height\" content=\"693\" \/>\n\t<meta property=\"og:image:type\" content=\"image\/png\" \/>\n<meta name=\"twitter:card\" content=\"summary_large_image\" \/>\n<meta name=\"twitter:label1\" content=\"Tempo di lettura stimato\" \/>\n\t<meta name=\"twitter:data1\" content=\"1 minuto\" \/>\n<script type=\"application\/ld+json\" class=\"yoast-schema-graph\">{\"@context\":\"https:\/\/schema.org\",\"@graph\":[{\"@type\":\"WebPage\",\"@id\":\"https:\/\/megapets.eu\/it\/isopodia\/ponticelli-rossoaddetti-alle-pulizie-kopia\/\",\"url\":\"https:\/\/megapets.eu\/it\/isopodia\/ponticelli-rossoaddetti-alle-pulizie-kopia\/\",\"name\":\"Collemboli \\\"Gialli\\\" Ceratophysella sp. \\\"Albino giallo lilla\\\" \\\"Squadra di pulizia\\\" | MegaPets\",\"isPartOf\":{\"@id\":\"https:\/\/megapets.eu\/it\/#website\"},\"primaryImageOfPage\":{\"@id\":\"https:\/\/megapets.eu\/it\/isopodia\/ponticelli-rossoaddetti-alle-pulizie-kopia\/#primaryimage\"},\"image\":{\"@id\":\"https:\/\/megapets.eu\/it\/isopodia\/ponticelli-rossoaddetti-alle-pulizie-kopia\/#primaryimage\"},\"thumbnailUrl\":\"https:\/\/megapets.eu\/wp-content\/uploads\/2025\/07\/skocz-1-1.png\",\"datePublished\":\"2025-07-13T14:04:04+00:00\",\"dateModified\":\"2025-07-14T09:08:58+00:00\",\"breadcrumb\":{\"@id\":\"https:\/\/megapets.eu\/it\/isopodia\/ponticelli-rossoaddetti-alle-pulizie-kopia\/#breadcrumb\"},\"inLanguage\":\"it-IT\",\"potentialAction\":[{\"@type\":\"ReadAction\",\"target\":[\"https:\/\/megapets.eu\/it\/isopodia\/ponticelli-rossoaddetti-alle-pulizie-kopia\/\"]}]},{\"@type\":\"ImageObject\",\"inLanguage\":\"it-IT\",\"@id\":\"https:\/\/megapets.eu\/it\/isopodia\/ponticelli-rossoaddetti-alle-pulizie-kopia\/#primaryimage\",\"url\":\"https:\/\/megapets.eu\/wp-content\/uploads\/2025\/07\/skocz-1-1.png\",\"contentUrl\":\"https:\/\/megapets.eu\/wp-content\/uploads\/2025\/07\/skocz-1-1.png\",\"width\":1053,\"height\":695},{\"@type\":\"BreadcrumbList\",\"@id\":\"https:\/\/megapets.eu\/it\/isopodia\/ponticelli-rossoaddetti-alle-pulizie-kopia\/#breadcrumb\",\"itemListElement\":[{\"@type\":\"ListItem\",\"position\":1,\"name\":\"Strona g\u0142\u00f3wna\",\"item\":\"https:\/\/megapets.eu\/it\/\"},{\"@type\":\"ListItem\",\"position\":2,\"name\":\"Negozio\",\"item\":\"https:\/\/megapets.eu\/it\/negozio\/\"},{\"@type\":\"ListItem\",\"position\":3,\"name\":\"Collemboli &#8222;Gialli\\\" Ceratophysella sp. &#8222;Albino giallo lilla\\\" &#8222;Squadra di pulizia\\\"\"}]},{\"@type\":\"WebSite\",\"@id\":\"https:\/\/megapets.eu\/it\/#website\",\"url\":\"https:\/\/megapets.eu\/it\/\",\"name\":\"Mega Pets\",\"description\":\"Jedna z najwi\u0119kszych hodowli \u015blimak\u00f3w w Europie\",\"publisher\":{\"@id\":\"https:\/\/megapets.eu\/it\/#organization\"},\"alternateName\":\"Mega Pets\",\"potentialAction\":[{\"@type\":\"SearchAction\",\"target\":{\"@type\":\"EntryPoint\",\"urlTemplate\":\"https:\/\/megapets.eu\/it\/?s={search_term_string}\"},\"query-input\":{\"@type\":\"PropertyValueSpecification\",\"valueRequired\":true,\"valueName\":\"search_term_string\"}}],\"inLanguage\":\"it-IT\"},{\"@type\":\"Organization\",\"@id\":\"https:\/\/megapets.eu\/it\/#organization\",\"name\":\"Mega Pets\",\"url\":\"https:\/\/megapets.eu\/it\/\",\"logo\":{\"@type\":\"ImageObject\",\"inLanguage\":\"it-IT\",\"@id\":\"https:\/\/megapets.eu\/it\/#\/schema\/logo\/image\/\",\"url\":\"https:\/\/megapets.eu\/wp-content\/uploads\/2025\/04\/megapets_eu-logo.png\",\"contentUrl\":\"https:\/\/megapets.eu\/wp-content\/uploads\/2025\/04\/megapets_eu-logo.png\",\"width\":2362,\"height\":2362,\"caption\":\"Mega Pets\"},\"image\":{\"@id\":\"https:\/\/megapets.eu\/it\/#\/schema\/logo\/image\/\"},\"sameAs\":[\"https:\/\/www.facebook.com\/MegaPets.eu\/\"]}]}<\/script>\n<!-- \/ Yoast SEO plugin. -->","yoast_head_json":{"title":"Collemboli \"Gialli\"  Ceratophysella sp. \"Albino giallo lilla\"  \"Squadra di pulizia\" | MegaPets","robots":{"index":"index","follow":"follow","max-snippet":"max-snippet:-1","max-image-preview":"max-image-preview:large","max-video-preview":"max-video-preview:-1"},"canonical":"https:\/\/megapets.eu\/it\/isopodia\/ponticelli-rossoaddetti-alle-pulizie-kopia\/","og_locale":"it_IT","og_type":"article","og_title":"Collemboli \"Gialli\"  Ceratophysella sp. \"Albino giallo lilla\"  \"Squadra di pulizia\" | MegaPets","og_description":"Dimensione target degli individui: circa 0,2 cm  Individui offerti: imballati in modo casuale  Il prezzo si riferisce a un set: 10-15 pezzi","og_url":"https:\/\/megapets.eu\/it\/isopodia\/ponticelli-rossoaddetti-alle-pulizie-kopia\/","og_site_name":"MegaPets","article_publisher":"https:\/\/www.facebook.com\/MegaPets.eu\/","article_modified_time":"2025-07-14T09:08:58+00:00","og_image":[{"width":1051,"height":693,"url":"https:\/\/megapets.eu\/wp-content\/uploads\/2025\/07\/skocz-1.png","type":"image\/png"}],"twitter_card":"summary_large_image","twitter_misc":{"Tempo di lettura stimato":"1 minuto"},"schema":{"@context":"https:\/\/schema.org","@graph":[{"@type":"WebPage","@id":"https:\/\/megapets.eu\/it\/isopodia\/ponticelli-rossoaddetti-alle-pulizie-kopia\/","url":"https:\/\/megapets.eu\/it\/isopodia\/ponticelli-rossoaddetti-alle-pulizie-kopia\/","name":"Collemboli \"Gialli\" Ceratophysella sp. \"Albino giallo lilla\" \"Squadra di pulizia\" | MegaPets","isPartOf":{"@id":"https:\/\/megapets.eu\/it\/#website"},"primaryImageOfPage":{"@id":"https:\/\/megapets.eu\/it\/isopodia\/ponticelli-rossoaddetti-alle-pulizie-kopia\/#primaryimage"},"image":{"@id":"https:\/\/megapets.eu\/it\/isopodia\/ponticelli-rossoaddetti-alle-pulizie-kopia\/#primaryimage"},"thumbnailUrl":"https:\/\/megapets.eu\/wp-content\/uploads\/2025\/07\/skocz-1-1.png","datePublished":"2025-07-13T14:04:04+00:00","dateModified":"2025-07-14T09:08:58+00:00","breadcrumb":{"@id":"https:\/\/megapets.eu\/it\/isopodia\/ponticelli-rossoaddetti-alle-pulizie-kopia\/#breadcrumb"},"inLanguage":"it-IT","potentialAction":[{"@type":"ReadAction","target":["https:\/\/megapets.eu\/it\/isopodia\/ponticelli-rossoaddetti-alle-pulizie-kopia\/"]}]},{"@type":"ImageObject","inLanguage":"it-IT","@id":"https:\/\/megapets.eu\/it\/isopodia\/ponticelli-rossoaddetti-alle-pulizie-kopia\/#primaryimage","url":"https:\/\/megapets.eu\/wp-content\/uploads\/2025\/07\/skocz-1-1.png","contentUrl":"https:\/\/megapets.eu\/wp-content\/uploads\/2025\/07\/skocz-1-1.png","width":1053,"height":695},{"@type":"BreadcrumbList","@id":"https:\/\/megapets.eu\/it\/isopodia\/ponticelli-rossoaddetti-alle-pulizie-kopia\/#breadcrumb","itemListElement":[{"@type":"ListItem","position":1,"name":"Strona g\u0142\u00f3wna","item":"https:\/\/megapets.eu\/it\/"},{"@type":"ListItem","position":2,"name":"Negozio","item":"https:\/\/megapets.eu\/it\/negozio\/"},{"@type":"ListItem","position":3,"name":"Collemboli &#8222;Gialli\" Ceratophysella sp. &#8222;Albino giallo lilla\" &#8222;Squadra di pulizia\""}]},{"@type":"WebSite","@id":"https:\/\/megapets.eu\/it\/#website","url":"https:\/\/megapets.eu\/it\/","name":"Mega Pets","description":"Jedna z najwi\u0119kszych hodowli \u015blimak\u00f3w w Europie","publisher":{"@id":"https:\/\/megapets.eu\/it\/#organization"},"alternateName":"Mega Pets","potentialAction":[{"@type":"SearchAction","target":{"@type":"EntryPoint","urlTemplate":"https:\/\/megapets.eu\/it\/?s={search_term_string}"},"query-input":{"@type":"PropertyValueSpecification","valueRequired":true,"valueName":"search_term_string"}}],"inLanguage":"it-IT"},{"@type":"Organization","@id":"https:\/\/megapets.eu\/it\/#organization","name":"Mega Pets","url":"https:\/\/megapets.eu\/it\/","logo":{"@type":"ImageObject","inLanguage":"it-IT","@id":"https:\/\/megapets.eu\/it\/#\/schema\/logo\/image\/","url":"https:\/\/megapets.eu\/wp-content\/uploads\/2025\/04\/megapets_eu-logo.png","contentUrl":"https:\/\/megapets.eu\/wp-content\/uploads\/2025\/04\/megapets_eu-logo.png","width":2362,"height":2362,"caption":"Mega Pets"},"image":{"@id":"https:\/\/megapets.eu\/it\/#\/schema\/logo\/image\/"},"sameAs":["https:\/\/www.facebook.com\/MegaPets.eu\/"]}]}},"_links":{"self":[{"href":"https:\/\/megapets.eu\/it\/wp-json\/wp\/v2\/product\/9745","targetHints":{"allow":["GET"]}}],"collection":[{"href":"https:\/\/megapets.eu\/it\/wp-json\/wp\/v2\/product"}],"about":[{"href":"https:\/\/megapets.eu\/it\/wp-json\/wp\/v2\/types\/product"}],"wp:featuredmedia":[{"embeddable":true,"href":"https:\/\/megapets.eu\/it\/wp-json\/wp\/v2\/media\/9781"}],"wp:attachment":[{"href":"https:\/\/megapets.eu\/it\/wp-json\/wp\/v2\/media?parent=9745"}],"wp:term":[{"taxonomy":"product_cat","embeddable":true,"href":"https:\/\/megapets.eu\/it\/wp-json\/wp\/v2\/product_cat?post=9745"},{"taxonomy":"product_tag","embeddable":true,"href":"https:\/\/megapets.eu\/it\/wp-json\/wp\/v2\/product_tag?post=9745"}],"curies":[{"name":"wp","href":"https:\/\/api.w.org\/{rel}","templated":true}]}}