{"id":5693,"date":"2024-10-06T20:40:07","date_gmt":"2024-10-06T20:40:07","guid":{"rendered":"https:\/\/megapets.eu\/dorucenie\/"},"modified":"2025-07-11T08:02:25","modified_gmt":"2025-07-11T08:02:25","slug":"dorucenie","status":"publish","type":"page","link":"https:\/\/megapets.eu\/sk\/dorucenie\/","title":{"rendered":"Doru\u010denie"},"content":{"rendered":"<div class=\"wpb-content-wrapper\"><div class=\"porto-block\" data-id=\"5660\"><style>.wpb_custom_9bdc3fad9b77c07f8c32fe2d2273838e .porto-sicon-title{color: var(--porto-secondary-color);}.wpb_custom_9bdc3fad9b77c07f8c32fe2d2273838e.porto-sicon-mobile{--porto-infobox-mpos-align: center;}.wpb_custom_6e59a409a0311227dd42fdc628b1e726 .porto-sicon-title{color: #00a000;}.wpb_custom_6e59a409a0311227dd42fdc628b1e726.porto-sicon-mobile{--porto-infobox-mpos-align: center;}<\/style>\r\n\r\n[vc_row][vc_column]<div class=\"porto-sicon-box  wpb_custom_9bdc3fad9b77c07f8c32fe2d2273838e style_1 default-icon flex-wrap\"><div class=\"porto-sicon-default\"><div class=\"porto-just-icon-wrapper porto-icon none\" style=\"color:var(--porto-secondary-color);font-size:24px;\"><i class=\"fas fa-th\"><\/i><\/div><\/div><div class=\"porto-sicon-header\"><h4 class=\"porto-sicon-title\" style=\"\">Skrinky na bal\u00edky<\/h4><\/div> <!-- header --><div class=\"porto-sicon-description\" style=\"\"><strong>Doru\u010denie do schr\u00e1nky na bal\u00edky InPost:<\/strong> 15 PLN Doprava zdarma od 75 PLN<\/div> <!-- description --><\/div><!-- porto-sicon-box --><div class=\"porto-sicon-box  wpb_custom_9bdc3fad9b77c07f8c32fe2d2273838e style_1 default-icon flex-wrap\"><div class=\"porto-sicon-default\"><div class=\"porto-just-icon-wrapper porto-icon none\" style=\"color:var(--porto-secondary-color);font-size:24px;\"><i class=\"fas fa-shipping-fast\"><\/i><\/div><\/div><div class=\"porto-sicon-header\"><h4 class=\"porto-sicon-title\" style=\"\">Kuri\u00e9rske z\u00e1sielky<\/h4><\/div> <!-- header --><div class=\"porto-sicon-description\" style=\"\"><strong>Kuri\u00e9r DPD:<\/strong> 12 PLN Doprava zdarma od 65 PLN<strong> Kuri\u00e9r InPost:<\/strong> 15 PLN Doprava zdarma od 75 PLN<\/div> <!-- description --><\/div><!-- porto-sicon-box -->[vc_empty_space]<div class=\"porto-sicon-box  wpb_custom_6e59a409a0311227dd42fdc628b1e726 style_1 default-icon flex-wrap\"><div class=\"porto-sicon-default\"><div class=\"porto-just-icon-wrapper porto-icon none\" style=\"color:#009100;font-size:24px;\"><i class=\"fas fa-globe-americas\"><\/i><\/div><\/div><div class=\"porto-sicon-header\"><h3 class=\"porto-sicon-title\" style=\"\">\u0160tandardn\u00e9 medzin\u00e1rodn\u00e9 z\u00e1sielky<\/h3><\/div> <!-- header --><div class=\"porto-sicon-description\" style=\"\"><strong>Doprava do zahrani\u010dia:<\/strong> 69 PLN Zah\u0155\u0148a: Rak\u00fasko, Belgicko, \u010cesk\u00fa republiku, D\u00e1nsko, Est\u00f3nsko, Holandsko, Litvu, Luxembursko, Loty\u0161sko, Nemecko, Slovensko, Ma\u010farsko Doprava zdarma od 650 PLN<\/div> <!-- description --><\/div><!-- porto-sicon-box --><div class=\"porto-sicon-box  wpb_custom_6e59a409a0311227dd42fdc628b1e726 style_1 default-icon flex-wrap\"><div class=\"porto-sicon-default\"><div class=\"porto-just-icon-wrapper porto-icon none\" style=\"color:#009100;font-size:24px;\"><i class=\"fas fa-globe\"><\/i><\/div><\/div><div class=\"porto-sicon-header\"><h3 class=\"porto-sicon-title\" style=\"\">\u0160tandardn\u00e9 medzin\u00e1rodn\u00e9 z\u00e1sielky<\/h3><\/div> <!-- header --><div class=\"porto-sicon-description\" style=\"\"><strong>Doprava do zahrani\u010dia:<\/strong> 99 PLN Zah\u0155\u0148a: Bulharsko, Chorv\u00e1tsko, F\u00ednsko, Franc\u00fazsko, Gr\u00e9cko, \u0160panielsko, \u00cdrsko, Portugalsko, Rumunsko, Slovinsko, \u0160v\u00e9dsko, Taliansko, Ve\u013ek\u00e1 Brit\u00e1nia, \u0160vaj\u010diarsko Doprava zdarma od 650 PLN<\/div> <!-- description --><\/div><!-- porto-sicon-box -->[vc_column_text css=\"\"]\ud83d\udce6 Doprava do v\u0161etk\u00fdch kraj\u00edn E\u00da, ako aj do Anglicka.[\/vc_column_text][\/vc_column][\/vc_row]<\/div>\n<\/div>","protected":false},"excerpt":{"rendered":"[vc_row][vc_column]Skrinky na bal\u00edky Doru\u010denie do schr\u00e1nky na bal\u00edky InPost: 15 PLN Doprava zdarma od 75 PLN Kuri\u00e9rske z\u00e1sielky Kuri\u00e9r DPD: 12 PLN Doprava zdarma od 65 PLN Kuri\u00e9r InPost: 15 PLN Doprava zdarma od 75 PLN [vc_empty_space]\u0160tandardn\u00e9 medzin\u00e1rodn\u00e9 z\u00e1sielky Doprava do zahrani\u010dia: 69 PLN Zah\u0155\u0148a: Rak\u00fasko, Belgicko, \u010cesk\u00fa republiku, D\u00e1nsko, Est\u00f3nsko, Holandsko, Litvu, Luxembursko, Loty\u0161sko, [...]","protected":false},"author":4,"featured_media":0,"parent":0,"menu_order":0,"comment_status":"closed","ping_status":"closed","template":"","meta":{"_acf_changed":false,"footnotes":"","_links_to":"","_links_to_target":""},"class_list":["post-5693","page","type-page","status-publish","hentry"],"acf":[],"yoast_head":"<!-- This site is optimized with the Yoast SEO plugin v24.9 - https:\/\/yoast.com\/wordpress\/plugins\/seo\/ -->\n<title>Doru\u010denie | MegaPets<\/title>\n<meta name=\"robots\" content=\"index, follow, max-snippet:-1, max-image-preview:large, max-video-preview:-1\" \/>\n<link rel=\"canonical\" href=\"https:\/\/megapets.eu\/sk\/dorucenie\/\" \/>\n<meta property=\"og:locale\" content=\"sk_SK\" \/>\n<meta property=\"og:type\" content=\"article\" \/>\n<meta property=\"og:title\" content=\"Doru\u010denie | MegaPets\" \/>\n<meta property=\"og:url\" content=\"https:\/\/megapets.eu\/sk\/dorucenie\/\" \/>\n<meta property=\"og:site_name\" content=\"MegaPets\" \/>\n<meta property=\"article:publisher\" content=\"https:\/\/www.facebook.com\/MegaPets.eu\/\" \/>\n<meta property=\"article:modified_time\" content=\"2025-07-11T08:02:25+00:00\" \/>\n<meta property=\"og:image\" content=\"https:\/\/megapets.eu\/wp-content\/uploads\/2025\/04\/megapets_eu-info-scaled.png\" \/>\n\t<meta property=\"og:image:width\" content=\"2560\" \/>\n\t<meta property=\"og:image:height\" content=\"1735\" \/>\n\t<meta property=\"og:image:type\" content=\"image\/png\" \/>\n<meta name=\"twitter:card\" content=\"summary_large_image\" \/>\n<meta name=\"twitter:label1\" content=\"Predpokladan\u00fd \u010das \u010d\u00edtania\" \/>\n\t<meta name=\"twitter:data1\" content=\"1 min\u00fata\" \/>\n<script type=\"application\/ld+json\" class=\"yoast-schema-graph\">{\"@context\":\"https:\/\/schema.org\",\"@graph\":[{\"@type\":\"WebPage\",\"@id\":\"https:\/\/megapets.eu\/sk\/dorucenie\/\",\"url\":\"https:\/\/megapets.eu\/sk\/dorucenie\/\",\"name\":\"Doru\u010denie | MegaPets\",\"isPartOf\":{\"@id\":\"https:\/\/megapets.eu\/sk\/#website\"},\"datePublished\":\"2024-10-06T20:40:07+00:00\",\"dateModified\":\"2025-07-11T08:02:25+00:00\",\"breadcrumb\":{\"@id\":\"https:\/\/megapets.eu\/sk\/dorucenie\/#breadcrumb\"},\"inLanguage\":\"sk-SK\",\"potentialAction\":[{\"@type\":\"ReadAction\",\"target\":[\"https:\/\/megapets.eu\/sk\/dorucenie\/\"]}]},{\"@type\":\"BreadcrumbList\",\"@id\":\"https:\/\/megapets.eu\/sk\/dorucenie\/#breadcrumb\",\"itemListElement\":[{\"@type\":\"ListItem\",\"position\":1,\"name\":\"Strona g\u0142\u00f3wna\",\"item\":\"https:\/\/megapets.eu\/sk\/\"},{\"@type\":\"ListItem\",\"position\":2,\"name\":\"Doru\u010denie\"}]},{\"@type\":\"WebSite\",\"@id\":\"https:\/\/megapets.eu\/sk\/#website\",\"url\":\"https:\/\/megapets.eu\/sk\/\",\"name\":\"Mega Pets\",\"description\":\"Jedna z najwi\u0119kszych hodowli \u015blimak\u00f3w w Europie\",\"publisher\":{\"@id\":\"https:\/\/megapets.eu\/sk\/#organization\"},\"alternateName\":\"Mega Pets\",\"potentialAction\":[{\"@type\":\"SearchAction\",\"target\":{\"@type\":\"EntryPoint\",\"urlTemplate\":\"https:\/\/megapets.eu\/sk\/?s={search_term_string}\"},\"query-input\":{\"@type\":\"PropertyValueSpecification\",\"valueRequired\":true,\"valueName\":\"search_term_string\"}}],\"inLanguage\":\"sk-SK\"},{\"@type\":\"Organization\",\"@id\":\"https:\/\/megapets.eu\/sk\/#organization\",\"name\":\"Mega Pets\",\"url\":\"https:\/\/megapets.eu\/sk\/\",\"logo\":{\"@type\":\"ImageObject\",\"inLanguage\":\"sk-SK\",\"@id\":\"https:\/\/megapets.eu\/sk\/#\/schema\/logo\/image\/\",\"url\":\"https:\/\/megapets.eu\/wp-content\/uploads\/2025\/04\/megapets_eu-logo.png\",\"contentUrl\":\"https:\/\/megapets.eu\/wp-content\/uploads\/2025\/04\/megapets_eu-logo.png\",\"width\":2362,\"height\":2362,\"caption\":\"Mega Pets\"},\"image\":{\"@id\":\"https:\/\/megapets.eu\/sk\/#\/schema\/logo\/image\/\"},\"sameAs\":[\"https:\/\/www.facebook.com\/MegaPets.eu\/\"]}]}<\/script>\n<!-- \/ Yoast SEO plugin. -->","yoast_head_json":{"title":"Doru\u010denie | MegaPets","robots":{"index":"index","follow":"follow","max-snippet":"max-snippet:-1","max-image-preview":"max-image-preview:large","max-video-preview":"max-video-preview:-1"},"canonical":"https:\/\/megapets.eu\/sk\/dorucenie\/","og_locale":"sk_SK","og_type":"article","og_title":"Doru\u010denie | MegaPets","og_url":"https:\/\/megapets.eu\/sk\/dorucenie\/","og_site_name":"MegaPets","article_publisher":"https:\/\/www.facebook.com\/MegaPets.eu\/","article_modified_time":"2025-07-11T08:02:25+00:00","og_image":[{"width":2560,"height":1735,"url":"https:\/\/megapets.eu\/wp-content\/uploads\/2025\/04\/megapets_eu-info-scaled.png","type":"image\/png"}],"twitter_card":"summary_large_image","twitter_misc":{"Predpokladan\u00fd \u010das \u010d\u00edtania":"1 min\u00fata"},"schema":{"@context":"https:\/\/schema.org","@graph":[{"@type":"WebPage","@id":"https:\/\/megapets.eu\/sk\/dorucenie\/","url":"https:\/\/megapets.eu\/sk\/dorucenie\/","name":"Doru\u010denie | MegaPets","isPartOf":{"@id":"https:\/\/megapets.eu\/sk\/#website"},"datePublished":"2024-10-06T20:40:07+00:00","dateModified":"2025-07-11T08:02:25+00:00","breadcrumb":{"@id":"https:\/\/megapets.eu\/sk\/dorucenie\/#breadcrumb"},"inLanguage":"sk-SK","potentialAction":[{"@type":"ReadAction","target":["https:\/\/megapets.eu\/sk\/dorucenie\/"]}]},{"@type":"BreadcrumbList","@id":"https:\/\/megapets.eu\/sk\/dorucenie\/#breadcrumb","itemListElement":[{"@type":"ListItem","position":1,"name":"Strona g\u0142\u00f3wna","item":"https:\/\/megapets.eu\/sk\/"},{"@type":"ListItem","position":2,"name":"Doru\u010denie"}]},{"@type":"WebSite","@id":"https:\/\/megapets.eu\/sk\/#website","url":"https:\/\/megapets.eu\/sk\/","name":"Mega Pets","description":"Jedna z najwi\u0119kszych hodowli \u015blimak\u00f3w w Europie","publisher":{"@id":"https:\/\/megapets.eu\/sk\/#organization"},"alternateName":"Mega Pets","potentialAction":[{"@type":"SearchAction","target":{"@type":"EntryPoint","urlTemplate":"https:\/\/megapets.eu\/sk\/?s={search_term_string}"},"query-input":{"@type":"PropertyValueSpecification","valueRequired":true,"valueName":"search_term_string"}}],"inLanguage":"sk-SK"},{"@type":"Organization","@id":"https:\/\/megapets.eu\/sk\/#organization","name":"Mega Pets","url":"https:\/\/megapets.eu\/sk\/","logo":{"@type":"ImageObject","inLanguage":"sk-SK","@id":"https:\/\/megapets.eu\/sk\/#\/schema\/logo\/image\/","url":"https:\/\/megapets.eu\/wp-content\/uploads\/2025\/04\/megapets_eu-logo.png","contentUrl":"https:\/\/megapets.eu\/wp-content\/uploads\/2025\/04\/megapets_eu-logo.png","width":2362,"height":2362,"caption":"Mega Pets"},"image":{"@id":"https:\/\/megapets.eu\/sk\/#\/schema\/logo\/image\/"},"sameAs":["https:\/\/www.facebook.com\/MegaPets.eu\/"]}]}},"_links":{"self":[{"href":"https:\/\/megapets.eu\/sk\/wp-json\/wp\/v2\/pages\/5693","targetHints":{"allow":["GET"]}}],"collection":[{"href":"https:\/\/megapets.eu\/sk\/wp-json\/wp\/v2\/pages"}],"about":[{"href":"https:\/\/megapets.eu\/sk\/wp-json\/wp\/v2\/types\/page"}],"author":[{"embeddable":true,"href":"https:\/\/megapets.eu\/sk\/wp-json\/wp\/v2\/users\/4"}],"replies":[{"embeddable":true,"href":"https:\/\/megapets.eu\/sk\/wp-json\/wp\/v2\/comments?post=5693"}],"version-history":[{"count":1,"href":"https:\/\/megapets.eu\/sk\/wp-json\/wp\/v2\/pages\/5693\/revisions"}],"predecessor-version":[{"id":9644,"href":"https:\/\/megapets.eu\/sk\/wp-json\/wp\/v2\/pages\/5693\/revisions\/9644"}],"wp:attachment":[{"href":"https:\/\/megapets.eu\/sk\/wp-json\/wp\/v2\/media?parent=5693"}],"curies":[{"name":"wp","href":"https:\/\/api.w.org\/{rel}","templated":true}]}}