{"id":5807,"date":"2024-10-07T20:59:40","date_gmt":"2024-10-07T20:59:40","guid":{"rendered":"https:\/\/megapets.eu\/galeria-stejnonozcov\/"},"modified":"2025-06-24T08:05:52","modified_gmt":"2025-06-24T08:05:52","slug":"galeria-stejnonozcov","status":"publish","type":"page","link":"https:\/\/megapets.eu\/sk\/galeria-stejnonozcov\/","title":{"rendered":"Gal\u00e9ria stejnono\u017ecov"},"content":{"rendered":"<div class=\"wpb-content-wrapper\"><p>[vc_row][vc_column css=&#8220;.vc_custom_1727354058334{padding-right: 20px !important;padding-left: 20px !important;}&#8220; conditional_render=&#8220;%5B%7B%22value_role%22%3A%22administrator%22%7D%5D&#8220;][vc_column_text css=&#8220;&#8220;]<!-- wpml:html_fragment <\/p>\n\n--&gt;\n\n<h2 style=\"text-align: center;\"> GAL\u00c9RIA<\/h2>\n\n\n\n<p>[\/vc_column_text][\/vc_column][\/vc_row][vc_row][vc_column width=\"1\/2\"][porto_image_gallery obr\u00e1zky=&quot;710,709,706,705,704,702,701,698,695,694,692,691,689,688,671,675,672,674,683,680,677,686,685,738&quot; click_action=&quot;lightbox&quot; view=&quot;mrie\u017eka&quot; v_align=&quot;za\u010diatok&quot;][\/vc_column][vc_column width=\"1\/2\"][porto_image_comparison offset=&quot;50&quot; movement=&quot;hover&quot; animation_duration=&quot;0&quot; before_img=&quot;760&quot; after_img=&quot;761&quot; handle_sz=&quot;{``xl``:``0``,``unit``:````,``xs``:````,``sm``:````,``md``:````,``lg``:````} \u201e][porto_image_comparison offset=&quot;50&quot; movement=&quot;hover&quot; animation_duration=&quot;0&quot; before_img=&quot;757&quot; after_img=&quot;758&quot; handle_sz=&quot;{``xl``:``0``,``unit``:````,``xs``:````,``sm``:````,``md``:````,``lg``:````} &quot;][\/vc_column][\/vc_row]\n<\/p>\n<\/div>","protected":false},"excerpt":{"rendered":"<p>[vc_row][vc_column css=&#8220;.vc_custom_1727354058334{padding-right: 20px !important;padding-left: 20px !important;}&#8220; conditional_render=&#8220;%5B%7B%22value_role%22%3A%22administrator%22%7D%5D&#8220;][vc_column_text css=&#8220;&#8220;]<\/p>\n","protected":false},"author":4,"featured_media":0,"parent":0,"menu_order":0,"comment_status":"closed","ping_status":"closed","template":"","meta":{"_acf_changed":false,"footnotes":"","_links_to":"","_links_to_target":""},"class_list":["post-5807","page","type-page","status-publish","hentry"],"acf":[],"yoast_head":"<!-- This site is optimized with the Yoast SEO plugin v24.9 - https:\/\/yoast.com\/wordpress\/plugins\/seo\/ -->\n<title>Gal\u00e9ria stejnono\u017ecov | MegaPets<\/title>\n<meta name=\"robots\" content=\"index, follow, max-snippet:-1, max-image-preview:large, max-video-preview:-1\" \/>\n<link rel=\"canonical\" href=\"https:\/\/megapets.eu\/sk\/galeria-stejnonozcov\/\" \/>\n<meta property=\"og:locale\" content=\"sk_SK\" \/>\n<meta property=\"og:type\" content=\"article\" \/>\n<meta property=\"og:title\" content=\"Gal\u00e9ria stejnono\u017ecov | MegaPets\" \/>\n<meta property=\"og:description\" content=\"[vc_row][vc_column css=&#8220;.vc_custom_1727354058334{padding-right: 20px !important;padding-left: 20px !important;}&#8220; conditional_render=&#8220;%5B%7B%22value_role%22%3A%22administrator%22%7D%5D&#8220;][vc_column_text css=&#8220;&#8220;]\" \/>\n<meta property=\"og:url\" content=\"https:\/\/megapets.eu\/sk\/galeria-stejnonozcov\/\" \/>\n<meta property=\"og:site_name\" content=\"MegaPets\" \/>\n<meta property=\"article:publisher\" content=\"https:\/\/www.facebook.com\/MegaPets.eu\/\" \/>\n<meta property=\"article:modified_time\" content=\"2025-06-24T08:05:52+00:00\" \/>\n<meta property=\"og:image\" content=\"https:\/\/megapets.eu\/wp-content\/uploads\/2025\/04\/megapets_eu-info-scaled.png\" \/>\n\t<meta property=\"og:image:width\" content=\"2560\" \/>\n\t<meta property=\"og:image:height\" content=\"1735\" \/>\n\t<meta property=\"og:image:type\" content=\"image\/png\" \/>\n<meta name=\"twitter:card\" content=\"summary_large_image\" \/>\n<script type=\"application\/ld+json\" class=\"yoast-schema-graph\">{\"@context\":\"https:\/\/schema.org\",\"@graph\":[{\"@type\":\"WebPage\",\"@id\":\"https:\/\/megapets.eu\/sk\/galeria-stejnonozcov\/\",\"url\":\"https:\/\/megapets.eu\/sk\/galeria-stejnonozcov\/\",\"name\":\"Gal\u00e9ria stejnono\u017ecov | MegaPets\",\"isPartOf\":{\"@id\":\"https:\/\/megapets.eu\/sk\/#website\"},\"datePublished\":\"2024-10-07T20:59:40+00:00\",\"dateModified\":\"2025-06-24T08:05:52+00:00\",\"breadcrumb\":{\"@id\":\"https:\/\/megapets.eu\/sk\/galeria-stejnonozcov\/#breadcrumb\"},\"inLanguage\":\"sk-SK\",\"potentialAction\":[{\"@type\":\"ReadAction\",\"target\":[\"https:\/\/megapets.eu\/sk\/galeria-stejnonozcov\/\"]}]},{\"@type\":\"BreadcrumbList\",\"@id\":\"https:\/\/megapets.eu\/sk\/galeria-stejnonozcov\/#breadcrumb\",\"itemListElement\":[{\"@type\":\"ListItem\",\"position\":1,\"name\":\"Strona g\u0142\u00f3wna\",\"item\":\"https:\/\/megapets.eu\/sk\/\"},{\"@type\":\"ListItem\",\"position\":2,\"name\":\"Gal\u00e9ria stejnono\u017ecov\"}]},{\"@type\":\"WebSite\",\"@id\":\"https:\/\/megapets.eu\/sk\/#website\",\"url\":\"https:\/\/megapets.eu\/sk\/\",\"name\":\"Mega Pets\",\"description\":\"Jedna z najwi\u0119kszych hodowli \u015blimak\u00f3w w Europie\",\"publisher\":{\"@id\":\"https:\/\/megapets.eu\/sk\/#organization\"},\"alternateName\":\"Mega Pets\",\"potentialAction\":[{\"@type\":\"SearchAction\",\"target\":{\"@type\":\"EntryPoint\",\"urlTemplate\":\"https:\/\/megapets.eu\/sk\/?s={search_term_string}\"},\"query-input\":{\"@type\":\"PropertyValueSpecification\",\"valueRequired\":true,\"valueName\":\"search_term_string\"}}],\"inLanguage\":\"sk-SK\"},{\"@type\":\"Organization\",\"@id\":\"https:\/\/megapets.eu\/sk\/#organization\",\"name\":\"Mega Pets\",\"url\":\"https:\/\/megapets.eu\/sk\/\",\"logo\":{\"@type\":\"ImageObject\",\"inLanguage\":\"sk-SK\",\"@id\":\"https:\/\/megapets.eu\/sk\/#\/schema\/logo\/image\/\",\"url\":\"https:\/\/megapets.eu\/wp-content\/uploads\/2025\/04\/megapets_eu-logo.png\",\"contentUrl\":\"https:\/\/megapets.eu\/wp-content\/uploads\/2025\/04\/megapets_eu-logo.png\",\"width\":2362,\"height\":2362,\"caption\":\"Mega Pets\"},\"image\":{\"@id\":\"https:\/\/megapets.eu\/sk\/#\/schema\/logo\/image\/\"},\"sameAs\":[\"https:\/\/www.facebook.com\/MegaPets.eu\/\"]}]}<\/script>\n<!-- \/ Yoast SEO plugin. -->","yoast_head_json":{"title":"Gal\u00e9ria stejnono\u017ecov | MegaPets","robots":{"index":"index","follow":"follow","max-snippet":"max-snippet:-1","max-image-preview":"max-image-preview:large","max-video-preview":"max-video-preview:-1"},"canonical":"https:\/\/megapets.eu\/sk\/galeria-stejnonozcov\/","og_locale":"sk_SK","og_type":"article","og_title":"Gal\u00e9ria stejnono\u017ecov | MegaPets","og_description":"[vc_row][vc_column css=&#8220;.vc_custom_1727354058334{padding-right: 20px !important;padding-left: 20px !important;}&#8220; conditional_render=&#8220;%5B%7B%22value_role%22%3A%22administrator%22%7D%5D&#8220;][vc_column_text css=&#8220;&#8220;]","og_url":"https:\/\/megapets.eu\/sk\/galeria-stejnonozcov\/","og_site_name":"MegaPets","article_publisher":"https:\/\/www.facebook.com\/MegaPets.eu\/","article_modified_time":"2025-06-24T08:05:52+00:00","og_image":[{"width":2560,"height":1735,"url":"https:\/\/megapets.eu\/wp-content\/uploads\/2025\/04\/megapets_eu-info-scaled.png","type":"image\/png"}],"twitter_card":"summary_large_image","schema":{"@context":"https:\/\/schema.org","@graph":[{"@type":"WebPage","@id":"https:\/\/megapets.eu\/sk\/galeria-stejnonozcov\/","url":"https:\/\/megapets.eu\/sk\/galeria-stejnonozcov\/","name":"Gal\u00e9ria stejnono\u017ecov | MegaPets","isPartOf":{"@id":"https:\/\/megapets.eu\/sk\/#website"},"datePublished":"2024-10-07T20:59:40+00:00","dateModified":"2025-06-24T08:05:52+00:00","breadcrumb":{"@id":"https:\/\/megapets.eu\/sk\/galeria-stejnonozcov\/#breadcrumb"},"inLanguage":"sk-SK","potentialAction":[{"@type":"ReadAction","target":["https:\/\/megapets.eu\/sk\/galeria-stejnonozcov\/"]}]},{"@type":"BreadcrumbList","@id":"https:\/\/megapets.eu\/sk\/galeria-stejnonozcov\/#breadcrumb","itemListElement":[{"@type":"ListItem","position":1,"name":"Strona g\u0142\u00f3wna","item":"https:\/\/megapets.eu\/sk\/"},{"@type":"ListItem","position":2,"name":"Gal\u00e9ria stejnono\u017ecov"}]},{"@type":"WebSite","@id":"https:\/\/megapets.eu\/sk\/#website","url":"https:\/\/megapets.eu\/sk\/","name":"Mega Pets","description":"Jedna z najwi\u0119kszych hodowli \u015blimak\u00f3w w Europie","publisher":{"@id":"https:\/\/megapets.eu\/sk\/#organization"},"alternateName":"Mega Pets","potentialAction":[{"@type":"SearchAction","target":{"@type":"EntryPoint","urlTemplate":"https:\/\/megapets.eu\/sk\/?s={search_term_string}"},"query-input":{"@type":"PropertyValueSpecification","valueRequired":true,"valueName":"search_term_string"}}],"inLanguage":"sk-SK"},{"@type":"Organization","@id":"https:\/\/megapets.eu\/sk\/#organization","name":"Mega Pets","url":"https:\/\/megapets.eu\/sk\/","logo":{"@type":"ImageObject","inLanguage":"sk-SK","@id":"https:\/\/megapets.eu\/sk\/#\/schema\/logo\/image\/","url":"https:\/\/megapets.eu\/wp-content\/uploads\/2025\/04\/megapets_eu-logo.png","contentUrl":"https:\/\/megapets.eu\/wp-content\/uploads\/2025\/04\/megapets_eu-logo.png","width":2362,"height":2362,"caption":"Mega Pets"},"image":{"@id":"https:\/\/megapets.eu\/sk\/#\/schema\/logo\/image\/"},"sameAs":["https:\/\/www.facebook.com\/MegaPets.eu\/"]}]}},"_links":{"self":[{"href":"https:\/\/megapets.eu\/sk\/wp-json\/wp\/v2\/pages\/5807","targetHints":{"allow":["GET"]}}],"collection":[{"href":"https:\/\/megapets.eu\/sk\/wp-json\/wp\/v2\/pages"}],"about":[{"href":"https:\/\/megapets.eu\/sk\/wp-json\/wp\/v2\/types\/page"}],"author":[{"embeddable":true,"href":"https:\/\/megapets.eu\/sk\/wp-json\/wp\/v2\/users\/4"}],"replies":[{"embeddable":true,"href":"https:\/\/megapets.eu\/sk\/wp-json\/wp\/v2\/comments?post=5807"}],"version-history":[{"count":1,"href":"https:\/\/megapets.eu\/sk\/wp-json\/wp\/v2\/pages\/5807\/revisions"}],"predecessor-version":[{"id":5810,"href":"https:\/\/megapets.eu\/sk\/wp-json\/wp\/v2\/pages\/5807\/revisions\/5810"}],"wp:attachment":[{"href":"https:\/\/megapets.eu\/sk\/wp-json\/wp\/v2\/media?parent=5807"}],"curies":[{"name":"wp","href":"https:\/\/api.w.org\/{rel}","templated":true}]}}