{"id":5812,"date":"2025-03-10T19:55:03","date_gmt":"2025-03-10T19:55:03","guid":{"rendered":"https:\/\/megapets.eu\/nos\/"},"modified":"2025-06-24T08:11:15","modified_gmt":"2025-06-24T08:11:15","slug":"nos","status":"publish","type":"page","link":"https:\/\/megapets.eu\/sk\/nos\/","title":{"rendered":"Nos"},"content":{"rendered":"<div class=\"wpb-content-wrapper\"><p>[vc_row wrap_container=&#8220;yes&#8220; content_placement=&#8220;middle&#8220; disable_element=&#8220;yes&#8220; css=&#8220;.vc_custom_1728567193846{margin-bottom: 0px !important;background-color: var(&#8211;porto-light-color) !important;}&#8220; el_class=&#8220;p-t-xxl p-b-xxl&#8220; conditional_render=&#8220;%5B%7B%22value_role%22%3A%22administrator%22%7D%5D&#8220;][vc_column el_class=&#8220;m-t-md mb-1 p-b-xs&#8220; offset=&#8220;vc_col-md-6&#8243;]<div class=\"porto-carousel owl-carousel has-ccols ccols-md-2 ccols-1 mb-0 custom-image-gallery wpb_custom_9c482bfa696627324799fc9434842f1d\" data-plugin-options=\"{&quot;themeConfig&quot;:true,&quot;stagePadding&quot;:0,&quot;margin&quot;:0,&quot;autoplay&quot;:&quot;yes&quot;,&quot;mouseDrag&quot;:true,&quot;touchDrag&quot;:true,&quot;autoplayTimeout&quot;:5000,&quot;autoplayHoverPause&quot;:false,&quot;items&quot;:1,&quot;xl&quot;:1,&quot;lg&quot;:1,&quot;md&quot;:2,&quot;sm&quot;:1,&quot;xs&quot;:1,&quot;nav&quot;:false,&quot;dots&quot;:false,&quot;animateIn&quot;:&quot;fadeInUp&quot;,&quot;animateOut&quot;:&quot;&quot;,&quot;loop&quot;:&quot;yes&quot;,&quot;center&quot;:false,&quot;video&quot;:false,&quot;lazyLoad&quot;:false,&quot;fullscreen&quot;:false}\">[vc_single_image image=&#8220;5772&#8243; img_size=&#8220;full&#8220; alignment=&#8220;center&#8220; css=&#8220;&#8220;][vc_single_image image=&#8220;5774&#8243; img_size=&#8220;full&#8220; alignment=&#8220;center&#8220; css=&#8220;&#8220;]<\/div>[\/vc_column][vc_column el_class=&#8220;m-t-md pl-lg-5 mb-lg-1 mb-4 p-b-xs&#8220; css=&#8220;.vc_custom_1651545089419{padding-top: 2px !important;}&#8220; offset=&#8220;vc_col-md-6&#8243;]<div class=\"porto-u-heading  wpb_custom_2d96707358ad3b10ec1417db1dc46af3 porto-u-1042 \" data-appear-animation=\"fadeIn\" data-appear-animation-delay=\"250\"><div class=\"porto-u-main-heading\"><h2   style=\"color:#3e3e3e;margin-bottom: 24px;\">Vitajte v MegaPets - jednej z najv\u00e4\u010d\u0161\u00edch chovn\u00fdch fariem v Eur\u00f3pe<\/h2><\/div><div class=\"porto-u-sub-heading\" style=\"margin-bottom:23px;\">Zajtra elitn\u00fd sit amet leo accumsan volutpat. Suspendisse hendreriast ehicula leo, vel efficitur felis ultrices non. Zajtra elitn\u00fd sit amet leo acun volutpat. Suspendisse hendrerit ehicula leo, vel efficitur felis ultrices non.<\/div><style>.porto-u-1042.porto-u-heading{text-align:left}<\/style><\/div><div class=\"porto-animation d-inline-block align-middle\"  data-appear-animation=\"fadeIn\" data-appear-animation-delay=\"500\"><div class=\"stats-block stats-top   wpb_custom_c3dc6e5514b5b032bdce9ed0a542811e  vc_custom_1728500528037\"><div class=\"stats-desc\"><div id=\"counter_86175550269e65adc7fd3e\" data-id=\"counter_86175550269e65adc7fd3e\" class=\"stats-number\" style=\" color:#3e3e3e;\" data-speed=\"3\" data-counter-value=\"10000\" data-separator=\"none\" data-decimal=\".\">0<\/div><div class=\"counter_suffix mycust\" style=\" color:#3e3e3e\">+<\/div><div class=\"stats-text\" style=\"color:#3e3e3e;\">Chovan\u00e9 zvierat\u00e1<\/div><\/div><\/div><\/div>[vc_custom_heading text=&#8220;MegaPets je registrovan\u00e1 chovn\u00e1 farma s v\u00e1\u0161\u0148ou a dlhoro\u010dn\u00fdmi sk\u00fasenos\u0165ami!&#8220; font_container=&#8220;tag:p|font_size:14px|text_align:left&#8220; use_theme_fonts=&#8220;yes&#8220; css=&#8220;&#8220; font_weight=&#8220;400&#8243; animation_delay=&#8220;500&#8243; el_class=&#8220;d-inline-block w-max-287 align-middle m-b-lg custom-font&#8220; animation_type=&#8220;fadeIn&#8220;][vc_btn title=&#8220;Pozrite si ponuku&#8220; css=&#8220;&#8220; skin=&#8220;secondary&#8220; btn_fs=&#8220;14px&#8220; btn_fw=&#8220;600&#8243; animation_delay=&#8220;750&#8243; link=&#8220;url:https%3A%2F%2Fmegapets.eu%2Fslimaki%2F|title:Pozrite%20si%20ponuku|&#8220; btn_px=&#8220;2.35rem&#8220; btn_py=&#8220;1.25rem&#8220; el_class=&#8220;d-block custom-font&#8220; animation_type=&#8220;fadeIn&#8220;][\/vc_column][\/vc_row][vc_row][vc_column][\/vc_column][\/vc_row][vc_row no_padding=&#8220;yes&#8220; content_placement=&#8220;middle&#8220; conditional_render=&#8220;%5B%7B%22value_role%22%3A%22administrator%22%7D%5D&#8220;][vc_column width=&#8220;1\/2&#8243; animation_delay=&#8220;400&#8243; css=&#8220;.vc_custom_1728503613031{background-position: center !important;background-repeat: no-repeat !important;background-size: cover !important;}&#8220; animation_type=&#8220;fadeInLeft&#8220; conditional_render=&#8220;%5B%7B%22value_role%22%3A%22administrator%22%7D%5D&#8220;][vc_single_image source=&#8220;external_link&#8220; external_img_size=&#8220;960&#215;640&#8243; css=&#8220;&#8220; el_class=&#8220;mb-0&#8243; custom_src=&#8220;\/wp-content\/uploads\/2024\/10\/Strona-2.png&#8220;][\/vc_column][vc_column width=&#8220;1\/2&#8243;][vc_column_text css_animation=&#8220;bounceIn&#8220; css=&#8220;&#8220;]<\/p>\n<p style=\"text-align: center;\"><span style=\"font-size: 20px;\"><strong><span style=\"color: #008000;\"><img decoding=\"async\" src=\"https:\/\/static.xx.fbcdn.net\/images\/emoji.php\/v9\/t6c\/1\/16\/2764.png\" alt=\"\u2764\" \/>Predstavujeme nov\u00fa verziu n\u00e1\u0161ho internetov\u00e9ho obchodu! <\/span><\/strong><\/span><\/p>\n<p style=\"text-align: center;\"><span style=\"font-size: 20px;\"><strong><span style=\"color: #008000;\"><img decoding=\"async\" src=\"https:\/\/static.xx.fbcdn.net\/images\/emoji.php\/v9\/t51\/1\/16\/1f449.png\" alt=\"\ud83d\udc49\" \/> Pozrite si na\u0161u ponuku!<\/span><\/strong><\/span><\/p>\n<p>[\/vc_column_text]<div class=\"porto-preview-image \"><span class=\"thumb-info thumb-info-preview thumb-info-preview-long\"><span class=\"thumb-info-wrapper\">\r\n\t\t<span data-src=\"\/\/megapets.eu\/wp-content\/uploads\/2024\/10\/Nie-jest-koniecznie-potrzebna.png\" data-image=\"\/\/megapets.eu\/wp-content\/uploads\/2024\/10\/Nie-jest-koniecznie-potrzebna.png\" class=\"lazy thumb-info-image\" data-plugin-lazyload data-plugin-options=\"{'appearEffect': 'animated fadeIn'}\"><\/span><i class=\"fas fa-spinner fa-spin fa-fw\"><\/i><\/span><\/span><\/div>[\/vc_column][\/vc_row][vc_row][vc_column width=&#8220;1\/3&#8243;]\r\n<div class=\"porto-image-comparison  wpb_custom_eccd3db1f250375efd1e79ce502df99b\" data-orientation=\"horizontal\" data-offset=\"0\" data-handle-action=\"&quot;hover&quot;\">\r\n\t<div class=\"porto-image-comparison-overlay\">\r\n\t\t<div class=\"before-label\"><\/div>\r\n\t\t<div class=\"after-label\"><\/div>\r\n\t<\/div>\r\n\t<div class=\"porto-image-comparison-handle\"><i class=\"porto-compare-icon\"><\/i><\/div>\r\n<\/div>\r\n[\/vc_column][vc_column width=&#8220;1\/3&#8243;]\r\n<div class=\"porto-image-comparison  wpb_custom_eccd3db1f250375efd1e79ce502df99b\" data-orientation=\"horizontal\" data-offset=\"0\" data-handle-action=\"&quot;hover&quot;\">\r\n\t<div class=\"porto-image-comparison-overlay\">\r\n\t\t<div class=\"before-label\"><\/div>\r\n\t\t<div class=\"after-label\"><\/div>\r\n\t<\/div>\r\n\t<div class=\"porto-image-comparison-handle\"><i class=\"porto-compare-icon\"><\/i><\/div>\r\n<\/div>\r\n[\/vc_column][vc_column width=&#8220;1\/3&#8243;]\r\n<div class=\"porto-image-comparison  wpb_custom_eccd3db1f250375efd1e79ce502df99b\" data-orientation=\"horizontal\" data-offset=\"0\" data-handle-action=\"&quot;hover&quot;\">\r\n\t<div class=\"porto-image-comparison-overlay\">\r\n\t\t<div class=\"before-label\"><\/div>\r\n\t\t<div class=\"after-label\"><\/div>\r\n\t<\/div>\r\n\t<div class=\"porto-image-comparison-handle\"><i class=\"porto-compare-icon\"><\/i><\/div>\r\n<\/div>\r\n[\/vc_column][\/vc_row][vc_row][vc_column][vc_separator color=&#8220;white&#8220; border_width=&#8220;6&#8243; css=&#8220;&#8220;][vc_text_separator title=&#8220;P\u00f4sob\u00edme v celej Eur\u00f3pe&#8220; color=&#8220;custom&#8220; css=&#8220;&#8220; accent_color=&#8220;var(&#8211;porto-secondary-color)&#8220;][vc_column_text css=&#8220;&#8220;]<\/p>\n<p><center>\u010cesk\u00e1 republika<img loading=\"lazy\" decoding=\"async\" src=\"https:\/\/static.xx.fbcdn.net\/images\/emoji.php\/v9\/t79\/1\/16\/1f1e8_1f1ff.png\" alt=\"\ud83c\udde8\ud83c\uddff\" width=\"16\" height=\"16\" \/> Nemecko<img loading=\"lazy\" decoding=\"async\" src=\"https:\/\/static.xx.fbcdn.net\/images\/emoji.php\/v9\/t16\/1\/16\/1f1e9_1f1ea.png\" alt=\"\ud83c\udde9\ud83c\uddea\" width=\"16\" height=\"16\" \/> Luxembursko<img loading=\"lazy\" decoding=\"async\" src=\"https:\/\/static.xx.fbcdn.net\/images\/emoji.php\/v9\/tc\/1\/16\/1f1f1_1f1fa.png\" alt=\"\ud83c\uddf1\ud83c\uddfa\" width=\"16\" height=\"16\" \/> Belgicko<img loading=\"lazy\" decoding=\"async\" src=\"https:\/\/static.xx.fbcdn.net\/images\/emoji.php\/v9\/t94\/1\/16\/1f1e7_1f1ea.png\" alt=\"\ud83c\udde7\ud83c\uddea\" width=\"16\" height=\"16\" \/> Holandsko<img loading=\"lazy\" decoding=\"async\" src=\"https:\/\/static.xx.fbcdn.net\/images\/emoji.php\/v9\/t88\/1\/16\/1f1e7_1f1f6.png\" alt=\"\ud83c\udde7\ud83c\uddf6\" width=\"16\" height=\"16\" \/><\/center>[\/vc_column_text][\/vc_column][vc_column][\/vc_column][\/vc_row][vc_row wrap_container=&#8220;yes&#8220; content_placement=&#8220;middle&#8220; el_class=&#8220;mt-5&#8243; css=&#8220;.vc_custom_1728503088901{margin-top: -20px !important;}&#8220; conditional_render=&#8220;%5B%7B%22value_role%22%3A%22administrator%22%7D%5D&#8220;][vc_column width=&#8220;1\/6&#8243; animation_delay=&#8220;&#8220;][\/vc_column][vc_column width=&#8220;2\/3&#8243; el_class=&#8220;pl-lg-4 pt-lg-3&#8243; css=&#8220;.vc_custom_1651294189111{margin-top: 28px !important;margin-bottom: 28px !important;}&#8220;]<div class=\"porto-carousel owl-carousel has-ccols ccols-md-2 ccols-1 mb-0 custom-image-gallery wpb_custom_9c482bfa696627324799fc9434842f1d\" data-plugin-options=\"{&quot;themeConfig&quot;:true,&quot;stagePadding&quot;:0,&quot;margin&quot;:0,&quot;autoplay&quot;:&quot;yes&quot;,&quot;mouseDrag&quot;:true,&quot;touchDrag&quot;:true,&quot;autoplayTimeout&quot;:5000,&quot;autoplayHoverPause&quot;:false,&quot;items&quot;:1,&quot;xl&quot;:1,&quot;lg&quot;:1,&quot;md&quot;:2,&quot;sm&quot;:1,&quot;xs&quot;:1,&quot;nav&quot;:false,&quot;dots&quot;:false,&quot;animateIn&quot;:&quot;fadeInUp&quot;,&quot;animateOut&quot;:&quot;&quot;,&quot;loop&quot;:&quot;yes&quot;,&quot;center&quot;:false,&quot;video&quot;:false,&quot;lazyLoad&quot;:false,&quot;fullscreen&quot;:false}\">[vc_single_image image=&#8220;5777&#8243; img_size=&#8220;full&#8220; alignment=&#8220;center&#8220; css=&#8220;&#8220;][vc_single_image image=&#8220;5778&#8243; img_size=&#8220;full&#8220; alignment=&#8220;center&#8220; css=&#8220;&#8220;][vc_single_image image=&#8220;5779&#8243; img_size=&#8220;full&#8220; css=&#8220;&#8220;]<\/div>[\/vc_column][vc_column width=&#8220;1\/6&#8243;][\/vc_column][\/vc_row][vc_row][vc_column width=&#8220;1\/2&#8243;][\/vc_column][vc_column width=&#8220;1\/2&#8243;][\/vc_column][vc_column][\/vc_column][\/vc_row]<\/p>\n<\/div>","protected":false},"excerpt":{"rendered":"<p>[vc_row wrap_container=&#8220;yes&#8220; content_placement=&#8220;middle&#8220; disable_element=&#8220;yes&#8220; css=&#8220;.vc_custom_1728567193846{margin-bottom: 0px !important;background-color: var(&#8211;porto-light-color) !important;}&#8220; el_class=&#8220;p-t-xxl p-b-xxl&#8220; conditional_render=&#8220;%5B%7B%22value_role%22%3A%22administrator%22%7D%5D&#8220;][vc_column el_class=&#8220;m-t-md mb-1 p-b-xs&#8220; offset=&#8220;vc_col-md-6&#8243;][\/vc_column][vc_column el_class=&#8220;m-t-md pl-lg-5 mb-lg-1 mb-4 p-b-xs&#8220; css=&#8220;.vc_custom_1651545089419{padding-top: 2px !important;}&#8220; offset=&#8220;vc_col-md-6&#8243;][vc_custom_heading text=&#8220;MegaPets je registrovan\u00e1 chovn\u00e1 farma s v\u00e1\u0161\u0148ou a dlhoro\u010dn\u00fdmi sk\u00fasenos\u0165ami!&#8220; font_container=&#8220;tag:p|font_size:14px|text_align:left&#8220; use_theme_fonts=&#8220;yes&#8220; css=&#8220;&#8220; font_weight=&#8220;400&#8243; animation_delay=&#8220;500&#8243; el_class=&#8220;d-inline-block w-max-287 align-middle m-b-lg custom-font&#8220; animation_type=&#8220;fadeIn&#8220;][vc_btn title=&#8220;Pozrite si ponuku&#8220; css=&#8220;&#8220; skin=&#8220;secondary&#8220; btn_fs=&#8220;14px&#8220; btn_fw=&#8220;600&#8243; animation_delay=&#8220;750&#8243; link=&#8220;url:https%3A%2F%2Fmegapets.eu%2Fslimaki%2F|title:Pozrite%20si%20ponuku|&#8220; [&hellip;]<\/p>\n","protected":false},"author":4,"featured_media":0,"parent":0,"menu_order":0,"comment_status":"closed","ping_status":"closed","template":"","meta":{"_acf_changed":false,"footnotes":"","_links_to":"","_links_to_target":""},"class_list":["post-5812","page","type-page","status-publish","hentry"],"acf":[],"yoast_head":"<!-- This site is optimized with the Yoast SEO plugin v24.9 - https:\/\/yoast.com\/wordpress\/plugins\/seo\/ -->\n<title>Mega Pets - Jedna z najv\u00e4\u010d\u0161\u00edch chovn\u00fdch fariem v Eur\u00f3pe<\/title>\n<meta name=\"robots\" content=\"index, follow, max-snippet:-1, max-image-preview:large, max-video-preview:-1\" \/>\n<link rel=\"canonical\" href=\"https:\/\/megapets.eu\/sk\/nos\/\" \/>\n<meta property=\"og:locale\" content=\"sk_SK\" \/>\n<meta property=\"og:type\" content=\"article\" \/>\n<meta property=\"og:title\" content=\"Mega Pets - Jedna z najv\u00e4\u010d\u0161\u00edch chovn\u00fdch fariem v Eur\u00f3pe\" \/>\n<meta property=\"og:description\" content=\"[vc_row wrap_container=&#8220;yes&#8220; content_placement=&#8220;middle&#8220; disable_element=&#8220;yes&#8220; css=&#8220;.vc_custom_1728567193846{margin-bottom: 0px !important;background-color: var(&#8211;porto-light-color) !important;}&#8220; el_class=&#8220;p-t-xxl p-b-xxl&#8220; conditional_render=&#8220;%5B%7B%22value_role%22%3A%22administrator%22%7D%5D&#8220;][vc_column el_class=&#8220;m-t-md mb-1 p-b-xs&#8220; offset=&#8220;vc_col-md-6&#8243;][\/vc_column][vc_column el_class=&#8220;m-t-md pl-lg-5 mb-lg-1 mb-4 p-b-xs&#8220; css=&#8220;.vc_custom_1651545089419{padding-top: 2px !important;}&#8220; offset=&#8220;vc_col-md-6&#8243;][vc_custom_heading text=&#8220;MegaPets je registrovan\u00e1 chovn\u00e1 farma s v\u00e1\u0161\u0148ou a dlhoro\u010dn\u00fdmi sk\u00fasenos\u0165ami!&#8220; font_container=&#8220;tag:p|font_size:14px|text_align:left&#8220; use_theme_fonts=&#8220;yes&#8220; css=&#8220;&#8220; font_weight=&#8220;400&#8243; animation_delay=&#8220;500&#8243; el_class=&#8220;d-inline-block w-max-287 align-middle m-b-lg custom-font&#8220; animation_type=&#8220;fadeIn&#8220;][vc_btn title=&#8220;Pozrite si ponuku&#8220; css=&#8220;&#8220; skin=&#8220;secondary&#8220; btn_fs=&#8220;14px&#8220; btn_fw=&#8220;600&#8243; animation_delay=&#8220;750&#8243; link=&#8220;url:https%3A%2F%2Fmegapets.eu%2Fslimaki%2F|title:Pozrite%20si%20ponuku|&#8220; [&hellip;]\" \/>\n<meta property=\"og:url\" content=\"https:\/\/megapets.eu\/sk\/nos\/\" \/>\n<meta property=\"og:site_name\" content=\"MegaPets\" \/>\n<meta property=\"article:publisher\" content=\"https:\/\/www.facebook.com\/MegaPets.eu\/\" \/>\n<meta property=\"article:modified_time\" content=\"2025-06-24T08:11:15+00:00\" \/>\n<meta property=\"og:image\" content=\"https:\/\/static.xx.fbcdn.net\/images\/emoji.php\/v9\/t6c\/1\/16\/2764.png\" \/>\n<meta name=\"twitter:card\" content=\"summary_large_image\" \/>\n<meta name=\"twitter:label1\" content=\"Predpokladan\u00fd \u010das \u010d\u00edtania\" \/>\n\t<meta name=\"twitter:data1\" content=\"4 min\u00fata\" \/>\n<script type=\"application\/ld+json\" class=\"yoast-schema-graph\">{\"@context\":\"https:\/\/schema.org\",\"@graph\":[{\"@type\":\"WebPage\",\"@id\":\"https:\/\/megapets.eu\/sk\/nos\/\",\"url\":\"https:\/\/megapets.eu\/sk\/nos\/\",\"name\":\"Mega Pets - Jedna z najv\u00e4\u010d\u0161\u00edch chovn\u00fdch fariem v Eur\u00f3pe\",\"isPartOf\":{\"@id\":\"https:\/\/megapets.eu\/sk\/#website\"},\"primaryImageOfPage\":{\"@id\":\"https:\/\/megapets.eu\/sk\/nos\/#primaryimage\"},\"image\":{\"@id\":\"https:\/\/megapets.eu\/sk\/nos\/#primaryimage\"},\"thumbnailUrl\":\"https:\/\/static.xx.fbcdn.net\/images\/emoji.php\/v9\/t6c\/1\/16\/2764.png\",\"datePublished\":\"2025-03-10T19:55:03+00:00\",\"dateModified\":\"2025-06-24T08:11:15+00:00\",\"breadcrumb\":{\"@id\":\"https:\/\/megapets.eu\/sk\/nos\/#breadcrumb\"},\"inLanguage\":\"sk-SK\",\"potentialAction\":[{\"@type\":\"ReadAction\",\"target\":[\"https:\/\/megapets.eu\/sk\/nos\/\"]}]},{\"@type\":\"ImageObject\",\"inLanguage\":\"sk-SK\",\"@id\":\"https:\/\/megapets.eu\/sk\/nos\/#primaryimage\",\"url\":\"https:\/\/static.xx.fbcdn.net\/images\/emoji.php\/v9\/t6c\/1\/16\/2764.png\",\"contentUrl\":\"https:\/\/static.xx.fbcdn.net\/images\/emoji.php\/v9\/t6c\/1\/16\/2764.png\"},{\"@type\":\"BreadcrumbList\",\"@id\":\"https:\/\/megapets.eu\/sk\/nos\/#breadcrumb\",\"itemListElement\":[{\"@type\":\"ListItem\",\"position\":1,\"name\":\"Strona g\u0142\u00f3wna\",\"item\":\"https:\/\/megapets.eu\/sk\/\"},{\"@type\":\"ListItem\",\"position\":2,\"name\":\"Nos\"}]},{\"@type\":\"WebSite\",\"@id\":\"https:\/\/megapets.eu\/sk\/#website\",\"url\":\"https:\/\/megapets.eu\/sk\/\",\"name\":\"Mega Pets\",\"description\":\"Jedna z najwi\u0119kszych hodowli \u015blimak\u00f3w w Europie\",\"publisher\":{\"@id\":\"https:\/\/megapets.eu\/sk\/#organization\"},\"alternateName\":\"Mega Pets\",\"potentialAction\":[{\"@type\":\"SearchAction\",\"target\":{\"@type\":\"EntryPoint\",\"urlTemplate\":\"https:\/\/megapets.eu\/sk\/?s={search_term_string}\"},\"query-input\":{\"@type\":\"PropertyValueSpecification\",\"valueRequired\":true,\"valueName\":\"search_term_string\"}}],\"inLanguage\":\"sk-SK\"},{\"@type\":\"Organization\",\"@id\":\"https:\/\/megapets.eu\/sk\/#organization\",\"name\":\"Mega Pets\",\"url\":\"https:\/\/megapets.eu\/sk\/\",\"logo\":{\"@type\":\"ImageObject\",\"inLanguage\":\"sk-SK\",\"@id\":\"https:\/\/megapets.eu\/sk\/#\/schema\/logo\/image\/\",\"url\":\"https:\/\/megapets.eu\/wp-content\/uploads\/2025\/04\/megapets_eu-logo.png\",\"contentUrl\":\"https:\/\/megapets.eu\/wp-content\/uploads\/2025\/04\/megapets_eu-logo.png\",\"width\":2362,\"height\":2362,\"caption\":\"Mega Pets\"},\"image\":{\"@id\":\"https:\/\/megapets.eu\/sk\/#\/schema\/logo\/image\/\"},\"sameAs\":[\"https:\/\/www.facebook.com\/MegaPets.eu\/\"]}]}<\/script>\n<!-- \/ Yoast SEO plugin. -->","yoast_head_json":{"title":"Mega Pets - Jedna z najv\u00e4\u010d\u0161\u00edch chovn\u00fdch fariem v Eur\u00f3pe","robots":{"index":"index","follow":"follow","max-snippet":"max-snippet:-1","max-image-preview":"max-image-preview:large","max-video-preview":"max-video-preview:-1"},"canonical":"https:\/\/megapets.eu\/sk\/nos\/","og_locale":"sk_SK","og_type":"article","og_title":"Mega Pets - Jedna z najv\u00e4\u010d\u0161\u00edch chovn\u00fdch fariem v Eur\u00f3pe","og_description":"[vc_row wrap_container=&#8220;yes&#8220; content_placement=&#8220;middle&#8220; disable_element=&#8220;yes&#8220; css=&#8220;.vc_custom_1728567193846{margin-bottom: 0px !important;background-color: var(&#8211;porto-light-color) !important;}&#8220; el_class=&#8220;p-t-xxl p-b-xxl&#8220; conditional_render=&#8220;%5B%7B%22value_role%22%3A%22administrator%22%7D%5D&#8220;][vc_column el_class=&#8220;m-t-md mb-1 p-b-xs&#8220; offset=&#8220;vc_col-md-6&#8243;][\/vc_column][vc_column el_class=&#8220;m-t-md pl-lg-5 mb-lg-1 mb-4 p-b-xs&#8220; css=&#8220;.vc_custom_1651545089419{padding-top: 2px !important;}&#8220; offset=&#8220;vc_col-md-6&#8243;][vc_custom_heading text=&#8220;MegaPets je registrovan\u00e1 chovn\u00e1 farma s v\u00e1\u0161\u0148ou a dlhoro\u010dn\u00fdmi sk\u00fasenos\u0165ami!&#8220; font_container=&#8220;tag:p|font_size:14px|text_align:left&#8220; use_theme_fonts=&#8220;yes&#8220; css=&#8220;&#8220; font_weight=&#8220;400&#8243; animation_delay=&#8220;500&#8243; el_class=&#8220;d-inline-block w-max-287 align-middle m-b-lg custom-font&#8220; animation_type=&#8220;fadeIn&#8220;][vc_btn title=&#8220;Pozrite si ponuku&#8220; css=&#8220;&#8220; skin=&#8220;secondary&#8220; btn_fs=&#8220;14px&#8220; btn_fw=&#8220;600&#8243; animation_delay=&#8220;750&#8243; link=&#8220;url:https%3A%2F%2Fmegapets.eu%2Fslimaki%2F|title:Pozrite%20si%20ponuku|&#8220; [&hellip;]","og_url":"https:\/\/megapets.eu\/sk\/nos\/","og_site_name":"MegaPets","article_publisher":"https:\/\/www.facebook.com\/MegaPets.eu\/","article_modified_time":"2025-06-24T08:11:15+00:00","og_image":[{"url":"https:\/\/static.xx.fbcdn.net\/images\/emoji.php\/v9\/t6c\/1\/16\/2764.png","type":"","width":"","height":""}],"twitter_card":"summary_large_image","twitter_misc":{"Predpokladan\u00fd \u010das \u010d\u00edtania":"4 min\u00fata"},"schema":{"@context":"https:\/\/schema.org","@graph":[{"@type":"WebPage","@id":"https:\/\/megapets.eu\/sk\/nos\/","url":"https:\/\/megapets.eu\/sk\/nos\/","name":"Mega Pets - Jedna z najv\u00e4\u010d\u0161\u00edch chovn\u00fdch fariem v Eur\u00f3pe","isPartOf":{"@id":"https:\/\/megapets.eu\/sk\/#website"},"primaryImageOfPage":{"@id":"https:\/\/megapets.eu\/sk\/nos\/#primaryimage"},"image":{"@id":"https:\/\/megapets.eu\/sk\/nos\/#primaryimage"},"thumbnailUrl":"https:\/\/static.xx.fbcdn.net\/images\/emoji.php\/v9\/t6c\/1\/16\/2764.png","datePublished":"2025-03-10T19:55:03+00:00","dateModified":"2025-06-24T08:11:15+00:00","breadcrumb":{"@id":"https:\/\/megapets.eu\/sk\/nos\/#breadcrumb"},"inLanguage":"sk-SK","potentialAction":[{"@type":"ReadAction","target":["https:\/\/megapets.eu\/sk\/nos\/"]}]},{"@type":"ImageObject","inLanguage":"sk-SK","@id":"https:\/\/megapets.eu\/sk\/nos\/#primaryimage","url":"https:\/\/static.xx.fbcdn.net\/images\/emoji.php\/v9\/t6c\/1\/16\/2764.png","contentUrl":"https:\/\/static.xx.fbcdn.net\/images\/emoji.php\/v9\/t6c\/1\/16\/2764.png"},{"@type":"BreadcrumbList","@id":"https:\/\/megapets.eu\/sk\/nos\/#breadcrumb","itemListElement":[{"@type":"ListItem","position":1,"name":"Strona g\u0142\u00f3wna","item":"https:\/\/megapets.eu\/sk\/"},{"@type":"ListItem","position":2,"name":"Nos"}]},{"@type":"WebSite","@id":"https:\/\/megapets.eu\/sk\/#website","url":"https:\/\/megapets.eu\/sk\/","name":"Mega Pets","description":"Jedna z najwi\u0119kszych hodowli \u015blimak\u00f3w w Europie","publisher":{"@id":"https:\/\/megapets.eu\/sk\/#organization"},"alternateName":"Mega Pets","potentialAction":[{"@type":"SearchAction","target":{"@type":"EntryPoint","urlTemplate":"https:\/\/megapets.eu\/sk\/?s={search_term_string}"},"query-input":{"@type":"PropertyValueSpecification","valueRequired":true,"valueName":"search_term_string"}}],"inLanguage":"sk-SK"},{"@type":"Organization","@id":"https:\/\/megapets.eu\/sk\/#organization","name":"Mega Pets","url":"https:\/\/megapets.eu\/sk\/","logo":{"@type":"ImageObject","inLanguage":"sk-SK","@id":"https:\/\/megapets.eu\/sk\/#\/schema\/logo\/image\/","url":"https:\/\/megapets.eu\/wp-content\/uploads\/2025\/04\/megapets_eu-logo.png","contentUrl":"https:\/\/megapets.eu\/wp-content\/uploads\/2025\/04\/megapets_eu-logo.png","width":2362,"height":2362,"caption":"Mega Pets"},"image":{"@id":"https:\/\/megapets.eu\/sk\/#\/schema\/logo\/image\/"},"sameAs":["https:\/\/www.facebook.com\/MegaPets.eu\/"]}]}},"_links":{"self":[{"href":"https:\/\/megapets.eu\/sk\/wp-json\/wp\/v2\/pages\/5812","targetHints":{"allow":["GET"]}}],"collection":[{"href":"https:\/\/megapets.eu\/sk\/wp-json\/wp\/v2\/pages"}],"about":[{"href":"https:\/\/megapets.eu\/sk\/wp-json\/wp\/v2\/types\/page"}],"author":[{"embeddable":true,"href":"https:\/\/megapets.eu\/sk\/wp-json\/wp\/v2\/users\/4"}],"replies":[{"embeddable":true,"href":"https:\/\/megapets.eu\/sk\/wp-json\/wp\/v2\/comments?post=5812"}],"version-history":[{"count":5,"href":"https:\/\/megapets.eu\/sk\/wp-json\/wp\/v2\/pages\/5812\/revisions"}],"predecessor-version":[{"id":5820,"href":"https:\/\/megapets.eu\/sk\/wp-json\/wp\/v2\/pages\/5812\/revisions\/5820"}],"wp:attachment":[{"href":"https:\/\/megapets.eu\/sk\/wp-json\/wp\/v2\/media?parent=5812"}],"curies":[{"name":"wp","href":"https:\/\/api.w.org\/{rel}","templated":true}]}}