{"id":10366,"date":"2025-08-26T09:01:26","date_gmt":"2025-08-26T09:01:26","guid":{"rendered":"https:\/\/megapets.eu\/?post_type=product&#038;p=10366"},"modified":"2025-08-26T09:07:49","modified_gmt":"2025-08-26T09:07:49","slug":"achatina-achatina-standard-nigeriastandard-p14-kopia","status":"publish","type":"product","link":"https:\/\/megapets.eu\/sk\/slimaky\/achatina-achatina-standard-nigeriastandard-p14-kopia\/","title":{"rendered":"Achatina achatina standard Nig\u00e9ria<br>\u0161tandard \/ P14 (Kopia)"},"content":{"rendered":"<p><span style=\"color: #424242; font-size: 15px;\"><em><span style=\"color: #000000;\"><strong>Druh:<\/strong> <span style=\"font-size: 15px;\">Achatina achatina achatina (Linnaeus, 1758)<\/span><\/span><\/em><em><br \/>\n<\/em><em><span style=\"color: #000000;\"><strong>Farebn\u00e1 odroda<\/strong>: \u0161tandardn\u00e1 <\/span><\/em><em><br \/>\n<\/em><em><span style=\"color: #000000;\"><strong>\u0160peci\u00e1lne ozna\u010denie l\u00ednie: <\/strong>&#8222;Nig\u00e9ria&#8220;<\/span><\/em><\/span><\/p>\n<p><span style=\"font-size: 15px;\"><strong><span style=\"color: #000000;\"><em><img loading=\"lazy\" decoding=\"async\" class=\"\" src=\"https:\/\/static.xx.fbcdn.net\/images\/emoji.php\/v9\/ta\/1\/32\/1f525.png\" alt=\"\ud83d\udd25\" width=\"18\" height=\"18\"> <\/em><\/span><\/strong><span style=\"color: #000000;\"><em>Pon\u00fakan\u00fd ml\u00e1\u010fat\u00e1 z nepr\u00edbuzn\u00e9ho rodi\u010dovsk\u00e9ho p\u00e1ru. V\u010faka neust\u00e1lemu v\u00fdberu vhodn\u00fdch partnerov a vytv\u00e1raniu p\u00e1rov z gener\u00e1cie na gener\u00e1ciu sa \u00faspe\u0161ne udr\u017eiavaj\u00fa nepr\u00edbuzn\u00e9, rodokme\u0148ov\u00e9 \u0161\u013eachtite\u013esk\u00e9 l\u00ednie kr\u00e1snych obrov. <\/em><\/span><\/span><\/p>\n<p style=\"text-align: left;\"><span style=\"font-size: 15px;\"><span style=\"color: #000000;\"><em><span style=\"color: #008000;\"><span style=\"color: #424242;\"><strong><img decoding=\"async\" src=\"https:\/\/static.xx.fbcdn.net\/images\/emoji.php\/v9\/tb4\/1\/16\/2b50.png\" alt=\"\u2b50\ufe0f\"><\/strong> <span style=\"color: #333333;\">Achatina achatina achatina je jedn\u00fdm z najp\u00f4sobivej\u0161\u00edch predstavite\u013eov suchozemsk\u00fdch obrovsk\u00fdch slim\u00e1kov, ktor\u00fd svojou ve\u013ekos\u0165ou a mimoriadne p\u00f4sobivou \u0161krupinou pri\u0165ahuje pozornos\u0165 milovn\u00edkov exotiky. Jeho majest\u00e1tna oran\u017eovo-hned\u00e1 \u0161krupina, zdoben\u00e1 v\u00fdrazn\u00fdmi tmav\u00fdmi pruhmi ako tigrie vzory, je \u017eiv\u00fdm d\u00f4kazom toho, \u017ee pr\u00edroda ovl\u00e1da formy a farby. Tieto slim\u00e1ky ved\u00fa vyv\u00e1\u017een\u00fd, v\u00e4\u010d\u0161inou no\u010dn\u00fd \u017eivotn\u00fd \u0161t\u00fdl. Ml\u00e1\u010fat\u00e1 tr\u00e1via ve\u013ea hod\u00edn v od\u013eahl\u00fdch, \u00fatuln\u00fdch k\u00fatoch, kde rozv\u00edjaj\u00fa svoj jemn\u00fd rast \u0161krupiny. Medzi r\u00f4znymi druhmi obrovsk\u00fdch slim\u00e1kov n\u00e1jdete ve\u013ek\u00e9 nen\u00e1sytn\u00e9, ale nie v\u0161etky druhy jedia ve\u013ea. Mlad\u00e1 Achatina achatina m\u00e1 niekedy chu\u0165 do jedla a niekedy po nieko\u013ek\u00fdch s\u00fastach sa vr\u00e1ti sp\u00e4\u0165 na odpo\u010dinok. Slim\u00e1k zje to\u013eko potravy, ko\u013eko potrebuje, a ned\u00e1 sa prekrmi\u0165. V z\u00e1vislosti od druhu, veku slim\u00e1ka a stup\u0148a predk\u0155menia m\u00f4\u017ee prest\u00e1vka medzi jedlami trva\u0165 a\u017e nieko\u013eko dn\u00ed. Ako rast\u00fa, slim\u00e1ky tohto druhu sa \u010doraz viac zauj\u00edmaj\u00fa o ve\u013ekos\u0165 porci\u00ed a ich okolie. St\u00e1le v\u0161ak tr\u00e1via v\u00e4\u010d\u0161inu \u010dasu na podstielke v ter\u00e1riu, radi si zdriemnu a zost\u00e1vaj\u00fa konzervat\u00edvni pri v\u00fdbere jedla.         <\/span><\/span><\/span><\/em><\/span><\/span><\/p>\n<p style=\"text-align: left;\"><span style=\"color: #000000; font-size: 15px;\"><em><span class=\"x1xsqp64 xiy17q3 x1o6pynw x19co3pv xdj266r xcwd3tp xat24cr x39eecv x2b8uid\" data-testid=\"emoji\"><span class=\"xexx8yu xn5pp95 x18d9i69 x2fxd7x x3jgonx x1bhl96m\"><img loading=\"lazy\" decoding=\"async\" class=\"\" src=\"https:\/\/static.xx.fbcdn.net\/images\/emoji.php\/v9\/t66\/1\/32\/1f4cc.png\" alt=\"\ud83d\udccc\" width=\"18\" height=\"18\">  Dospel\u00ed zvy\u010dajne dosahuj\u00fa asi 15\u201316 cm \u0161krup\u00edn.<\/span><\/span><\/em><\/span><\/p>\n<p style=\"text-align: left;\"><span style=\"color: #000000; font-size: 15px;\"><em><img loading=\"lazy\" decoding=\"async\" class=\"xz74otr\" src=\"https:\/\/static.xx.fbcdn.net\/images\/emoji.php\/v9\/t1e\/1\/16\/1f33f.png\" alt=\"\ud83c\udf3f\" width=\"18\" height=\"18\"> <span style=\"color: #008000;\">Slim\u00e1ky druhu Achatina achatina ved\u00fa vyv\u00e1\u017een\u00fd, v\u00e4\u010d\u0161inou no\u010dn\u00fd \u017eivotn\u00fd \u0161t\u00fdl a rast\u00fa pomaly. Dar\u00ed sa im so stabiln\u00fdmi z\u00e1kladn\u00fdmi \u017eivotn\u00fdmi podmienkami. Pohodln\u00fdm sp\u00f4sobom, ako pos\u00fadi\u0165 \u00fa\u010dinnos\u0165 starostlivosti, je pozorova\u0165 jej akt\u00edvny v\u00fdvoj, vidite\u013en\u00fd okrem in\u00e9ho prostredn\u00edctvom kon\u0161trukcie nov\u00e9ho, estetick\u00e9ho rastu \u0161krupiny.  <\/span><\/em><\/span><\/p>\n","protected":false},"excerpt":{"rendered":"<ul>\n<li>Cie\u013eov\u00e1 ve\u013ekos\u0165 \u0161krupiny:\n<ul>\n<li>Ok. 15-16<\/li>\n<\/ul>\n<\/li>\n<li>Od nepr\u00edbuzn\u00e9ho p\u00e1ru:\n<ul>\n<li>Str. 14<\/li>\n<\/ul>\n<\/li>\n<li>Pon\u00fakan\u00e9 ml\u00e1\u010fat\u00e1:\n<ul>\n<li>cca 6 cm <\/li>\n<\/ul>\n<\/li>\n<li>Cena sa vz\u0165ahuje na:\n<ul>\n<li>1 ks<\/li>\n<\/ul>\n<\/li>\n<\/ul>\n","protected":false},"featured_media":5986,"template":"","meta":{"_acf_changed":false,"_links_to":"","_links_to_target":""},"product_cat":[144],"product_tag":[],"class_list":{"0":"post-10366","1":"product","2":"type-product","3":"status-publish","4":"has-post-thumbnail","6":"product_cat-slimaky","8":"first","9":"outofstock","10":"shipping-taxable","11":"purchasable","12":"product-type-simple"},"acf":[],"yoast_head":"<!-- This site is optimized with the Yoast SEO plugin v24.9 - https:\/\/yoast.com\/wordpress\/plugins\/seo\/ -->\n<title>Achatina achatina standard Nig\u00e9ria\u0161tandard \/ P14 (Kopia) | MegaPets<\/title>\n<meta name=\"robots\" content=\"index, follow, max-snippet:-1, max-image-preview:large, max-video-preview:-1\" \/>\n<link rel=\"canonical\" href=\"https:\/\/megapets.eu\/sk\/slimaky\/achatina-achatina-standard-nigeriastandard-p14-kopia\/\" \/>\n<meta property=\"og:locale\" content=\"sk_SK\" \/>\n<meta property=\"og:type\" content=\"article\" \/>\n<meta property=\"og:title\" content=\"Achatina achatina standard Nig\u00e9ria\u0161tandard \/ P14 (Kopia) | MegaPets\" \/>\n<meta property=\"og:description\" content=\"Cie\u013eov\u00e1 ve\u013ekos\u0165 \u0161krupiny:  Ok. 15-16   Od nepr\u00edbuzn\u00e9ho p\u00e1ru:  Str. 14   Pon\u00fakan\u00e9 ml\u00e1\u010fat\u00e1:  cca 6 cm   Cena sa vz\u0165ahuje na:  1 ks\" \/>\n<meta property=\"og:url\" content=\"https:\/\/megapets.eu\/sk\/slimaky\/achatina-achatina-standard-nigeriastandard-p14-kopia\/\" \/>\n<meta property=\"og:site_name\" content=\"MegaPets\" \/>\n<meta property=\"article:publisher\" content=\"https:\/\/www.facebook.com\/MegaPets.eu\/\" \/>\n<meta property=\"article:modified_time\" content=\"2025-08-26T09:07:49+00:00\" \/>\n<meta property=\"og:image\" content=\"https:\/\/megapets.eu\/wp-content\/uploads\/2025\/08\/54-1-scaled.png\" \/>\n\t<meta property=\"og:image:width\" content=\"2560\" \/>\n\t<meta property=\"og:image:height\" content=\"1920\" \/>\n\t<meta property=\"og:image:type\" content=\"image\/png\" \/>\n<meta name=\"twitter:card\" content=\"summary_large_image\" \/>\n<meta name=\"twitter:label1\" content=\"Predpokladan\u00fd \u010das \u010d\u00edtania\" \/>\n\t<meta name=\"twitter:data1\" content=\"2 min\u00fata\" \/>\n<script type=\"application\/ld+json\" class=\"yoast-schema-graph\">{\"@context\":\"https:\/\/schema.org\",\"@graph\":[{\"@type\":\"WebPage\",\"@id\":\"https:\/\/megapets.eu\/sk\/slimaky\/achatina-achatina-standard-nigeriastandard-p14-kopia\/\",\"url\":\"https:\/\/megapets.eu\/sk\/slimaky\/achatina-achatina-standard-nigeriastandard-p14-kopia\/\",\"name\":\"Achatina achatina standard Nig\u00e9ria \u0161tandard \/ P14 (Kopia) | MegaPets\",\"isPartOf\":{\"@id\":\"https:\/\/megapets.eu\/sk\/#website\"},\"primaryImageOfPage\":{\"@id\":\"https:\/\/megapets.eu\/sk\/slimaky\/achatina-achatina-standard-nigeriastandard-p14-kopia\/#primaryimage\"},\"image\":{\"@id\":\"https:\/\/megapets.eu\/sk\/slimaky\/achatina-achatina-standard-nigeriastandard-p14-kopia\/#primaryimage\"},\"thumbnailUrl\":\"https:\/\/megapets.eu\/wp-content\/uploads\/2024\/10\/logo4.jpg\",\"datePublished\":\"2025-08-26T09:01:26+00:00\",\"dateModified\":\"2025-08-26T09:07:49+00:00\",\"breadcrumb\":{\"@id\":\"https:\/\/megapets.eu\/sk\/slimaky\/achatina-achatina-standard-nigeriastandard-p14-kopia\/#breadcrumb\"},\"inLanguage\":\"sk-SK\",\"potentialAction\":[{\"@type\":\"ReadAction\",\"target\":[\"https:\/\/megapets.eu\/sk\/slimaky\/achatina-achatina-standard-nigeriastandard-p14-kopia\/\"]}]},{\"@type\":\"ImageObject\",\"inLanguage\":\"sk-SK\",\"@id\":\"https:\/\/megapets.eu\/sk\/slimaky\/achatina-achatina-standard-nigeriastandard-p14-kopia\/#primaryimage\",\"url\":\"https:\/\/megapets.eu\/wp-content\/uploads\/2024\/10\/logo4.jpg\",\"contentUrl\":\"https:\/\/megapets.eu\/wp-content\/uploads\/2024\/10\/logo4.jpg\",\"width\":1212,\"height\":804},{\"@type\":\"BreadcrumbList\",\"@id\":\"https:\/\/megapets.eu\/sk\/slimaky\/achatina-achatina-standard-nigeriastandard-p14-kopia\/#breadcrumb\",\"itemListElement\":[{\"@type\":\"ListItem\",\"position\":1,\"name\":\"Strona g\u0142\u00f3wna\",\"item\":\"https:\/\/megapets.eu\/sk\/\"},{\"@type\":\"ListItem\",\"position\":2,\"name\":\"Obchod\",\"item\":\"https:\/\/megapets.eu\/obchod\/\"},{\"@type\":\"ListItem\",\"position\":3,\"name\":\"Achatina achatina standard Nig\u00e9ria\u0161tandard \/ P14 (Kopia)\"}]},{\"@type\":\"WebSite\",\"@id\":\"https:\/\/megapets.eu\/sk\/#website\",\"url\":\"https:\/\/megapets.eu\/sk\/\",\"name\":\"Mega Pets\",\"description\":\"Jedna z najwi\u0119kszych hodowli \u015blimak\u00f3w w Europie\",\"publisher\":{\"@id\":\"https:\/\/megapets.eu\/sk\/#organization\"},\"alternateName\":\"Mega Pets\",\"potentialAction\":[{\"@type\":\"SearchAction\",\"target\":{\"@type\":\"EntryPoint\",\"urlTemplate\":\"https:\/\/megapets.eu\/sk\/?s={search_term_string}\"},\"query-input\":{\"@type\":\"PropertyValueSpecification\",\"valueRequired\":true,\"valueName\":\"search_term_string\"}}],\"inLanguage\":\"sk-SK\"},{\"@type\":\"Organization\",\"@id\":\"https:\/\/megapets.eu\/sk\/#organization\",\"name\":\"Mega Pets\",\"url\":\"https:\/\/megapets.eu\/sk\/\",\"logo\":{\"@type\":\"ImageObject\",\"inLanguage\":\"sk-SK\",\"@id\":\"https:\/\/megapets.eu\/sk\/#\/schema\/logo\/image\/\",\"url\":\"https:\/\/megapets.eu\/wp-content\/uploads\/2025\/04\/megapets_eu-logo.png\",\"contentUrl\":\"https:\/\/megapets.eu\/wp-content\/uploads\/2025\/04\/megapets_eu-logo.png\",\"width\":2362,\"height\":2362,\"caption\":\"Mega Pets\"},\"image\":{\"@id\":\"https:\/\/megapets.eu\/sk\/#\/schema\/logo\/image\/\"},\"sameAs\":[\"https:\/\/www.facebook.com\/MegaPets.eu\/\"]}]}<\/script>\n<!-- \/ Yoast SEO plugin. -->","yoast_head_json":{"title":"Achatina achatina standard Nig\u00e9ria\u0161tandard \/ P14 (Kopia) | MegaPets","robots":{"index":"index","follow":"follow","max-snippet":"max-snippet:-1","max-image-preview":"max-image-preview:large","max-video-preview":"max-video-preview:-1"},"canonical":"https:\/\/megapets.eu\/sk\/slimaky\/achatina-achatina-standard-nigeriastandard-p14-kopia\/","og_locale":"sk_SK","og_type":"article","og_title":"Achatina achatina standard Nig\u00e9ria\u0161tandard \/ P14 (Kopia) | MegaPets","og_description":"Cie\u013eov\u00e1 ve\u013ekos\u0165 \u0161krupiny:  Ok. 15-16   Od nepr\u00edbuzn\u00e9ho p\u00e1ru:  Str. 14   Pon\u00fakan\u00e9 ml\u00e1\u010fat\u00e1:  cca 6 cm   Cena sa vz\u0165ahuje na:  1 ks","og_url":"https:\/\/megapets.eu\/sk\/slimaky\/achatina-achatina-standard-nigeriastandard-p14-kopia\/","og_site_name":"MegaPets","article_publisher":"https:\/\/www.facebook.com\/MegaPets.eu\/","article_modified_time":"2025-08-26T09:07:49+00:00","og_image":[{"width":2560,"height":1920,"url":"https:\/\/megapets.eu\/wp-content\/uploads\/2025\/08\/54-1-scaled.png","type":"image\/png"}],"twitter_card":"summary_large_image","twitter_misc":{"Predpokladan\u00fd \u010das \u010d\u00edtania":"2 min\u00fata"},"schema":{"@context":"https:\/\/schema.org","@graph":[{"@type":"WebPage","@id":"https:\/\/megapets.eu\/sk\/slimaky\/achatina-achatina-standard-nigeriastandard-p14-kopia\/","url":"https:\/\/megapets.eu\/sk\/slimaky\/achatina-achatina-standard-nigeriastandard-p14-kopia\/","name":"Achatina achatina standard Nig\u00e9ria \u0161tandard \/ P14 (Kopia) | MegaPets","isPartOf":{"@id":"https:\/\/megapets.eu\/sk\/#website"},"primaryImageOfPage":{"@id":"https:\/\/megapets.eu\/sk\/slimaky\/achatina-achatina-standard-nigeriastandard-p14-kopia\/#primaryimage"},"image":{"@id":"https:\/\/megapets.eu\/sk\/slimaky\/achatina-achatina-standard-nigeriastandard-p14-kopia\/#primaryimage"},"thumbnailUrl":"https:\/\/megapets.eu\/wp-content\/uploads\/2024\/10\/logo4.jpg","datePublished":"2025-08-26T09:01:26+00:00","dateModified":"2025-08-26T09:07:49+00:00","breadcrumb":{"@id":"https:\/\/megapets.eu\/sk\/slimaky\/achatina-achatina-standard-nigeriastandard-p14-kopia\/#breadcrumb"},"inLanguage":"sk-SK","potentialAction":[{"@type":"ReadAction","target":["https:\/\/megapets.eu\/sk\/slimaky\/achatina-achatina-standard-nigeriastandard-p14-kopia\/"]}]},{"@type":"ImageObject","inLanguage":"sk-SK","@id":"https:\/\/megapets.eu\/sk\/slimaky\/achatina-achatina-standard-nigeriastandard-p14-kopia\/#primaryimage","url":"https:\/\/megapets.eu\/wp-content\/uploads\/2024\/10\/logo4.jpg","contentUrl":"https:\/\/megapets.eu\/wp-content\/uploads\/2024\/10\/logo4.jpg","width":1212,"height":804},{"@type":"BreadcrumbList","@id":"https:\/\/megapets.eu\/sk\/slimaky\/achatina-achatina-standard-nigeriastandard-p14-kopia\/#breadcrumb","itemListElement":[{"@type":"ListItem","position":1,"name":"Strona g\u0142\u00f3wna","item":"https:\/\/megapets.eu\/sk\/"},{"@type":"ListItem","position":2,"name":"Obchod","item":"https:\/\/megapets.eu\/obchod\/"},{"@type":"ListItem","position":3,"name":"Achatina achatina standard Nig\u00e9ria\u0161tandard \/ P14 (Kopia)"}]},{"@type":"WebSite","@id":"https:\/\/megapets.eu\/sk\/#website","url":"https:\/\/megapets.eu\/sk\/","name":"Mega Pets","description":"Jedna z najwi\u0119kszych hodowli \u015blimak\u00f3w w Europie","publisher":{"@id":"https:\/\/megapets.eu\/sk\/#organization"},"alternateName":"Mega Pets","potentialAction":[{"@type":"SearchAction","target":{"@type":"EntryPoint","urlTemplate":"https:\/\/megapets.eu\/sk\/?s={search_term_string}"},"query-input":{"@type":"PropertyValueSpecification","valueRequired":true,"valueName":"search_term_string"}}],"inLanguage":"sk-SK"},{"@type":"Organization","@id":"https:\/\/megapets.eu\/sk\/#organization","name":"Mega Pets","url":"https:\/\/megapets.eu\/sk\/","logo":{"@type":"ImageObject","inLanguage":"sk-SK","@id":"https:\/\/megapets.eu\/sk\/#\/schema\/logo\/image\/","url":"https:\/\/megapets.eu\/wp-content\/uploads\/2025\/04\/megapets_eu-logo.png","contentUrl":"https:\/\/megapets.eu\/wp-content\/uploads\/2025\/04\/megapets_eu-logo.png","width":2362,"height":2362,"caption":"Mega Pets"},"image":{"@id":"https:\/\/megapets.eu\/sk\/#\/schema\/logo\/image\/"},"sameAs":["https:\/\/www.facebook.com\/MegaPets.eu\/"]}]}},"_links":{"self":[{"href":"https:\/\/megapets.eu\/sk\/wp-json\/wp\/v2\/product\/10366","targetHints":{"allow":["GET"]}}],"collection":[{"href":"https:\/\/megapets.eu\/sk\/wp-json\/wp\/v2\/product"}],"about":[{"href":"https:\/\/megapets.eu\/sk\/wp-json\/wp\/v2\/types\/product"}],"wp:featuredmedia":[{"embeddable":true,"href":"https:\/\/megapets.eu\/sk\/wp-json\/wp\/v2\/media\/5986"}],"wp:attachment":[{"href":"https:\/\/megapets.eu\/sk\/wp-json\/wp\/v2\/media?parent=10366"}],"wp:term":[{"taxonomy":"product_cat","embeddable":true,"href":"https:\/\/megapets.eu\/sk\/wp-json\/wp\/v2\/product_cat?post=10366"},{"taxonomy":"product_tag","embeddable":true,"href":"https:\/\/megapets.eu\/sk\/wp-json\/wp\/v2\/product_tag?post=10366"}],"curies":[{"name":"wp","href":"https:\/\/api.w.org\/{rel}","templated":true}]}}