{"id":11391,"date":"2025-11-07T04:36:20","date_gmt":"2025-11-07T04:36:20","guid":{"rendered":"https:\/\/megapets.eu\/?post_type=product&#038;p=11391"},"modified":"2025-11-07T04:42:51","modified_gmt":"2025-11-07T04:42:51","slug":"kokosovy-substrat-15-lkokosova-raselina-pre-slimaky-kopia","status":"publish","type":"product","link":"https:\/\/megapets.eu\/sk\/prislusenstvo\/kokosovy-substrat-15-lkokosova-raselina-pre-slimaky-kopia\/","title":{"rendered":"Kokosov\u00fd substr\u00e1t 1,5 l<br \/>Kokosov\u00e1 ra\u0161elina pre slim\u00e1ky (Kopia)"},"content":{"rendered":"<p><strong><span style=\"color: #e87020; font-size: 15px;\"><em>Kokosov\u00fd substr\u00e1t 1,5 l \/ Kokosov\u00e1 ra\u0161elina pre slim\u00e1ky<\/em><\/span><\/strong><\/p>\n<p><strong><span style=\"color: #e87020; font-size: 15px;\"><em>Jedno balenie obsahuje 1,5 l.<\/em><\/span><\/strong><\/p>\n<p><strong><span style=\"color: #e87020; font-size: 15px;\"><em>Zlo\u017eenie: <\/em><\/span><\/strong><\/p>\n<p><strong><span style=\"color: #e87020; font-size: 15px;\"><em> Cena je za 1 balenie.<\/em><\/span><\/strong><\/p>\n<p><em><span style=\"color: #424242;\"><strong><span style=\"font-size: 15px;\">Kokosov\u00fd substr\u00e1t je pr\u00edrodn\u00fd substr\u00e1t vyroben\u00fd z drven\u00fdch kokosov\u00fdch vl\u00e1kien. Najodpor\u00fa\u010danej\u0161\u00ed substr\u00e1t na chov exotick\u00fdch slim\u00e1kov. Pou\u017e\u00edva sa aj v ter\u00e1ri\u00e1ch s pav\u00fakmi, exotick\u00fdmi \u0161v\u00e1bmi, oboj\u017eiveln\u00edkmi, plazmi at\u010f. <\/span><\/strong><\/span><\/em><\/p>\n<p><em><span style=\"color: #424242;\"><strong><span style=\"font-size: 15px;\">Sp\u00f4soby pou\u017eitia kokosov\u00e9ho substr\u00e1tu na chov slim\u00e1kov: <\/span><\/strong><\/span><\/em><\/p>\n<p><em><span style=\"color: #424242;\"><strong><span style=\"font-size: 15px;\">1) Substr\u00e1t rozprestrite v ter\u00e1riu na hr\u00fabku asi 2 cm a potom ho postriekajte pramenitou vodou. <\/span><\/strong><\/span><\/em><\/p>\n<p><em><span style=\"color: #424242;\"><strong><span style=\"font-size: 15px;\">2) Ako podkladov\u00e9 vrstvy pou\u017eite v n\u00e1dr\u017ei 100 % celul\u00f3zov\u00fd papierov\u00fd uter\u00e1k (bez z\u00e1pachu, nefarben\u00fd), potom uter\u00e1k v n\u00e1dr\u017ei \u010diasto\u010dne prikryte mal\u00fdm mno\u017estvom kokosov\u00e9ho substr\u00e1tu. Cel\u00e9 to z\u013eahka postriekajte pramenitou vodou. Jednou z v\u00fdhod kokosov\u00e9ho substr\u00e1tu v kombin\u00e1cii s papierovou utierkou je, \u017ee m\u00f4\u017eete \u013eah\u0161ie kontrolova\u0165 spr\u00e1vnu vlhkos\u0165 a udr\u017eiava\u0165 zviera v \u010distote. Slim\u00e1ky tento sp\u00f4sob podstielania toleruj\u00fa a vykazuj\u00fa lep\u0161ie v\u00fdsledky z h\u013eadiska rastu, zdravia ulity a kr\u00e1sy. Podstielka by sa mala ka\u017ed\u00e9 3 &#8211; 4 dni vymie\u0148a\u0165 za \u010derstv\u00fa.<\/span><\/strong><\/span><\/em><\/p>\n","protected":false},"excerpt":{"rendered":"<ul class=\"product_attributes\">\n<li><span style=\"color: #555555;\">Zlo\u017eenie:<\/span> Balenie obsahuje: 100% pr\u00edrodn\u00fa kokosov\u00fa ra\u0161elinu<\/li>\n<li><span style=\"color: #555555;\"><\/span> <\/li>\n<li><span style=\"color: #555555;\"> Cena plat\u00ed pre:<\/span> Cena plat\u00ed pre 1 balenie.<\/li>\n<\/ul>\n","protected":false},"featured_media":11855,"template":"","meta":{"_acf_changed":false,"_links_to":"","_links_to_target":""},"product_cat":[146],"product_tag":[149,147,150],"class_list":{"0":"post-11391","1":"product","2":"type-product","3":"status-publish","4":"has-post-thumbnail","6":"product_cat-prislusenstvo","7":"product_tag-pre-izopody","8":"product_tag-pre-slimaky","9":"product_tag-pre-svaby","11":"first","12":"instock","13":"shipping-taxable","14":"purchasable","15":"product-type-simple"},"acf":[],"yoast_head":"<!-- This site is optimized with the Yoast SEO plugin v24.9 - https:\/\/yoast.com\/wordpress\/plugins\/seo\/ -->\n<title>Kokosov\u00fd substr\u00e1t 1,5 lKokosov\u00e1 ra\u0161elina pre slim\u00e1ky (Kopia) | MegaPets<\/title>\n<meta name=\"robots\" content=\"index, follow, max-snippet:-1, max-image-preview:large, max-video-preview:-1\" \/>\n<link rel=\"canonical\" href=\"https:\/\/megapets.eu\/sk\/prislusenstvo\/kokosovy-substrat-15-lkokosova-raselina-pre-slimaky-kopia\/\" \/>\n<meta property=\"og:locale\" content=\"sk_SK\" \/>\n<meta property=\"og:type\" content=\"article\" \/>\n<meta property=\"og:title\" content=\"Kokosov\u00fd substr\u00e1t 1,5 lKokosov\u00e1 ra\u0161elina pre slim\u00e1ky (Kopia) | MegaPets\" \/>\n<meta property=\"og:description\" content=\"Zlo\u017eenie: Balenie obsahuje: 100% pr\u00edrodn\u00fa kokosov\u00fa ra\u0161elinu    Cena plat\u00ed pre: Cena plat\u00ed pre 1 balenie.\" \/>\n<meta property=\"og:url\" content=\"https:\/\/megapets.eu\/sk\/prislusenstvo\/kokosovy-substrat-15-lkokosova-raselina-pre-slimaky-kopia\/\" \/>\n<meta property=\"og:site_name\" content=\"MegaPets\" \/>\n<meta property=\"article:publisher\" content=\"https:\/\/www.facebook.com\/MegaPets.eu\/\" \/>\n<meta property=\"article:modified_time\" content=\"2025-11-07T04:42:51+00:00\" \/>\n<meta property=\"og:image\" content=\"https:\/\/megapets.eu\/wp-content\/uploads\/2025\/11\/2-1024x1024.png\" \/>\n\t<meta property=\"og:image:width\" content=\"1024\" \/>\n\t<meta property=\"og:image:height\" content=\"1024\" \/>\n\t<meta property=\"og:image:type\" content=\"image\/png\" \/>\n<meta name=\"twitter:card\" content=\"summary_large_image\" \/>\n<meta name=\"twitter:label1\" content=\"Predpokladan\u00fd \u010das \u010d\u00edtania\" \/>\n\t<meta name=\"twitter:data1\" content=\"1 min\u00fata\" \/>\n<script type=\"application\/ld+json\" class=\"yoast-schema-graph\">{\"@context\":\"https:\/\/schema.org\",\"@graph\":[{\"@type\":\"WebPage\",\"@id\":\"https:\/\/megapets.eu\/sk\/prislusenstvo\/kokosovy-substrat-15-lkokosova-raselina-pre-slimaky-kopia\/\",\"url\":\"https:\/\/megapets.eu\/sk\/prislusenstvo\/kokosovy-substrat-15-lkokosova-raselina-pre-slimaky-kopia\/\",\"name\":\"Kokosov\u00fd substr\u00e1t 1,5 l Kokosov\u00e1 ra\u0161elina pre slim\u00e1ky (Kopia) | MegaPets\",\"isPartOf\":{\"@id\":\"https:\/\/megapets.eu\/sk\/#website\"},\"primaryImageOfPage\":{\"@id\":\"https:\/\/megapets.eu\/sk\/prislusenstvo\/kokosovy-substrat-15-lkokosova-raselina-pre-slimaky-kopia\/#primaryimage\"},\"image\":{\"@id\":\"https:\/\/megapets.eu\/sk\/prislusenstvo\/kokosovy-substrat-15-lkokosova-raselina-pre-slimaky-kopia\/#primaryimage\"},\"thumbnailUrl\":\"https:\/\/megapets.eu\/wp-content\/uploads\/2025\/11\/podloze-kokosowe-woocommerce-optimized-WEBP.webp\",\"datePublished\":\"2025-11-07T04:36:20+00:00\",\"dateModified\":\"2025-11-07T04:42:51+00:00\",\"breadcrumb\":{\"@id\":\"https:\/\/megapets.eu\/sk\/prislusenstvo\/kokosovy-substrat-15-lkokosova-raselina-pre-slimaky-kopia\/#breadcrumb\"},\"inLanguage\":\"sk-SK\",\"potentialAction\":[{\"@type\":\"ReadAction\",\"target\":[\"https:\/\/megapets.eu\/sk\/prislusenstvo\/kokosovy-substrat-15-lkokosova-raselina-pre-slimaky-kopia\/\"]}]},{\"@type\":\"ImageObject\",\"inLanguage\":\"sk-SK\",\"@id\":\"https:\/\/megapets.eu\/sk\/prislusenstvo\/kokosovy-substrat-15-lkokosova-raselina-pre-slimaky-kopia\/#primaryimage\",\"url\":\"https:\/\/megapets.eu\/wp-content\/uploads\/2025\/11\/podloze-kokosowe-woocommerce-optimized-WEBP.webp\",\"contentUrl\":\"https:\/\/megapets.eu\/wp-content\/uploads\/2025\/11\/podloze-kokosowe-woocommerce-optimized-WEBP.webp\",\"width\":1041,\"height\":711,\"caption\":\"Pod\u0142o\u017ce kokosowe do terrarium dla \u015blimak\u00f3w\"},{\"@type\":\"BreadcrumbList\",\"@id\":\"https:\/\/megapets.eu\/sk\/prislusenstvo\/kokosovy-substrat-15-lkokosova-raselina-pre-slimaky-kopia\/#breadcrumb\",\"itemListElement\":[{\"@type\":\"ListItem\",\"position\":1,\"name\":\"Strona g\u0142\u00f3wna\",\"item\":\"https:\/\/megapets.eu\/sk\/\"},{\"@type\":\"ListItem\",\"position\":2,\"name\":\"Obchod\",\"item\":\"https:\/\/megapets.eu\/obchod\/\"},{\"@type\":\"ListItem\",\"position\":3,\"name\":\"Kokosov\u00fd substr\u00e1t 1,5 lKokosov\u00e1 ra\u0161elina pre slim\u00e1ky (Kopia)\"}]},{\"@type\":\"WebSite\",\"@id\":\"https:\/\/megapets.eu\/sk\/#website\",\"url\":\"https:\/\/megapets.eu\/sk\/\",\"name\":\"Mega Pets\",\"description\":\"Jedna z najwi\u0119kszych hodowli \u015blimak\u00f3w w Europie\",\"publisher\":{\"@id\":\"https:\/\/megapets.eu\/sk\/#organization\"},\"alternateName\":\"Mega Pets\",\"potentialAction\":[{\"@type\":\"SearchAction\",\"target\":{\"@type\":\"EntryPoint\",\"urlTemplate\":\"https:\/\/megapets.eu\/sk\/?s={search_term_string}\"},\"query-input\":{\"@type\":\"PropertyValueSpecification\",\"valueRequired\":true,\"valueName\":\"search_term_string\"}}],\"inLanguage\":\"sk-SK\"},{\"@type\":\"Organization\",\"@id\":\"https:\/\/megapets.eu\/sk\/#organization\",\"name\":\"Mega Pets\",\"url\":\"https:\/\/megapets.eu\/sk\/\",\"logo\":{\"@type\":\"ImageObject\",\"inLanguage\":\"sk-SK\",\"@id\":\"https:\/\/megapets.eu\/sk\/#\/schema\/logo\/image\/\",\"url\":\"https:\/\/megapets.eu\/wp-content\/uploads\/2025\/04\/megapets_eu-logo.png\",\"contentUrl\":\"https:\/\/megapets.eu\/wp-content\/uploads\/2025\/04\/megapets_eu-logo.png\",\"width\":2362,\"height\":2362,\"caption\":\"Mega Pets\"},\"image\":{\"@id\":\"https:\/\/megapets.eu\/sk\/#\/schema\/logo\/image\/\"},\"sameAs\":[\"https:\/\/www.facebook.com\/MegaPets.eu\/\"]}]}<\/script>\n<!-- \/ Yoast SEO plugin. -->","yoast_head_json":{"title":"Kokosov\u00fd substr\u00e1t 1,5 lKokosov\u00e1 ra\u0161elina pre slim\u00e1ky (Kopia) | MegaPets","robots":{"index":"index","follow":"follow","max-snippet":"max-snippet:-1","max-image-preview":"max-image-preview:large","max-video-preview":"max-video-preview:-1"},"canonical":"https:\/\/megapets.eu\/sk\/prislusenstvo\/kokosovy-substrat-15-lkokosova-raselina-pre-slimaky-kopia\/","og_locale":"sk_SK","og_type":"article","og_title":"Kokosov\u00fd substr\u00e1t 1,5 lKokosov\u00e1 ra\u0161elina pre slim\u00e1ky (Kopia) | MegaPets","og_description":"Zlo\u017eenie: Balenie obsahuje: 100% pr\u00edrodn\u00fa kokosov\u00fa ra\u0161elinu    Cena plat\u00ed pre: Cena plat\u00ed pre 1 balenie.","og_url":"https:\/\/megapets.eu\/sk\/prislusenstvo\/kokosovy-substrat-15-lkokosova-raselina-pre-slimaky-kopia\/","og_site_name":"MegaPets","article_publisher":"https:\/\/www.facebook.com\/MegaPets.eu\/","article_modified_time":"2025-11-07T04:42:51+00:00","og_image":[{"width":1024,"height":1024,"url":"https:\/\/megapets.eu\/wp-content\/uploads\/2025\/11\/2-1024x1024.png","type":"image\/png"}],"twitter_card":"summary_large_image","twitter_misc":{"Predpokladan\u00fd \u010das \u010d\u00edtania":"1 min\u00fata"},"schema":{"@context":"https:\/\/schema.org","@graph":[{"@type":"WebPage","@id":"https:\/\/megapets.eu\/sk\/prislusenstvo\/kokosovy-substrat-15-lkokosova-raselina-pre-slimaky-kopia\/","url":"https:\/\/megapets.eu\/sk\/prislusenstvo\/kokosovy-substrat-15-lkokosova-raselina-pre-slimaky-kopia\/","name":"Kokosov\u00fd substr\u00e1t 1,5 l Kokosov\u00e1 ra\u0161elina pre slim\u00e1ky (Kopia) | MegaPets","isPartOf":{"@id":"https:\/\/megapets.eu\/sk\/#website"},"primaryImageOfPage":{"@id":"https:\/\/megapets.eu\/sk\/prislusenstvo\/kokosovy-substrat-15-lkokosova-raselina-pre-slimaky-kopia\/#primaryimage"},"image":{"@id":"https:\/\/megapets.eu\/sk\/prislusenstvo\/kokosovy-substrat-15-lkokosova-raselina-pre-slimaky-kopia\/#primaryimage"},"thumbnailUrl":"https:\/\/megapets.eu\/wp-content\/uploads\/2025\/11\/podloze-kokosowe-woocommerce-optimized-WEBP.webp","datePublished":"2025-11-07T04:36:20+00:00","dateModified":"2025-11-07T04:42:51+00:00","breadcrumb":{"@id":"https:\/\/megapets.eu\/sk\/prislusenstvo\/kokosovy-substrat-15-lkokosova-raselina-pre-slimaky-kopia\/#breadcrumb"},"inLanguage":"sk-SK","potentialAction":[{"@type":"ReadAction","target":["https:\/\/megapets.eu\/sk\/prislusenstvo\/kokosovy-substrat-15-lkokosova-raselina-pre-slimaky-kopia\/"]}]},{"@type":"ImageObject","inLanguage":"sk-SK","@id":"https:\/\/megapets.eu\/sk\/prislusenstvo\/kokosovy-substrat-15-lkokosova-raselina-pre-slimaky-kopia\/#primaryimage","url":"https:\/\/megapets.eu\/wp-content\/uploads\/2025\/11\/podloze-kokosowe-woocommerce-optimized-WEBP.webp","contentUrl":"https:\/\/megapets.eu\/wp-content\/uploads\/2025\/11\/podloze-kokosowe-woocommerce-optimized-WEBP.webp","width":1041,"height":711,"caption":"Pod\u0142o\u017ce kokosowe do terrarium dla \u015blimak\u00f3w"},{"@type":"BreadcrumbList","@id":"https:\/\/megapets.eu\/sk\/prislusenstvo\/kokosovy-substrat-15-lkokosova-raselina-pre-slimaky-kopia\/#breadcrumb","itemListElement":[{"@type":"ListItem","position":1,"name":"Strona g\u0142\u00f3wna","item":"https:\/\/megapets.eu\/sk\/"},{"@type":"ListItem","position":2,"name":"Obchod","item":"https:\/\/megapets.eu\/obchod\/"},{"@type":"ListItem","position":3,"name":"Kokosov\u00fd substr\u00e1t 1,5 lKokosov\u00e1 ra\u0161elina pre slim\u00e1ky (Kopia)"}]},{"@type":"WebSite","@id":"https:\/\/megapets.eu\/sk\/#website","url":"https:\/\/megapets.eu\/sk\/","name":"Mega Pets","description":"Jedna z najwi\u0119kszych hodowli \u015blimak\u00f3w w Europie","publisher":{"@id":"https:\/\/megapets.eu\/sk\/#organization"},"alternateName":"Mega Pets","potentialAction":[{"@type":"SearchAction","target":{"@type":"EntryPoint","urlTemplate":"https:\/\/megapets.eu\/sk\/?s={search_term_string}"},"query-input":{"@type":"PropertyValueSpecification","valueRequired":true,"valueName":"search_term_string"}}],"inLanguage":"sk-SK"},{"@type":"Organization","@id":"https:\/\/megapets.eu\/sk\/#organization","name":"Mega Pets","url":"https:\/\/megapets.eu\/sk\/","logo":{"@type":"ImageObject","inLanguage":"sk-SK","@id":"https:\/\/megapets.eu\/sk\/#\/schema\/logo\/image\/","url":"https:\/\/megapets.eu\/wp-content\/uploads\/2025\/04\/megapets_eu-logo.png","contentUrl":"https:\/\/megapets.eu\/wp-content\/uploads\/2025\/04\/megapets_eu-logo.png","width":2362,"height":2362,"caption":"Mega Pets"},"image":{"@id":"https:\/\/megapets.eu\/sk\/#\/schema\/logo\/image\/"},"sameAs":["https:\/\/www.facebook.com\/MegaPets.eu\/"]}]}},"_links":{"self":[{"href":"https:\/\/megapets.eu\/sk\/wp-json\/wp\/v2\/product\/11391","targetHints":{"allow":["GET"]}}],"collection":[{"href":"https:\/\/megapets.eu\/sk\/wp-json\/wp\/v2\/product"}],"about":[{"href":"https:\/\/megapets.eu\/sk\/wp-json\/wp\/v2\/types\/product"}],"wp:featuredmedia":[{"embeddable":true,"href":"https:\/\/megapets.eu\/sk\/wp-json\/wp\/v2\/media\/11855"}],"wp:attachment":[{"href":"https:\/\/megapets.eu\/sk\/wp-json\/wp\/v2\/media?parent=11391"}],"wp:term":[{"taxonomy":"product_cat","embeddable":true,"href":"https:\/\/megapets.eu\/sk\/wp-json\/wp\/v2\/product_cat?post=11391"},{"taxonomy":"product_tag","embeddable":true,"href":"https:\/\/megapets.eu\/sk\/wp-json\/wp\/v2\/product_tag?post=11391"}],"curies":[{"name":"wp","href":"https:\/\/api.w.org\/{rel}","templated":true}]}}