{"id":12508,"date":"2025-12-03T09:16:10","date_gmt":"2025-12-03T09:16:10","guid":{"rendered":"https:\/\/megapets.eu\/?post_type=product&#038;p=12508"},"modified":"2025-12-03T09:27:47","modified_gmt":"2025-12-03T09:27:47","slug":"balenie-sepia-v-kuskoch-50-ml-kopia-kopia-kopia","status":"publish","type":"product","link":"https:\/\/megapets.eu\/sk\/prislusenstvo\/balenie-sepia-v-kuskoch-50-ml-kopia-kopia-kopia\/","title":{"rendered":"Balenie &#8222;Sepia v k\u00faskoch&#8220; 50 ml (Kopia) (Kopia) (Kopia)"},"content":{"rendered":"<p><strong><span style=\"color: #e87020; font-size: 15px;\"><em>Balenie &#8222;Sepia po k\u00faskoch&#8220; 50 ml<\/em><\/span><\/strong><\/p>\n<p><strong><span style=\"color: #e87020; font-size: 15px;\"><em>Zlo\u017eenie: <\/em><\/span><\/strong><\/p>\n<p><strong><span style=\"color: #e87020; font-size: 15px;\"><em> Jedno balenie obsahuje 20-25 kusov s\u00e9pie v k\u00faskoch s ve\u013ekos\u0165ou pribli\u017ene 1-2 cm.<\/em><\/span><\/strong><\/p>\n<p><strong><span style=\"color: #e87020; font-size: 15px;\"><em>Cena je za 1 balenie.<\/em><\/span><\/strong><\/p>\n<p><em><span style=\"color: #424242;\"><strong><span style=\"font-size: 15px;\">S\u00e9pia v k\u00faskoch je 100% pr\u00edrodn\u00e1 s\u00e9piov\u00e1 kos\u0165, zdroj v\u00e1pnika pre exotick\u00e9 slim\u00e1ky, korytna\u010dky a in\u00e9 terarijn\u00e9 \u017eivo\u010d\u00edchy. K\u00fasky s\u00e9pie zbaven\u00e9 tvrd\u00e9ho panciera a nakr\u00e1jan\u00e9 na k\u00fasky ve\u013ek\u00e9 pribli\u017ene 1-2 cm. V\u010faka tomu je ka\u017ed\u00e1 strana s\u00e9pie v k\u00faskoch m\u00e4kk\u00e1 a slim\u00e1k ju \u013eahko prij\u00edma a po\u010det k\u00faskov d\u00e1va mo\u017enos\u0165 u\u0161etri\u0165 peniaze v porovnan\u00ed s cel\u00fdmi s\u00e9piami. Ako k\u0155mi\u0165 s\u00e9piou v k\u00faskoch: do ter\u00e1ria vlo\u017ete 1-2 k\u00fasky s\u00e9pie, po tom, ako zviera s\u00e9piu zje, podajte \u010derstv\u00fa porciu k\u00faskov. K\u00fasky s\u00e9pie vyme\u0148te pri prvom n\u00e1znaku znehodnotenia (v\u00fdskyt \u0161kv\u0155n, ktor\u00e9 s\u00fa sp\u00f4soben\u00e9 vlhk\u00fdmi podmienkami v ter\u00e1riu).<\/span><\/strong><\/span><\/em><\/p>\n<p><em><span style=\"color: #424242;\"><strong><span style=\"font-size: 15px;\">V\u017edy m\u00f4\u017eete meni\u0165 formu v\u00e1pnikov\u00e9ho krmiva a dodato\u010dne pon\u00faknu\u0165 zviera\u0165u &#8222;Calcium&#8220;. &#8211; v\u00e1pnik pre slim\u00e1ky.<\/span><\/strong><\/span><\/em><\/p>\n<p><em><span style=\"color: #424242;\"><strong><span style=\"font-size: 15px;\">Odpor\u00fa\u010dan\u00e9 doplnky dok\u00e1\u017eu uspokoji\u0165 potreby v oblasti cenn\u00fdch \u017eiv\u00edn aj t\u00fdch najn\u00e1ro\u010dnej\u0161\u00edch druhov: &#8222;Prote\u00edn a vitam\u00edn&#8220;, zmes exotick\u00fdch byl\u00edn, mlet\u00fd gamarus. Odpor\u00fa\u010dame tieto doplnky pou\u017e\u00edva\u0165 striedavo, aby strava v\u00e1\u0161ho dom\u00e1ceho mazn\u00e1\u010dika zostala pestr\u00e1 a kompletn\u00e1.<\/span><\/strong><\/span><\/em><\/p>\n","protected":false},"excerpt":{"rendered":"<ul class=\"product_attributes\">\n<li><span style=\"color: #555555;\">Zlo\u017eenie:<\/span> Balenie obsahuje: 100% pr\u00edrodn\u00e9 s\u00e9piov\u00e9 kosti<\/li>\n<li><span style=\"color: #555555;\"><\/span> Cena sa vz\u0165ahuje na: 20-25 kusov<\/li>\n<li><span style=\"color: #555555;\"><\/span> Cena plat\u00ed pre 1 balenie.<\/li>\n<\/ul>\n","protected":false},"featured_media":12541,"template":"","meta":{"_acf_changed":false,"_links_to":"","_links_to_target":""},"product_cat":[146],"product_tag":[149,147,150,148],"class_list":{"0":"post-12508","1":"product","2":"type-product","3":"status-publish","4":"has-post-thumbnail","6":"product_cat-prislusenstvo","7":"product_tag-pre-izopody","8":"product_tag-pre-slimaky","9":"product_tag-pre-svaby","10":"product_tag-pre-uskoky","12":"first","13":"instock","14":"shipping-taxable","15":"purchasable","16":"product-type-simple"},"acf":[],"yoast_head":"<!-- This site is optimized with the Yoast SEO plugin v24.9 - https:\/\/yoast.com\/wordpress\/plugins\/seo\/ -->\n<title>Balenie &quot;Sepia v k\u00faskoch&quot; 50 ml (Kopia) (Kopia) (Kopia) | MegaPets<\/title>\n<meta name=\"robots\" content=\"index, follow, max-snippet:-1, max-image-preview:large, max-video-preview:-1\" \/>\n<link rel=\"canonical\" href=\"https:\/\/megapets.eu\/sk\/prislusenstvo\/balenie-sepia-v-kuskoch-50-ml-kopia-kopia-kopia\/\" \/>\n<meta property=\"og:locale\" content=\"sk_SK\" \/>\n<meta property=\"og:type\" content=\"article\" \/>\n<meta property=\"og:title\" content=\"Balenie &quot;Sepia v k\u00faskoch&quot; 50 ml (Kopia) (Kopia) (Kopia) | MegaPets\" \/>\n<meta property=\"og:description\" content=\"Zlo\u017eenie: Balenie obsahuje: 100% pr\u00edrodn\u00e9 s\u00e9piov\u00e9 kosti  Cena sa vz\u0165ahuje na: 20-25 kusov  Cena plat\u00ed pre 1 balenie.\" \/>\n<meta property=\"og:url\" content=\"https:\/\/megapets.eu\/sk\/prislusenstvo\/balenie-sepia-v-kuskoch-50-ml-kopia-kopia-kopia\/\" \/>\n<meta property=\"og:site_name\" content=\"MegaPets\" \/>\n<meta property=\"article:publisher\" content=\"https:\/\/www.facebook.com\/MegaPets.eu\/\" \/>\n<meta property=\"article:modified_time\" content=\"2025-12-03T09:27:47+00:00\" \/>\n<meta property=\"og:image\" content=\"https:\/\/megapets.eu\/wp-content\/uploads\/2025\/12\/Mech_optimized-WEBP.webp\" \/>\n\t<meta property=\"og:image:width\" content=\"1200\" \/>\n\t<meta property=\"og:image:height\" content=\"800\" \/>\n\t<meta property=\"og:image:type\" content=\"image\/webp\" \/>\n<meta name=\"twitter:card\" content=\"summary_large_image\" \/>\n<meta name=\"twitter:label1\" content=\"Predpokladan\u00fd \u010das \u010d\u00edtania\" \/>\n\t<meta name=\"twitter:data1\" content=\"1 min\u00fata\" \/>\n<script type=\"application\/ld+json\" class=\"yoast-schema-graph\">{\"@context\":\"https:\/\/schema.org\",\"@graph\":[{\"@type\":\"WebPage\",\"@id\":\"https:\/\/megapets.eu\/sk\/prislusenstvo\/balenie-sepia-v-kuskoch-50-ml-kopia-kopia-kopia\/\",\"url\":\"https:\/\/megapets.eu\/sk\/prislusenstvo\/balenie-sepia-v-kuskoch-50-ml-kopia-kopia-kopia\/\",\"name\":\"Balenie \\\"Sepia v k\u00faskoch\\\" 50 ml (Kopia) (Kopia) (Kopia) | MegaPets\",\"isPartOf\":{\"@id\":\"https:\/\/megapets.eu\/sk\/#website\"},\"primaryImageOfPage\":{\"@id\":\"https:\/\/megapets.eu\/sk\/prislusenstvo\/balenie-sepia-v-kuskoch-50-ml-kopia-kopia-kopia\/#primaryimage\"},\"image\":{\"@id\":\"https:\/\/megapets.eu\/sk\/prislusenstvo\/balenie-sepia-v-kuskoch-50-ml-kopia-kopia-kopia\/#primaryimage\"},\"thumbnailUrl\":\"https:\/\/megapets.eu\/wp-content\/uploads\/2025\/12\/Mech_Sph_optimized4-WEBP.webp\",\"datePublished\":\"2025-12-03T09:16:10+00:00\",\"dateModified\":\"2025-12-03T09:27:47+00:00\",\"breadcrumb\":{\"@id\":\"https:\/\/megapets.eu\/sk\/prislusenstvo\/balenie-sepia-v-kuskoch-50-ml-kopia-kopia-kopia\/#breadcrumb\"},\"inLanguage\":\"sk-SK\",\"potentialAction\":[{\"@type\":\"ReadAction\",\"target\":[\"https:\/\/megapets.eu\/sk\/prislusenstvo\/balenie-sepia-v-kuskoch-50-ml-kopia-kopia-kopia\/\"]}]},{\"@type\":\"ImageObject\",\"inLanguage\":\"sk-SK\",\"@id\":\"https:\/\/megapets.eu\/sk\/prislusenstvo\/balenie-sepia-v-kuskoch-50-ml-kopia-kopia-kopia\/#primaryimage\",\"url\":\"https:\/\/megapets.eu\/wp-content\/uploads\/2025\/12\/Mech_Sph_optimized4-WEBP.webp\",\"contentUrl\":\"https:\/\/megapets.eu\/wp-content\/uploads\/2025\/12\/Mech_Sph_optimized4-WEBP.webp\",\"width\":1200,\"height\":800},{\"@type\":\"BreadcrumbList\",\"@id\":\"https:\/\/megapets.eu\/sk\/prislusenstvo\/balenie-sepia-v-kuskoch-50-ml-kopia-kopia-kopia\/#breadcrumb\",\"itemListElement\":[{\"@type\":\"ListItem\",\"position\":1,\"name\":\"Strona g\u0142\u00f3wna\",\"item\":\"https:\/\/megapets.eu\/sk\/\"},{\"@type\":\"ListItem\",\"position\":2,\"name\":\"Obchod\",\"item\":\"https:\/\/megapets.eu\/obchod\/\"},{\"@type\":\"ListItem\",\"position\":3,\"name\":\"Balenie &#8222;Sepia v k\u00faskoch\\\" 50 ml (Kopia) (Kopia) (Kopia)\"}]},{\"@type\":\"WebSite\",\"@id\":\"https:\/\/megapets.eu\/sk\/#website\",\"url\":\"https:\/\/megapets.eu\/sk\/\",\"name\":\"Mega Pets\",\"description\":\"Jedna z najwi\u0119kszych hodowli \u015blimak\u00f3w w Europie\",\"publisher\":{\"@id\":\"https:\/\/megapets.eu\/sk\/#organization\"},\"alternateName\":\"Mega Pets\",\"potentialAction\":[{\"@type\":\"SearchAction\",\"target\":{\"@type\":\"EntryPoint\",\"urlTemplate\":\"https:\/\/megapets.eu\/sk\/?s={search_term_string}\"},\"query-input\":{\"@type\":\"PropertyValueSpecification\",\"valueRequired\":true,\"valueName\":\"search_term_string\"}}],\"inLanguage\":\"sk-SK\"},{\"@type\":\"Organization\",\"@id\":\"https:\/\/megapets.eu\/sk\/#organization\",\"name\":\"Mega Pets\",\"url\":\"https:\/\/megapets.eu\/sk\/\",\"logo\":{\"@type\":\"ImageObject\",\"inLanguage\":\"sk-SK\",\"@id\":\"https:\/\/megapets.eu\/sk\/#\/schema\/logo\/image\/\",\"url\":\"https:\/\/megapets.eu\/wp-content\/uploads\/2025\/04\/megapets_eu-logo.png\",\"contentUrl\":\"https:\/\/megapets.eu\/wp-content\/uploads\/2025\/04\/megapets_eu-logo.png\",\"width\":2362,\"height\":2362,\"caption\":\"Mega Pets\"},\"image\":{\"@id\":\"https:\/\/megapets.eu\/sk\/#\/schema\/logo\/image\/\"},\"sameAs\":[\"https:\/\/www.facebook.com\/MegaPets.eu\/\"]}]}<\/script>\n<!-- \/ Yoast SEO plugin. -->","yoast_head_json":{"title":"Balenie \"Sepia v k\u00faskoch\" 50 ml (Kopia) (Kopia) (Kopia) | MegaPets","robots":{"index":"index","follow":"follow","max-snippet":"max-snippet:-1","max-image-preview":"max-image-preview:large","max-video-preview":"max-video-preview:-1"},"canonical":"https:\/\/megapets.eu\/sk\/prislusenstvo\/balenie-sepia-v-kuskoch-50-ml-kopia-kopia-kopia\/","og_locale":"sk_SK","og_type":"article","og_title":"Balenie \"Sepia v k\u00faskoch\" 50 ml (Kopia) (Kopia) (Kopia) | MegaPets","og_description":"Zlo\u017eenie: Balenie obsahuje: 100% pr\u00edrodn\u00e9 s\u00e9piov\u00e9 kosti  Cena sa vz\u0165ahuje na: 20-25 kusov  Cena plat\u00ed pre 1 balenie.","og_url":"https:\/\/megapets.eu\/sk\/prislusenstvo\/balenie-sepia-v-kuskoch-50-ml-kopia-kopia-kopia\/","og_site_name":"MegaPets","article_publisher":"https:\/\/www.facebook.com\/MegaPets.eu\/","article_modified_time":"2025-12-03T09:27:47+00:00","og_image":[{"width":1200,"height":800,"url":"https:\/\/megapets.eu\/wp-content\/uploads\/2025\/12\/Mech_optimized-WEBP.webp","type":"image\/webp"}],"twitter_card":"summary_large_image","twitter_misc":{"Predpokladan\u00fd \u010das \u010d\u00edtania":"1 min\u00fata"},"schema":{"@context":"https:\/\/schema.org","@graph":[{"@type":"WebPage","@id":"https:\/\/megapets.eu\/sk\/prislusenstvo\/balenie-sepia-v-kuskoch-50-ml-kopia-kopia-kopia\/","url":"https:\/\/megapets.eu\/sk\/prislusenstvo\/balenie-sepia-v-kuskoch-50-ml-kopia-kopia-kopia\/","name":"Balenie \"Sepia v k\u00faskoch\" 50 ml (Kopia) (Kopia) (Kopia) | MegaPets","isPartOf":{"@id":"https:\/\/megapets.eu\/sk\/#website"},"primaryImageOfPage":{"@id":"https:\/\/megapets.eu\/sk\/prislusenstvo\/balenie-sepia-v-kuskoch-50-ml-kopia-kopia-kopia\/#primaryimage"},"image":{"@id":"https:\/\/megapets.eu\/sk\/prislusenstvo\/balenie-sepia-v-kuskoch-50-ml-kopia-kopia-kopia\/#primaryimage"},"thumbnailUrl":"https:\/\/megapets.eu\/wp-content\/uploads\/2025\/12\/Mech_Sph_optimized4-WEBP.webp","datePublished":"2025-12-03T09:16:10+00:00","dateModified":"2025-12-03T09:27:47+00:00","breadcrumb":{"@id":"https:\/\/megapets.eu\/sk\/prislusenstvo\/balenie-sepia-v-kuskoch-50-ml-kopia-kopia-kopia\/#breadcrumb"},"inLanguage":"sk-SK","potentialAction":[{"@type":"ReadAction","target":["https:\/\/megapets.eu\/sk\/prislusenstvo\/balenie-sepia-v-kuskoch-50-ml-kopia-kopia-kopia\/"]}]},{"@type":"ImageObject","inLanguage":"sk-SK","@id":"https:\/\/megapets.eu\/sk\/prislusenstvo\/balenie-sepia-v-kuskoch-50-ml-kopia-kopia-kopia\/#primaryimage","url":"https:\/\/megapets.eu\/wp-content\/uploads\/2025\/12\/Mech_Sph_optimized4-WEBP.webp","contentUrl":"https:\/\/megapets.eu\/wp-content\/uploads\/2025\/12\/Mech_Sph_optimized4-WEBP.webp","width":1200,"height":800},{"@type":"BreadcrumbList","@id":"https:\/\/megapets.eu\/sk\/prislusenstvo\/balenie-sepia-v-kuskoch-50-ml-kopia-kopia-kopia\/#breadcrumb","itemListElement":[{"@type":"ListItem","position":1,"name":"Strona g\u0142\u00f3wna","item":"https:\/\/megapets.eu\/sk\/"},{"@type":"ListItem","position":2,"name":"Obchod","item":"https:\/\/megapets.eu\/obchod\/"},{"@type":"ListItem","position":3,"name":"Balenie &#8222;Sepia v k\u00faskoch\" 50 ml (Kopia) (Kopia) (Kopia)"}]},{"@type":"WebSite","@id":"https:\/\/megapets.eu\/sk\/#website","url":"https:\/\/megapets.eu\/sk\/","name":"Mega Pets","description":"Jedna z najwi\u0119kszych hodowli \u015blimak\u00f3w w Europie","publisher":{"@id":"https:\/\/megapets.eu\/sk\/#organization"},"alternateName":"Mega Pets","potentialAction":[{"@type":"SearchAction","target":{"@type":"EntryPoint","urlTemplate":"https:\/\/megapets.eu\/sk\/?s={search_term_string}"},"query-input":{"@type":"PropertyValueSpecification","valueRequired":true,"valueName":"search_term_string"}}],"inLanguage":"sk-SK"},{"@type":"Organization","@id":"https:\/\/megapets.eu\/sk\/#organization","name":"Mega Pets","url":"https:\/\/megapets.eu\/sk\/","logo":{"@type":"ImageObject","inLanguage":"sk-SK","@id":"https:\/\/megapets.eu\/sk\/#\/schema\/logo\/image\/","url":"https:\/\/megapets.eu\/wp-content\/uploads\/2025\/04\/megapets_eu-logo.png","contentUrl":"https:\/\/megapets.eu\/wp-content\/uploads\/2025\/04\/megapets_eu-logo.png","width":2362,"height":2362,"caption":"Mega Pets"},"image":{"@id":"https:\/\/megapets.eu\/sk\/#\/schema\/logo\/image\/"},"sameAs":["https:\/\/www.facebook.com\/MegaPets.eu\/"]}]}},"_links":{"self":[{"href":"https:\/\/megapets.eu\/sk\/wp-json\/wp\/v2\/product\/12508","targetHints":{"allow":["GET"]}}],"collection":[{"href":"https:\/\/megapets.eu\/sk\/wp-json\/wp\/v2\/product"}],"about":[{"href":"https:\/\/megapets.eu\/sk\/wp-json\/wp\/v2\/types\/product"}],"wp:featuredmedia":[{"embeddable":true,"href":"https:\/\/megapets.eu\/sk\/wp-json\/wp\/v2\/media\/12541"}],"wp:attachment":[{"href":"https:\/\/megapets.eu\/sk\/wp-json\/wp\/v2\/media?parent=12508"}],"wp:term":[{"taxonomy":"product_cat","embeddable":true,"href":"https:\/\/megapets.eu\/sk\/wp-json\/wp\/v2\/product_cat?post=12508"},{"taxonomy":"product_tag","embeddable":true,"href":"https:\/\/megapets.eu\/sk\/wp-json\/wp\/v2\/product_tag?post=12508"}],"curies":[{"name":"wp","href":"https:\/\/api.w.org\/{rel}","templated":true}]}}