{"id":5877,"date":"2025-04-17T10:35:12","date_gmt":"2025-04-17T10:35:12","guid":{"rendered":"https:\/\/megapets.eu\/nezaraden\u00e9\/benoitolus-siamensisfluorescencia-pod-uv-svetlom\/"},"modified":"2025-04-17T10:35:12","modified_gmt":"2025-04-17T10:35:12","slug":"benoitolus-siamensisfluorescencia-pod-uv-svetlom","status":"publish","type":"product","link":"https:\/\/megapets.eu\/sk\/wije-sk\/benoitolus-siamensisfluorescencia-pod-uv-svetlom\/","title":{"rendered":"Benoitolus siamensis<br \/>&#8222;Fluorescencia pod UV svetlom&#8220;"},"content":{"rendered":"<p class=\"v1v1v1v1MsoNormal\" style=\"text-align: left;\"><span style=\"color: #d94890;\"><strong><em><span style=\"font-size: 15px;\"><span style=\"color: #424242;\">Druh:<\/span> <span style=\"color: #3366ff;\">krokod\u00edl <\/span><\/span><\/em><\/strong><\/span>Benoitolus siamensis <span style=\"color: #d94890;\"><strong><em><span style=\"font-size: 15px;\"><span style=\"color: #3366ff;\">&#8222;Fluorescencia pod UV svetlom&#8220;.<\/span><\/span><\/em><\/strong><\/span><\/p>\n<p class=\"v1v1v1v1MsoNormal\" style=\"text-align: left;\"><span style=\"color: #424242;\"><strong><em><span style=\"font-size: 15px;\">\u013dahko sa chov\u00e1, preto je ide\u00e1lny pre za\u010diato\u010dn\u00edkov.<\/span><\/em><\/strong><\/span><\/p>\n<p style=\"text-align: left;\"><span style=\"color: #800000;\"><span style=\"color: #424242;\"><strong><em><span style=\"font-size: 15px;\">Je mo\u017en\u00e9<\/span><\/em><\/strong><\/span><strong><em><span style=\"font-size: 15px;\"><span style=\"color: #424242;\">zladi\u0165 p\u00e1r:<b> <\/b>samec a samica. <span style=\"color: #3366ff;\">Na chov tohto druhu odpor\u00fa\u010dame zak\u00fapi\u0165 aspo\u0148 5 exempl\u00e1rov (2 samce a 3 samice), ale nie je to nevyhnutn\u00e9, jedinec m\u00f4\u017ee \u017ei\u0165 samostatne.<\/span><\/span><\/span><\/em><\/strong><\/span><\/p>\n<p style=\"text-align: left;\"><span style=\"color: #800000;\"><strong><em><span style=\"font-size: 15px;\"><span style=\"color: #424242;\"><span style=\"color: #3366ff;\"><strong style=\"color: #424242;\">\ud83d\udc99\u2b50\ufe0f\ud83e\ude75 <\/strong>Fluorescencia. Niektor\u00e9 druhy ter\u00e1riov\u00fdch \u017eivo\u010d\u00edchov po vystaven\u00ed UV svetlu za\u010dn\u00fa \u017eiari\u0165 modrozelenou farbou \ud83e\ude75\u2b50\ufe0f\ud83d\udc99<\/span><\/span><\/span><\/em><\/strong><\/span><\/p>\n<p style=\"text-align: left;\"><span style=\"color: #424242;\"><strong><em><span style=\"font-size: 15px;\"><strong style=\"color: #424242;\"><span style=\"color: #800000;\"><span style=\"color: #3366ff;\">\ud83e\ude75<\/span><\/span> H\u013ead\u00e1te nie\u010do super na chov do za\u010diatku? <\/strong><span style=\"color: #3366ff;\">Krokod\u00edly Benoitolus siamensis s\u00fa kr\u00e1sne a \u013eahko chovate\u013en\u00e9 tvory, pre \u010dloveka \u00faplne bezpe\u010dn\u00e9 a nehryz\u00fa. Maj\u00fa slab\u00e9 \u010de\u013euste, ktor\u00e9 s\u00fa prisp\u00f4soben\u00e9 na drvenie rastlinnej hmoty. Krokod\u00edly uprednost\u0148uj\u00fa vlhk\u00e9 miesta, \u017eij\u00fa vo vrchnej vrstve substr\u00e1tu a \u017eivia sa listami, viaczlo\u017ekov\u00fdm substr\u00e1tom ur\u010den\u00fdm na chov krokod\u00edlov a zeleninou a ovoc\u00edm.<\/span><\/span><\/em><\/strong><\/span><\/p>\n","protected":false},"excerpt":{"rendered":"<ul>\n<li>Cie\u013eov\u00e1 ve\u013ekos\u0165:\n<ul>\n<li>cca 8 cm<\/li>\n<\/ul>\n<\/li>\n<li>Ponuka pre mladistv\u00fdch:\n<ul>\n<li>cca. 2 cm<\/li>\n<\/ul>\n<\/li>\n<li>Cena je za:\n<ul>\n<li>Cena za 1 ks<\/li>\n<\/ul>\n<\/li>\n<\/ul>\n","protected":false},"featured_media":5879,"template":"","meta":{"_acf_changed":false,"_links_to":"","_links_to_target":""},"product_cat":[153],"product_tag":[],"class_list":{"0":"post-5877","1":"product","2":"type-product","3":"status-publish","4":"has-post-thumbnail","6":"product_cat-wije-sk","8":"first","9":"outofstock","10":"shipping-taxable","11":"purchasable","12":"product-type-simple"},"acf":[],"yoast_head":"<!-- This site is optimized with the Yoast SEO plugin v24.9 - https:\/\/yoast.com\/wordpress\/plugins\/seo\/ -->\n<title>Benoitolus siamensis&quot;Fluorescencia pod UV svetlom&quot; | MegaPets<\/title>\n<meta name=\"robots\" content=\"index, follow, max-snippet:-1, max-image-preview:large, max-video-preview:-1\" \/>\n<link rel=\"canonical\" href=\"https:\/\/megapets.eu\/sk\/wije-sk\/benoitolus-siamensisfluorescencia-pod-uv-svetlom\/\" \/>\n<meta property=\"og:locale\" content=\"sk_SK\" \/>\n<meta property=\"og:type\" content=\"article\" \/>\n<meta property=\"og:title\" content=\"Benoitolus siamensis&quot;Fluorescencia pod UV svetlom&quot; | MegaPets\" \/>\n<meta property=\"og:description\" content=\"Cie\u013eov\u00e1 ve\u013ekos\u0165:  cca 8 cm   Ponuka pre mladistv\u00fdch:  cca. 2 cm   Cena je za:  Cena za 1 ks\" \/>\n<meta property=\"og:url\" content=\"https:\/\/megapets.eu\/sk\/wije-sk\/benoitolus-siamensisfluorescencia-pod-uv-svetlom\/\" \/>\n<meta property=\"og:site_name\" content=\"MegaPets\" \/>\n<meta property=\"article:publisher\" content=\"https:\/\/www.facebook.com\/MegaPets.eu\/\" \/>\n<meta property=\"og:image\" content=\"https:\/\/megapets.eu\/wp-content\/uploads\/2025\/04\/12logo.png\" \/>\n\t<meta property=\"og:image:width\" content=\"1046\" \/>\n\t<meta property=\"og:image:height\" content=\"690\" \/>\n\t<meta property=\"og:image:type\" content=\"image\/png\" \/>\n<meta name=\"twitter:card\" content=\"summary_large_image\" \/>\n<meta name=\"twitter:label1\" content=\"Predpokladan\u00fd \u010das \u010d\u00edtania\" \/>\n\t<meta name=\"twitter:data1\" content=\"1 min\u00fata\" \/>\n<script type=\"application\/ld+json\" class=\"yoast-schema-graph\">{\"@context\":\"https:\/\/schema.org\",\"@graph\":[{\"@type\":\"WebPage\",\"@id\":\"https:\/\/megapets.eu\/sk\/wije-sk\/benoitolus-siamensisfluorescencia-pod-uv-svetlom\/\",\"url\":\"https:\/\/megapets.eu\/sk\/wije-sk\/benoitolus-siamensisfluorescencia-pod-uv-svetlom\/\",\"name\":\"Benoitolus siamensis \\\"Fluorescencia pod UV svetlom\\\" | MegaPets\",\"isPartOf\":{\"@id\":\"https:\/\/megapets.eu\/sk\/#website\"},\"primaryImageOfPage\":{\"@id\":\"https:\/\/megapets.eu\/sk\/wije-sk\/benoitolus-siamensisfluorescencia-pod-uv-svetlom\/#primaryimage\"},\"image\":{\"@id\":\"https:\/\/megapets.eu\/sk\/wije-sk\/benoitolus-siamensisfluorescencia-pod-uv-svetlom\/#primaryimage\"},\"thumbnailUrl\":\"https:\/\/megapets.eu\/wp-content\/uploads\/2025\/04\/12logo.png\",\"datePublished\":\"2025-04-17T10:35:12+00:00\",\"breadcrumb\":{\"@id\":\"https:\/\/megapets.eu\/sk\/wije-sk\/benoitolus-siamensisfluorescencia-pod-uv-svetlom\/#breadcrumb\"},\"inLanguage\":\"sk-SK\",\"potentialAction\":[{\"@type\":\"ReadAction\",\"target\":[\"https:\/\/megapets.eu\/sk\/wije-sk\/benoitolus-siamensisfluorescencia-pod-uv-svetlom\/\"]}]},{\"@type\":\"ImageObject\",\"inLanguage\":\"sk-SK\",\"@id\":\"https:\/\/megapets.eu\/sk\/wije-sk\/benoitolus-siamensisfluorescencia-pod-uv-svetlom\/#primaryimage\",\"url\":\"https:\/\/megapets.eu\/wp-content\/uploads\/2025\/04\/12logo.png\",\"contentUrl\":\"https:\/\/megapets.eu\/wp-content\/uploads\/2025\/04\/12logo.png\",\"width\":1046,\"height\":690},{\"@type\":\"BreadcrumbList\",\"@id\":\"https:\/\/megapets.eu\/sk\/wije-sk\/benoitolus-siamensisfluorescencia-pod-uv-svetlom\/#breadcrumb\",\"itemListElement\":[{\"@type\":\"ListItem\",\"position\":1,\"name\":\"Strona g\u0142\u00f3wna\",\"item\":\"https:\/\/megapets.eu\/sk\/\"},{\"@type\":\"ListItem\",\"position\":2,\"name\":\"Obchod\",\"item\":\"https:\/\/megapets.eu\/obchod\/\"},{\"@type\":\"ListItem\",\"position\":3,\"name\":\"Benoitolus siamensis&#8222;Fluorescencia pod UV svetlom\\\"\"}]},{\"@type\":\"WebSite\",\"@id\":\"https:\/\/megapets.eu\/sk\/#website\",\"url\":\"https:\/\/megapets.eu\/sk\/\",\"name\":\"Mega Pets\",\"description\":\"Jedna z najwi\u0119kszych hodowli \u015blimak\u00f3w w Europie\",\"publisher\":{\"@id\":\"https:\/\/megapets.eu\/sk\/#organization\"},\"alternateName\":\"Mega Pets\",\"potentialAction\":[{\"@type\":\"SearchAction\",\"target\":{\"@type\":\"EntryPoint\",\"urlTemplate\":\"https:\/\/megapets.eu\/sk\/?s={search_term_string}\"},\"query-input\":{\"@type\":\"PropertyValueSpecification\",\"valueRequired\":true,\"valueName\":\"search_term_string\"}}],\"inLanguage\":\"sk-SK\"},{\"@type\":\"Organization\",\"@id\":\"https:\/\/megapets.eu\/sk\/#organization\",\"name\":\"Mega Pets\",\"url\":\"https:\/\/megapets.eu\/sk\/\",\"logo\":{\"@type\":\"ImageObject\",\"inLanguage\":\"sk-SK\",\"@id\":\"https:\/\/megapets.eu\/sk\/#\/schema\/logo\/image\/\",\"url\":\"https:\/\/megapets.eu\/wp-content\/uploads\/2025\/04\/megapets_eu-logo.png\",\"contentUrl\":\"https:\/\/megapets.eu\/wp-content\/uploads\/2025\/04\/megapets_eu-logo.png\",\"width\":2362,\"height\":2362,\"caption\":\"Mega Pets\"},\"image\":{\"@id\":\"https:\/\/megapets.eu\/sk\/#\/schema\/logo\/image\/\"},\"sameAs\":[\"https:\/\/www.facebook.com\/MegaPets.eu\/\"]}]}<\/script>\n<!-- \/ Yoast SEO plugin. -->","yoast_head_json":{"title":"Benoitolus siamensis\"Fluorescencia pod UV svetlom\" | MegaPets","robots":{"index":"index","follow":"follow","max-snippet":"max-snippet:-1","max-image-preview":"max-image-preview:large","max-video-preview":"max-video-preview:-1"},"canonical":"https:\/\/megapets.eu\/sk\/wije-sk\/benoitolus-siamensisfluorescencia-pod-uv-svetlom\/","og_locale":"sk_SK","og_type":"article","og_title":"Benoitolus siamensis\"Fluorescencia pod UV svetlom\" | MegaPets","og_description":"Cie\u013eov\u00e1 ve\u013ekos\u0165:  cca 8 cm   Ponuka pre mladistv\u00fdch:  cca. 2 cm   Cena je za:  Cena za 1 ks","og_url":"https:\/\/megapets.eu\/sk\/wije-sk\/benoitolus-siamensisfluorescencia-pod-uv-svetlom\/","og_site_name":"MegaPets","article_publisher":"https:\/\/www.facebook.com\/MegaPets.eu\/","og_image":[{"width":1046,"height":690,"url":"https:\/\/megapets.eu\/wp-content\/uploads\/2025\/04\/12logo.png","type":"image\/png"}],"twitter_card":"summary_large_image","twitter_misc":{"Predpokladan\u00fd \u010das \u010d\u00edtania":"1 min\u00fata"},"schema":{"@context":"https:\/\/schema.org","@graph":[{"@type":"WebPage","@id":"https:\/\/megapets.eu\/sk\/wije-sk\/benoitolus-siamensisfluorescencia-pod-uv-svetlom\/","url":"https:\/\/megapets.eu\/sk\/wije-sk\/benoitolus-siamensisfluorescencia-pod-uv-svetlom\/","name":"Benoitolus siamensis \"Fluorescencia pod UV svetlom\" | MegaPets","isPartOf":{"@id":"https:\/\/megapets.eu\/sk\/#website"},"primaryImageOfPage":{"@id":"https:\/\/megapets.eu\/sk\/wije-sk\/benoitolus-siamensisfluorescencia-pod-uv-svetlom\/#primaryimage"},"image":{"@id":"https:\/\/megapets.eu\/sk\/wije-sk\/benoitolus-siamensisfluorescencia-pod-uv-svetlom\/#primaryimage"},"thumbnailUrl":"https:\/\/megapets.eu\/wp-content\/uploads\/2025\/04\/12logo.png","datePublished":"2025-04-17T10:35:12+00:00","breadcrumb":{"@id":"https:\/\/megapets.eu\/sk\/wije-sk\/benoitolus-siamensisfluorescencia-pod-uv-svetlom\/#breadcrumb"},"inLanguage":"sk-SK","potentialAction":[{"@type":"ReadAction","target":["https:\/\/megapets.eu\/sk\/wije-sk\/benoitolus-siamensisfluorescencia-pod-uv-svetlom\/"]}]},{"@type":"ImageObject","inLanguage":"sk-SK","@id":"https:\/\/megapets.eu\/sk\/wije-sk\/benoitolus-siamensisfluorescencia-pod-uv-svetlom\/#primaryimage","url":"https:\/\/megapets.eu\/wp-content\/uploads\/2025\/04\/12logo.png","contentUrl":"https:\/\/megapets.eu\/wp-content\/uploads\/2025\/04\/12logo.png","width":1046,"height":690},{"@type":"BreadcrumbList","@id":"https:\/\/megapets.eu\/sk\/wije-sk\/benoitolus-siamensisfluorescencia-pod-uv-svetlom\/#breadcrumb","itemListElement":[{"@type":"ListItem","position":1,"name":"Strona g\u0142\u00f3wna","item":"https:\/\/megapets.eu\/sk\/"},{"@type":"ListItem","position":2,"name":"Obchod","item":"https:\/\/megapets.eu\/obchod\/"},{"@type":"ListItem","position":3,"name":"Benoitolus siamensis&#8222;Fluorescencia pod UV svetlom\""}]},{"@type":"WebSite","@id":"https:\/\/megapets.eu\/sk\/#website","url":"https:\/\/megapets.eu\/sk\/","name":"Mega Pets","description":"Jedna z najwi\u0119kszych hodowli \u015blimak\u00f3w w Europie","publisher":{"@id":"https:\/\/megapets.eu\/sk\/#organization"},"alternateName":"Mega Pets","potentialAction":[{"@type":"SearchAction","target":{"@type":"EntryPoint","urlTemplate":"https:\/\/megapets.eu\/sk\/?s={search_term_string}"},"query-input":{"@type":"PropertyValueSpecification","valueRequired":true,"valueName":"search_term_string"}}],"inLanguage":"sk-SK"},{"@type":"Organization","@id":"https:\/\/megapets.eu\/sk\/#organization","name":"Mega Pets","url":"https:\/\/megapets.eu\/sk\/","logo":{"@type":"ImageObject","inLanguage":"sk-SK","@id":"https:\/\/megapets.eu\/sk\/#\/schema\/logo\/image\/","url":"https:\/\/megapets.eu\/wp-content\/uploads\/2025\/04\/megapets_eu-logo.png","contentUrl":"https:\/\/megapets.eu\/wp-content\/uploads\/2025\/04\/megapets_eu-logo.png","width":2362,"height":2362,"caption":"Mega Pets"},"image":{"@id":"https:\/\/megapets.eu\/sk\/#\/schema\/logo\/image\/"},"sameAs":["https:\/\/www.facebook.com\/MegaPets.eu\/"]}]}},"_links":{"self":[{"href":"https:\/\/megapets.eu\/sk\/wp-json\/wp\/v2\/product\/5877","targetHints":{"allow":["GET"]}}],"collection":[{"href":"https:\/\/megapets.eu\/sk\/wp-json\/wp\/v2\/product"}],"about":[{"href":"https:\/\/megapets.eu\/sk\/wp-json\/wp\/v2\/types\/product"}],"wp:featuredmedia":[{"embeddable":true,"href":"https:\/\/megapets.eu\/sk\/wp-json\/wp\/v2\/media\/5879"}],"wp:attachment":[{"href":"https:\/\/megapets.eu\/sk\/wp-json\/wp\/v2\/media?parent=5877"}],"wp:term":[{"taxonomy":"product_cat","embeddable":true,"href":"https:\/\/megapets.eu\/sk\/wp-json\/wp\/v2\/product_cat?post=5877"},{"taxonomy":"product_tag","embeddable":true,"href":"https:\/\/megapets.eu\/sk\/wp-json\/wp\/v2\/product_tag?post=5877"}],"curies":[{"name":"wp","href":"https:\/\/api.w.org\/{rel}","templated":true}]}}