{"id":5895,"date":"2025-04-09T17:43:44","date_gmt":"2025-04-09T17:43:44","guid":{"rendered":"https:\/\/megapets.eu\/nezaraden\u00e9\/lissachatina-fulicastandard\/"},"modified":"2025-04-09T17:43:44","modified_gmt":"2025-04-09T17:43:44","slug":"lissachatina-fulicastandard","status":"publish","type":"product","link":"https:\/\/megapets.eu\/sk\/slimaky\/lissachatina-fulicastandard\/","title":{"rendered":"Lissachatina fulica<br \/>\u0161tandard"},"content":{"rendered":"<p class=\"v1v1v1v1MsoNormal\"><span style=\"color: #424242;\"><strong><em><span style=\"font-size: 15px;\"><b>Druh: <\/b><\/span><\/em><\/strong><em><span style=\"font-size: 15px;\">Lissachatina fulica<\/span><\/em><strong><em><span style=\"font-size: 15px;\"><br \/>\nFarebn\u00e1 odroda:<\/span><\/em><\/strong><em><span style=\"font-size: 15px;\"> \u0161tandard<\/span><\/em><\/span><\/p>\n<p class=\"v1v1v1v1MsoNormal\"><span style=\"font-size: 15px;\"><strong><em><span style=\"color: #008000;\">\u2b50\u2b50\u2b50<\/span><\/em><\/strong><em><span style=\"color: #008000;\"><span style=\"color: #424242;\"> Druh Lissachatina fulica je jedn\u00fdm z najob\u013e\u00fabenej\u0161\u00edch a najzn\u00e1mej\u0161\u00edch africk\u00fdch slim\u00e1kov medzi za\u010diato\u010dn\u00edkmi. Tento druh je akt\u00edvny a odoln\u00fd vo\u010di chovate\u013esk\u00fdm chyb\u00e1m. Z tohto d\u00f4vodu sa \u010dasto odpor\u00fa\u010da ako prv\u00fd druh, s ktor\u00fdm m\u00f4\u017eete za\u010da\u0165 svoje \u0161ne\u010die dobrodru\u017estvo. Lissachatina fulica \u0161tandard rastie pomerne r\u00fdchlo, ve\u013ekos\u0165 ulity dospel\u00e9ho jedinca tohto druhu je pribli\u017ene 12-15 cm. <\/span><\/span><\/em><\/span><\/p>\n<p class=\"v1v1v1v1MsoNormal\"><span style=\"font-size: 15px;\"><em><span style=\"color: #008000;\"><img decoding=\"async\" src=\"https:\/\/static.xx.fbcdn.net\/images\/emoji.php\/v9\/tbe\/1\/16\/1f3c6.png\" alt=\"\ud83c\udfc6\" \/><span style=\"color: #e36a19;\"> V\u0161etky mal\u00e9 slim\u00e1ky poch\u00e1dzaj\u00fa od n\u00e1\u0161ho zn\u00e1meho registrovan\u00e9ho chovate\u013ea, tak\u017ee kupujete zo zn\u00e1meho zdroja, kde sa o slim\u00e1ky riadne star\u00e1me a pozorne sledujeme v\u00fdvoj ka\u017ed\u00e9ho z nich.<\/span><\/span><\/em><\/span><\/p>\n<p class=\"v1v1v1v1MsoNormal\"><span style=\"font-size: 15px; color: #424242;\"><em>Ako viete, na chov slim\u00e1kov sa najlep\u0161ie hodia plastov\u00e9 n\u00e1doby. N\u00e1doby, ktor\u00e9 sme pripravili, s\u00fa ide\u00e1lne na v\u00fdvoj pekn\u00e9ho nov\u00e9ho porastu ulitn\u00edkov). Ak chcete u\u0161etri\u0165 \u010das pri dokon\u010dovan\u00ed objedn\u00e1vky, odpor\u00fa\u010dame za\u010da\u0165 so \u0161tartovacou s\u00fapravou, ktor\u00e1 obsahuje z\u00e1kladn\u00e9 pr\u00edslu\u0161enstvo na r\u00fdchly za\u010diatok vlastn\u00e9ho chovu a n\u00e1vod.<\/em><\/span><\/p>\n<p><span style=\"font-size: 15px;\"><em><span style=\"color: #008000;\"><img loading=\"lazy\" decoding=\"async\" class=\"xz74otr\" src=\"https:\/\/static.xx.fbcdn.net\/images\/emoji.php\/v9\/t1e\/1\/16\/1f33f.png\" alt=\"\ud83c\udf3f\" width=\"16\" height=\"16\" \/> V\u0161etko, \u010do \u017eivo\u010d\u00edch potrebuje, je \u010derstv\u00e9, zrel\u00e9 ovocie a zelenina, chovn\u00e1 n\u00e1doba a substr\u00e1t (nenechajte substr\u00e1t vyschn\u00fa\u0165, ter\u00e1rium ka\u017ed\u00e9 2 &#8211; 3 dni postriekajte). V dennej strave slim\u00e1ka nesmie ch\u00fdba\u0165 z\u00e1kladn\u00fd stavebn\u00fd prvok kr\u00e1snej a zdravej ulity; pr\u00e1\u0161ok z vaje\u010dn\u00fdch \u0161krup\u00edn a s\u00e9pia s\u00fa prirodzen\u00fdm zdrojom dokonale str\u00e1vite\u013en\u00e9ho v\u00e1pnika. Inform\u00e1cie o strave exotick\u00fdch slim\u00e1kov n\u00e1jdete na na\u0161ej webovej str\u00e1nke.<\/span><\/em><\/span><\/p>\n","protected":false},"excerpt":{"rendered":"<ul>\n<li>Od nes\u00favisiaceho p\u00e1ru:\n<ul>\n<li>P-<\/li>\n<\/ul>\n<\/li>\n<li>Cie\u013eov\u00e1 ve\u013ekos\u0165 n\u00e1bojnice:\n<ul>\n<li>cca. 12-15 cm<\/li>\n<\/ul>\n<\/li>\n<li>Pon\u00fakan\u00fd juvenil:\n<ul>\n<li>cca. 5-6 cm<\/li>\n<\/ul>\n<\/li>\n<li>Cena je za:\n<ul>\n<li>Cena za 1 ks<\/li>\n<\/ul>\n<\/li>\n<\/ul>\n","protected":false},"featured_media":5896,"template":"","meta":{"_acf_changed":false,"_links_to":"","_links_to_target":""},"product_cat":[144],"product_tag":[],"class_list":{"0":"post-5895","1":"product","2":"type-product","3":"status-publish","4":"has-post-thumbnail","6":"product_cat-slimaky","8":"first","9":"outofstock","10":"shipping-taxable","11":"purchasable","12":"product-type-simple"},"acf":[],"yoast_head":"<!-- This site is optimized with the Yoast SEO plugin v24.9 - https:\/\/yoast.com\/wordpress\/plugins\/seo\/ -->\n<title>Lissachatina fulica\u0161tandard | MegaPets<\/title>\n<meta name=\"robots\" content=\"index, follow, max-snippet:-1, max-image-preview:large, max-video-preview:-1\" \/>\n<link rel=\"canonical\" href=\"https:\/\/megapets.eu\/sk\/slimaky\/lissachatina-fulicastandard\/\" \/>\n<meta property=\"og:locale\" content=\"sk_SK\" \/>\n<meta property=\"og:type\" content=\"article\" \/>\n<meta property=\"og:title\" content=\"Lissachatina fulica\u0161tandard | MegaPets\" \/>\n<meta property=\"og:description\" content=\"Od nes\u00favisiaceho p\u00e1ru:  P-   Cie\u013eov\u00e1 ve\u013ekos\u0165 n\u00e1bojnice:  cca. 12-15 cm   Pon\u00fakan\u00fd juvenil:  cca. 5-6 cm   Cena je za:  Cena za 1 ks\" \/>\n<meta property=\"og:url\" content=\"https:\/\/megapets.eu\/sk\/slimaky\/lissachatina-fulicastandard\/\" \/>\n<meta property=\"og:site_name\" content=\"MegaPets\" \/>\n<meta property=\"article:publisher\" content=\"https:\/\/www.facebook.com\/MegaPets.eu\/\" \/>\n<meta property=\"og:image\" content=\"https:\/\/megapets.eu\/wp-content\/uploads\/2025\/04\/fulica-logo-2.png\" \/>\n\t<meta property=\"og:image:width\" content=\"1049\" \/>\n\t<meta property=\"og:image:height\" content=\"689\" \/>\n\t<meta property=\"og:image:type\" content=\"image\/png\" \/>\n<meta name=\"twitter:card\" content=\"summary_large_image\" \/>\n<meta name=\"twitter:label1\" content=\"Predpokladan\u00fd \u010das \u010d\u00edtania\" \/>\n\t<meta name=\"twitter:data1\" content=\"1 min\u00fata\" \/>\n<script type=\"application\/ld+json\" class=\"yoast-schema-graph\">{\"@context\":\"https:\/\/schema.org\",\"@graph\":[{\"@type\":\"WebPage\",\"@id\":\"https:\/\/megapets.eu\/sk\/slimaky\/lissachatina-fulicastandard\/\",\"url\":\"https:\/\/megapets.eu\/sk\/slimaky\/lissachatina-fulicastandard\/\",\"name\":\"Lissachatina fulica \u0161tandard | MegaPets\",\"isPartOf\":{\"@id\":\"https:\/\/megapets.eu\/sk\/#website\"},\"primaryImageOfPage\":{\"@id\":\"https:\/\/megapets.eu\/sk\/slimaky\/lissachatina-fulicastandard\/#primaryimage\"},\"image\":{\"@id\":\"https:\/\/megapets.eu\/sk\/slimaky\/lissachatina-fulicastandard\/#primaryimage\"},\"thumbnailUrl\":\"https:\/\/megapets.eu\/wp-content\/uploads\/2025\/04\/fulica-logo-2.png\",\"datePublished\":\"2025-04-09T17:43:44+00:00\",\"breadcrumb\":{\"@id\":\"https:\/\/megapets.eu\/sk\/slimaky\/lissachatina-fulicastandard\/#breadcrumb\"},\"inLanguage\":\"sk-SK\",\"potentialAction\":[{\"@type\":\"ReadAction\",\"target\":[\"https:\/\/megapets.eu\/sk\/slimaky\/lissachatina-fulicastandard\/\"]}]},{\"@type\":\"ImageObject\",\"inLanguage\":\"sk-SK\",\"@id\":\"https:\/\/megapets.eu\/sk\/slimaky\/lissachatina-fulicastandard\/#primaryimage\",\"url\":\"https:\/\/megapets.eu\/wp-content\/uploads\/2025\/04\/fulica-logo-2.png\",\"contentUrl\":\"https:\/\/megapets.eu\/wp-content\/uploads\/2025\/04\/fulica-logo-2.png\",\"width\":1049,\"height\":689},{\"@type\":\"BreadcrumbList\",\"@id\":\"https:\/\/megapets.eu\/sk\/slimaky\/lissachatina-fulicastandard\/#breadcrumb\",\"itemListElement\":[{\"@type\":\"ListItem\",\"position\":1,\"name\":\"Strona g\u0142\u00f3wna\",\"item\":\"https:\/\/megapets.eu\/sk\/\"},{\"@type\":\"ListItem\",\"position\":2,\"name\":\"Obchod\",\"item\":\"https:\/\/megapets.eu\/obchod\/\"},{\"@type\":\"ListItem\",\"position\":3,\"name\":\"Lissachatina fulica\u0161tandard\"}]},{\"@type\":\"WebSite\",\"@id\":\"https:\/\/megapets.eu\/sk\/#website\",\"url\":\"https:\/\/megapets.eu\/sk\/\",\"name\":\"Mega Pets\",\"description\":\"Jedna z najwi\u0119kszych hodowli \u015blimak\u00f3w w Europie\",\"publisher\":{\"@id\":\"https:\/\/megapets.eu\/sk\/#organization\"},\"alternateName\":\"Mega Pets\",\"potentialAction\":[{\"@type\":\"SearchAction\",\"target\":{\"@type\":\"EntryPoint\",\"urlTemplate\":\"https:\/\/megapets.eu\/sk\/?s={search_term_string}\"},\"query-input\":{\"@type\":\"PropertyValueSpecification\",\"valueRequired\":true,\"valueName\":\"search_term_string\"}}],\"inLanguage\":\"sk-SK\"},{\"@type\":\"Organization\",\"@id\":\"https:\/\/megapets.eu\/sk\/#organization\",\"name\":\"Mega Pets\",\"url\":\"https:\/\/megapets.eu\/sk\/\",\"logo\":{\"@type\":\"ImageObject\",\"inLanguage\":\"sk-SK\",\"@id\":\"https:\/\/megapets.eu\/sk\/#\/schema\/logo\/image\/\",\"url\":\"https:\/\/megapets.eu\/wp-content\/uploads\/2025\/04\/megapets_eu-logo.png\",\"contentUrl\":\"https:\/\/megapets.eu\/wp-content\/uploads\/2025\/04\/megapets_eu-logo.png\",\"width\":2362,\"height\":2362,\"caption\":\"Mega Pets\"},\"image\":{\"@id\":\"https:\/\/megapets.eu\/sk\/#\/schema\/logo\/image\/\"},\"sameAs\":[\"https:\/\/www.facebook.com\/MegaPets.eu\/\"]}]}<\/script>\n<!-- \/ Yoast SEO plugin. -->","yoast_head_json":{"title":"Lissachatina fulica\u0161tandard | MegaPets","robots":{"index":"index","follow":"follow","max-snippet":"max-snippet:-1","max-image-preview":"max-image-preview:large","max-video-preview":"max-video-preview:-1"},"canonical":"https:\/\/megapets.eu\/sk\/slimaky\/lissachatina-fulicastandard\/","og_locale":"sk_SK","og_type":"article","og_title":"Lissachatina fulica\u0161tandard | MegaPets","og_description":"Od nes\u00favisiaceho p\u00e1ru:  P-   Cie\u013eov\u00e1 ve\u013ekos\u0165 n\u00e1bojnice:  cca. 12-15 cm   Pon\u00fakan\u00fd juvenil:  cca. 5-6 cm   Cena je za:  Cena za 1 ks","og_url":"https:\/\/megapets.eu\/sk\/slimaky\/lissachatina-fulicastandard\/","og_site_name":"MegaPets","article_publisher":"https:\/\/www.facebook.com\/MegaPets.eu\/","og_image":[{"width":1049,"height":689,"url":"https:\/\/megapets.eu\/wp-content\/uploads\/2025\/04\/fulica-logo-2.png","type":"image\/png"}],"twitter_card":"summary_large_image","twitter_misc":{"Predpokladan\u00fd \u010das \u010d\u00edtania":"1 min\u00fata"},"schema":{"@context":"https:\/\/schema.org","@graph":[{"@type":"WebPage","@id":"https:\/\/megapets.eu\/sk\/slimaky\/lissachatina-fulicastandard\/","url":"https:\/\/megapets.eu\/sk\/slimaky\/lissachatina-fulicastandard\/","name":"Lissachatina fulica \u0161tandard | MegaPets","isPartOf":{"@id":"https:\/\/megapets.eu\/sk\/#website"},"primaryImageOfPage":{"@id":"https:\/\/megapets.eu\/sk\/slimaky\/lissachatina-fulicastandard\/#primaryimage"},"image":{"@id":"https:\/\/megapets.eu\/sk\/slimaky\/lissachatina-fulicastandard\/#primaryimage"},"thumbnailUrl":"https:\/\/megapets.eu\/wp-content\/uploads\/2025\/04\/fulica-logo-2.png","datePublished":"2025-04-09T17:43:44+00:00","breadcrumb":{"@id":"https:\/\/megapets.eu\/sk\/slimaky\/lissachatina-fulicastandard\/#breadcrumb"},"inLanguage":"sk-SK","potentialAction":[{"@type":"ReadAction","target":["https:\/\/megapets.eu\/sk\/slimaky\/lissachatina-fulicastandard\/"]}]},{"@type":"ImageObject","inLanguage":"sk-SK","@id":"https:\/\/megapets.eu\/sk\/slimaky\/lissachatina-fulicastandard\/#primaryimage","url":"https:\/\/megapets.eu\/wp-content\/uploads\/2025\/04\/fulica-logo-2.png","contentUrl":"https:\/\/megapets.eu\/wp-content\/uploads\/2025\/04\/fulica-logo-2.png","width":1049,"height":689},{"@type":"BreadcrumbList","@id":"https:\/\/megapets.eu\/sk\/slimaky\/lissachatina-fulicastandard\/#breadcrumb","itemListElement":[{"@type":"ListItem","position":1,"name":"Strona g\u0142\u00f3wna","item":"https:\/\/megapets.eu\/sk\/"},{"@type":"ListItem","position":2,"name":"Obchod","item":"https:\/\/megapets.eu\/obchod\/"},{"@type":"ListItem","position":3,"name":"Lissachatina fulica\u0161tandard"}]},{"@type":"WebSite","@id":"https:\/\/megapets.eu\/sk\/#website","url":"https:\/\/megapets.eu\/sk\/","name":"Mega Pets","description":"Jedna z najwi\u0119kszych hodowli \u015blimak\u00f3w w Europie","publisher":{"@id":"https:\/\/megapets.eu\/sk\/#organization"},"alternateName":"Mega Pets","potentialAction":[{"@type":"SearchAction","target":{"@type":"EntryPoint","urlTemplate":"https:\/\/megapets.eu\/sk\/?s={search_term_string}"},"query-input":{"@type":"PropertyValueSpecification","valueRequired":true,"valueName":"search_term_string"}}],"inLanguage":"sk-SK"},{"@type":"Organization","@id":"https:\/\/megapets.eu\/sk\/#organization","name":"Mega Pets","url":"https:\/\/megapets.eu\/sk\/","logo":{"@type":"ImageObject","inLanguage":"sk-SK","@id":"https:\/\/megapets.eu\/sk\/#\/schema\/logo\/image\/","url":"https:\/\/megapets.eu\/wp-content\/uploads\/2025\/04\/megapets_eu-logo.png","contentUrl":"https:\/\/megapets.eu\/wp-content\/uploads\/2025\/04\/megapets_eu-logo.png","width":2362,"height":2362,"caption":"Mega Pets"},"image":{"@id":"https:\/\/megapets.eu\/sk\/#\/schema\/logo\/image\/"},"sameAs":["https:\/\/www.facebook.com\/MegaPets.eu\/"]}]}},"_links":{"self":[{"href":"https:\/\/megapets.eu\/sk\/wp-json\/wp\/v2\/product\/5895","targetHints":{"allow":["GET"]}}],"collection":[{"href":"https:\/\/megapets.eu\/sk\/wp-json\/wp\/v2\/product"}],"about":[{"href":"https:\/\/megapets.eu\/sk\/wp-json\/wp\/v2\/types\/product"}],"wp:featuredmedia":[{"embeddable":true,"href":"https:\/\/megapets.eu\/sk\/wp-json\/wp\/v2\/media\/5896"}],"wp:attachment":[{"href":"https:\/\/megapets.eu\/sk\/wp-json\/wp\/v2\/media?parent=5895"}],"wp:term":[{"taxonomy":"product_cat","embeddable":true,"href":"https:\/\/megapets.eu\/sk\/wp-json\/wp\/v2\/product_cat?post=5895"},{"taxonomy":"product_tag","embeddable":true,"href":"https:\/\/megapets.eu\/sk\/wp-json\/wp\/v2\/product_tag?post=5895"}],"curies":[{"name":"wp","href":"https:\/\/api.w.org\/{rel}","templated":true}]}}