{"id":5907,"date":"2025-06-10T12:06:18","date_gmt":"2025-06-10T12:06:18","guid":{"rendered":"https:\/\/megapets.eu\/nezaraden\u00e9\/sada-5-ks-1-zdarma-pre-exoticke-slimaky\/"},"modified":"2025-06-10T12:06:18","modified_gmt":"2025-06-10T12:06:18","slug":"sada-5-ks-1-zdarma-pre-exoticke-slimaky","status":"publish","type":"product","link":"https:\/\/megapets.eu\/sk\/prislusenstvo\/sada-5-ks-1-zdarma-pre-exoticke-slimaky\/","title":{"rendered":"Sada 5 ks + 1 ZDARMA! <br \/> pre exotick\u00e9 slim\u00e1ky"},"content":{"rendered":"<p><em><b>&#8222;Sada 5 ks + 1 ZDARMA!&#8220; <\/b>pre exotick\u00e9 slim\u00e1ky:<\/em><\/p>\n<p><em><b>Cena sa t\u00fdka: <\/b>&#8222;Sada 5 ks + 1 ZDARMA!&#8220; pre chov exotick\u00fdch \/ africk\u00fdch slim\u00e1kov&#8220;.<\/em><\/p>\n<p><em>\u0160tartovacia sada obsahuje:<\/em><\/p>\n<p><em><b>1 ks x Kalcium 200g. <\/b>V<b> <\/b>dennej strave slim\u00e1ka nesmie ch\u00fdba\u0165 z\u00e1kladn\u00fd stavebn\u00fd prvok kr\u00e1snej a zdravej ulity. Balenie &#8222;Calcium&#8220; obsahuje 100% vaje\u010dn\u00fa \u0161krupinu v pr\u00e1\u0161ku.<\/em><\/p>\n<p><em><b>1 x Prote\u00edn a vitam\u00edn 120g. <\/b>Balenie &#8222;Protein &amp; Vitamin&#8220; obsahuje zmes zrniek, pln\u00fa cenn\u00fdch \u017eiv\u00edn pre spr\u00e1vny v\u00fdvoj zvieratiek, je prospe\u0161n\u00fdm doplnkom z\u00e1kladnej stravy slim\u00e1kov.<\/em><\/p>\n<p><em><b>1 x Exotick\u00e1 zmes byliniek 100g. <\/b>Balenie &#8222;Exotick\u00fd mix byliniek&#8220; obsahuje starostlivo vybran\u00e9 bylinky, cenn\u00fd a pr\u00edrodn\u00fd doplnok, ktor\u00fd pom\u00e1ha obohati\u0165 stravu exotick\u00fdch slim\u00e1kov na z\u00e1klade ich po\u017eiadaviek na vitam\u00edny a miner\u00e1ly, zlo\u017eky nevyhnutn\u00e9 pre zdravie dom\u00e1cich zvierat.<\/em><\/p>\n<p><em><b>1ks x V\u00e1pnikov\u00e1 zmes 180g.<\/b> Balenie &#8222;Calcium mix&#8220; obsahuje pr\u00e1\u0161ok z vaje\u010dn\u00fdch \u0161krup\u00edn a s\u00e9pi\u00ed.<\/em><\/p>\n<p><em><b>1ks x Gammarus 60g. <\/b>Mlet\u00fd Gammarus je su\u0161en\u00fd z\u00e1rodok, bohat\u00fd na makro- a mikroprvky, pr\u00edrodn\u00fd zdroj \u017eivo\u010d\u00ed\u0161nych bielkov\u00edn a chit\u00ednu.<\/em><\/p>\n<p><em><b>1 ks x Flower mix 25g. (ZADARMO!) <\/b>Balenie kvetinovej zmesi obsahuje pr\u00edrodn\u00e9 su\u0161en\u00e9 okvetn\u00e9 l\u00edstky a listy.<\/em><\/p>\n<p><em>Odpor\u00fa\u010dame pou\u017e\u00edva\u0165 tieto doplnky striedavo, aby strava slim\u00e1ka zostala pestr\u00e1 a kompletn\u00e1. Na\u0161e doplnky boli vyvinut\u00e9 s l\u00e1skou k slim\u00e1kom a s\u00fa zalo\u017een\u00e9 na dlhoro\u010dn\u00fdch chovate\u013esk\u00fdch sk\u00fasenostiach, tak\u017ee m\u00f4\u017eeme zaru\u010di\u0165 ich kvalitu a \u00fa\u010dinnos\u0165!<\/em><\/p>\n<p><em>\u2b50 Odpor\u00fa\u010dame doplnky, ktor\u00e9 dok\u00e1\u017eu uspokoji\u0165 potreby v oblasti cenn\u00fdch \u017eiv\u00edn aj t\u00fdch najn\u00e1ro\u010dnej\u0161\u00edch druhov: &#8222;Prote\u00edn a vitam\u00edn&#8220;, &#8222;Zmes exotick\u00fdch byl\u00edn&#8220;, &#8222;Gammarus&#8220; mlet\u00fd, &#8222;Kvetinov\u00e1 zmes&#8220;. Doplnky odpor\u00fa\u010dame pou\u017e\u00edva\u0165 striedavo, aby strava v\u00e1\u0161ho dom\u00e1ceho mazn\u00e1\u010dika zostala pestr\u00e1 a kompletn\u00e1.<\/em><\/p>\n<p><em>\u2b50 V ka\u017edodennej strave slim\u00e1ka nesm\u00fa ch\u00fdba\u0165 z\u00e1kladn\u00e9 stavebn\u00e9 prvky pre kr\u00e1snu a zdrav\u00fa ulitu: &#8222;Calcium&#8220;, &#8222;Calcium mix&#8220;.<\/em><\/p>\n","protected":false},"excerpt":{"rendered":"<ul class=\"product_attributes\">\n<li><span style=\"color: #555555;\">Obsahuje:<\/span><\/li>\n<li><span style=\"color: #555555;\">Set:<\/span> 5 ks + 1 ZDARMA!<\/li>\n<li><span style=\"color: #555555;\">Cena sa t\u00fdka:<\/span> 1 kompl.<\/li>\n<\/ul>\n","protected":false},"featured_media":5908,"template":"","meta":{"_acf_changed":false,"_links_to":"","_links_to_target":""},"product_cat":[146],"product_tag":[149,147,150,148],"class_list":{"0":"post-5907","1":"product","2":"type-product","3":"status-publish","4":"has-post-thumbnail","6":"product_cat-prislusenstvo","7":"product_tag-pre-izopody","8":"product_tag-pre-slimaky","9":"product_tag-pre-svaby","10":"product_tag-pre-uskoky","12":"first","13":"instock","14":"shipping-taxable","15":"purchasable","16":"product-type-simple"},"acf":[],"yoast_head":"<!-- This site is optimized with the Yoast SEO plugin v24.9 - https:\/\/yoast.com\/wordpress\/plugins\/seo\/ -->\n<title>Sada 5 ks + 1 ZDARMA!  pre exotick\u00e9 slim\u00e1ky | MegaPets<\/title>\n<meta name=\"robots\" content=\"index, follow, max-snippet:-1, max-image-preview:large, max-video-preview:-1\" \/>\n<link rel=\"canonical\" href=\"https:\/\/megapets.eu\/sk\/prislusenstvo\/sada-5-ks-1-zdarma-pre-exoticke-slimaky\/\" \/>\n<meta property=\"og:locale\" content=\"sk_SK\" \/>\n<meta property=\"og:type\" content=\"article\" \/>\n<meta property=\"og:title\" content=\"Sada 5 ks + 1 ZDARMA!  pre exotick\u00e9 slim\u00e1ky | MegaPets\" \/>\n<meta property=\"og:description\" content=\"Obsahuje:  Set: 5 ks + 1 ZDARMA!  Cena sa t\u00fdka: 1 kompl.\" \/>\n<meta property=\"og:url\" content=\"https:\/\/megapets.eu\/sk\/prislusenstvo\/sada-5-ks-1-zdarma-pre-exoticke-slimaky\/\" \/>\n<meta property=\"og:site_name\" content=\"MegaPets\" \/>\n<meta property=\"article:publisher\" content=\"https:\/\/www.facebook.com\/MegaPets.eu\/\" \/>\n<meta property=\"og:image\" content=\"https:\/\/megapets.eu\/wp-content\/uploads\/2025\/06\/Zestaw-5-szt-1-gratis.png\" \/>\n\t<meta property=\"og:image:width\" content=\"1052\" \/>\n\t<meta property=\"og:image:height\" content=\"692\" \/>\n\t<meta property=\"og:image:type\" content=\"image\/png\" \/>\n<meta name=\"twitter:card\" content=\"summary_large_image\" \/>\n<meta name=\"twitter:label1\" content=\"Predpokladan\u00fd \u010das \u010d\u00edtania\" \/>\n\t<meta name=\"twitter:data1\" content=\"2 min\u00fata\" \/>\n<script type=\"application\/ld+json\" class=\"yoast-schema-graph\">{\"@context\":\"https:\/\/schema.org\",\"@graph\":[{\"@type\":\"WebPage\",\"@id\":\"https:\/\/megapets.eu\/sk\/prislusenstvo\/sada-5-ks-1-zdarma-pre-exoticke-slimaky\/\",\"url\":\"https:\/\/megapets.eu\/sk\/prislusenstvo\/sada-5-ks-1-zdarma-pre-exoticke-slimaky\/\",\"name\":\"Sada 5 ks + 1 ZDARMA! pre exotick\u00e9 slim\u00e1ky | MegaPets\",\"isPartOf\":{\"@id\":\"https:\/\/megapets.eu\/sk\/#website\"},\"primaryImageOfPage\":{\"@id\":\"https:\/\/megapets.eu\/sk\/prislusenstvo\/sada-5-ks-1-zdarma-pre-exoticke-slimaky\/#primaryimage\"},\"image\":{\"@id\":\"https:\/\/megapets.eu\/sk\/prislusenstvo\/sada-5-ks-1-zdarma-pre-exoticke-slimaky\/#primaryimage\"},\"thumbnailUrl\":\"https:\/\/megapets.eu\/wp-content\/uploads\/2025\/06\/Zestaw-5-szt-1-gratis.png\",\"datePublished\":\"2025-06-10T12:06:18+00:00\",\"breadcrumb\":{\"@id\":\"https:\/\/megapets.eu\/sk\/prislusenstvo\/sada-5-ks-1-zdarma-pre-exoticke-slimaky\/#breadcrumb\"},\"inLanguage\":\"sk-SK\",\"potentialAction\":[{\"@type\":\"ReadAction\",\"target\":[\"https:\/\/megapets.eu\/sk\/prislusenstvo\/sada-5-ks-1-zdarma-pre-exoticke-slimaky\/\"]}]},{\"@type\":\"ImageObject\",\"inLanguage\":\"sk-SK\",\"@id\":\"https:\/\/megapets.eu\/sk\/prislusenstvo\/sada-5-ks-1-zdarma-pre-exoticke-slimaky\/#primaryimage\",\"url\":\"https:\/\/megapets.eu\/wp-content\/uploads\/2025\/06\/Zestaw-5-szt-1-gratis.png\",\"contentUrl\":\"https:\/\/megapets.eu\/wp-content\/uploads\/2025\/06\/Zestaw-5-szt-1-gratis.png\",\"width\":1052,\"height\":692},{\"@type\":\"BreadcrumbList\",\"@id\":\"https:\/\/megapets.eu\/sk\/prislusenstvo\/sada-5-ks-1-zdarma-pre-exoticke-slimaky\/#breadcrumb\",\"itemListElement\":[{\"@type\":\"ListItem\",\"position\":1,\"name\":\"Strona g\u0142\u00f3wna\",\"item\":\"https:\/\/megapets.eu\/sk\/\"},{\"@type\":\"ListItem\",\"position\":2,\"name\":\"Obchod\",\"item\":\"https:\/\/megapets.eu\/obchod\/\"},{\"@type\":\"ListItem\",\"position\":3,\"name\":\"Sada 5 ks + 1 ZDARMA! pre exotick\u00e9 slim\u00e1ky\"}]},{\"@type\":\"WebSite\",\"@id\":\"https:\/\/megapets.eu\/sk\/#website\",\"url\":\"https:\/\/megapets.eu\/sk\/\",\"name\":\"Mega Pets\",\"description\":\"Jedna z najwi\u0119kszych hodowli \u015blimak\u00f3w w Europie\",\"publisher\":{\"@id\":\"https:\/\/megapets.eu\/sk\/#organization\"},\"alternateName\":\"Mega Pets\",\"potentialAction\":[{\"@type\":\"SearchAction\",\"target\":{\"@type\":\"EntryPoint\",\"urlTemplate\":\"https:\/\/megapets.eu\/sk\/?s={search_term_string}\"},\"query-input\":{\"@type\":\"PropertyValueSpecification\",\"valueRequired\":true,\"valueName\":\"search_term_string\"}}],\"inLanguage\":\"sk-SK\"},{\"@type\":\"Organization\",\"@id\":\"https:\/\/megapets.eu\/sk\/#organization\",\"name\":\"Mega Pets\",\"url\":\"https:\/\/megapets.eu\/sk\/\",\"logo\":{\"@type\":\"ImageObject\",\"inLanguage\":\"sk-SK\",\"@id\":\"https:\/\/megapets.eu\/sk\/#\/schema\/logo\/image\/\",\"url\":\"https:\/\/megapets.eu\/wp-content\/uploads\/2025\/04\/megapets_eu-logo.png\",\"contentUrl\":\"https:\/\/megapets.eu\/wp-content\/uploads\/2025\/04\/megapets_eu-logo.png\",\"width\":2362,\"height\":2362,\"caption\":\"Mega Pets\"},\"image\":{\"@id\":\"https:\/\/megapets.eu\/sk\/#\/schema\/logo\/image\/\"},\"sameAs\":[\"https:\/\/www.facebook.com\/MegaPets.eu\/\"]}]}<\/script>\n<!-- \/ Yoast SEO plugin. -->","yoast_head_json":{"title":"Sada 5 ks + 1 ZDARMA!  pre exotick\u00e9 slim\u00e1ky | MegaPets","robots":{"index":"index","follow":"follow","max-snippet":"max-snippet:-1","max-image-preview":"max-image-preview:large","max-video-preview":"max-video-preview:-1"},"canonical":"https:\/\/megapets.eu\/sk\/prislusenstvo\/sada-5-ks-1-zdarma-pre-exoticke-slimaky\/","og_locale":"sk_SK","og_type":"article","og_title":"Sada 5 ks + 1 ZDARMA!  pre exotick\u00e9 slim\u00e1ky | MegaPets","og_description":"Obsahuje:  Set: 5 ks + 1 ZDARMA!  Cena sa t\u00fdka: 1 kompl.","og_url":"https:\/\/megapets.eu\/sk\/prislusenstvo\/sada-5-ks-1-zdarma-pre-exoticke-slimaky\/","og_site_name":"MegaPets","article_publisher":"https:\/\/www.facebook.com\/MegaPets.eu\/","og_image":[{"width":1052,"height":692,"url":"https:\/\/megapets.eu\/wp-content\/uploads\/2025\/06\/Zestaw-5-szt-1-gratis.png","type":"image\/png"}],"twitter_card":"summary_large_image","twitter_misc":{"Predpokladan\u00fd \u010das \u010d\u00edtania":"2 min\u00fata"},"schema":{"@context":"https:\/\/schema.org","@graph":[{"@type":"WebPage","@id":"https:\/\/megapets.eu\/sk\/prislusenstvo\/sada-5-ks-1-zdarma-pre-exoticke-slimaky\/","url":"https:\/\/megapets.eu\/sk\/prislusenstvo\/sada-5-ks-1-zdarma-pre-exoticke-slimaky\/","name":"Sada 5 ks + 1 ZDARMA! pre exotick\u00e9 slim\u00e1ky | MegaPets","isPartOf":{"@id":"https:\/\/megapets.eu\/sk\/#website"},"primaryImageOfPage":{"@id":"https:\/\/megapets.eu\/sk\/prislusenstvo\/sada-5-ks-1-zdarma-pre-exoticke-slimaky\/#primaryimage"},"image":{"@id":"https:\/\/megapets.eu\/sk\/prislusenstvo\/sada-5-ks-1-zdarma-pre-exoticke-slimaky\/#primaryimage"},"thumbnailUrl":"https:\/\/megapets.eu\/wp-content\/uploads\/2025\/06\/Zestaw-5-szt-1-gratis.png","datePublished":"2025-06-10T12:06:18+00:00","breadcrumb":{"@id":"https:\/\/megapets.eu\/sk\/prislusenstvo\/sada-5-ks-1-zdarma-pre-exoticke-slimaky\/#breadcrumb"},"inLanguage":"sk-SK","potentialAction":[{"@type":"ReadAction","target":["https:\/\/megapets.eu\/sk\/prislusenstvo\/sada-5-ks-1-zdarma-pre-exoticke-slimaky\/"]}]},{"@type":"ImageObject","inLanguage":"sk-SK","@id":"https:\/\/megapets.eu\/sk\/prislusenstvo\/sada-5-ks-1-zdarma-pre-exoticke-slimaky\/#primaryimage","url":"https:\/\/megapets.eu\/wp-content\/uploads\/2025\/06\/Zestaw-5-szt-1-gratis.png","contentUrl":"https:\/\/megapets.eu\/wp-content\/uploads\/2025\/06\/Zestaw-5-szt-1-gratis.png","width":1052,"height":692},{"@type":"BreadcrumbList","@id":"https:\/\/megapets.eu\/sk\/prislusenstvo\/sada-5-ks-1-zdarma-pre-exoticke-slimaky\/#breadcrumb","itemListElement":[{"@type":"ListItem","position":1,"name":"Strona g\u0142\u00f3wna","item":"https:\/\/megapets.eu\/sk\/"},{"@type":"ListItem","position":2,"name":"Obchod","item":"https:\/\/megapets.eu\/obchod\/"},{"@type":"ListItem","position":3,"name":"Sada 5 ks + 1 ZDARMA! pre exotick\u00e9 slim\u00e1ky"}]},{"@type":"WebSite","@id":"https:\/\/megapets.eu\/sk\/#website","url":"https:\/\/megapets.eu\/sk\/","name":"Mega Pets","description":"Jedna z najwi\u0119kszych hodowli \u015blimak\u00f3w w Europie","publisher":{"@id":"https:\/\/megapets.eu\/sk\/#organization"},"alternateName":"Mega Pets","potentialAction":[{"@type":"SearchAction","target":{"@type":"EntryPoint","urlTemplate":"https:\/\/megapets.eu\/sk\/?s={search_term_string}"},"query-input":{"@type":"PropertyValueSpecification","valueRequired":true,"valueName":"search_term_string"}}],"inLanguage":"sk-SK"},{"@type":"Organization","@id":"https:\/\/megapets.eu\/sk\/#organization","name":"Mega Pets","url":"https:\/\/megapets.eu\/sk\/","logo":{"@type":"ImageObject","inLanguage":"sk-SK","@id":"https:\/\/megapets.eu\/sk\/#\/schema\/logo\/image\/","url":"https:\/\/megapets.eu\/wp-content\/uploads\/2025\/04\/megapets_eu-logo.png","contentUrl":"https:\/\/megapets.eu\/wp-content\/uploads\/2025\/04\/megapets_eu-logo.png","width":2362,"height":2362,"caption":"Mega Pets"},"image":{"@id":"https:\/\/megapets.eu\/sk\/#\/schema\/logo\/image\/"},"sameAs":["https:\/\/www.facebook.com\/MegaPets.eu\/"]}]}},"_links":{"self":[{"href":"https:\/\/megapets.eu\/sk\/wp-json\/wp\/v2\/product\/5907","targetHints":{"allow":["GET"]}}],"collection":[{"href":"https:\/\/megapets.eu\/sk\/wp-json\/wp\/v2\/product"}],"about":[{"href":"https:\/\/megapets.eu\/sk\/wp-json\/wp\/v2\/types\/product"}],"wp:featuredmedia":[{"embeddable":true,"href":"https:\/\/megapets.eu\/sk\/wp-json\/wp\/v2\/media\/5908"}],"wp:attachment":[{"href":"https:\/\/megapets.eu\/sk\/wp-json\/wp\/v2\/media?parent=5907"}],"wp:term":[{"taxonomy":"product_cat","embeddable":true,"href":"https:\/\/megapets.eu\/sk\/wp-json\/wp\/v2\/product_cat?post=5907"},{"taxonomy":"product_tag","embeddable":true,"href":"https:\/\/megapets.eu\/sk\/wp-json\/wp\/v2\/product_tag?post=5907"}],"curies":[{"name":"wp","href":"https:\/\/api.w.org\/{rel}","templated":true}]}}