{"id":5932,"date":"2024-10-06T11:35:24","date_gmt":"2024-10-06T11:35:24","guid":{"rendered":"https:\/\/megapets.eu\/nezaraden\u00e9\/archachatina-marginata-grevillei\/"},"modified":"2024-10-06T11:35:24","modified_gmt":"2024-10-06T11:35:24","slug":"archachatina-marginata-grevillei","status":"publish","type":"product","link":"https:\/\/megapets.eu\/sk\/slimaky\/archachatina-marginata-grevillei\/","title":{"rendered":"Archachatina marginata grevillei"},"content":{"rendered":"<p class=\"v1v1v1v1MsoNormal\"><span style=\"color: #424242;\"><strong><em><span style=\"font-size: 15px;\"><b>Druh: Archachatina marginata grevillei<\/b><br \/>\nFarebn\u00e1 vari\u00e1cia: \u0161tandardn\u00e1<\/span><\/em><\/strong><\/span><\/p>\n<p class=\"v1v1v1v1MsoNormal\"><span style=\"font-size: 15px;\"><strong><em><span style=\"color: #008000;\"><span style=\"color: #424242;\">\u2764\ufe0f\u2600\ufe0f Archachatina marginata grevillei &#8222;classic&#8220; &#8211; s\u00fdto ru\u017eov\u00fd vrchol ulity.<\/span><\/span><\/em><\/strong><\/span><\/p>\n<p class=\"v1v1v1v1MsoNormal\"><span style=\"font-size: 15px;\"><strong><em><span style=\"color: #008000;\"><span style=\"color: #424242;\">\u2600\ufe0f\u2600\ufe0f\u2600\ufe0f Slne\u010dn\u00e9 kr\u00e1sky n\u00e1\u0161ho chovu, sen mnoh\u00fdch milovn\u00edkov slim\u00e1kov Archachatina marginata grevillei. Ide o mal\u00fd, kr\u00e1sny a v kult\u00fare zriedka v\u00eddan\u00fd exotick\u00fd druh slim\u00e1ka. Potravou a podmienkami chovu sa nel\u00ed\u0161i od ostatn\u00fdch druhov Archachatina. Len vyliahnut\u00e9 ml\u00e1\u010fat\u00e1 tohto druhu vyzeraj\u00fa ako ru\u017eov\u00e9 perly. Ulita dospel\u00e9ho slim\u00e1ka dorastie za rok do ve\u013ekosti pribli\u017ene 9-10 cm.<\/span><\/span><\/em><\/strong><\/span><\/p>\n<p class=\"v1v1v1v1MsoNormal\"><span style=\"font-size: 15px;\"><strong><em><span style=\"color: #008000;\"><img decoding=\"async\" src=\"https:\/\/static.xx.fbcdn.net\/images\/emoji.php\/v9\/tbe\/1\/16\/1f3c6.png\" alt=\"\ud83c\udfc6\" \/><span style=\"color: #e36a19;\"> V\u0161etky ml\u00e1\u010fat\u00e1 poch\u00e1dzaj\u00fa od n\u00e1\u0161ho zn\u00e1meho registrovan\u00e9ho chovate\u013ea, tak\u017ee kupujete zo zn\u00e1meho zdroja, kde sa o slim\u00e1ky riadne star\u00e1me a pozorne sledujeme v\u00fdvoj ka\u017ed\u00e9ho z nich.<\/span><\/span><\/em><\/strong><\/span><\/p>\n<p class=\"v1v1v1v1MsoNormal\"><span style=\"font-size: 15px; color: #424242;\"><strong><em>Ako viete, na chov slim\u00e1kov sa najlep\u0161ie hodia plastov\u00e9 n\u00e1doby. N\u00e1doby, ktor\u00e9 sme pripravili, s\u00fa ide\u00e1lne na v\u00fdvoj pekn\u00e9ho nov\u00e9ho porastu ulitn\u00edkov). Ak chcete u\u0161etri\u0165 \u010das pri dokon\u010dovan\u00ed objedn\u00e1vky, odpor\u00fa\u010dame za\u010da\u0165 so \u0161tartovacou s\u00fapravou, ktor\u00e1 obsahuje z\u00e1kladn\u00e9 pr\u00edslu\u0161enstvo na r\u00fdchly za\u010diatok vlastn\u00e9ho chovu a n\u00e1vod.<\/em><\/strong><\/span><\/p>\n<p><span style=\"font-size: 15px;\"><strong><em><span style=\"color: #008000;\"><img loading=\"lazy\" decoding=\"async\" class=\"xz74otr\" src=\"https:\/\/static.xx.fbcdn.net\/images\/emoji.php\/v9\/t1e\/1\/16\/1f33f.png\" alt=\"\ud83c\udf3f\" width=\"16\" height=\"16\" \/> V\u0161etko, \u010do \u017eivo\u010d\u00edch potrebuje, je \u010derstv\u00e9, zrel\u00e9 ovocie a zelenina, chovn\u00e1 n\u00e1doba a substr\u00e1t (nenechajte substr\u00e1t vyschn\u00fa\u0165, ter\u00e1rium ka\u017ed\u00e9 2 &#8211; 3 dni postriekajte). V ka\u017edodennej strave slim\u00e1ka nesmie ch\u00fdba\u0165 z\u00e1kladn\u00fd stavebn\u00fd prvok kr\u00e1snej a zdravej ulity; pr\u00e1\u0161ok z vaje\u010dn\u00fdch \u0161krup\u00edn a s\u00e9pia s\u00fa prirodzen\u00fdm zdrojom dokonale str\u00e1vite\u013en\u00e9ho v\u00e1pnika. Inform\u00e1cie o strave exotick\u00fdch slim\u00e1kov n\u00e1jdete na na\u0161ej webovej str\u00e1nke.<\/span><\/em><\/strong><\/span><\/p>\n","protected":false},"excerpt":{"rendered":"<ul class=\"product_attributes\">\n<li><span><br \/>\n\t\tOd nes\u00favisiaceho p\u00e1ru:<br \/>\n\t<\/span><br \/>\n\t\tP6\n\t<\/li>\n<li><span><br \/>\n\t\tCie\u013eov\u00e1 ve\u013ekos\u0165 n\u00e1bojnice:<br \/>\n\t<\/span><br \/>\n\t\tcca. 9-10 cm\n\t<\/li>\n<li><span><br \/>\n\t\tPon\u00fakan\u00fd mlad\u00fd exempl\u00e1r:<br \/>\n\t<\/span><br \/>\n\t\tcca. 4 cm\n\t<\/li>\n<li><span><br \/>\n\t\tCena plat\u00ed pre:<br \/>\n\t<\/span><br \/>\n\t\tPlat\u00ed pre 1 kus\n\t<\/li>\n<\/ul>\n","protected":false},"featured_media":5933,"template":"","meta":{"_acf_changed":false,"_links_to":"","_links_to_target":""},"product_cat":[144],"product_tag":[],"class_list":{"0":"post-5932","1":"product","2":"type-product","3":"status-publish","4":"has-post-thumbnail","6":"product_cat-slimaky","8":"first","9":"outofstock","10":"shipping-taxable","11":"purchasable","12":"product-type-simple"},"acf":[],"yoast_head":"<!-- This site is optimized with the Yoast SEO plugin v24.9 - https:\/\/yoast.com\/wordpress\/plugins\/seo\/ -->\n<title>Archachatina marginata grevillei | MegaPets<\/title>\n<meta name=\"robots\" content=\"index, follow, max-snippet:-1, max-image-preview:large, max-video-preview:-1\" \/>\n<link rel=\"canonical\" href=\"https:\/\/megapets.eu\/sk\/slimaky\/archachatina-marginata-grevillei\/\" \/>\n<meta property=\"og:locale\" content=\"sk_SK\" \/>\n<meta property=\"og:type\" content=\"article\" \/>\n<meta property=\"og:title\" content=\"Archachatina marginata grevillei | MegaPets\" \/>\n<meta property=\"og:description\" content=\"Od nes\u00favisiaceho p\u00e1ru:   P6    Cie\u013eov\u00e1 ve\u013ekos\u0165 n\u00e1bojnice:   cca. 9-10 cm    Pon\u00fakan\u00fd mlad\u00fd exempl\u00e1r:   cca. 4 cm    Cena plat\u00ed pre:   Plat\u00ed pre 1 kus\" \/>\n<meta property=\"og:url\" content=\"https:\/\/megapets.eu\/sk\/slimaky\/archachatina-marginata-grevillei\/\" \/>\n<meta property=\"og:site_name\" content=\"MegaPets\" \/>\n<meta property=\"article:publisher\" content=\"https:\/\/www.facebook.com\/MegaPets.eu\/\" \/>\n<meta property=\"og:image\" content=\"https:\/\/megapets.eu\/wp-content\/uploads\/2024\/10\/348724435_3493421000893656_2659019314494022295_n.jpg\" \/>\n\t<meta property=\"og:image:width\" content=\"1191\" \/>\n\t<meta property=\"og:image:height\" content=\"804\" \/>\n\t<meta property=\"og:image:type\" content=\"image\/jpeg\" \/>\n<meta name=\"twitter:card\" content=\"summary_large_image\" \/>\n<meta name=\"twitter:label1\" content=\"Predpokladan\u00fd \u010das \u010d\u00edtania\" \/>\n\t<meta name=\"twitter:data1\" content=\"1 min\u00fata\" \/>\n<script type=\"application\/ld+json\" class=\"yoast-schema-graph\">{\"@context\":\"https:\/\/schema.org\",\"@graph\":[{\"@type\":\"WebPage\",\"@id\":\"https:\/\/megapets.eu\/sk\/slimaky\/archachatina-marginata-grevillei\/\",\"url\":\"https:\/\/megapets.eu\/sk\/slimaky\/archachatina-marginata-grevillei\/\",\"name\":\"Archachatina marginata grevillei | MegaPets\",\"isPartOf\":{\"@id\":\"https:\/\/megapets.eu\/sk\/#website\"},\"primaryImageOfPage\":{\"@id\":\"https:\/\/megapets.eu\/sk\/slimaky\/archachatina-marginata-grevillei\/#primaryimage\"},\"image\":{\"@id\":\"https:\/\/megapets.eu\/sk\/slimaky\/archachatina-marginata-grevillei\/#primaryimage\"},\"thumbnailUrl\":\"https:\/\/megapets.eu\/wp-content\/uploads\/2024\/10\/348724435_3493421000893656_2659019314494022295_n.jpg\",\"datePublished\":\"2024-10-06T11:35:24+00:00\",\"breadcrumb\":{\"@id\":\"https:\/\/megapets.eu\/sk\/slimaky\/archachatina-marginata-grevillei\/#breadcrumb\"},\"inLanguage\":\"sk-SK\",\"potentialAction\":[{\"@type\":\"ReadAction\",\"target\":[\"https:\/\/megapets.eu\/sk\/slimaky\/archachatina-marginata-grevillei\/\"]}]},{\"@type\":\"ImageObject\",\"inLanguage\":\"sk-SK\",\"@id\":\"https:\/\/megapets.eu\/sk\/slimaky\/archachatina-marginata-grevillei\/#primaryimage\",\"url\":\"https:\/\/megapets.eu\/wp-content\/uploads\/2024\/10\/348724435_3493421000893656_2659019314494022295_n.jpg\",\"contentUrl\":\"https:\/\/megapets.eu\/wp-content\/uploads\/2024\/10\/348724435_3493421000893656_2659019314494022295_n.jpg\",\"width\":1191,\"height\":804},{\"@type\":\"BreadcrumbList\",\"@id\":\"https:\/\/megapets.eu\/sk\/slimaky\/archachatina-marginata-grevillei\/#breadcrumb\",\"itemListElement\":[{\"@type\":\"ListItem\",\"position\":1,\"name\":\"Strona g\u0142\u00f3wna\",\"item\":\"https:\/\/megapets.eu\/sk\/\"},{\"@type\":\"ListItem\",\"position\":2,\"name\":\"Obchod\",\"item\":\"https:\/\/megapets.eu\/obchod\/\"},{\"@type\":\"ListItem\",\"position\":3,\"name\":\"Archachatina marginata grevillei\"}]},{\"@type\":\"WebSite\",\"@id\":\"https:\/\/megapets.eu\/sk\/#website\",\"url\":\"https:\/\/megapets.eu\/sk\/\",\"name\":\"Mega Pets\",\"description\":\"Jedna z najwi\u0119kszych hodowli \u015blimak\u00f3w w Europie\",\"publisher\":{\"@id\":\"https:\/\/megapets.eu\/sk\/#organization\"},\"alternateName\":\"Mega Pets\",\"potentialAction\":[{\"@type\":\"SearchAction\",\"target\":{\"@type\":\"EntryPoint\",\"urlTemplate\":\"https:\/\/megapets.eu\/sk\/?s={search_term_string}\"},\"query-input\":{\"@type\":\"PropertyValueSpecification\",\"valueRequired\":true,\"valueName\":\"search_term_string\"}}],\"inLanguage\":\"sk-SK\"},{\"@type\":\"Organization\",\"@id\":\"https:\/\/megapets.eu\/sk\/#organization\",\"name\":\"Mega Pets\",\"url\":\"https:\/\/megapets.eu\/sk\/\",\"logo\":{\"@type\":\"ImageObject\",\"inLanguage\":\"sk-SK\",\"@id\":\"https:\/\/megapets.eu\/sk\/#\/schema\/logo\/image\/\",\"url\":\"https:\/\/megapets.eu\/wp-content\/uploads\/2025\/04\/megapets_eu-logo.png\",\"contentUrl\":\"https:\/\/megapets.eu\/wp-content\/uploads\/2025\/04\/megapets_eu-logo.png\",\"width\":2362,\"height\":2362,\"caption\":\"Mega Pets\"},\"image\":{\"@id\":\"https:\/\/megapets.eu\/sk\/#\/schema\/logo\/image\/\"},\"sameAs\":[\"https:\/\/www.facebook.com\/MegaPets.eu\/\"]}]}<\/script>\n<!-- \/ Yoast SEO plugin. -->","yoast_head_json":{"title":"Archachatina marginata grevillei | MegaPets","robots":{"index":"index","follow":"follow","max-snippet":"max-snippet:-1","max-image-preview":"max-image-preview:large","max-video-preview":"max-video-preview:-1"},"canonical":"https:\/\/megapets.eu\/sk\/slimaky\/archachatina-marginata-grevillei\/","og_locale":"sk_SK","og_type":"article","og_title":"Archachatina marginata grevillei | MegaPets","og_description":"Od nes\u00favisiaceho p\u00e1ru:   P6    Cie\u013eov\u00e1 ve\u013ekos\u0165 n\u00e1bojnice:   cca. 9-10 cm    Pon\u00fakan\u00fd mlad\u00fd exempl\u00e1r:   cca. 4 cm    Cena plat\u00ed pre:   Plat\u00ed pre 1 kus","og_url":"https:\/\/megapets.eu\/sk\/slimaky\/archachatina-marginata-grevillei\/","og_site_name":"MegaPets","article_publisher":"https:\/\/www.facebook.com\/MegaPets.eu\/","og_image":[{"width":1191,"height":804,"url":"https:\/\/megapets.eu\/wp-content\/uploads\/2024\/10\/348724435_3493421000893656_2659019314494022295_n.jpg","type":"image\/jpeg"}],"twitter_card":"summary_large_image","twitter_misc":{"Predpokladan\u00fd \u010das \u010d\u00edtania":"1 min\u00fata"},"schema":{"@context":"https:\/\/schema.org","@graph":[{"@type":"WebPage","@id":"https:\/\/megapets.eu\/sk\/slimaky\/archachatina-marginata-grevillei\/","url":"https:\/\/megapets.eu\/sk\/slimaky\/archachatina-marginata-grevillei\/","name":"Archachatina marginata grevillei | MegaPets","isPartOf":{"@id":"https:\/\/megapets.eu\/sk\/#website"},"primaryImageOfPage":{"@id":"https:\/\/megapets.eu\/sk\/slimaky\/archachatina-marginata-grevillei\/#primaryimage"},"image":{"@id":"https:\/\/megapets.eu\/sk\/slimaky\/archachatina-marginata-grevillei\/#primaryimage"},"thumbnailUrl":"https:\/\/megapets.eu\/wp-content\/uploads\/2024\/10\/348724435_3493421000893656_2659019314494022295_n.jpg","datePublished":"2024-10-06T11:35:24+00:00","breadcrumb":{"@id":"https:\/\/megapets.eu\/sk\/slimaky\/archachatina-marginata-grevillei\/#breadcrumb"},"inLanguage":"sk-SK","potentialAction":[{"@type":"ReadAction","target":["https:\/\/megapets.eu\/sk\/slimaky\/archachatina-marginata-grevillei\/"]}]},{"@type":"ImageObject","inLanguage":"sk-SK","@id":"https:\/\/megapets.eu\/sk\/slimaky\/archachatina-marginata-grevillei\/#primaryimage","url":"https:\/\/megapets.eu\/wp-content\/uploads\/2024\/10\/348724435_3493421000893656_2659019314494022295_n.jpg","contentUrl":"https:\/\/megapets.eu\/wp-content\/uploads\/2024\/10\/348724435_3493421000893656_2659019314494022295_n.jpg","width":1191,"height":804},{"@type":"BreadcrumbList","@id":"https:\/\/megapets.eu\/sk\/slimaky\/archachatina-marginata-grevillei\/#breadcrumb","itemListElement":[{"@type":"ListItem","position":1,"name":"Strona g\u0142\u00f3wna","item":"https:\/\/megapets.eu\/sk\/"},{"@type":"ListItem","position":2,"name":"Obchod","item":"https:\/\/megapets.eu\/obchod\/"},{"@type":"ListItem","position":3,"name":"Archachatina marginata grevillei"}]},{"@type":"WebSite","@id":"https:\/\/megapets.eu\/sk\/#website","url":"https:\/\/megapets.eu\/sk\/","name":"Mega Pets","description":"Jedna z najwi\u0119kszych hodowli \u015blimak\u00f3w w Europie","publisher":{"@id":"https:\/\/megapets.eu\/sk\/#organization"},"alternateName":"Mega Pets","potentialAction":[{"@type":"SearchAction","target":{"@type":"EntryPoint","urlTemplate":"https:\/\/megapets.eu\/sk\/?s={search_term_string}"},"query-input":{"@type":"PropertyValueSpecification","valueRequired":true,"valueName":"search_term_string"}}],"inLanguage":"sk-SK"},{"@type":"Organization","@id":"https:\/\/megapets.eu\/sk\/#organization","name":"Mega Pets","url":"https:\/\/megapets.eu\/sk\/","logo":{"@type":"ImageObject","inLanguage":"sk-SK","@id":"https:\/\/megapets.eu\/sk\/#\/schema\/logo\/image\/","url":"https:\/\/megapets.eu\/wp-content\/uploads\/2025\/04\/megapets_eu-logo.png","contentUrl":"https:\/\/megapets.eu\/wp-content\/uploads\/2025\/04\/megapets_eu-logo.png","width":2362,"height":2362,"caption":"Mega Pets"},"image":{"@id":"https:\/\/megapets.eu\/sk\/#\/schema\/logo\/image\/"},"sameAs":["https:\/\/www.facebook.com\/MegaPets.eu\/"]}]}},"_links":{"self":[{"href":"https:\/\/megapets.eu\/sk\/wp-json\/wp\/v2\/product\/5932","targetHints":{"allow":["GET"]}}],"collection":[{"href":"https:\/\/megapets.eu\/sk\/wp-json\/wp\/v2\/product"}],"about":[{"href":"https:\/\/megapets.eu\/sk\/wp-json\/wp\/v2\/types\/product"}],"wp:featuredmedia":[{"embeddable":true,"href":"https:\/\/megapets.eu\/sk\/wp-json\/wp\/v2\/media\/5933"}],"wp:attachment":[{"href":"https:\/\/megapets.eu\/sk\/wp-json\/wp\/v2\/media?parent=5932"}],"wp:term":[{"taxonomy":"product_cat","embeddable":true,"href":"https:\/\/megapets.eu\/sk\/wp-json\/wp\/v2\/product_cat?post=5932"},{"taxonomy":"product_tag","embeddable":true,"href":"https:\/\/megapets.eu\/sk\/wp-json\/wp\/v2\/product_tag?post=5932"}],"curies":[{"name":"wp","href":"https:\/\/api.w.org\/{rel}","templated":true}]}}