{"id":5953,"date":"2024-10-25T06:32:25","date_gmt":"2024-10-25T06:32:25","guid":{"rendered":"https:\/\/megapets.eu\/nezaraden\u00e9\/archachatina-rhodostomaalbinoticke-telo-par-p11\/"},"modified":"2025-08-12T17:25:31","modified_gmt":"2025-08-12T17:25:31","slug":"archachatina-rhodostomaalbinoticke-telo-par-p11","status":"publish","type":"product","link":"https:\/\/megapets.eu\/sk\/slimaky\/archachatina-rhodostomaalbinoticke-telo-par-p11\/","title":{"rendered":"Archachatina rhodostoma<br>alb\u00ednske body \/ p\u00e1r P11"},"content":{"rendered":"<p style=\"text-align: left;\"><span style=\"font-size: 15px;\"><strong><span style=\"color: #000000;\"><em>Druh: <\/em><\/span><\/strong><span style=\"color: #000000;\"><em>Archachatina rhodostoma (R. A. Philippi, 1849)<\/em><\/span><strong><span style=\"color: #000000;\"><em><br \/>\nFarebn\u00e1 odroda:<\/em><\/span><\/strong><span style=\"color: #000000;\"><em> alb\u00ednske telo<\/em><\/span><\/span><\/p>\n<p style=\"text-align: left;\"><span style=\"font-size: 15px;\"><strong><span style=\"color: #000000;\"><em><span style=\"color: #008000;\"><span style=\"color: #424242;\"><img decoding=\"async\" src=\"https:\/\/static.xx.fbcdn.net\/images\/emoji.php\/v9\/tb4\/1\/16\/2b50.png\" alt=\"\u2b50\ufe0f\"> <\/span><\/span><\/em><\/span><\/strong><span style=\"color: #000000;\"><em>Pon\u00fakan\u00fd ml\u00e1\u010fat\u00e1 z nepr\u00edbuzn\u00e9ho rodi\u010dovsk\u00e9ho p\u00e1ru. V\u010faka neust\u00e1lemu v\u00fdberu vhodn\u00fdch partnerov a vytv\u00e1raniu p\u00e1rov z gener\u00e1cie na gener\u00e1ciu sa \u00faspe\u0161ne udr\u017eiavaj\u00fa nepr\u00edbuzn\u00e9, rodokme\u0148ov\u00e9 \u0161\u013eachtite\u013esk\u00e9 l\u00ednie kr\u00e1snych obrov. <\/em><\/span><\/span><\/p>\n<p style=\"text-align: left;\"><span style=\"font-size: 15px;\"><span style=\"color: #000000;\"><em><span style=\"color: #008000;\"><span style=\"color: #424242;\"><img decoding=\"async\" src=\"https:\/\/static.xx.fbcdn.net\/images\/emoji.php\/v9\/t94\/1\/16\/1f49a.png\" alt=\"\ud83d\udc9a\">  Smaragdov\u00e1 farba ulity a alb\u00ednskeho tela vytv\u00e1raj\u00fa jednu z najkraj\u0161\u00edch farebn\u00fdch kombin\u00e1ci\u00ed vo sfarben\u00ed slim\u00e1kov. V \u010dase predaja je \u0161krupina die\u0165a\u0165a hned\u00e1, za\u010d\u00edna zelena\u0165 asi od 6 cm \u0161krupiny.  <\/span><\/span><\/em><\/span><\/span><\/p>\n<p style=\"text-align: left;\"><span style=\"color: #000000; font-size: 15px;\"><em><span class=\"x1xsqp64 xiy17q3 x1o6pynw x19co3pv xdj266r xcwd3tp xat24cr x39eecv x2b8uid\" data-testid=\"emoji\"><span class=\"xexx8yu xn5pp95 x18d9i69 x2fxd7x x3jgonx x1bhl96m\"><img loading=\"lazy\" decoding=\"async\" class=\"\" src=\"https:\/\/static.xx.fbcdn.net\/images\/emoji.php\/v9\/t66\/1\/32\/1f4cc.png\" alt=\"\ud83d\udccc\" width=\"18\" height=\"18\">  Cie\u013eov\u00e1 ve\u013ekos\u0165 \u0161krupiny dospel\u00e9ho exempl\u00e1ra je asi 10-12 cm. <\/span><\/span><\/em><\/span><\/p>\n<p style=\"text-align: left;\"><span style=\"color: #000000; font-size: 15px;\"><em><img loading=\"lazy\" decoding=\"async\" class=\"xz74otr\" src=\"https:\/\/static.xx.fbcdn.net\/images\/emoji.php\/v9\/t1e\/1\/16\/1f33f.png\" alt=\"\ud83c\udf3f\" width=\"18\" height=\"18\"> <span style=\"color: #008000;\">Ako v\u00e4\u010d\u0161ina druhov rodu Archachatina, aj tieto slim\u00e1ky s\u00fa nen\u00e1ro\u010dn\u00e9 a dobre sa vyv\u00edjaj\u00fa v z\u00e1kladn\u00fdch podmienkach ustajnenia.<\/span><\/em><\/span><\/p>\n","protected":false},"excerpt":{"rendered":"<ul>\n<li>Cie\u013eov\u00e1 ve\u013ekos\u0165 \u0161krupiny:\n<ul>\n<li>Ok. 10-12 cm<\/li>\n<\/ul>\n<\/li>\n<li>Od nepr\u00edbuzn\u00e9ho p\u00e1ru:\n<ul>\n<li>Str. 11<\/li>\n<\/ul>\n<\/li>\n<li>Pon\u00fakan\u00e9 ml\u00e1\u010fat\u00e1:\n<ul>\n<li>Ok. 4-5 cm<\/li>\n<\/ul>\n<\/li>\n<li>Cena sa vz\u0165ahuje na:\n<ul>\n<li>1 ks<\/li>\n<\/ul>\n<\/li>\n<\/ul>\n","protected":false},"featured_media":13915,"template":"","meta":{"_acf_changed":false,"_links_to":"","_links_to_target":""},"product_cat":[144],"product_tag":[],"class_list":{"0":"post-5953","1":"product","2":"type-product","3":"status-publish","4":"has-post-thumbnail","6":"product_cat-slimaky","8":"first","9":"instock","10":"shipping-taxable","11":"purchasable","12":"product-type-simple"},"acf":[],"yoast_head":"<!-- This site is optimized with the Yoast SEO plugin v24.9 - https:\/\/yoast.com\/wordpress\/plugins\/seo\/ -->\n<title>Archachatina rhodostomaalb\u00ednske body \/ p\u00e1r P11 | MegaPets<\/title>\n<meta name=\"robots\" content=\"index, follow, max-snippet:-1, max-image-preview:large, max-video-preview:-1\" \/>\n<link rel=\"canonical\" href=\"https:\/\/megapets.eu\/sk\/slimaky\/archachatina-rhodostomaalbinoticke-telo-par-p11\/\" \/>\n<meta property=\"og:locale\" content=\"sk_SK\" \/>\n<meta property=\"og:type\" content=\"article\" \/>\n<meta property=\"og:title\" content=\"Archachatina rhodostomaalb\u00ednske body \/ p\u00e1r P11 | MegaPets\" \/>\n<meta property=\"og:description\" content=\"Cie\u013eov\u00e1 ve\u013ekos\u0165 \u0161krupiny:  Ok. 10-12 cm   Od nepr\u00edbuzn\u00e9ho p\u00e1ru:  Str. 11   Pon\u00fakan\u00e9 ml\u00e1\u010fat\u00e1:  Ok. 4-5 cm   Cena sa vz\u0165ahuje na:  1 ks\" \/>\n<meta property=\"og:url\" content=\"https:\/\/megapets.eu\/sk\/slimaky\/archachatina-rhodostomaalbinoticke-telo-par-p11\/\" \/>\n<meta property=\"og:site_name\" content=\"MegaPets\" \/>\n<meta property=\"article:publisher\" content=\"https:\/\/www.facebook.com\/MegaPets.eu\/\" \/>\n<meta property=\"article:modified_time\" content=\"2025-08-12T17:25:31+00:00\" \/>\n<meta property=\"og:image\" content=\"https:\/\/megapets.eu\/wp-content\/uploads\/2024\/10\/Avocado-P11-Excel.png\" \/>\n\t<meta property=\"og:image:width\" content=\"1049\" \/>\n\t<meta property=\"og:image:height\" content=\"694\" \/>\n\t<meta property=\"og:image:type\" content=\"image\/png\" \/>\n<meta name=\"twitter:card\" content=\"summary_large_image\" \/>\n<meta name=\"twitter:label1\" content=\"Predpokladan\u00fd \u010das \u010d\u00edtania\" \/>\n\t<meta name=\"twitter:data1\" content=\"1 min\u00fata\" \/>\n<script type=\"application\/ld+json\" class=\"yoast-schema-graph\">{\"@context\":\"https:\/\/schema.org\",\"@graph\":[{\"@type\":\"WebPage\",\"@id\":\"https:\/\/megapets.eu\/sk\/slimaky\/archachatina-rhodostomaalbinoticke-telo-par-p11\/\",\"url\":\"https:\/\/megapets.eu\/sk\/slimaky\/archachatina-rhodostomaalbinoticke-telo-par-p11\/\",\"name\":\"Archachatina rhodostoma alb\u00ednske body \/ p\u00e1r P11 | MegaPets\",\"isPartOf\":{\"@id\":\"https:\/\/megapets.eu\/sk\/#website\"},\"primaryImageOfPage\":{\"@id\":\"https:\/\/megapets.eu\/sk\/slimaky\/archachatina-rhodostomaalbinoticke-telo-par-p11\/#primaryimage\"},\"image\":{\"@id\":\"https:\/\/megapets.eu\/sk\/slimaky\/archachatina-rhodostomaalbinoticke-telo-par-p11\/#primaryimage\"},\"thumbnailUrl\":\"https:\/\/megapets.eu\/wp-content\/uploads\/2024\/10\/archachatina-rhodostoma-albino-body-P11-2-megapets-eu-1.jpg\",\"datePublished\":\"2024-10-25T06:32:25+00:00\",\"dateModified\":\"2025-08-12T17:25:31+00:00\",\"breadcrumb\":{\"@id\":\"https:\/\/megapets.eu\/sk\/slimaky\/archachatina-rhodostomaalbinoticke-telo-par-p11\/#breadcrumb\"},\"inLanguage\":\"sk-SK\",\"potentialAction\":[{\"@type\":\"ReadAction\",\"target\":[\"https:\/\/megapets.eu\/sk\/slimaky\/archachatina-rhodostomaalbinoticke-telo-par-p11\/\"]}]},{\"@type\":\"ImageObject\",\"inLanguage\":\"sk-SK\",\"@id\":\"https:\/\/megapets.eu\/sk\/slimaky\/archachatina-rhodostomaalbinoticke-telo-par-p11\/#primaryimage\",\"url\":\"https:\/\/megapets.eu\/wp-content\/uploads\/2024\/10\/archachatina-rhodostoma-albino-body-P11-2-megapets-eu-1.jpg\",\"contentUrl\":\"https:\/\/megapets.eu\/wp-content\/uploads\/2024\/10\/archachatina-rhodostoma-albino-body-P11-2-megapets-eu-1.jpg\",\"width\":1536,\"height\":1024,\"caption\":\"Archachatina rhodostoma albino body \u2022 MegaPets.eu\"},{\"@type\":\"BreadcrumbList\",\"@id\":\"https:\/\/megapets.eu\/sk\/slimaky\/archachatina-rhodostomaalbinoticke-telo-par-p11\/#breadcrumb\",\"itemListElement\":[{\"@type\":\"ListItem\",\"position\":1,\"name\":\"Strona g\u0142\u00f3wna\",\"item\":\"https:\/\/megapets.eu\/sk\/\"},{\"@type\":\"ListItem\",\"position\":2,\"name\":\"Obchod\",\"item\":\"https:\/\/megapets.eu\/obchod\/\"},{\"@type\":\"ListItem\",\"position\":3,\"name\":\"Archachatina rhodostomaalb\u00ednske body \/ p\u00e1r P11\"}]},{\"@type\":\"WebSite\",\"@id\":\"https:\/\/megapets.eu\/sk\/#website\",\"url\":\"https:\/\/megapets.eu\/sk\/\",\"name\":\"Mega Pets\",\"description\":\"Jedna z najwi\u0119kszych hodowli \u015blimak\u00f3w w Europie\",\"publisher\":{\"@id\":\"https:\/\/megapets.eu\/sk\/#organization\"},\"alternateName\":\"Mega Pets\",\"potentialAction\":[{\"@type\":\"SearchAction\",\"target\":{\"@type\":\"EntryPoint\",\"urlTemplate\":\"https:\/\/megapets.eu\/sk\/?s={search_term_string}\"},\"query-input\":{\"@type\":\"PropertyValueSpecification\",\"valueRequired\":true,\"valueName\":\"search_term_string\"}}],\"inLanguage\":\"sk-SK\"},{\"@type\":\"Organization\",\"@id\":\"https:\/\/megapets.eu\/sk\/#organization\",\"name\":\"Mega Pets\",\"url\":\"https:\/\/megapets.eu\/sk\/\",\"logo\":{\"@type\":\"ImageObject\",\"inLanguage\":\"sk-SK\",\"@id\":\"https:\/\/megapets.eu\/sk\/#\/schema\/logo\/image\/\",\"url\":\"https:\/\/megapets.eu\/wp-content\/uploads\/2025\/04\/megapets_eu-logo.png\",\"contentUrl\":\"https:\/\/megapets.eu\/wp-content\/uploads\/2025\/04\/megapets_eu-logo.png\",\"width\":2362,\"height\":2362,\"caption\":\"Mega Pets\"},\"image\":{\"@id\":\"https:\/\/megapets.eu\/sk\/#\/schema\/logo\/image\/\"},\"sameAs\":[\"https:\/\/www.facebook.com\/MegaPets.eu\/\"]}]}<\/script>\n<!-- \/ Yoast SEO plugin. -->","yoast_head_json":{"title":"Archachatina rhodostomaalb\u00ednske body \/ p\u00e1r P11 | MegaPets","robots":{"index":"index","follow":"follow","max-snippet":"max-snippet:-1","max-image-preview":"max-image-preview:large","max-video-preview":"max-video-preview:-1"},"canonical":"https:\/\/megapets.eu\/sk\/slimaky\/archachatina-rhodostomaalbinoticke-telo-par-p11\/","og_locale":"sk_SK","og_type":"article","og_title":"Archachatina rhodostomaalb\u00ednske body \/ p\u00e1r P11 | MegaPets","og_description":"Cie\u013eov\u00e1 ve\u013ekos\u0165 \u0161krupiny:  Ok. 10-12 cm   Od nepr\u00edbuzn\u00e9ho p\u00e1ru:  Str. 11   Pon\u00fakan\u00e9 ml\u00e1\u010fat\u00e1:  Ok. 4-5 cm   Cena sa vz\u0165ahuje na:  1 ks","og_url":"https:\/\/megapets.eu\/sk\/slimaky\/archachatina-rhodostomaalbinoticke-telo-par-p11\/","og_site_name":"MegaPets","article_publisher":"https:\/\/www.facebook.com\/MegaPets.eu\/","article_modified_time":"2025-08-12T17:25:31+00:00","og_image":[{"width":1049,"height":694,"url":"https:\/\/megapets.eu\/wp-content\/uploads\/2024\/10\/Avocado-P11-Excel.png","type":"image\/png"}],"twitter_card":"summary_large_image","twitter_misc":{"Predpokladan\u00fd \u010das \u010d\u00edtania":"1 min\u00fata"},"schema":{"@context":"https:\/\/schema.org","@graph":[{"@type":"WebPage","@id":"https:\/\/megapets.eu\/sk\/slimaky\/archachatina-rhodostomaalbinoticke-telo-par-p11\/","url":"https:\/\/megapets.eu\/sk\/slimaky\/archachatina-rhodostomaalbinoticke-telo-par-p11\/","name":"Archachatina rhodostoma alb\u00ednske body \/ p\u00e1r P11 | MegaPets","isPartOf":{"@id":"https:\/\/megapets.eu\/sk\/#website"},"primaryImageOfPage":{"@id":"https:\/\/megapets.eu\/sk\/slimaky\/archachatina-rhodostomaalbinoticke-telo-par-p11\/#primaryimage"},"image":{"@id":"https:\/\/megapets.eu\/sk\/slimaky\/archachatina-rhodostomaalbinoticke-telo-par-p11\/#primaryimage"},"thumbnailUrl":"https:\/\/megapets.eu\/wp-content\/uploads\/2024\/10\/archachatina-rhodostoma-albino-body-P11-2-megapets-eu-1.jpg","datePublished":"2024-10-25T06:32:25+00:00","dateModified":"2025-08-12T17:25:31+00:00","breadcrumb":{"@id":"https:\/\/megapets.eu\/sk\/slimaky\/archachatina-rhodostomaalbinoticke-telo-par-p11\/#breadcrumb"},"inLanguage":"sk-SK","potentialAction":[{"@type":"ReadAction","target":["https:\/\/megapets.eu\/sk\/slimaky\/archachatina-rhodostomaalbinoticke-telo-par-p11\/"]}]},{"@type":"ImageObject","inLanguage":"sk-SK","@id":"https:\/\/megapets.eu\/sk\/slimaky\/archachatina-rhodostomaalbinoticke-telo-par-p11\/#primaryimage","url":"https:\/\/megapets.eu\/wp-content\/uploads\/2024\/10\/archachatina-rhodostoma-albino-body-P11-2-megapets-eu-1.jpg","contentUrl":"https:\/\/megapets.eu\/wp-content\/uploads\/2024\/10\/archachatina-rhodostoma-albino-body-P11-2-megapets-eu-1.jpg","width":1536,"height":1024,"caption":"Archachatina rhodostoma albino body \u2022 MegaPets.eu"},{"@type":"BreadcrumbList","@id":"https:\/\/megapets.eu\/sk\/slimaky\/archachatina-rhodostomaalbinoticke-telo-par-p11\/#breadcrumb","itemListElement":[{"@type":"ListItem","position":1,"name":"Strona g\u0142\u00f3wna","item":"https:\/\/megapets.eu\/sk\/"},{"@type":"ListItem","position":2,"name":"Obchod","item":"https:\/\/megapets.eu\/obchod\/"},{"@type":"ListItem","position":3,"name":"Archachatina rhodostomaalb\u00ednske body \/ p\u00e1r P11"}]},{"@type":"WebSite","@id":"https:\/\/megapets.eu\/sk\/#website","url":"https:\/\/megapets.eu\/sk\/","name":"Mega Pets","description":"Jedna z najwi\u0119kszych hodowli \u015blimak\u00f3w w Europie","publisher":{"@id":"https:\/\/megapets.eu\/sk\/#organization"},"alternateName":"Mega Pets","potentialAction":[{"@type":"SearchAction","target":{"@type":"EntryPoint","urlTemplate":"https:\/\/megapets.eu\/sk\/?s={search_term_string}"},"query-input":{"@type":"PropertyValueSpecification","valueRequired":true,"valueName":"search_term_string"}}],"inLanguage":"sk-SK"},{"@type":"Organization","@id":"https:\/\/megapets.eu\/sk\/#organization","name":"Mega Pets","url":"https:\/\/megapets.eu\/sk\/","logo":{"@type":"ImageObject","inLanguage":"sk-SK","@id":"https:\/\/megapets.eu\/sk\/#\/schema\/logo\/image\/","url":"https:\/\/megapets.eu\/wp-content\/uploads\/2025\/04\/megapets_eu-logo.png","contentUrl":"https:\/\/megapets.eu\/wp-content\/uploads\/2025\/04\/megapets_eu-logo.png","width":2362,"height":2362,"caption":"Mega Pets"},"image":{"@id":"https:\/\/megapets.eu\/sk\/#\/schema\/logo\/image\/"},"sameAs":["https:\/\/www.facebook.com\/MegaPets.eu\/"]}]}},"_links":{"self":[{"href":"https:\/\/megapets.eu\/sk\/wp-json\/wp\/v2\/product\/5953","targetHints":{"allow":["GET"]}}],"collection":[{"href":"https:\/\/megapets.eu\/sk\/wp-json\/wp\/v2\/product"}],"about":[{"href":"https:\/\/megapets.eu\/sk\/wp-json\/wp\/v2\/types\/product"}],"wp:featuredmedia":[{"embeddable":true,"href":"https:\/\/megapets.eu\/sk\/wp-json\/wp\/v2\/media\/13915"}],"wp:attachment":[{"href":"https:\/\/megapets.eu\/sk\/wp-json\/wp\/v2\/media?parent=5953"}],"wp:term":[{"taxonomy":"product_cat","embeddable":true,"href":"https:\/\/megapets.eu\/sk\/wp-json\/wp\/v2\/product_cat?post=5953"},{"taxonomy":"product_tag","embeddable":true,"href":"https:\/\/megapets.eu\/sk\/wp-json\/wp\/v2\/product_tag?post=5953"}],"curies":[{"name":"wp","href":"https:\/\/api.w.org\/{rel}","templated":true}]}}