{"id":5979,"date":"2024-10-06T09:28:14","date_gmt":"2024-10-06T09:28:14","guid":{"rendered":"https:\/\/megapets.eu\/nezaraden\u00e9\/gyna-centurio-gambiaexoticke-svaby\/"},"modified":"2024-10-06T09:28:14","modified_gmt":"2024-10-06T09:28:14","slug":"gyna-centurio-gambiaexoticke-svaby","status":"publish","type":"product","link":"https:\/\/megapets.eu\/sk\/ine\/gyna-centurio-gambiaexoticke-svaby\/","title":{"rendered":"Gyna centurio &#8218;Gambia&#8216;<br \/>Exotick\u00e9 \u0161v\u00e1by"},"content":{"rendered":"<p class=\"v1v1v1v1MsoNormal\"><span style=\"color: #424242;\"><strong><em><span style=\"font-size: 15px;\"><strong style=\"color: #424242;\"><span class=\"x1xsqp64 xiy17q3 x1o6pynw x19co3pv xdj266r xcwd3tp xat24cr x39eecv x2b8uid\" data-testid=\"emoji\"><span class=\"xexx8yu xn5pp95 x18d9i69 x2fxd7x x3jgonx x1bhl96m\">Exotick\u00e9 \u0161v\u00e1by: druh: Gyna centurio Gambia.<\/span><\/span><\/strong><\/span><\/em><\/strong><\/span><\/p>\n<p class=\"v1v1v1v1MsoNormal\"><span style=\"color: #424242;\"><strong><em><span style=\"font-size: 15px;\"><strong style=\"color: #424242;\"><span class=\"x1xsqp64 xiy17q3 x1o6pynw x19co3pv xdj266r xcwd3tp xat24cr x39eecv x2b8uid\" data-testid=\"emoji\"><span class=\"xexx8yu xn5pp95 x18d9i69 x2fxd7x x3jgonx x1bhl96m\"><b>\u2764\ufe0f H\u013ead\u00e1te nie\u010do z\u00e1bavn\u00e9 na za\u010diatok chovu?<\/b> Exotick\u00e9 \u0161v\u00e1by na hobby chov. S\u00fa to \u013eahko chovate\u013en\u00e9 tvory, zauj\u00edmav\u00e9 na pozorovanie. Pre \u010dloveka s\u00fa \u00faplne bezpe\u010dn\u00e9, nehryz\u00fa. Maj\u00fa slab\u00e9 \u010de\u013euste, ktor\u00e9 s\u00fa prisp\u00f4soben\u00e9 na drvenie rastlinnej hmoty. \u0160v\u00e1by uprednost\u0148uj\u00fa tienist\u00e9 miesta a \u017eivia sa listami, zeleninou, ovoc\u00edm, s\u00e9piou (s\u00e9piovou kos\u0165ou) a su\u0161en\u00fdmi kl\u00ed\u010dkami Gammarus.<\/span><\/span><\/strong><\/span><\/em><\/strong><\/span><\/p>\n<p class=\"v1v1v1v1MsoNormal\"><span style=\"color: #424242;\"><strong><em><span style=\"font-size: 15px;\"><span class=\"x1xsqp64 xiy17q3 x1o6pynw x19co3pv xdj266r xcwd3tp xat24cr x39eecv x2b8uid\" data-testid=\"emoji\"><span class=\"xexx8yu xn5pp95 x18d9i69 x2fxd7x x3jgonx x1bhl96m\"><img decoding=\"async\" src=\"https:\/\/static.xx.fbcdn.net\/images\/emoji.php\/v9\/t1e\/1\/16\/1f33f.png\" alt=\"\ud83c\udf3f\" \/> <\/span><\/span>V\u0161etko, \u010do tak\u00fdto \u017eivo\u010d\u00edch potrebuje k \u00faspe\u0161n\u00e9mu rastu a \u017eivotu v ter\u00e1riu, je:<\/span><\/em><\/strong><\/span><\/p>\n<p class=\"v1v1v1v1MsoNormal\"><span style=\"font-size: 15px;\"><strong><em><span style=\"color: #008000;\">*V\u0161etko, \u010do tak\u00fdto \u017eivo\u010d\u00edch potrebuje k \u00faspe\u0161n\u00e9mu rastu a \u017eivotu v ter\u00e1riu, je:<\/span><\/em><\/strong><\/span><\/p>\n<p><span style=\"font-size: 15px;\"><strong><em><span style=\"color: #008000;\">* Substr\u00e1t \/ potrava: Substr\u00e1t na chov exotick\u00fdch \u0161v\u00e1bov;<\/span><\/em><\/strong><\/span><\/p>\n<p><span style=\"font-size: 15px;\"><strong><em><span style=\"color: #008000;\">* Potrava: \u010cerstv\u00e1 zelenina a ovocie;<\/span><\/em><\/strong><\/span><\/p>\n<p><span style=\"font-size: 15px;\"><strong><em><span style=\"color: #008000;\">* Potrava: Rozomlet\u00e9 gamary s\u00fa su\u0161en\u00e9 kl\u00ed\u010dky bohat\u00e9 na makro- a mikro\u017eiviny, prirodzen\u00fd zdroj \u017eivo\u010d\u00ed\u0161nych bielkov\u00edn a chit\u00ednu;<\/span><\/em><\/strong><\/span><\/p>\n<p><span style=\"font-size: 15px;\"><strong><em><span style=\"color: #008000;\">* Potrava: Sepia &#8211; s\u00e9piov\u00e1 kos\u0165 je prirodzen\u00fdm zdrojom v\u00e1pnika pre terarijn\u00e9 \u017eivo\u010d\u00edchy;<\/span><\/em><\/strong><\/span><\/p>\n<p><span style=\"font-size: 15px;\"><strong><em><span style=\"color: #008000;\">* Ter\u00e1rium: N\u00e1doba na chov.<\/span><\/em><\/strong><\/span><\/p>\n","protected":false},"excerpt":{"rendered":"<ul class=\"product_attributes\">\n<li><strong>Cie\u013eov\u00e1 ve\u013ekos\u0165 exempl\u00e1rov:<\/strong> <span style=\"color: #000000;\">cca 2,5-4 cm<\/span><\/li>\n<li>Pon\u00fakan\u00e9 ml\u00e1\u010fat\u00e1: <span style=\"color: #000000;\">mix 0,5 -1 cm<\/span><\/li>\n<li>Cena je za sadu: <span style=\"color: #000000;\">12 exempl\u00e1rov<\/span><\/li>\n<\/ul>\n","protected":false},"featured_media":5981,"template":"","meta":{"_acf_changed":false,"_links_to":"","_links_to_target":""},"product_cat":[152],"product_tag":[],"class_list":{"0":"post-5979","1":"product","2":"type-product","3":"status-publish","4":"has-post-thumbnail","6":"product_cat-ine","8":"first","9":"outofstock","10":"shipping-taxable","11":"purchasable","12":"product-type-simple"},"acf":[],"yoast_head":"<!-- This site is optimized with the Yoast SEO plugin v24.9 - https:\/\/yoast.com\/wordpress\/plugins\/seo\/ -->\n<title>Gyna centurio &#039;Gambia&#039;Exotick\u00e9 \u0161v\u00e1by | MegaPets<\/title>\n<meta name=\"robots\" content=\"index, follow, max-snippet:-1, max-image-preview:large, max-video-preview:-1\" \/>\n<link rel=\"canonical\" href=\"https:\/\/megapets.eu\/sk\/ine\/gyna-centurio-gambiaexoticke-svaby\/\" \/>\n<meta property=\"og:locale\" content=\"sk_SK\" \/>\n<meta property=\"og:type\" content=\"article\" \/>\n<meta property=\"og:title\" content=\"Gyna centurio &#039;Gambia&#039;Exotick\u00e9 \u0161v\u00e1by | MegaPets\" \/>\n<meta property=\"og:description\" content=\"Cie\u013eov\u00e1 ve\u013ekos\u0165 exempl\u00e1rov: cca 2,5-4 cm  Pon\u00fakan\u00e9 ml\u00e1\u010fat\u00e1: mix 0,5 -1 cm  Cena je za sadu: 12 exempl\u00e1rov\" \/>\n<meta property=\"og:url\" content=\"https:\/\/megapets.eu\/sk\/ine\/gyna-centurio-gambiaexoticke-svaby\/\" \/>\n<meta property=\"og:site_name\" content=\"MegaPets\" \/>\n<meta property=\"article:publisher\" content=\"https:\/\/www.facebook.com\/MegaPets.eu\/\" \/>\n<meta property=\"og:image\" content=\"https:\/\/megapets.eu\/wp-content\/uploads\/2024\/10\/IMG_20200830_161127-scaled.jpg\" \/>\n\t<meta property=\"og:image:width\" content=\"2560\" \/>\n\t<meta property=\"og:image:height\" content=\"1707\" \/>\n\t<meta property=\"og:image:type\" content=\"image\/jpeg\" \/>\n<meta name=\"twitter:card\" content=\"summary_large_image\" \/>\n<meta name=\"twitter:label1\" content=\"Predpokladan\u00fd \u010das \u010d\u00edtania\" \/>\n\t<meta name=\"twitter:data1\" content=\"1 min\u00fata\" \/>\n<script type=\"application\/ld+json\" class=\"yoast-schema-graph\">{\"@context\":\"https:\/\/schema.org\",\"@graph\":[{\"@type\":\"WebPage\",\"@id\":\"https:\/\/megapets.eu\/sk\/ine\/gyna-centurio-gambiaexoticke-svaby\/\",\"url\":\"https:\/\/megapets.eu\/sk\/ine\/gyna-centurio-gambiaexoticke-svaby\/\",\"name\":\"Gyna centurio 'Gambia' Exotick\u00e9 \u0161v\u00e1by | MegaPets\",\"isPartOf\":{\"@id\":\"https:\/\/megapets.eu\/sk\/#website\"},\"primaryImageOfPage\":{\"@id\":\"https:\/\/megapets.eu\/sk\/ine\/gyna-centurio-gambiaexoticke-svaby\/#primaryimage\"},\"image\":{\"@id\":\"https:\/\/megapets.eu\/sk\/ine\/gyna-centurio-gambiaexoticke-svaby\/#primaryimage\"},\"thumbnailUrl\":\"https:\/\/megapets.eu\/wp-content\/uploads\/2024\/10\/IMG_20200830_161127-scaled.jpg\",\"datePublished\":\"2024-10-06T09:28:14+00:00\",\"breadcrumb\":{\"@id\":\"https:\/\/megapets.eu\/sk\/ine\/gyna-centurio-gambiaexoticke-svaby\/#breadcrumb\"},\"inLanguage\":\"sk-SK\",\"potentialAction\":[{\"@type\":\"ReadAction\",\"target\":[\"https:\/\/megapets.eu\/sk\/ine\/gyna-centurio-gambiaexoticke-svaby\/\"]}]},{\"@type\":\"ImageObject\",\"inLanguage\":\"sk-SK\",\"@id\":\"https:\/\/megapets.eu\/sk\/ine\/gyna-centurio-gambiaexoticke-svaby\/#primaryimage\",\"url\":\"https:\/\/megapets.eu\/wp-content\/uploads\/2024\/10\/IMG_20200830_161127-scaled.jpg\",\"contentUrl\":\"https:\/\/megapets.eu\/wp-content\/uploads\/2024\/10\/IMG_20200830_161127-scaled.jpg\",\"width\":2560,\"height\":1707},{\"@type\":\"BreadcrumbList\",\"@id\":\"https:\/\/megapets.eu\/sk\/ine\/gyna-centurio-gambiaexoticke-svaby\/#breadcrumb\",\"itemListElement\":[{\"@type\":\"ListItem\",\"position\":1,\"name\":\"Strona g\u0142\u00f3wna\",\"item\":\"https:\/\/megapets.eu\/sk\/\"},{\"@type\":\"ListItem\",\"position\":2,\"name\":\"Obchod\",\"item\":\"https:\/\/megapets.eu\/obchod\/\"},{\"@type\":\"ListItem\",\"position\":3,\"name\":\"Gyna centurio 'Gambia&#8217;Exotick\u00e9 \u0161v\u00e1by\"}]},{\"@type\":\"WebSite\",\"@id\":\"https:\/\/megapets.eu\/sk\/#website\",\"url\":\"https:\/\/megapets.eu\/sk\/\",\"name\":\"Mega Pets\",\"description\":\"Jedna z najwi\u0119kszych hodowli \u015blimak\u00f3w w Europie\",\"publisher\":{\"@id\":\"https:\/\/megapets.eu\/sk\/#organization\"},\"alternateName\":\"Mega Pets\",\"potentialAction\":[{\"@type\":\"SearchAction\",\"target\":{\"@type\":\"EntryPoint\",\"urlTemplate\":\"https:\/\/megapets.eu\/sk\/?s={search_term_string}\"},\"query-input\":{\"@type\":\"PropertyValueSpecification\",\"valueRequired\":true,\"valueName\":\"search_term_string\"}}],\"inLanguage\":\"sk-SK\"},{\"@type\":\"Organization\",\"@id\":\"https:\/\/megapets.eu\/sk\/#organization\",\"name\":\"Mega Pets\",\"url\":\"https:\/\/megapets.eu\/sk\/\",\"logo\":{\"@type\":\"ImageObject\",\"inLanguage\":\"sk-SK\",\"@id\":\"https:\/\/megapets.eu\/sk\/#\/schema\/logo\/image\/\",\"url\":\"https:\/\/megapets.eu\/wp-content\/uploads\/2025\/04\/megapets_eu-logo.png\",\"contentUrl\":\"https:\/\/megapets.eu\/wp-content\/uploads\/2025\/04\/megapets_eu-logo.png\",\"width\":2362,\"height\":2362,\"caption\":\"Mega Pets\"},\"image\":{\"@id\":\"https:\/\/megapets.eu\/sk\/#\/schema\/logo\/image\/\"},\"sameAs\":[\"https:\/\/www.facebook.com\/MegaPets.eu\/\"]}]}<\/script>\n<!-- \/ Yoast SEO plugin. -->","yoast_head_json":{"title":"Gyna centurio 'Gambia'Exotick\u00e9 \u0161v\u00e1by | MegaPets","robots":{"index":"index","follow":"follow","max-snippet":"max-snippet:-1","max-image-preview":"max-image-preview:large","max-video-preview":"max-video-preview:-1"},"canonical":"https:\/\/megapets.eu\/sk\/ine\/gyna-centurio-gambiaexoticke-svaby\/","og_locale":"sk_SK","og_type":"article","og_title":"Gyna centurio 'Gambia'Exotick\u00e9 \u0161v\u00e1by | MegaPets","og_description":"Cie\u013eov\u00e1 ve\u013ekos\u0165 exempl\u00e1rov: cca 2,5-4 cm  Pon\u00fakan\u00e9 ml\u00e1\u010fat\u00e1: mix 0,5 -1 cm  Cena je za sadu: 12 exempl\u00e1rov","og_url":"https:\/\/megapets.eu\/sk\/ine\/gyna-centurio-gambiaexoticke-svaby\/","og_site_name":"MegaPets","article_publisher":"https:\/\/www.facebook.com\/MegaPets.eu\/","og_image":[{"width":2560,"height":1707,"url":"https:\/\/megapets.eu\/wp-content\/uploads\/2024\/10\/IMG_20200830_161127-scaled.jpg","type":"image\/jpeg"}],"twitter_card":"summary_large_image","twitter_misc":{"Predpokladan\u00fd \u010das \u010d\u00edtania":"1 min\u00fata"},"schema":{"@context":"https:\/\/schema.org","@graph":[{"@type":"WebPage","@id":"https:\/\/megapets.eu\/sk\/ine\/gyna-centurio-gambiaexoticke-svaby\/","url":"https:\/\/megapets.eu\/sk\/ine\/gyna-centurio-gambiaexoticke-svaby\/","name":"Gyna centurio 'Gambia' Exotick\u00e9 \u0161v\u00e1by | MegaPets","isPartOf":{"@id":"https:\/\/megapets.eu\/sk\/#website"},"primaryImageOfPage":{"@id":"https:\/\/megapets.eu\/sk\/ine\/gyna-centurio-gambiaexoticke-svaby\/#primaryimage"},"image":{"@id":"https:\/\/megapets.eu\/sk\/ine\/gyna-centurio-gambiaexoticke-svaby\/#primaryimage"},"thumbnailUrl":"https:\/\/megapets.eu\/wp-content\/uploads\/2024\/10\/IMG_20200830_161127-scaled.jpg","datePublished":"2024-10-06T09:28:14+00:00","breadcrumb":{"@id":"https:\/\/megapets.eu\/sk\/ine\/gyna-centurio-gambiaexoticke-svaby\/#breadcrumb"},"inLanguage":"sk-SK","potentialAction":[{"@type":"ReadAction","target":["https:\/\/megapets.eu\/sk\/ine\/gyna-centurio-gambiaexoticke-svaby\/"]}]},{"@type":"ImageObject","inLanguage":"sk-SK","@id":"https:\/\/megapets.eu\/sk\/ine\/gyna-centurio-gambiaexoticke-svaby\/#primaryimage","url":"https:\/\/megapets.eu\/wp-content\/uploads\/2024\/10\/IMG_20200830_161127-scaled.jpg","contentUrl":"https:\/\/megapets.eu\/wp-content\/uploads\/2024\/10\/IMG_20200830_161127-scaled.jpg","width":2560,"height":1707},{"@type":"BreadcrumbList","@id":"https:\/\/megapets.eu\/sk\/ine\/gyna-centurio-gambiaexoticke-svaby\/#breadcrumb","itemListElement":[{"@type":"ListItem","position":1,"name":"Strona g\u0142\u00f3wna","item":"https:\/\/megapets.eu\/sk\/"},{"@type":"ListItem","position":2,"name":"Obchod","item":"https:\/\/megapets.eu\/obchod\/"},{"@type":"ListItem","position":3,"name":"Gyna centurio 'Gambia&#8217;Exotick\u00e9 \u0161v\u00e1by"}]},{"@type":"WebSite","@id":"https:\/\/megapets.eu\/sk\/#website","url":"https:\/\/megapets.eu\/sk\/","name":"Mega Pets","description":"Jedna z najwi\u0119kszych hodowli \u015blimak\u00f3w w Europie","publisher":{"@id":"https:\/\/megapets.eu\/sk\/#organization"},"alternateName":"Mega Pets","potentialAction":[{"@type":"SearchAction","target":{"@type":"EntryPoint","urlTemplate":"https:\/\/megapets.eu\/sk\/?s={search_term_string}"},"query-input":{"@type":"PropertyValueSpecification","valueRequired":true,"valueName":"search_term_string"}}],"inLanguage":"sk-SK"},{"@type":"Organization","@id":"https:\/\/megapets.eu\/sk\/#organization","name":"Mega Pets","url":"https:\/\/megapets.eu\/sk\/","logo":{"@type":"ImageObject","inLanguage":"sk-SK","@id":"https:\/\/megapets.eu\/sk\/#\/schema\/logo\/image\/","url":"https:\/\/megapets.eu\/wp-content\/uploads\/2025\/04\/megapets_eu-logo.png","contentUrl":"https:\/\/megapets.eu\/wp-content\/uploads\/2025\/04\/megapets_eu-logo.png","width":2362,"height":2362,"caption":"Mega Pets"},"image":{"@id":"https:\/\/megapets.eu\/sk\/#\/schema\/logo\/image\/"},"sameAs":["https:\/\/www.facebook.com\/MegaPets.eu\/"]}]}},"_links":{"self":[{"href":"https:\/\/megapets.eu\/sk\/wp-json\/wp\/v2\/product\/5979","targetHints":{"allow":["GET"]}}],"collection":[{"href":"https:\/\/megapets.eu\/sk\/wp-json\/wp\/v2\/product"}],"about":[{"href":"https:\/\/megapets.eu\/sk\/wp-json\/wp\/v2\/types\/product"}],"wp:featuredmedia":[{"embeddable":true,"href":"https:\/\/megapets.eu\/sk\/wp-json\/wp\/v2\/media\/5981"}],"wp:attachment":[{"href":"https:\/\/megapets.eu\/sk\/wp-json\/wp\/v2\/media?parent=5979"}],"wp:term":[{"taxonomy":"product_cat","embeddable":true,"href":"https:\/\/megapets.eu\/sk\/wp-json\/wp\/v2\/product_cat?post=5979"},{"taxonomy":"product_tag","embeddable":true,"href":"https:\/\/megapets.eu\/sk\/wp-json\/wp\/v2\/product_tag?post=5979"}],"curies":[{"name":"wp","href":"https:\/\/api.w.org\/{rel}","templated":true}]}}