{"id":5995,"date":"2024-10-06T08:36:06","date_gmt":"2024-10-06T08:36:06","guid":{"rendered":"https:\/\/megapets.eu\/nezaraden\u00e9\/euphrynichus-bacilliferterariovy-pavukovec\/"},"modified":"2024-10-06T08:36:06","modified_gmt":"2024-10-06T08:36:06","slug":"euphrynichus-bacilliferterariovy-pavukovec","status":"publish","type":"product","link":"https:\/\/megapets.eu\/sk\/ine\/euphrynichus-bacilliferterariovy-pavukovec\/","title":{"rendered":"Euphrynichus bacillifer<br \/>Ter\u00e1riov\u00fd pav\u00fakovec"},"content":{"rendered":"<p class=\"v1v1v1v1MsoNormal\"><span style=\"color: #424242;\"><strong><em><span style=\"font-size: 15px;\">Amblypygi: Euphrynichus bacillifer species.<\/span><\/em><\/strong><\/span><\/p>\n<p><strong style=\"color: #424242;\"><em><span style=\"font-size: 15px;\"><strong><span class=\"x1xsqp64 xiy17q3 x1o6pynw x19co3pv xdj266r xcwd3tp xat24cr x39eecv x2b8uid\" data-testid=\"emoji\"><span class=\"xexx8yu xn5pp95 x18d9i69 x2fxd7x x3jgonx x1bhl96m\"><br \/>\n<img decoding=\"async\" src=\"https:\/\/static.xx.fbcdn.net\/images\/emoji.php\/v9\/tba\/1\/16\/1f54a.png\" alt=\"\ud83d\udd4a\" \/><img decoding=\"async\" src=\"https:\/\/static.xx.fbcdn.net\/images\/emoji.php\/v9\/t1e\/1\/16\/1f33f.png\" alt=\"\ud83c\udf3f\" \/><img decoding=\"async\" src=\"https:\/\/static.xx.fbcdn.net\/images\/emoji.php\/v9\/tba\/1\/16\/1f54a.png\" alt=\"\ud83d\udd4a\" \/><img decoding=\"async\" src=\"https:\/\/static.xx.fbcdn.net\/images\/emoji.php\/v9\/t1e\/1\/16\/1f33f.png\" alt=\"\ud83c\udf3f\" \/><img decoding=\"async\" src=\"https:\/\/static.xx.fbcdn.net\/images\/emoji.php\/v9\/tba\/1\/16\/1f54a.png\" alt=\"\ud83d\udd4a\" \/>Amblypygi Euphrynichus bacillifer nie s\u00fa jedovat\u00e9 \u017eivo\u010d\u00edchy, s\u00fa mierne a \u013eahko chovate\u013en\u00e9, odpor\u00fa\u010daj\u00fa sa pre za\u010diato\u010dn\u00edkov. Arachnidy \ud83d\udd77\ud83d\udd78 druhu Euphrynichus bacillifer dorastaj\u00fa do ve\u013ekosti ruky\ud83d\udda4. <\/span><\/span><\/strong><\/span><\/em><\/strong><\/p>\n<p><strong style=\"color: #424242;\"><em><span style=\"font-size: 15px;\"><strong><span class=\"x1xsqp64 xiy17q3 x1o6pynw x19co3pv xdj266r xcwd3tp xat24cr x39eecv x2b8uid\" data-testid=\"emoji\"><span class=\"xexx8yu xn5pp95 x18d9i69 x2fxd7x x3jgonx x1bhl96m\"><span style=\"font-size: 15px; color: #424242;\"><span style=\"color: #424242;\">\ud83d\udd77\ud83d\udd78\u2764\ufe0f<\/span><\/span><span style=\"font-size: 15px; color: #424242;\"><span style=\"color: #424242;\"> <\/span><\/span>H\u013ead\u00e1te nie\u010do super na chov do za\u010diatku? Amblypygi (Phrynus) s\u00fa \u00fa\u017easn\u00e9 zvierat\u00e1, ktor\u00e9 dorastaj\u00fa do obrovsk\u00fdch rozmerov, a\u017e do ve\u013ekosti dlane. Euphrynichus bacillifer sa od ostatn\u00fdch druhov amblypygov l\u00ed\u0161i t\u00fdm, \u017ee sa ve\u013emi \u013eahko chov\u00e1 a odpor\u00fa\u010da sa pre za\u010diato\u010dn\u00edkov. Tento druh amblypyga sa vyzna\u010duje ve\u013emi pokojn\u00fdm a harmonick\u00fdm spr\u00e1van\u00edm. M\u00e1lokedy zauj\u00edmaj\u00fa obrann\u00fd postoj a nekoristia svoje vlastn\u00e9 druhy, uprednost\u0148uj\u00fa cvr\u010dky a \u0161v\u00e1by. Tento druh bez probl\u00e9mov prech\u00e1dza pe\u013een\u00edm a v zajat\u00ed sa rozmno\u017euje. R\u00fdchlo rastie a te\u0161\u00ed svojich majite\u013eov.<\/span><\/span><\/strong><\/span><\/em><\/strong><\/p>\n<p><strong style=\"color: #424242;\"><em><span style=\"font-size: 15px;\"><strong><span class=\"x1xsqp64 xiy17q3 x1o6pynw x19co3pv xdj266r xcwd3tp xat24cr x39eecv x2b8uid\" data-testid=\"emoji\"><span class=\"xexx8yu xn5pp95 x18d9i69 x2fxd7x x3jgonx x1bhl96m\"><img decoding=\"async\" src=\"https:\/\/static.xx.fbcdn.net\/images\/emoji.php\/v9\/t50\/1\/16\/1f525.png\" alt=\"\ud83d\udd25\" \/><img decoding=\"async\" src=\"https:\/\/static.xx.fbcdn.net\/images\/emoji.php\/v9\/t50\/1\/16\/1f525.png\" alt=\"\ud83d\udd25\" \/><img decoding=\"async\" src=\"https:\/\/static.xx.fbcdn.net\/images\/emoji.php\/v9\/t50\/1\/16\/1f525.png\" alt=\"\ud83d\udd25\" \/> Je to ve\u013emi ob\u013e\u00faben\u00e9 dom\u00e1ce zvieratko, ktor\u00e9 m\u00f4\u017eete pozna\u0165 zo \u0161tvrt\u00e9ho dielu Harryho Pottera <img decoding=\"async\" src=\"https:\/\/static.xx.fbcdn.net\/images\/emoji.php\/v9\/t50\/1\/16\/1f525.png\" alt=\"\ud83d\udd25\" \/><img decoding=\"async\" src=\"https:\/\/static.xx.fbcdn.net\/images\/emoji.php\/v9\/t50\/1\/16\/1f525.png\" alt=\"\ud83d\udd25\" \/><img decoding=\"async\" src=\"https:\/\/static.xx.fbcdn.net\/images\/emoji.php\/v9\/t50\/1\/16\/1f525.png\" alt=\"\ud83d\udd25\" \/>.<\/span><\/span><\/strong><\/span><\/em><\/strong><\/p>\n<p><strong style=\"color: #424242;\"><strong><em><span style=\"font-size: 15px; color: #424242;\"><span style=\"font-size: 15px;\"><span class=\"x1xsqp64 xiy17q3 x1o6pynw x19co3pv xdj266r xcwd3tp xat24cr x39eecv x2b8uid\" data-testid=\"emoji\"><span class=\"xexx8yu xn5pp95 x18d9i69 x2fxd7x x3jgonx x1bhl96m\"><span style=\"color: #424242;\">\u2764\ufe0f\ud83e\udde1\u2764\ufe0f <\/span><\/span><\/span><\/span>H\u013ead\u00e1te nie\u010do z\u00e1bavn\u00e9 na chov na za\u010diatok? Sk\u00e1kavky s\u00fa kr\u00e1sne a \u013eahko chovate\u013en\u00e9 tvory, pre \u010dloveka \u00faplne bezpe\u010dn\u00e9 a nehryz\u00fa. Maj\u00fa slab\u00e9 \u010de\u013euste, ktor\u00e9 s\u00fa prisp\u00f4soben\u00e9 na drvenie rastlinnej hmoty. Skokany uprednost\u0148uj\u00fa vlhk\u00e9 miesta, \u017eij\u00fa vo vrchnej vrstve substr\u00e1tu a \u017eivia sa listami, viaczlo\u017ekov\u00fdm substr\u00e1tom ur\u010den\u00fdm na chov krokod\u00edlov a zeleninou a ovoc\u00edm.<\/span><\/em><\/strong><\/strong><\/p>\n<p class=\"v1v1v1v1MsoNormal\"><span style=\"color: #424242;\"><strong><em><span style=\"font-size: 15px;\"><span class=\"x1xsqp64 xiy17q3 x1o6pynw x19co3pv xdj266r xcwd3tp xat24cr x39eecv x2b8uid\" data-testid=\"emoji\"><span class=\"xexx8yu xn5pp95 x18d9i69 x2fxd7x x3jgonx x1bhl96m\"><img decoding=\"async\" src=\"https:\/\/static.xx.fbcdn.net\/images\/emoji.php\/v9\/t1e\/1\/16\/1f33f.png\" alt=\"\ud83c\udf3f\" \/> <\/span><\/span>V\u0161etko, \u010do tak\u00e9to zviera potrebuje na \u00faspe\u0161n\u00fd v\u00fdvoj a \u017eivot v ter\u00e1riu, je:<\/span><\/em><\/strong><\/span><\/p>\n<p class=\"v1v1v1v1MsoNormal\"><span style=\"color: #008000;\"><strong><em><span style=\"font-size: 15px;\">* K\u00f4ra korkov\u00e9ho duba. Na k\u00f4re zviera tr\u00e1vi v\u00e4\u010d\u0161inu svojho \u017eivota, prech\u00e1dza pe\u013eovan\u00edm, k\u0155mi sa a vyu\u017e\u00edva tienist\u00e9 miesto ako \u00fakryt.<\/span><\/em><\/strong><\/span><\/p>\n<p class=\"v1v1v1v1MsoNormal\"><span style=\"color: #008000;\"><strong><em><span style=\"font-size: 15px;\">* Odpor\u00fa\u010dan\u00e1 teplota v miestnosti 22 &#8211; 26 \u00b0C, vlhkos\u0165 vzduchu 70 %. <\/span><\/em><\/strong><\/span><\/p>\n<p class=\"v1v1v1v1MsoNormal\"><span style=\"color: #008000;\"><strong><em><span style=\"font-size: 15px;\">* Z\u00e1kladnou stravou tak\u00e9hoto zvieratka s\u00fa cvr\u010dky a \u0161v\u00e1by 2-3 kr\u00e1t men\u0161ie ako pav\u00fakovec.<\/span><\/em><\/strong><\/span><\/p>\n<p class=\"v1v1v1v1MsoNormal\"><span style=\"color: #008000;\"><strong><em><span style=\"font-size: 15px;\">* Amblypidy potrebuj\u00fa dobr\u00e9 vetranie, nezn\u00e1\u0161aj\u00fa plesne a stagnuj\u00faci vzduch. Sie\u0165ka sl\u00fa\u017ei len na vetranie ter\u00e1ria;<\/span><\/em><\/strong><\/span><\/p>\n<p class=\"v1v1v1v1MsoNormal\"><span style=\"color: #008000;\"><strong><em><span style=\"font-size: 15px;\">* Vermikulit je ide\u00e1lny substr\u00e1t na chov tohto druhu zvierat. Nepodlieha plesniam, ne\u017eiaduci hostia sa na \u0148om neuchytia a \u013eahko sa na \u0148om udr\u017eiava primeran\u00e1 vlhkos\u0165.<\/span><\/em><\/strong><\/span><\/p>\n","protected":false},"excerpt":{"rendered":"<ul class=\"product_attributes\">\n<li><strong>Cie\u013eov\u00e1 ve\u013ekos\u0165 jedincov:<\/strong> <span style=\"color: #000000;\">asi 8 cm<\/span><\/li>\n<li>Pon\u00fakan\u00e9 ml\u00e1\u010fat\u00e1: 1-2<span style=\"color: #000000;\"> cm<\/span><\/li>\n<li>Cena je za: 1<span style=\"color: #000000;\"> ks<\/span><\/li>\n<\/ul>\n","protected":false},"featured_media":5996,"template":"","meta":{"_acf_changed":false,"_links_to":"","_links_to_target":""},"product_cat":[152],"product_tag":[],"class_list":{"0":"post-5995","1":"product","2":"type-product","3":"status-publish","4":"has-post-thumbnail","6":"product_cat-ine","8":"first","9":"instock","10":"shipping-taxable","11":"purchasable","12":"product-type-simple"},"acf":[],"yoast_head":"<!-- This site is optimized with the Yoast SEO plugin v24.9 - https:\/\/yoast.com\/wordpress\/plugins\/seo\/ -->\n<title>Euphrynichus bacilliferTer\u00e1riov\u00fd pav\u00fakovec | MegaPets<\/title>\n<meta name=\"robots\" content=\"index, follow, max-snippet:-1, max-image-preview:large, max-video-preview:-1\" \/>\n<link rel=\"canonical\" href=\"https:\/\/megapets.eu\/sk\/ine\/euphrynichus-bacilliferterariovy-pavukovec\/\" \/>\n<meta property=\"og:locale\" content=\"sk_SK\" \/>\n<meta property=\"og:type\" content=\"article\" \/>\n<meta property=\"og:title\" content=\"Euphrynichus bacilliferTer\u00e1riov\u00fd pav\u00fakovec | MegaPets\" \/>\n<meta property=\"og:description\" content=\"Cie\u013eov\u00e1 ve\u013ekos\u0165 jedincov: asi 8 cm  Pon\u00fakan\u00e9 ml\u00e1\u010fat\u00e1: 1-2 cm  Cena je za: 1 ks\" \/>\n<meta property=\"og:url\" content=\"https:\/\/megapets.eu\/sk\/ine\/euphrynichus-bacilliferterariovy-pavukovec\/\" \/>\n<meta property=\"og:site_name\" content=\"MegaPets\" \/>\n<meta property=\"article:publisher\" content=\"https:\/\/www.facebook.com\/MegaPets.eu\/\" \/>\n<meta property=\"og:image\" content=\"https:\/\/megapets.eu\/wp-content\/uploads\/2024\/10\/5-3-1024x683.png\" \/>\n\t<meta property=\"og:image:width\" content=\"1024\" \/>\n\t<meta property=\"og:image:height\" content=\"683\" \/>\n\t<meta property=\"og:image:type\" content=\"image\/png\" \/>\n<meta name=\"twitter:card\" content=\"summary_large_image\" \/>\n<meta name=\"twitter:label1\" content=\"Predpokladan\u00fd \u010das \u010d\u00edtania\" \/>\n\t<meta name=\"twitter:data1\" content=\"2 min\u00fata\" \/>\n<script type=\"application\/ld+json\" class=\"yoast-schema-graph\">{\"@context\":\"https:\/\/schema.org\",\"@graph\":[{\"@type\":\"WebPage\",\"@id\":\"https:\/\/megapets.eu\/sk\/ine\/euphrynichus-bacilliferterariovy-pavukovec\/\",\"url\":\"https:\/\/megapets.eu\/sk\/ine\/euphrynichus-bacilliferterariovy-pavukovec\/\",\"name\":\"Euphrynichus bacillifer Ter\u00e1riov\u00fd pav\u00fakovec | MegaPets\",\"isPartOf\":{\"@id\":\"https:\/\/megapets.eu\/sk\/#website\"},\"primaryImageOfPage\":{\"@id\":\"https:\/\/megapets.eu\/sk\/ine\/euphrynichus-bacilliferterariovy-pavukovec\/#primaryimage\"},\"image\":{\"@id\":\"https:\/\/megapets.eu\/sk\/ine\/euphrynichus-bacilliferterariovy-pavukovec\/#primaryimage\"},\"thumbnailUrl\":\"https:\/\/megapets.eu\/wp-content\/uploads\/2024\/10\/5-3.png\",\"datePublished\":\"2024-10-06T08:36:06+00:00\",\"breadcrumb\":{\"@id\":\"https:\/\/megapets.eu\/sk\/ine\/euphrynichus-bacilliferterariovy-pavukovec\/#breadcrumb\"},\"inLanguage\":\"sk-SK\",\"potentialAction\":[{\"@type\":\"ReadAction\",\"target\":[\"https:\/\/megapets.eu\/sk\/ine\/euphrynichus-bacilliferterariovy-pavukovec\/\"]}]},{\"@type\":\"ImageObject\",\"inLanguage\":\"sk-SK\",\"@id\":\"https:\/\/megapets.eu\/sk\/ine\/euphrynichus-bacilliferterariovy-pavukovec\/#primaryimage\",\"url\":\"https:\/\/megapets.eu\/wp-content\/uploads\/2024\/10\/5-3.png\",\"contentUrl\":\"https:\/\/megapets.eu\/wp-content\/uploads\/2024\/10\/5-3.png\",\"width\":3390,\"height\":2260},{\"@type\":\"BreadcrumbList\",\"@id\":\"https:\/\/megapets.eu\/sk\/ine\/euphrynichus-bacilliferterariovy-pavukovec\/#breadcrumb\",\"itemListElement\":[{\"@type\":\"ListItem\",\"position\":1,\"name\":\"Strona g\u0142\u00f3wna\",\"item\":\"https:\/\/megapets.eu\/sk\/\"},{\"@type\":\"ListItem\",\"position\":2,\"name\":\"Obchod\",\"item\":\"https:\/\/megapets.eu\/obchod\/\"},{\"@type\":\"ListItem\",\"position\":3,\"name\":\"Euphrynichus bacilliferTer\u00e1riov\u00fd pav\u00fakovec\"}]},{\"@type\":\"WebSite\",\"@id\":\"https:\/\/megapets.eu\/sk\/#website\",\"url\":\"https:\/\/megapets.eu\/sk\/\",\"name\":\"Mega Pets\",\"description\":\"Jedna z najwi\u0119kszych hodowli \u015blimak\u00f3w w Europie\",\"publisher\":{\"@id\":\"https:\/\/megapets.eu\/sk\/#organization\"},\"alternateName\":\"Mega Pets\",\"potentialAction\":[{\"@type\":\"SearchAction\",\"target\":{\"@type\":\"EntryPoint\",\"urlTemplate\":\"https:\/\/megapets.eu\/sk\/?s={search_term_string}\"},\"query-input\":{\"@type\":\"PropertyValueSpecification\",\"valueRequired\":true,\"valueName\":\"search_term_string\"}}],\"inLanguage\":\"sk-SK\"},{\"@type\":\"Organization\",\"@id\":\"https:\/\/megapets.eu\/sk\/#organization\",\"name\":\"Mega Pets\",\"url\":\"https:\/\/megapets.eu\/sk\/\",\"logo\":{\"@type\":\"ImageObject\",\"inLanguage\":\"sk-SK\",\"@id\":\"https:\/\/megapets.eu\/sk\/#\/schema\/logo\/image\/\",\"url\":\"https:\/\/megapets.eu\/wp-content\/uploads\/2025\/04\/megapets_eu-logo.png\",\"contentUrl\":\"https:\/\/megapets.eu\/wp-content\/uploads\/2025\/04\/megapets_eu-logo.png\",\"width\":2362,\"height\":2362,\"caption\":\"Mega Pets\"},\"image\":{\"@id\":\"https:\/\/megapets.eu\/sk\/#\/schema\/logo\/image\/\"},\"sameAs\":[\"https:\/\/www.facebook.com\/MegaPets.eu\/\"]}]}<\/script>\n<!-- \/ Yoast SEO plugin. -->","yoast_head_json":{"title":"Euphrynichus bacilliferTer\u00e1riov\u00fd pav\u00fakovec | MegaPets","robots":{"index":"index","follow":"follow","max-snippet":"max-snippet:-1","max-image-preview":"max-image-preview:large","max-video-preview":"max-video-preview:-1"},"canonical":"https:\/\/megapets.eu\/sk\/ine\/euphrynichus-bacilliferterariovy-pavukovec\/","og_locale":"sk_SK","og_type":"article","og_title":"Euphrynichus bacilliferTer\u00e1riov\u00fd pav\u00fakovec | MegaPets","og_description":"Cie\u013eov\u00e1 ve\u013ekos\u0165 jedincov: asi 8 cm  Pon\u00fakan\u00e9 ml\u00e1\u010fat\u00e1: 1-2 cm  Cena je za: 1 ks","og_url":"https:\/\/megapets.eu\/sk\/ine\/euphrynichus-bacilliferterariovy-pavukovec\/","og_site_name":"MegaPets","article_publisher":"https:\/\/www.facebook.com\/MegaPets.eu\/","og_image":[{"width":1024,"height":683,"url":"https:\/\/megapets.eu\/wp-content\/uploads\/2024\/10\/5-3-1024x683.png","type":"image\/png"}],"twitter_card":"summary_large_image","twitter_misc":{"Predpokladan\u00fd \u010das \u010d\u00edtania":"2 min\u00fata"},"schema":{"@context":"https:\/\/schema.org","@graph":[{"@type":"WebPage","@id":"https:\/\/megapets.eu\/sk\/ine\/euphrynichus-bacilliferterariovy-pavukovec\/","url":"https:\/\/megapets.eu\/sk\/ine\/euphrynichus-bacilliferterariovy-pavukovec\/","name":"Euphrynichus bacillifer Ter\u00e1riov\u00fd pav\u00fakovec | MegaPets","isPartOf":{"@id":"https:\/\/megapets.eu\/sk\/#website"},"primaryImageOfPage":{"@id":"https:\/\/megapets.eu\/sk\/ine\/euphrynichus-bacilliferterariovy-pavukovec\/#primaryimage"},"image":{"@id":"https:\/\/megapets.eu\/sk\/ine\/euphrynichus-bacilliferterariovy-pavukovec\/#primaryimage"},"thumbnailUrl":"https:\/\/megapets.eu\/wp-content\/uploads\/2024\/10\/5-3.png","datePublished":"2024-10-06T08:36:06+00:00","breadcrumb":{"@id":"https:\/\/megapets.eu\/sk\/ine\/euphrynichus-bacilliferterariovy-pavukovec\/#breadcrumb"},"inLanguage":"sk-SK","potentialAction":[{"@type":"ReadAction","target":["https:\/\/megapets.eu\/sk\/ine\/euphrynichus-bacilliferterariovy-pavukovec\/"]}]},{"@type":"ImageObject","inLanguage":"sk-SK","@id":"https:\/\/megapets.eu\/sk\/ine\/euphrynichus-bacilliferterariovy-pavukovec\/#primaryimage","url":"https:\/\/megapets.eu\/wp-content\/uploads\/2024\/10\/5-3.png","contentUrl":"https:\/\/megapets.eu\/wp-content\/uploads\/2024\/10\/5-3.png","width":3390,"height":2260},{"@type":"BreadcrumbList","@id":"https:\/\/megapets.eu\/sk\/ine\/euphrynichus-bacilliferterariovy-pavukovec\/#breadcrumb","itemListElement":[{"@type":"ListItem","position":1,"name":"Strona g\u0142\u00f3wna","item":"https:\/\/megapets.eu\/sk\/"},{"@type":"ListItem","position":2,"name":"Obchod","item":"https:\/\/megapets.eu\/obchod\/"},{"@type":"ListItem","position":3,"name":"Euphrynichus bacilliferTer\u00e1riov\u00fd pav\u00fakovec"}]},{"@type":"WebSite","@id":"https:\/\/megapets.eu\/sk\/#website","url":"https:\/\/megapets.eu\/sk\/","name":"Mega Pets","description":"Jedna z najwi\u0119kszych hodowli \u015blimak\u00f3w w Europie","publisher":{"@id":"https:\/\/megapets.eu\/sk\/#organization"},"alternateName":"Mega Pets","potentialAction":[{"@type":"SearchAction","target":{"@type":"EntryPoint","urlTemplate":"https:\/\/megapets.eu\/sk\/?s={search_term_string}"},"query-input":{"@type":"PropertyValueSpecification","valueRequired":true,"valueName":"search_term_string"}}],"inLanguage":"sk-SK"},{"@type":"Organization","@id":"https:\/\/megapets.eu\/sk\/#organization","name":"Mega Pets","url":"https:\/\/megapets.eu\/sk\/","logo":{"@type":"ImageObject","inLanguage":"sk-SK","@id":"https:\/\/megapets.eu\/sk\/#\/schema\/logo\/image\/","url":"https:\/\/megapets.eu\/wp-content\/uploads\/2025\/04\/megapets_eu-logo.png","contentUrl":"https:\/\/megapets.eu\/wp-content\/uploads\/2025\/04\/megapets_eu-logo.png","width":2362,"height":2362,"caption":"Mega Pets"},"image":{"@id":"https:\/\/megapets.eu\/sk\/#\/schema\/logo\/image\/"},"sameAs":["https:\/\/www.facebook.com\/MegaPets.eu\/"]}]}},"_links":{"self":[{"href":"https:\/\/megapets.eu\/sk\/wp-json\/wp\/v2\/product\/5995","targetHints":{"allow":["GET"]}}],"collection":[{"href":"https:\/\/megapets.eu\/sk\/wp-json\/wp\/v2\/product"}],"about":[{"href":"https:\/\/megapets.eu\/sk\/wp-json\/wp\/v2\/types\/product"}],"wp:featuredmedia":[{"embeddable":true,"href":"https:\/\/megapets.eu\/sk\/wp-json\/wp\/v2\/media\/5996"}],"wp:attachment":[{"href":"https:\/\/megapets.eu\/sk\/wp-json\/wp\/v2\/media?parent=5995"}],"wp:term":[{"taxonomy":"product_cat","embeddable":true,"href":"https:\/\/megapets.eu\/sk\/wp-json\/wp\/v2\/product_cat?post=5995"},{"taxonomy":"product_tag","embeddable":true,"href":"https:\/\/megapets.eu\/sk\/wp-json\/wp\/v2\/product_tag?post=5995"}],"curies":[{"name":"wp","href":"https:\/\/api.w.org\/{rel}","templated":true}]}}