{"id":6014,"date":"2024-10-09T06:52:09","date_gmt":"2024-10-09T06:52:09","guid":{"rendered":"https:\/\/megapets.eu\/nezaraden\u00e9\/anadenobolus-monilicorniskrokodil-pripominajuci-vcelu\/"},"modified":"2025-08-13T14:59:41","modified_gmt":"2025-08-13T14:59:41","slug":"anadenobolus-monilicorniskrokodil-pripominajuci-vcelu","status":"publish","type":"product","link":"https:\/\/megapets.eu\/sk\/wije-sk\/anadenobolus-monilicorniskrokodil-pripominajuci-vcelu\/","title":{"rendered":"Anadenobolus monilicornis<br>&#8222;Stono\u017eka, pripom\u00ednaj\u00faca v\u010delu&#8220;"},"content":{"rendered":"<p class=\"v1v1v1v1MsoNormal\"><span style=\"color: #d94890;\"><strong><em><span style=\"font-size: 15px;\"><span style=\"color: #ff0000;\"><span style=\"color: #424242;\">Druh: <\/span><\/span><\/span><\/em><\/strong><\/span><strong><em><span style=\"font-size: 15px;\">Anadenobolus monilicornis<\/span><\/em><\/strong> <span style=\"color: #d94890;\"><strong><em><span style=\"font-size: 15px;\"><span style=\"color: #ff0000;\"><span style=\"color: #424242;\">&#8222;Stono\u017eka, podobn\u00e1 v\u010dele&#8220;.<\/span><\/span><\/span><\/em><\/strong><\/span><\/p>\n<p><span style=\"color: #d94890;\"><strong><em><span style=\"font-size: 15px;\"><span style=\"color: #ff0000;\"><span style=\"color: #000000;\"><span style=\"color: #424242;\"><img decoding=\"async\" src=\"https:\/\/static.xx.fbcdn.net\/images\/emoji.php\/v9\/t1f\/1\/16\/1f41d.png\" alt=\"\ud83d\udc1d\"> <\/span>A<span style=\"color: #ffcc00;\">n<\/span>a<span style=\"color: #ffcc00;\">d<\/span>e<span style=\"color: #ffcc00;\">n<\/span>o<span style=\"color: #ffcc00;\">b<\/span>o<span style=\"color: #ffcc00;\">l<\/span>u<span style=\"color: #ff9900;\"><span style=\"color: #ffcc00;\">s<\/span> <span style=\"color: #424242;\"><img decoding=\"async\" src=\"https:\/\/static.xx.fbcdn.net\/images\/emoji.php\/v9\/t1f\/1\/16\/1f41d.png\" alt=\"\ud83d\udc1d\"><\/span><\/span> m<span style=\"color: #ffcc00;\">o<\/span>n<span style=\"color: #ffcc00;\">i<\/span>l<span style=\"color: #ffcc00;\">i<\/span>c<span style=\"color: #ffcc00;\">o<\/span>r<span style=\"color: #ffcc00;\">n i<\/span><span style=\"color: #ffcc00;\">s<\/span><\/span> <span style=\"color: #424242;\"><img decoding=\"async\" src=\"https:\/\/static.xx.fbcdn.net\/images\/emoji.php\/v9\/t1f\/1\/16\/1f41d.png\" alt=\"\ud83d\udc1d\"> <\/span><span style=\"color: #424242;\">&#8222;Stono\u017eka\ud83d\udc9b, pripom\u00ednaj\u00faca\ud83d\udda4 v\u010delu <img decoding=\"async\" src=\"https:\/\/static.xx.fbcdn.net\/images\/emoji.php\/v9\/t1f\/1\/16\/1f41d.png\" alt=\"\ud83d\udc1d\">.&#8220; \u013dahko sa udr\u017eiavaj\u00fa, tak\u017ee s\u00fa skvel\u00e9 pre za\u010diato\u010dn\u00edkov.<\/span><\/span><\/span><\/em><\/strong><\/span><\/p>\n<p>&nbsp;<\/p>\n<p><span style=\"color: #424242;\"><strong><em><span style=\"font-size: 15px;\"><strong style=\"color: #424242;\"><span style=\"color: #d94890;\"><span style=\"color: #ff0000;\">\ud83d\udc9b\ud83d\udda4\ud83d\udc9b<\/span><\/span> H\u013ead\u00e1te nie\u010do z\u00e1bavn\u00e9 na za\u010diatok?  <\/strong><span style=\"color: #ff9900;\">Mnohono\u017eky Anadenobolus monilicornis s\u00fa kr\u00e1sne a \u013eahko udr\u017eiavate\u013en\u00e9 stvorenia, \u00faplne bezpe\u010dn\u00e9 pre \u010dloveka, nehryz\u00fa. Maj\u00fa slab\u00e9 \u010de\u013euste, ktor\u00e9 s\u00fa prisp\u00f4soben\u00e9 na drvenie rastlinnej hmoty. Mnohono\u017eky uprednost\u0148uj\u00fa vlhk\u00e9 miesta, \u017eij\u00fa v vrchnej vrstve substr\u00e1tu a \u017eivia sa listami, viaczlo\u017ekov\u00fdm substr\u00e1tom ur\u010den\u00fdm na chov mnohono\u017eiek, ako aj zeleniny a ovocia. Anadenobolus monilicornis je ve\u013emi kr\u00e1sne sfarben\u00e1 mnohono\u017eka, pripom\u00ednaj\u00faca v\u010delu, dorastaj\u00faca do d\u013a\u017eky asi 7 cm. \u013dahko udr\u017eiavate\u013en\u00fd a r\u00fdchlo rast\u00faci druh.     <\/span><\/span><\/em><\/strong><\/span><\/p>\n<p>&nbsp;<\/p>\n<p class=\"v1v1v1v1MsoNormal\"><span style=\"color: #424242;\"><strong><em><span style=\"font-size: 15px;\"><span class=\"x1xsqp64 xiy17q3 x1o6pynw x19co3pv xdj266r xcwd3tp xat24cr x39eecv x2b8uid\" data-testid=\"emoji\"><span class=\"xexx8yu xn5pp95 x18d9i69 x2fxd7x x3jgonx x1bhl96m\">\ud83c\udf3f <\/span><\/span><span style=\"color: #424242;\">V\u0161etko, \u010do tak\u00e9to zviera potrebuje na \u00faspe\u0161n\u00fd v\u00fdvoj a \u017eivot v ter\u00e1riu, je:<\/span><\/span><\/em><\/strong><\/span><\/p>\n<p class=\"v1v1v1v1MsoNormal\"><span style=\"color: #008000;\"><strong><em><span style=\"font-size: 15px;\">* Substr\u00e1t \/ krmivo: Substr\u00e1t na chov mnohono\u017eiek a myripov (k dispoz\u00edcii na na\u0161ej \u010fal\u0161ej aukcii);<\/span><\/em><\/strong><\/span><\/p>\n<p class=\"v1v1v1v1MsoNormal\"><span style=\"color: #008000;\"><strong><em><span style=\"font-size: 15px;\">* Superpotraviny: \u010cerstv\u00e1 zelenina a ovocie;<\/span><\/em><\/strong><\/span><\/p>\n<p class=\"v1v1v1v1MsoNormal\"><span style=\"color: #008000;\"><strong><em><span style=\"font-size: 15px;\">* Jedlo: Mlet\u00fd gammarus je su\u0161en\u00fd gammarus, bohat\u00fd na makro- a mikroelementy, pr\u00edrodn\u00fd zdroj \u017eivo\u010d\u00ed\u0161nych bielkov\u00edn a chit\u00ednu (dostupn\u00fd na na\u0161ej \u010fal\u0161ej aukcii);<\/span><\/em><\/strong><\/span><\/p>\n<p class=\"v1v1v1v1MsoNormal\"><span style=\"color: #008000;\"><strong><em><span style=\"font-size: 15px;\">* Ter\u00e1rium: Faunabox je ide\u00e1lny na chov mnohono\u017eiek a mnohono\u017eiek (k dispoz\u00edcii na na\u0161ej \u010fal\u0161ej aukcii);<\/span><\/em><\/strong><\/span><\/p>\n<p class=\"v1v1v1v1MsoNormal\"><span style=\"color: #008000;\"><strong><em><span style=\"font-size: 15px;\">* Odpor\u00fa\u010dan\u00e1 teplota 22-26 \u00b0C a vlhkos\u0165 na \u00farovni cca 70% (nenechajte podklad vyschn\u00fa\u0165, ter\u00e1rium nastriekajte ka\u017ed\u00e9 2-3 dni).<\/span><\/em><\/strong><\/span><\/p>\n","protected":false},"excerpt":{"rendered":"<ul class=\"product_attributes\">\n<li><span style=\"color: #555555;\">Cie\u013eov\u00e1 ve\u013ekos\u0165:<\/span> cca 7 cm<\/li>\n<li><span style=\"color: #555555;\">Pon\u00fakan\u00e9 ml\u00e1\u010fat\u00e1:<\/span> cca 3-4 cm <\/li>\n<li><span style=\"color: #555555;\">Cena plat\u00ed za:<\/span> 1 ks<\/li>\n<\/ul>\n","protected":false},"featured_media":6015,"template":"","meta":{"_acf_changed":false,"_links_to":"","_links_to_target":""},"product_cat":[153],"product_tag":[],"class_list":{"0":"post-6014","1":"product","2":"type-product","3":"status-publish","4":"has-post-thumbnail","6":"product_cat-wije-sk","8":"first","9":"outofstock","10":"shipping-taxable","11":"purchasable","12":"product-type-simple"},"acf":[],"yoast_head":"<!-- This site is optimized with the Yoast SEO plugin v24.9 - https:\/\/yoast.com\/wordpress\/plugins\/seo\/ -->\n<title>Anadenobolus monilicornis&quot;Stono\u017eka, pripom\u00ednaj\u00faca v\u010delu&quot; | MegaPets<\/title>\n<meta name=\"robots\" content=\"index, follow, max-snippet:-1, max-image-preview:large, max-video-preview:-1\" \/>\n<link rel=\"canonical\" href=\"https:\/\/megapets.eu\/sk\/wije-sk\/anadenobolus-monilicorniskrokodil-pripominajuci-vcelu\/\" \/>\n<meta property=\"og:locale\" content=\"sk_SK\" \/>\n<meta property=\"og:type\" content=\"article\" \/>\n<meta property=\"og:title\" content=\"Anadenobolus monilicornis&quot;Stono\u017eka, pripom\u00ednaj\u00faca v\u010delu&quot; | MegaPets\" \/>\n<meta property=\"og:description\" content=\"Cie\u013eov\u00e1 ve\u013ekos\u0165: cca 7 cm  Pon\u00fakan\u00e9 ml\u00e1\u010fat\u00e1: cca 3-4 cm  Cena plat\u00ed za: 1 ks\" \/>\n<meta property=\"og:url\" content=\"https:\/\/megapets.eu\/sk\/wije-sk\/anadenobolus-monilicorniskrokodil-pripominajuci-vcelu\/\" \/>\n<meta property=\"og:site_name\" content=\"MegaPets\" \/>\n<meta property=\"article:publisher\" content=\"https:\/\/www.facebook.com\/MegaPets.eu\/\" \/>\n<meta property=\"article:modified_time\" content=\"2025-08-13T14:59:41+00:00\" \/>\n<meta property=\"og:image\" content=\"https:\/\/megapets.eu\/wp-content\/uploads\/2024\/10\/0603201-1024x683.png\" \/>\n\t<meta property=\"og:image:width\" content=\"1024\" \/>\n\t<meta property=\"og:image:height\" content=\"683\" \/>\n\t<meta property=\"og:image:type\" content=\"image\/png\" \/>\n<meta name=\"twitter:card\" content=\"summary_large_image\" \/>\n<meta name=\"twitter:label1\" content=\"Predpokladan\u00fd \u010das \u010d\u00edtania\" \/>\n\t<meta name=\"twitter:data1\" content=\"1 min\u00fata\" \/>\n<script type=\"application\/ld+json\" class=\"yoast-schema-graph\">{\"@context\":\"https:\/\/schema.org\",\"@graph\":[{\"@type\":\"WebPage\",\"@id\":\"https:\/\/megapets.eu\/sk\/wije-sk\/anadenobolus-monilicorniskrokodil-pripominajuci-vcelu\/\",\"url\":\"https:\/\/megapets.eu\/sk\/wije-sk\/anadenobolus-monilicorniskrokodil-pripominajuci-vcelu\/\",\"name\":\"Anadenobolus monilicornis \\\"Stono\u017eka, pripom\u00ednaj\u00faca v\u010delu\\\" | MegaPets\",\"isPartOf\":{\"@id\":\"https:\/\/megapets.eu\/sk\/#website\"},\"primaryImageOfPage\":{\"@id\":\"https:\/\/megapets.eu\/sk\/wije-sk\/anadenobolus-monilicorniskrokodil-pripominajuci-vcelu\/#primaryimage\"},\"image\":{\"@id\":\"https:\/\/megapets.eu\/sk\/wije-sk\/anadenobolus-monilicorniskrokodil-pripominajuci-vcelu\/#primaryimage\"},\"thumbnailUrl\":\"https:\/\/megapets.eu\/wp-content\/uploads\/2024\/10\/0603201.png\",\"datePublished\":\"2024-10-09T06:52:09+00:00\",\"dateModified\":\"2025-08-13T14:59:41+00:00\",\"breadcrumb\":{\"@id\":\"https:\/\/megapets.eu\/sk\/wije-sk\/anadenobolus-monilicorniskrokodil-pripominajuci-vcelu\/#breadcrumb\"},\"inLanguage\":\"sk-SK\",\"potentialAction\":[{\"@type\":\"ReadAction\",\"target\":[\"https:\/\/megapets.eu\/sk\/wije-sk\/anadenobolus-monilicorniskrokodil-pripominajuci-vcelu\/\"]}]},{\"@type\":\"ImageObject\",\"inLanguage\":\"sk-SK\",\"@id\":\"https:\/\/megapets.eu\/sk\/wije-sk\/anadenobolus-monilicorniskrokodil-pripominajuci-vcelu\/#primaryimage\",\"url\":\"https:\/\/megapets.eu\/wp-content\/uploads\/2024\/10\/0603201.png\",\"contentUrl\":\"https:\/\/megapets.eu\/wp-content\/uploads\/2024\/10\/0603201.png\",\"width\":2741,\"height\":1828},{\"@type\":\"BreadcrumbList\",\"@id\":\"https:\/\/megapets.eu\/sk\/wije-sk\/anadenobolus-monilicorniskrokodil-pripominajuci-vcelu\/#breadcrumb\",\"itemListElement\":[{\"@type\":\"ListItem\",\"position\":1,\"name\":\"Strona g\u0142\u00f3wna\",\"item\":\"https:\/\/megapets.eu\/sk\/\"},{\"@type\":\"ListItem\",\"position\":2,\"name\":\"Obchod\",\"item\":\"https:\/\/megapets.eu\/obchod\/\"},{\"@type\":\"ListItem\",\"position\":3,\"name\":\"Anadenobolus monilicornis&#8222;Stono\u017eka, pripom\u00ednaj\u00faca v\u010delu\\\"\"}]},{\"@type\":\"WebSite\",\"@id\":\"https:\/\/megapets.eu\/sk\/#website\",\"url\":\"https:\/\/megapets.eu\/sk\/\",\"name\":\"Mega Pets\",\"description\":\"Jedna z najwi\u0119kszych hodowli \u015blimak\u00f3w w Europie\",\"publisher\":{\"@id\":\"https:\/\/megapets.eu\/sk\/#organization\"},\"alternateName\":\"Mega Pets\",\"potentialAction\":[{\"@type\":\"SearchAction\",\"target\":{\"@type\":\"EntryPoint\",\"urlTemplate\":\"https:\/\/megapets.eu\/sk\/?s={search_term_string}\"},\"query-input\":{\"@type\":\"PropertyValueSpecification\",\"valueRequired\":true,\"valueName\":\"search_term_string\"}}],\"inLanguage\":\"sk-SK\"},{\"@type\":\"Organization\",\"@id\":\"https:\/\/megapets.eu\/sk\/#organization\",\"name\":\"Mega Pets\",\"url\":\"https:\/\/megapets.eu\/sk\/\",\"logo\":{\"@type\":\"ImageObject\",\"inLanguage\":\"sk-SK\",\"@id\":\"https:\/\/megapets.eu\/sk\/#\/schema\/logo\/image\/\",\"url\":\"https:\/\/megapets.eu\/wp-content\/uploads\/2025\/04\/megapets_eu-logo.png\",\"contentUrl\":\"https:\/\/megapets.eu\/wp-content\/uploads\/2025\/04\/megapets_eu-logo.png\",\"width\":2362,\"height\":2362,\"caption\":\"Mega Pets\"},\"image\":{\"@id\":\"https:\/\/megapets.eu\/sk\/#\/schema\/logo\/image\/\"},\"sameAs\":[\"https:\/\/www.facebook.com\/MegaPets.eu\/\"]}]}<\/script>\n<!-- \/ Yoast SEO plugin. -->","yoast_head_json":{"title":"Anadenobolus monilicornis\"Stono\u017eka, pripom\u00ednaj\u00faca v\u010delu\" | MegaPets","robots":{"index":"index","follow":"follow","max-snippet":"max-snippet:-1","max-image-preview":"max-image-preview:large","max-video-preview":"max-video-preview:-1"},"canonical":"https:\/\/megapets.eu\/sk\/wije-sk\/anadenobolus-monilicorniskrokodil-pripominajuci-vcelu\/","og_locale":"sk_SK","og_type":"article","og_title":"Anadenobolus monilicornis\"Stono\u017eka, pripom\u00ednaj\u00faca v\u010delu\" | MegaPets","og_description":"Cie\u013eov\u00e1 ve\u013ekos\u0165: cca 7 cm  Pon\u00fakan\u00e9 ml\u00e1\u010fat\u00e1: cca 3-4 cm  Cena plat\u00ed za: 1 ks","og_url":"https:\/\/megapets.eu\/sk\/wije-sk\/anadenobolus-monilicorniskrokodil-pripominajuci-vcelu\/","og_site_name":"MegaPets","article_publisher":"https:\/\/www.facebook.com\/MegaPets.eu\/","article_modified_time":"2025-08-13T14:59:41+00:00","og_image":[{"width":1024,"height":683,"url":"https:\/\/megapets.eu\/wp-content\/uploads\/2024\/10\/0603201-1024x683.png","type":"image\/png"}],"twitter_card":"summary_large_image","twitter_misc":{"Predpokladan\u00fd \u010das \u010d\u00edtania":"1 min\u00fata"},"schema":{"@context":"https:\/\/schema.org","@graph":[{"@type":"WebPage","@id":"https:\/\/megapets.eu\/sk\/wije-sk\/anadenobolus-monilicorniskrokodil-pripominajuci-vcelu\/","url":"https:\/\/megapets.eu\/sk\/wije-sk\/anadenobolus-monilicorniskrokodil-pripominajuci-vcelu\/","name":"Anadenobolus monilicornis \"Stono\u017eka, pripom\u00ednaj\u00faca v\u010delu\" | MegaPets","isPartOf":{"@id":"https:\/\/megapets.eu\/sk\/#website"},"primaryImageOfPage":{"@id":"https:\/\/megapets.eu\/sk\/wije-sk\/anadenobolus-monilicorniskrokodil-pripominajuci-vcelu\/#primaryimage"},"image":{"@id":"https:\/\/megapets.eu\/sk\/wije-sk\/anadenobolus-monilicorniskrokodil-pripominajuci-vcelu\/#primaryimage"},"thumbnailUrl":"https:\/\/megapets.eu\/wp-content\/uploads\/2024\/10\/0603201.png","datePublished":"2024-10-09T06:52:09+00:00","dateModified":"2025-08-13T14:59:41+00:00","breadcrumb":{"@id":"https:\/\/megapets.eu\/sk\/wije-sk\/anadenobolus-monilicorniskrokodil-pripominajuci-vcelu\/#breadcrumb"},"inLanguage":"sk-SK","potentialAction":[{"@type":"ReadAction","target":["https:\/\/megapets.eu\/sk\/wije-sk\/anadenobolus-monilicorniskrokodil-pripominajuci-vcelu\/"]}]},{"@type":"ImageObject","inLanguage":"sk-SK","@id":"https:\/\/megapets.eu\/sk\/wije-sk\/anadenobolus-monilicorniskrokodil-pripominajuci-vcelu\/#primaryimage","url":"https:\/\/megapets.eu\/wp-content\/uploads\/2024\/10\/0603201.png","contentUrl":"https:\/\/megapets.eu\/wp-content\/uploads\/2024\/10\/0603201.png","width":2741,"height":1828},{"@type":"BreadcrumbList","@id":"https:\/\/megapets.eu\/sk\/wije-sk\/anadenobolus-monilicorniskrokodil-pripominajuci-vcelu\/#breadcrumb","itemListElement":[{"@type":"ListItem","position":1,"name":"Strona g\u0142\u00f3wna","item":"https:\/\/megapets.eu\/sk\/"},{"@type":"ListItem","position":2,"name":"Obchod","item":"https:\/\/megapets.eu\/obchod\/"},{"@type":"ListItem","position":3,"name":"Anadenobolus monilicornis&#8222;Stono\u017eka, pripom\u00ednaj\u00faca v\u010delu\""}]},{"@type":"WebSite","@id":"https:\/\/megapets.eu\/sk\/#website","url":"https:\/\/megapets.eu\/sk\/","name":"Mega Pets","description":"Jedna z najwi\u0119kszych hodowli \u015blimak\u00f3w w Europie","publisher":{"@id":"https:\/\/megapets.eu\/sk\/#organization"},"alternateName":"Mega Pets","potentialAction":[{"@type":"SearchAction","target":{"@type":"EntryPoint","urlTemplate":"https:\/\/megapets.eu\/sk\/?s={search_term_string}"},"query-input":{"@type":"PropertyValueSpecification","valueRequired":true,"valueName":"search_term_string"}}],"inLanguage":"sk-SK"},{"@type":"Organization","@id":"https:\/\/megapets.eu\/sk\/#organization","name":"Mega Pets","url":"https:\/\/megapets.eu\/sk\/","logo":{"@type":"ImageObject","inLanguage":"sk-SK","@id":"https:\/\/megapets.eu\/sk\/#\/schema\/logo\/image\/","url":"https:\/\/megapets.eu\/wp-content\/uploads\/2025\/04\/megapets_eu-logo.png","contentUrl":"https:\/\/megapets.eu\/wp-content\/uploads\/2025\/04\/megapets_eu-logo.png","width":2362,"height":2362,"caption":"Mega Pets"},"image":{"@id":"https:\/\/megapets.eu\/sk\/#\/schema\/logo\/image\/"},"sameAs":["https:\/\/www.facebook.com\/MegaPets.eu\/"]}]}},"_links":{"self":[{"href":"https:\/\/megapets.eu\/sk\/wp-json\/wp\/v2\/product\/6014","targetHints":{"allow":["GET"]}}],"collection":[{"href":"https:\/\/megapets.eu\/sk\/wp-json\/wp\/v2\/product"}],"about":[{"href":"https:\/\/megapets.eu\/sk\/wp-json\/wp\/v2\/types\/product"}],"wp:featuredmedia":[{"embeddable":true,"href":"https:\/\/megapets.eu\/sk\/wp-json\/wp\/v2\/media\/6015"}],"wp:attachment":[{"href":"https:\/\/megapets.eu\/sk\/wp-json\/wp\/v2\/media?parent=6014"}],"wp:term":[{"taxonomy":"product_cat","embeddable":true,"href":"https:\/\/megapets.eu\/sk\/wp-json\/wp\/v2\/product_cat?post=6014"},{"taxonomy":"product_tag","embeddable":true,"href":"https:\/\/megapets.eu\/sk\/wp-json\/wp\/v2\/product_tag?post=6014"}],"curies":[{"name":"wp","href":"https:\/\/api.w.org\/{rel}","templated":true}]}}