{"id":6019,"date":"2025-06-10T11:52:30","date_gmt":"2025-06-10T11:52:30","guid":{"rendered":"https:\/\/megapets.eu\/nezaraden\u00e9\/balenie-protein-a-vitamin-120-g-pre-exoticke-slimaky\/"},"modified":"2025-06-10T11:52:30","modified_gmt":"2025-06-10T11:52:30","slug":"balenie-protein-a-vitamin-120-g-pre-exoticke-slimaky","status":"publish","type":"product","link":"https:\/\/megapets.eu\/sk\/prislusenstvo\/balenie-protein-a-vitamin-120-g-pre-exoticke-slimaky\/","title":{"rendered":"Balenie &#8222;Prote\u00edn a vitam\u00edn&#8220; 120 g <br \/> pre exotick\u00e9 slim\u00e1ky"},"content":{"rendered":"<p><em><b>&#8222;Prote\u00edn a vitam\u00edn&#8220; <\/b>pre exotick\u00e9 slim\u00e1ky:<\/em><\/p>\n<p><em>Balenie &#8222;Prote\u00edn a vitam\u00edn&#8220; obsahuje zmes z\u0155n pln\u00fa cenn\u00fdch \u017eiv\u00edn pre spr\u00e1vny v\u00fdvoj dom\u00e1cich zvierat, je prospe\u0161n\u00fdm doplnkom z\u00e1kladnej stravy slim\u00e1kov.<\/em><\/p>\n<p><em><b>Cena je za: <\/b>jedno balenie<b> <\/b>&#8222;Prote\u00edn a vitam\u00edn&#8220;<b> <\/b>pripraven\u00e9 na pou\u017eitie. Jedno balenie obsahuje 120 g.<\/em><\/p>\n<p><em>Z pomlet\u00fdch a preosiatych z\u0155n vznik\u00e1 jemn\u00fd pr\u00e1\u0161ok, ktor\u00fd sa \u013eahko pou\u017e\u00edva a d\u00e1vkuje. D\u00e1vkovanie: ako doplnok stravy exotick\u00fdch slim\u00e1kov raz za 1-2 t\u00fd\u017edne pridajte mal\u00e9 mno\u017estvo pr\u00e1\u0161ku &#8222;Protein &amp; Vitamin&#8220; (1-2 \u0161tipky, v z\u00e1vislosti od ve\u013ekosti slim\u00e1ka) do z\u00e1kladnej stravy, posypte na zeleninu a ovocie pod\u00e1van\u00e9 v ten de\u0148.<\/em><\/p>\n<p><em>Odpor\u00fa\u010dame doplnky strieda\u0165 a pon\u00faknu\u0165 slim\u00e1kovi aj in\u00e9 druhy doplnkov, ktor\u00e9 s\u00fa dostupn\u00e9 v na\u0161ej ponuke na megapets.eu, aby strava slim\u00e1ka zostala pestr\u00e1 a kompletn\u00e1. Pri \u010fal\u0161om k\u0155men\u00ed je lep\u0161ie urobi\u0165 kr\u00e1tku prest\u00e1vku v pod\u00e1van\u00ed &#8222;Prote\u00ednu a vitam\u00ednu&#8220;&#8220; a pon\u00faknu\u0165 svojmu zvieratku in\u00e9 druhy doplnkov, napr\u00edklad &#8222;Exotick\u00fa bylinn\u00fa zmes&#8220; alebo &#8222;Gammarus&#8220; mlet\u00fd. Na\u0161e doplnky boli vyvinut\u00e9 s l\u00e1skou k slim\u00e1kom a s\u00fa zalo\u017een\u00e9 na dlhoro\u010dn\u00fdch chovate\u013esk\u00fdch sk\u00fasenostiach, preto m\u00f4\u017eeme zaru\u010di\u0165 ich kvalitu a \u00fa\u010dinnos\u0165!<\/em><\/p>\n<p><em>Odpor\u00fa\u010dame doplnky, ktor\u00e9 dok\u00e1\u017eu uspokoji\u0165 potreby v oblasti cenn\u00fdch \u017eiv\u00edn aj t\u00fdch najn\u00e1ro\u010dnej\u0161\u00edch druhov: &#8222;Prote\u00edn a vitam\u00edn&#8220;, &#8222;Zmes exotick\u00fdch byl\u00edn&#8220;, &#8222;Gammarus&#8220; mlet\u00fd, &#8222;Kvetinov\u00e1 zmes&#8220;. Odpor\u00fa\u010dame tieto doplnky pou\u017e\u00edva\u0165 striedavo, aby strava v\u00e1\u0161ho dom\u00e1ceho mazn\u00e1\u010dika zostala pestr\u00e1 a kompletn\u00e1.<\/em><\/p>\n","protected":false},"excerpt":{"rendered":"<ul class=\"product_attributes\">\n<li><span style=\"color: #555555;\">Obsahuje:<\/span> <em>zmes obiln\u00edn<\/em><\/li>\n<li><span style=\"color: #555555;\">Balenie obsahuje:<\/span> 120 g<\/li>\n<li><span style=\"color: #555555;\">Cena plat\u00ed pre:<\/span> Cena plat\u00ed pre 1 balenie.<\/li>\n<\/ul>\n","protected":false},"featured_media":6020,"template":"","meta":{"_acf_changed":false,"_links_to":"","_links_to_target":""},"product_cat":[146],"product_tag":[149,147,150,148],"class_list":{"0":"post-6019","1":"product","2":"type-product","3":"status-publish","4":"has-post-thumbnail","6":"product_cat-prislusenstvo","7":"product_tag-pre-izopody","8":"product_tag-pre-slimaky","9":"product_tag-pre-svaby","10":"product_tag-pre-uskoky","12":"first","13":"instock","14":"shipping-taxable","15":"purchasable","16":"product-type-simple"},"acf":[],"yoast_head":"<!-- This site is optimized with the Yoast SEO plugin v24.9 - https:\/\/yoast.com\/wordpress\/plugins\/seo\/ -->\n<title>Balenie &quot;Prote\u00edn a vitam\u00edn&quot; 120 g  pre exotick\u00e9 slim\u00e1ky | MegaPets<\/title>\n<meta name=\"robots\" content=\"index, follow, max-snippet:-1, max-image-preview:large, max-video-preview:-1\" \/>\n<link rel=\"canonical\" href=\"https:\/\/megapets.eu\/sk\/prislusenstvo\/balenie-protein-a-vitamin-120-g-pre-exoticke-slimaky\/\" \/>\n<meta property=\"og:locale\" content=\"sk_SK\" \/>\n<meta property=\"og:type\" content=\"article\" \/>\n<meta property=\"og:title\" content=\"Balenie &quot;Prote\u00edn a vitam\u00edn&quot; 120 g  pre exotick\u00e9 slim\u00e1ky | MegaPets\" \/>\n<meta property=\"og:description\" content=\"Obsahuje: zmes obiln\u00edn  Balenie obsahuje: 120 g  Cena plat\u00ed pre: Cena plat\u00ed pre 1 balenie.\" \/>\n<meta property=\"og:url\" content=\"https:\/\/megapets.eu\/sk\/prislusenstvo\/balenie-protein-a-vitamin-120-g-pre-exoticke-slimaky\/\" \/>\n<meta property=\"og:site_name\" content=\"MegaPets\" \/>\n<meta property=\"article:publisher\" content=\"https:\/\/www.facebook.com\/MegaPets.eu\/\" \/>\n<meta property=\"og:image\" content=\"https:\/\/megapets.eu\/wp-content\/uploads\/2025\/06\/protein-123.png\" \/>\n\t<meta property=\"og:image:width\" content=\"1053\" \/>\n\t<meta property=\"og:image:height\" content=\"694\" \/>\n\t<meta property=\"og:image:type\" content=\"image\/png\" \/>\n<meta name=\"twitter:card\" content=\"summary_large_image\" \/>\n<meta name=\"twitter:label1\" content=\"Predpokladan\u00fd \u010das \u010d\u00edtania\" \/>\n\t<meta name=\"twitter:data1\" content=\"1 min\u00fata\" \/>\n<script type=\"application\/ld+json\" class=\"yoast-schema-graph\">{\"@context\":\"https:\/\/schema.org\",\"@graph\":[{\"@type\":\"WebPage\",\"@id\":\"https:\/\/megapets.eu\/sk\/prislusenstvo\/balenie-protein-a-vitamin-120-g-pre-exoticke-slimaky\/\",\"url\":\"https:\/\/megapets.eu\/sk\/prislusenstvo\/balenie-protein-a-vitamin-120-g-pre-exoticke-slimaky\/\",\"name\":\"Balenie \\\"Prote\u00edn a vitam\u00edn\\\" 120 g pre exotick\u00e9 slim\u00e1ky | MegaPets\",\"isPartOf\":{\"@id\":\"https:\/\/megapets.eu\/sk\/#website\"},\"primaryImageOfPage\":{\"@id\":\"https:\/\/megapets.eu\/sk\/prislusenstvo\/balenie-protein-a-vitamin-120-g-pre-exoticke-slimaky\/#primaryimage\"},\"image\":{\"@id\":\"https:\/\/megapets.eu\/sk\/prislusenstvo\/balenie-protein-a-vitamin-120-g-pre-exoticke-slimaky\/#primaryimage\"},\"thumbnailUrl\":\"https:\/\/megapets.eu\/wp-content\/uploads\/2025\/06\/protein-123.png\",\"datePublished\":\"2025-06-10T11:52:30+00:00\",\"breadcrumb\":{\"@id\":\"https:\/\/megapets.eu\/sk\/prislusenstvo\/balenie-protein-a-vitamin-120-g-pre-exoticke-slimaky\/#breadcrumb\"},\"inLanguage\":\"sk-SK\",\"potentialAction\":[{\"@type\":\"ReadAction\",\"target\":[\"https:\/\/megapets.eu\/sk\/prislusenstvo\/balenie-protein-a-vitamin-120-g-pre-exoticke-slimaky\/\"]}]},{\"@type\":\"ImageObject\",\"inLanguage\":\"sk-SK\",\"@id\":\"https:\/\/megapets.eu\/sk\/prislusenstvo\/balenie-protein-a-vitamin-120-g-pre-exoticke-slimaky\/#primaryimage\",\"url\":\"https:\/\/megapets.eu\/wp-content\/uploads\/2025\/06\/protein-123.png\",\"contentUrl\":\"https:\/\/megapets.eu\/wp-content\/uploads\/2025\/06\/protein-123.png\",\"width\":1053,\"height\":694},{\"@type\":\"BreadcrumbList\",\"@id\":\"https:\/\/megapets.eu\/sk\/prislusenstvo\/balenie-protein-a-vitamin-120-g-pre-exoticke-slimaky\/#breadcrumb\",\"itemListElement\":[{\"@type\":\"ListItem\",\"position\":1,\"name\":\"Strona g\u0142\u00f3wna\",\"item\":\"https:\/\/megapets.eu\/sk\/\"},{\"@type\":\"ListItem\",\"position\":2,\"name\":\"Obchod\",\"item\":\"https:\/\/megapets.eu\/obchod\/\"},{\"@type\":\"ListItem\",\"position\":3,\"name\":\"Balenie &#8222;Prote\u00edn a vitam\u00edn\\\" 120 g pre exotick\u00e9 slim\u00e1ky\"}]},{\"@type\":\"WebSite\",\"@id\":\"https:\/\/megapets.eu\/sk\/#website\",\"url\":\"https:\/\/megapets.eu\/sk\/\",\"name\":\"Mega Pets\",\"description\":\"Jedna z najwi\u0119kszych hodowli \u015blimak\u00f3w w Europie\",\"publisher\":{\"@id\":\"https:\/\/megapets.eu\/sk\/#organization\"},\"alternateName\":\"Mega Pets\",\"potentialAction\":[{\"@type\":\"SearchAction\",\"target\":{\"@type\":\"EntryPoint\",\"urlTemplate\":\"https:\/\/megapets.eu\/sk\/?s={search_term_string}\"},\"query-input\":{\"@type\":\"PropertyValueSpecification\",\"valueRequired\":true,\"valueName\":\"search_term_string\"}}],\"inLanguage\":\"sk-SK\"},{\"@type\":\"Organization\",\"@id\":\"https:\/\/megapets.eu\/sk\/#organization\",\"name\":\"Mega Pets\",\"url\":\"https:\/\/megapets.eu\/sk\/\",\"logo\":{\"@type\":\"ImageObject\",\"inLanguage\":\"sk-SK\",\"@id\":\"https:\/\/megapets.eu\/sk\/#\/schema\/logo\/image\/\",\"url\":\"https:\/\/megapets.eu\/wp-content\/uploads\/2025\/04\/megapets_eu-logo.png\",\"contentUrl\":\"https:\/\/megapets.eu\/wp-content\/uploads\/2025\/04\/megapets_eu-logo.png\",\"width\":2362,\"height\":2362,\"caption\":\"Mega Pets\"},\"image\":{\"@id\":\"https:\/\/megapets.eu\/sk\/#\/schema\/logo\/image\/\"},\"sameAs\":[\"https:\/\/www.facebook.com\/MegaPets.eu\/\"]}]}<\/script>\n<!-- \/ Yoast SEO plugin. -->","yoast_head_json":{"title":"Balenie \"Prote\u00edn a vitam\u00edn\" 120 g  pre exotick\u00e9 slim\u00e1ky | MegaPets","robots":{"index":"index","follow":"follow","max-snippet":"max-snippet:-1","max-image-preview":"max-image-preview:large","max-video-preview":"max-video-preview:-1"},"canonical":"https:\/\/megapets.eu\/sk\/prislusenstvo\/balenie-protein-a-vitamin-120-g-pre-exoticke-slimaky\/","og_locale":"sk_SK","og_type":"article","og_title":"Balenie \"Prote\u00edn a vitam\u00edn\" 120 g  pre exotick\u00e9 slim\u00e1ky | MegaPets","og_description":"Obsahuje: zmes obiln\u00edn  Balenie obsahuje: 120 g  Cena plat\u00ed pre: Cena plat\u00ed pre 1 balenie.","og_url":"https:\/\/megapets.eu\/sk\/prislusenstvo\/balenie-protein-a-vitamin-120-g-pre-exoticke-slimaky\/","og_site_name":"MegaPets","article_publisher":"https:\/\/www.facebook.com\/MegaPets.eu\/","og_image":[{"width":1053,"height":694,"url":"https:\/\/megapets.eu\/wp-content\/uploads\/2025\/06\/protein-123.png","type":"image\/png"}],"twitter_card":"summary_large_image","twitter_misc":{"Predpokladan\u00fd \u010das \u010d\u00edtania":"1 min\u00fata"},"schema":{"@context":"https:\/\/schema.org","@graph":[{"@type":"WebPage","@id":"https:\/\/megapets.eu\/sk\/prislusenstvo\/balenie-protein-a-vitamin-120-g-pre-exoticke-slimaky\/","url":"https:\/\/megapets.eu\/sk\/prislusenstvo\/balenie-protein-a-vitamin-120-g-pre-exoticke-slimaky\/","name":"Balenie \"Prote\u00edn a vitam\u00edn\" 120 g pre exotick\u00e9 slim\u00e1ky | MegaPets","isPartOf":{"@id":"https:\/\/megapets.eu\/sk\/#website"},"primaryImageOfPage":{"@id":"https:\/\/megapets.eu\/sk\/prislusenstvo\/balenie-protein-a-vitamin-120-g-pre-exoticke-slimaky\/#primaryimage"},"image":{"@id":"https:\/\/megapets.eu\/sk\/prislusenstvo\/balenie-protein-a-vitamin-120-g-pre-exoticke-slimaky\/#primaryimage"},"thumbnailUrl":"https:\/\/megapets.eu\/wp-content\/uploads\/2025\/06\/protein-123.png","datePublished":"2025-06-10T11:52:30+00:00","breadcrumb":{"@id":"https:\/\/megapets.eu\/sk\/prislusenstvo\/balenie-protein-a-vitamin-120-g-pre-exoticke-slimaky\/#breadcrumb"},"inLanguage":"sk-SK","potentialAction":[{"@type":"ReadAction","target":["https:\/\/megapets.eu\/sk\/prislusenstvo\/balenie-protein-a-vitamin-120-g-pre-exoticke-slimaky\/"]}]},{"@type":"ImageObject","inLanguage":"sk-SK","@id":"https:\/\/megapets.eu\/sk\/prislusenstvo\/balenie-protein-a-vitamin-120-g-pre-exoticke-slimaky\/#primaryimage","url":"https:\/\/megapets.eu\/wp-content\/uploads\/2025\/06\/protein-123.png","contentUrl":"https:\/\/megapets.eu\/wp-content\/uploads\/2025\/06\/protein-123.png","width":1053,"height":694},{"@type":"BreadcrumbList","@id":"https:\/\/megapets.eu\/sk\/prislusenstvo\/balenie-protein-a-vitamin-120-g-pre-exoticke-slimaky\/#breadcrumb","itemListElement":[{"@type":"ListItem","position":1,"name":"Strona g\u0142\u00f3wna","item":"https:\/\/megapets.eu\/sk\/"},{"@type":"ListItem","position":2,"name":"Obchod","item":"https:\/\/megapets.eu\/obchod\/"},{"@type":"ListItem","position":3,"name":"Balenie &#8222;Prote\u00edn a vitam\u00edn\" 120 g pre exotick\u00e9 slim\u00e1ky"}]},{"@type":"WebSite","@id":"https:\/\/megapets.eu\/sk\/#website","url":"https:\/\/megapets.eu\/sk\/","name":"Mega Pets","description":"Jedna z najwi\u0119kszych hodowli \u015blimak\u00f3w w Europie","publisher":{"@id":"https:\/\/megapets.eu\/sk\/#organization"},"alternateName":"Mega Pets","potentialAction":[{"@type":"SearchAction","target":{"@type":"EntryPoint","urlTemplate":"https:\/\/megapets.eu\/sk\/?s={search_term_string}"},"query-input":{"@type":"PropertyValueSpecification","valueRequired":true,"valueName":"search_term_string"}}],"inLanguage":"sk-SK"},{"@type":"Organization","@id":"https:\/\/megapets.eu\/sk\/#organization","name":"Mega Pets","url":"https:\/\/megapets.eu\/sk\/","logo":{"@type":"ImageObject","inLanguage":"sk-SK","@id":"https:\/\/megapets.eu\/sk\/#\/schema\/logo\/image\/","url":"https:\/\/megapets.eu\/wp-content\/uploads\/2025\/04\/megapets_eu-logo.png","contentUrl":"https:\/\/megapets.eu\/wp-content\/uploads\/2025\/04\/megapets_eu-logo.png","width":2362,"height":2362,"caption":"Mega Pets"},"image":{"@id":"https:\/\/megapets.eu\/sk\/#\/schema\/logo\/image\/"},"sameAs":["https:\/\/www.facebook.com\/MegaPets.eu\/"]}]}},"_links":{"self":[{"href":"https:\/\/megapets.eu\/sk\/wp-json\/wp\/v2\/product\/6019","targetHints":{"allow":["GET"]}}],"collection":[{"href":"https:\/\/megapets.eu\/sk\/wp-json\/wp\/v2\/product"}],"about":[{"href":"https:\/\/megapets.eu\/sk\/wp-json\/wp\/v2\/types\/product"}],"wp:featuredmedia":[{"embeddable":true,"href":"https:\/\/megapets.eu\/sk\/wp-json\/wp\/v2\/media\/6020"}],"wp:attachment":[{"href":"https:\/\/megapets.eu\/sk\/wp-json\/wp\/v2\/media?parent=6019"}],"wp:term":[{"taxonomy":"product_cat","embeddable":true,"href":"https:\/\/megapets.eu\/sk\/wp-json\/wp\/v2\/product_cat?post=6019"},{"taxonomy":"product_tag","embeddable":true,"href":"https:\/\/megapets.eu\/sk\/wp-json\/wp\/v2\/product_tag?post=6019"}],"curies":[{"name":"wp","href":"https:\/\/api.w.org\/{rel}","templated":true}]}}