{"id":6030,"date":"2025-04-10T09:51:28","date_gmt":"2025-04-10T09:51:28","guid":{"rendered":"https:\/\/megapets.eu\/nezaraden\u00e9\/atlas-obrovskych-slimakov-cast-i\/"},"modified":"2025-04-10T09:51:28","modified_gmt":"2025-04-10T09:51:28","slug":"atlas-obrovskych-slimakov-cast-i","status":"publish","type":"product","link":"https:\/\/megapets.eu\/sk\/elektronicke-knihy\/atlas-obrovskych-slimakov-cast-i\/","title":{"rendered":"Atlas obrovsk\u00fdch slim\u00e1kov &#8211; \u010das\u0165 I"},"content":{"rendered":"<div class=\"xdj266r x11i5rnm xat24cr x1mh8g0r x1vvkbs x126k92a\">\n<div dir=\"auto\">\n<p style=\"text-align: left;\"><span style=\"font-size: 15px; color: #333333;\"><em><span class=\"html-span xexx8yu x4uap5 x18d9i69 xkhd6sd x1hl2dhg x16tdsg8 x1vvkbs x3nfvp2 x1j61x8r x1fcty0u xdj266r xat24cr xgzva0m xhhsvwb xxymvpz xlup9mm x1kky2od\"><img loading=\"lazy\" decoding=\"async\" class=\"xz74otr x168nmei x13lgxp2 x5pf9jr xo71vjh\" src=\"https:\/\/static.xx.fbcdn.net\/images\/emoji.php\/v9\/t6c\/1\/16\/2764.png\" alt=\"\u2764\" width=\"16\" height=\"16\" \/> <\/span>Predstavujeme v\u00e1m n\u00e1\u0161 jedine\u010dn\u00fd a bezplatn\u00fd <span class=\"html-span xexx8yu x4uap5 x18d9i69 xkhd6sd x1hl2dhg x16tdsg8 x1vvkbs x3nfvp2 x1j61x8r x1fcty0u xdj266r xat24cr xgzva0m xhhsvwb xxymvpz xlup9mm x1kky2od\"><img loading=\"lazy\" decoding=\"async\" class=\"xz74otr x168nmei x13lgxp2 x5pf9jr xo71vjh\" src=\"https:\/\/static.xx.fbcdn.net\/images\/emoji.php\/v9\/t9e\/1\/16\/1f4d6.png\" alt=\"\ud83d\udcd6\" width=\"16\" height=\"16\" \/><img loading=\"lazy\" decoding=\"async\" class=\"xz74otr x168nmei x13lgxp2 x5pf9jr xo71vjh\" src=\"https:\/\/static.xx.fbcdn.net\/images\/emoji.php\/v9\/tff\/1\/16\/1f40c.png\" alt=\"\ud83d\udc0c\" width=\"16\" height=\"16\" \/> <\/span>&#8222;Atlas obrovsk\u00fdch slim\u00e1kov&#8220;, I. \u010das\u0165.<\/em><\/span><\/p>\n<p style=\"text-align: left;\"><span style=\"font-size: 15px; color: #333333;\"><em>Atlas obrovsk\u00fdch slim\u00e1kov je kompendium poznatkov o exotick\u00fdch slim\u00e1koch &#8211; pripraven\u00e9 \u0161peci\u00e1lne pre v\u00e1s!<\/em><\/span><\/p>\n<p style=\"text-align: left;\"><span style=\"font-size: 15px; color: #333333;\"><em><span style=\"font-size: 15px;\"><span class=\"html-span xexx8yu x4uap5 x18d9i69 xkhd6sd x1hl2dhg x16tdsg8 x1vvkbs x3nfvp2 x1j61x8r x1fcty0u xdj266r xat24cr xgzva0m xhhsvwb xxymvpz xlup9mm x1kky2od\"><img loading=\"lazy\" decoding=\"async\" class=\"xz74otr x168nmei x13lgxp2 x5pf9jr xo71vjh\" src=\"https:\/\/static.xx.fbcdn.net\/images\/emoji.php\/v9\/tb4\/1\/16\/2b50.png\" alt=\"\u2b50\ufe0f\" width=\"16\" height=\"16\" \/><\/span> <\/span>V roku 2018 sme zrealizovali n\u00e1\u0161 n\u00e1pad na prv\u00fa knihu venovan\u00fa obrovsk\u00fdm slim\u00e1kom &#8211; elegantn\u00fa a starostlivo spracovan\u00fa e-knihu v po\u013e\u0161tine <span class=\"html-span xexx8yu x4uap5 x18d9i69 xkhd6sd x1hl2dhg x16tdsg8 x1vvkbs x3nfvp2 x1j61x8r x1fcty0u xdj266r xat24cr xgzva0m xhhsvwb xxymvpz xlup9mm x1kky2od\"><img loading=\"lazy\" decoding=\"async\" class=\"xz74otr x168nmei x13lgxp2 x5pf9jr xo71vjh\" src=\"https:\/\/static.xx.fbcdn.net\/images\/emoji.php\/v9\/te0\/1\/16\/1f1f5_1f1f1.png\" alt=\"\ud83c\uddf5\ud83c\uddf1\" width=\"16\" height=\"16\" \/><\/span> a angli\u010dtine <span class=\"html-span xexx8yu x4uap5 x18d9i69 xkhd6sd x1hl2dhg x16tdsg8 x1vvkbs x3nfvp2 x1j61x8r x1fcty0u xdj266r xat24cr xgzva0m xhhsvwb xxymvpz xlup9mm x1kky2od\"><img loading=\"lazy\" decoding=\"async\" class=\"xz74otr x168nmei x13lgxp2 x5pf9jr xo71vjh\" src=\"https:\/\/static.xx.fbcdn.net\/images\/emoji.php\/v9\/t96\/1\/16\/1f1ec_1f1e7.png\" alt=\"\ud83c\uddec\ud83c\udde7\" width=\"16\" height=\"16\" \/><\/span>. V priebehu rokov sme nazbierali to\u013eko materi\u00e1lu, \u017ee sa n\u00e1\u0161 p\u00f4vodn\u00fd n\u00e1pad zmenil na projekt viaczv\u00e4zkov\u00e9ho , jedine\u010dn\u00e9ho atlasu obrovsk\u00fdch slim\u00e1kov. Chceli sme, aby na\u0161a prv\u00e1 e-kniha bola k dispoz\u00edcii zadarmo pre na\u0161ich z\u00e1kazn\u00edkov MegaPets.eu a n\u00e1\u0161 n\u00e1pad sme plne zrealizovali! Str\u00e1nku po str\u00e1nke sme na\u0161u publik\u00e1ciu roz\u0161irovali a obohacovali o podrobnosti, ktor\u00e9 e\u0161te viac odr\u00e1\u017eaj\u00fa jedine\u010dnos\u0165 druhov, poddruhov a ich farebn\u00fdch variet. Dali sme si z\u00e1le\u017ea\u0165 na tom, aby bola jedine\u010dn\u00fdm dielom, a preto sme ka\u017ed\u00e9ho slim\u00e1ka prezentovan\u00e9ho na jej str\u00e1nkach vypestovali z vaj\u00ed\u010dka. V\u010faka tomu kniha o\u017e\u00edva <span class=\"html-span xexx8yu x4uap5 x18d9i69 xkhd6sd x1hl2dhg x16tdsg8 x1vvkbs x3nfvp2 x1j61x8r x1fcty0u xdj266r xat24cr xgzva0m xhhsvwb xxymvpz xlup9mm x1kky2od\"><img loading=\"lazy\" decoding=\"async\" class=\"xz74otr x168nmei x13lgxp2 x5pf9jr xo71vjh\" src=\"https:\/\/static.xx.fbcdn.net\/images\/emoji.php\/v9\/t69\/1\/16\/1f331.png\" alt=\"\ud83c\udf31\" width=\"16\" height=\"16\" \/><\/span>, a ka\u017ed\u00e1 jej str\u00e1nka pote\u0161\u00ed kr\u00e1sou <span class=\"html-span xexx8yu x4uap5 x18d9i69 xkhd6sd x1hl2dhg x16tdsg8 x1vvkbs x3nfvp2 x1j61x8r x1fcty0u xdj266r xat24cr xgzva0m xhhsvwb xxymvpz xlup9mm x1kky2od\"><img loading=\"lazy\" decoding=\"async\" class=\"xz74otr x168nmei x13lgxp2 x5pf9jr xo71vjh\" src=\"https:\/\/static.xx.fbcdn.net\/images\/emoji.php\/v9\/te3\/1\/16\/1f490.png\" alt=\"\ud83d\udc90\" width=\"16\" height=\"16\" \/><\/span>, zmyslom pre detail a v\u00e1\u0161\u0148ou <span class=\"html-span xexx8yu x4uap5 x18d9i69 xkhd6sd x1hl2dhg x16tdsg8 x1vvkbs x3nfvp2 x1j61x8r x1fcty0u xdj266r xat24cr xgzva0m xhhsvwb xxymvpz xlup9mm x1kky2od\"><img loading=\"lazy\" decoding=\"async\" class=\"xz74otr x168nmei x13lgxp2 x5pf9jr xo71vjh\" src=\"https:\/\/static.xx.fbcdn.net\/images\/emoji.php\/v9\/t6c\/1\/16\/2764.png\" alt=\"\u2764\" width=\"16\" height=\"16\" \/><\/span>, ktor\u00fa sme do nej vlo\u017eili.<\/em><\/span><\/p>\n<p style=\"text-align: left;\"><span style=\"color: #333333; font-size: 15px;\"><em><span class=\"x1xsqp64 xiy17q3 x1o6pynw x19co3pv xdj266r xcwd3tp xat24cr x39eecv x2b8uid\" data-testid=\"emoji\"><span class=\"xexx8yu xn5pp95 x18d9i69 x2fxd7x x3jgonx x1bhl96m\"> <span style=\"font-size: 15px;\"><img loading=\"lazy\" decoding=\"async\" class=\"xz74otr\" src=\"https:\/\/static.xx.fbcdn.net\/images\/emoji.php\/v9\/t1e\/1\/16\/1f33f.png\" alt=\"\ud83c\udf3f\" width=\"18\" height=\"18\" \/> <\/span>\u010cakaj\u00fa n\u00e1s \u010fal\u0161ie v\u00fdzvy &#8211; vytvori\u0165 pre v\u00e1s cel\u00fa kni\u017enicu <span class=\"html-span xexx8yu x4uap5 x18d9i69 xkhd6sd x1hl2dhg x16tdsg8 x1vvkbs x3nfvp2 x1j61x8r x1fcty0u xdj266r xat24cr xgzva0m xhhsvwb xxymvpz xlup9mm x1kky2od\"><img loading=\"lazy\" decoding=\"async\" class=\"xz74otr x168nmei x13lgxp2 x5pf9jr xo71vjh\" src=\"https:\/\/static.xx.fbcdn.net\/images\/emoji.php\/v9\/t49\/1\/16\/1f4da.png\" alt=\"\ud83d\udcda\" width=\"16\" height=\"16\" \/><\/span>. \u010eal\u0161ie \u010dasti sa u\u017e pripravuj\u00fa.<\/span><\/span><\/em><\/span><\/p>\n<\/div>\n<\/div>\n","protected":false},"excerpt":{"rendered":"<p>Predstavujeme v\u00e1m n\u00e1\u0161 jedine\u010dn\u00fd a bezplatn\u00fd &#8222;Atlas obrovsk\u00fdch slim\u00e1kov&#8220;, I. \u010das\u0165. Atlas obrovsk\u00fdch slim\u00e1kov je kompendium poznatkov o exotick\u00fdch slim\u00e1koch &#8211; pripraven\u00e9 \u0161peci\u00e1lne pre v\u00e1s! V roku 2018 sme zrealizovali n\u00e1\u0161 n\u00e1pad na prv\u00fa knihu venovan\u00fa obrovsk\u00fdm slim\u00e1kom &#8211; elegantn\u00fa a starostlivo spracovan\u00fa e-knihu v po\u013e\u0161tine a angli\u010dtine . V priebehu rokov sme nazbierali to\u013eko [&hellip;]<\/p>\n","protected":false},"featured_media":6034,"template":"","meta":{"_acf_changed":false,"_links_to":"","_links_to_target":""},"product_cat":[156],"product_tag":[],"class_list":{"0":"post-6030","1":"product","2":"type-product","3":"status-publish","4":"has-post-thumbnail","6":"product_cat-elektronicke-knihy","8":"first","9":"instock","10":"downloadable","11":"virtual","12":"purchasable","13":"product-type-simple"},"acf":[],"yoast_head":"<!-- This site is optimized with the Yoast SEO plugin v24.9 - https:\/\/yoast.com\/wordpress\/plugins\/seo\/ -->\n<title>Atlas obrovsk\u00fdch slim\u00e1kov - \u010das\u0165 I | MegaPets<\/title>\n<meta name=\"robots\" content=\"index, follow, max-snippet:-1, max-image-preview:large, max-video-preview:-1\" \/>\n<link rel=\"canonical\" href=\"https:\/\/megapets.eu\/sk\/elektronicke-knihy\/atlas-obrovskych-slimakov-cast-i\/\" \/>\n<meta property=\"og:locale\" content=\"sk_SK\" \/>\n<meta property=\"og:type\" content=\"article\" \/>\n<meta property=\"og:title\" content=\"Atlas obrovsk\u00fdch slim\u00e1kov - \u010das\u0165 I | MegaPets\" \/>\n<meta property=\"og:description\" content=\"Predstavujeme v\u00e1m n\u00e1\u0161 jedine\u010dn\u00fd a bezplatn\u00fd &#8222;Atlas obrovsk\u00fdch slim\u00e1kov&#8220;, I. \u010das\u0165. Atlas obrovsk\u00fdch slim\u00e1kov je kompendium poznatkov o exotick\u00fdch slim\u00e1koch &#8211; pripraven\u00e9 \u0161peci\u00e1lne pre v\u00e1s! V roku 2018 sme zrealizovali n\u00e1\u0161 n\u00e1pad na prv\u00fa knihu venovan\u00fa obrovsk\u00fdm slim\u00e1kom &#8211; elegantn\u00fa a starostlivo spracovan\u00fa e-knihu v po\u013e\u0161tine a angli\u010dtine . V priebehu rokov sme nazbierali to\u013eko [&hellip;]\" \/>\n<meta property=\"og:url\" content=\"https:\/\/megapets.eu\/sk\/elektronicke-knihy\/atlas-obrovskych-slimakov-cast-i\/\" \/>\n<meta property=\"og:site_name\" content=\"MegaPets\" \/>\n<meta property=\"article:publisher\" content=\"https:\/\/www.facebook.com\/MegaPets.eu\/\" \/>\n<meta property=\"og:image\" content=\"https:\/\/static.xx.fbcdn.net\/images\/emoji.php\/v9\/t6c\/1\/16\/2764.png\" \/>\n<meta name=\"twitter:card\" content=\"summary_large_image\" \/>\n<meta name=\"twitter:label1\" content=\"Predpokladan\u00fd \u010das \u010d\u00edtania\" \/>\n\t<meta name=\"twitter:data1\" content=\"1 min\u00fata\" \/>\n<script type=\"application\/ld+json\" class=\"yoast-schema-graph\">{\"@context\":\"https:\/\/schema.org\",\"@graph\":[{\"@type\":\"WebPage\",\"@id\":\"https:\/\/megapets.eu\/sk\/elektronicke-knihy\/atlas-obrovskych-slimakov-cast-i\/\",\"url\":\"https:\/\/megapets.eu\/sk\/elektronicke-knihy\/atlas-obrovskych-slimakov-cast-i\/\",\"name\":\"Atlas obrovsk\u00fdch slim\u00e1kov - \u010das\u0165 I | MegaPets\",\"isPartOf\":{\"@id\":\"https:\/\/megapets.eu\/sk\/#website\"},\"primaryImageOfPage\":{\"@id\":\"https:\/\/megapets.eu\/sk\/elektronicke-knihy\/atlas-obrovskych-slimakov-cast-i\/#primaryimage\"},\"image\":{\"@id\":\"https:\/\/megapets.eu\/sk\/elektronicke-knihy\/atlas-obrovskych-slimakov-cast-i\/#primaryimage\"},\"thumbnailUrl\":\"https:\/\/megapets.eu\/wp-content\/uploads\/2025\/04\/6789000-1.png\",\"datePublished\":\"2025-04-10T09:51:28+00:00\",\"breadcrumb\":{\"@id\":\"https:\/\/megapets.eu\/sk\/elektronicke-knihy\/atlas-obrovskych-slimakov-cast-i\/#breadcrumb\"},\"inLanguage\":\"sk-SK\",\"potentialAction\":[{\"@type\":\"ReadAction\",\"target\":[\"https:\/\/megapets.eu\/sk\/elektronicke-knihy\/atlas-obrovskych-slimakov-cast-i\/\"]}]},{\"@type\":\"ImageObject\",\"inLanguage\":\"sk-SK\",\"@id\":\"https:\/\/megapets.eu\/sk\/elektronicke-knihy\/atlas-obrovskych-slimakov-cast-i\/#primaryimage\",\"url\":\"https:\/\/megapets.eu\/wp-content\/uploads\/2025\/04\/6789000-1.png\",\"contentUrl\":\"https:\/\/megapets.eu\/wp-content\/uploads\/2025\/04\/6789000-1.png\",\"width\":981,\"height\":671},{\"@type\":\"BreadcrumbList\",\"@id\":\"https:\/\/megapets.eu\/sk\/elektronicke-knihy\/atlas-obrovskych-slimakov-cast-i\/#breadcrumb\",\"itemListElement\":[{\"@type\":\"ListItem\",\"position\":1,\"name\":\"Strona g\u0142\u00f3wna\",\"item\":\"https:\/\/megapets.eu\/sk\/\"},{\"@type\":\"ListItem\",\"position\":2,\"name\":\"Obchod\",\"item\":\"https:\/\/megapets.eu\/obchod\/\"},{\"@type\":\"ListItem\",\"position\":3,\"name\":\"Atlas obrovsk\u00fdch slim\u00e1kov &#8211; \u010das\u0165 I\"}]},{\"@type\":\"WebSite\",\"@id\":\"https:\/\/megapets.eu\/sk\/#website\",\"url\":\"https:\/\/megapets.eu\/sk\/\",\"name\":\"Mega Pets\",\"description\":\"Jedna z najwi\u0119kszych hodowli \u015blimak\u00f3w w Europie\",\"publisher\":{\"@id\":\"https:\/\/megapets.eu\/sk\/#organization\"},\"alternateName\":\"Mega Pets\",\"potentialAction\":[{\"@type\":\"SearchAction\",\"target\":{\"@type\":\"EntryPoint\",\"urlTemplate\":\"https:\/\/megapets.eu\/sk\/?s={search_term_string}\"},\"query-input\":{\"@type\":\"PropertyValueSpecification\",\"valueRequired\":true,\"valueName\":\"search_term_string\"}}],\"inLanguage\":\"sk-SK\"},{\"@type\":\"Organization\",\"@id\":\"https:\/\/megapets.eu\/sk\/#organization\",\"name\":\"Mega Pets\",\"url\":\"https:\/\/megapets.eu\/sk\/\",\"logo\":{\"@type\":\"ImageObject\",\"inLanguage\":\"sk-SK\",\"@id\":\"https:\/\/megapets.eu\/sk\/#\/schema\/logo\/image\/\",\"url\":\"https:\/\/megapets.eu\/wp-content\/uploads\/2025\/04\/megapets_eu-logo.png\",\"contentUrl\":\"https:\/\/megapets.eu\/wp-content\/uploads\/2025\/04\/megapets_eu-logo.png\",\"width\":2362,\"height\":2362,\"caption\":\"Mega Pets\"},\"image\":{\"@id\":\"https:\/\/megapets.eu\/sk\/#\/schema\/logo\/image\/\"},\"sameAs\":[\"https:\/\/www.facebook.com\/MegaPets.eu\/\"]}]}<\/script>\n<!-- \/ Yoast SEO plugin. -->","yoast_head_json":{"title":"Atlas obrovsk\u00fdch slim\u00e1kov - \u010das\u0165 I | MegaPets","robots":{"index":"index","follow":"follow","max-snippet":"max-snippet:-1","max-image-preview":"max-image-preview:large","max-video-preview":"max-video-preview:-1"},"canonical":"https:\/\/megapets.eu\/sk\/elektronicke-knihy\/atlas-obrovskych-slimakov-cast-i\/","og_locale":"sk_SK","og_type":"article","og_title":"Atlas obrovsk\u00fdch slim\u00e1kov - \u010das\u0165 I | MegaPets","og_description":"Predstavujeme v\u00e1m n\u00e1\u0161 jedine\u010dn\u00fd a bezplatn\u00fd &#8222;Atlas obrovsk\u00fdch slim\u00e1kov&#8220;, I. \u010das\u0165. Atlas obrovsk\u00fdch slim\u00e1kov je kompendium poznatkov o exotick\u00fdch slim\u00e1koch &#8211; pripraven\u00e9 \u0161peci\u00e1lne pre v\u00e1s! V roku 2018 sme zrealizovali n\u00e1\u0161 n\u00e1pad na prv\u00fa knihu venovan\u00fa obrovsk\u00fdm slim\u00e1kom &#8211; elegantn\u00fa a starostlivo spracovan\u00fa e-knihu v po\u013e\u0161tine a angli\u010dtine . V priebehu rokov sme nazbierali to\u013eko [&hellip;]","og_url":"https:\/\/megapets.eu\/sk\/elektronicke-knihy\/atlas-obrovskych-slimakov-cast-i\/","og_site_name":"MegaPets","article_publisher":"https:\/\/www.facebook.com\/MegaPets.eu\/","og_image":[{"url":"https:\/\/static.xx.fbcdn.net\/images\/emoji.php\/v9\/t6c\/1\/16\/2764.png","type":"","width":"","height":""}],"twitter_card":"summary_large_image","twitter_misc":{"Predpokladan\u00fd \u010das \u010d\u00edtania":"1 min\u00fata"},"schema":{"@context":"https:\/\/schema.org","@graph":[{"@type":"WebPage","@id":"https:\/\/megapets.eu\/sk\/elektronicke-knihy\/atlas-obrovskych-slimakov-cast-i\/","url":"https:\/\/megapets.eu\/sk\/elektronicke-knihy\/atlas-obrovskych-slimakov-cast-i\/","name":"Atlas obrovsk\u00fdch slim\u00e1kov - \u010das\u0165 I | MegaPets","isPartOf":{"@id":"https:\/\/megapets.eu\/sk\/#website"},"primaryImageOfPage":{"@id":"https:\/\/megapets.eu\/sk\/elektronicke-knihy\/atlas-obrovskych-slimakov-cast-i\/#primaryimage"},"image":{"@id":"https:\/\/megapets.eu\/sk\/elektronicke-knihy\/atlas-obrovskych-slimakov-cast-i\/#primaryimage"},"thumbnailUrl":"https:\/\/megapets.eu\/wp-content\/uploads\/2025\/04\/6789000-1.png","datePublished":"2025-04-10T09:51:28+00:00","breadcrumb":{"@id":"https:\/\/megapets.eu\/sk\/elektronicke-knihy\/atlas-obrovskych-slimakov-cast-i\/#breadcrumb"},"inLanguage":"sk-SK","potentialAction":[{"@type":"ReadAction","target":["https:\/\/megapets.eu\/sk\/elektronicke-knihy\/atlas-obrovskych-slimakov-cast-i\/"]}]},{"@type":"ImageObject","inLanguage":"sk-SK","@id":"https:\/\/megapets.eu\/sk\/elektronicke-knihy\/atlas-obrovskych-slimakov-cast-i\/#primaryimage","url":"https:\/\/megapets.eu\/wp-content\/uploads\/2025\/04\/6789000-1.png","contentUrl":"https:\/\/megapets.eu\/wp-content\/uploads\/2025\/04\/6789000-1.png","width":981,"height":671},{"@type":"BreadcrumbList","@id":"https:\/\/megapets.eu\/sk\/elektronicke-knihy\/atlas-obrovskych-slimakov-cast-i\/#breadcrumb","itemListElement":[{"@type":"ListItem","position":1,"name":"Strona g\u0142\u00f3wna","item":"https:\/\/megapets.eu\/sk\/"},{"@type":"ListItem","position":2,"name":"Obchod","item":"https:\/\/megapets.eu\/obchod\/"},{"@type":"ListItem","position":3,"name":"Atlas obrovsk\u00fdch slim\u00e1kov &#8211; \u010das\u0165 I"}]},{"@type":"WebSite","@id":"https:\/\/megapets.eu\/sk\/#website","url":"https:\/\/megapets.eu\/sk\/","name":"Mega Pets","description":"Jedna z najwi\u0119kszych hodowli \u015blimak\u00f3w w Europie","publisher":{"@id":"https:\/\/megapets.eu\/sk\/#organization"},"alternateName":"Mega Pets","potentialAction":[{"@type":"SearchAction","target":{"@type":"EntryPoint","urlTemplate":"https:\/\/megapets.eu\/sk\/?s={search_term_string}"},"query-input":{"@type":"PropertyValueSpecification","valueRequired":true,"valueName":"search_term_string"}}],"inLanguage":"sk-SK"},{"@type":"Organization","@id":"https:\/\/megapets.eu\/sk\/#organization","name":"Mega Pets","url":"https:\/\/megapets.eu\/sk\/","logo":{"@type":"ImageObject","inLanguage":"sk-SK","@id":"https:\/\/megapets.eu\/sk\/#\/schema\/logo\/image\/","url":"https:\/\/megapets.eu\/wp-content\/uploads\/2025\/04\/megapets_eu-logo.png","contentUrl":"https:\/\/megapets.eu\/wp-content\/uploads\/2025\/04\/megapets_eu-logo.png","width":2362,"height":2362,"caption":"Mega Pets"},"image":{"@id":"https:\/\/megapets.eu\/sk\/#\/schema\/logo\/image\/"},"sameAs":["https:\/\/www.facebook.com\/MegaPets.eu\/"]}]}},"_links":{"self":[{"href":"https:\/\/megapets.eu\/sk\/wp-json\/wp\/v2\/product\/6030","targetHints":{"allow":["GET"]}}],"collection":[{"href":"https:\/\/megapets.eu\/sk\/wp-json\/wp\/v2\/product"}],"about":[{"href":"https:\/\/megapets.eu\/sk\/wp-json\/wp\/v2\/types\/product"}],"wp:featuredmedia":[{"embeddable":true,"href":"https:\/\/megapets.eu\/sk\/wp-json\/wp\/v2\/media\/6034"}],"wp:attachment":[{"href":"https:\/\/megapets.eu\/sk\/wp-json\/wp\/v2\/media?parent=6030"}],"wp:term":[{"taxonomy":"product_cat","embeddable":true,"href":"https:\/\/megapets.eu\/sk\/wp-json\/wp\/v2\/product_cat?post=6030"},{"taxonomy":"product_tag","embeddable":true,"href":"https:\/\/megapets.eu\/sk\/wp-json\/wp\/v2\/product_tag?post=6030"}],"curies":[{"name":"wp","href":"https:\/\/api.w.org\/{rel}","templated":true}]}}