{"id":6076,"date":"2024-10-06T11:40:11","date_gmt":"2024-10-06T11:40:11","guid":{"rendered":"https:\/\/megapets.eu\/nezaraden\u00e9\/archachatina-marginata-marginatatyp-1-para-p14\/"},"modified":"2024-10-06T11:40:11","modified_gmt":"2024-10-06T11:40:11","slug":"archachatina-marginata-marginatatyp-1-para-p14","status":"publish","type":"product","link":"https:\/\/megapets.eu\/sk\/slimaky\/archachatina-marginata-marginatatyp-1-para-p14\/","title":{"rendered":"Archachatina marginata marginata<br \/>typ 1 \/ para P14"},"content":{"rendered":"<p style=\"text-align: left;\"><span style=\"color: #424242; font-size: 15px;\"><em><span style=\"color: #000000;\"><strong>Druh:<\/strong> <\/span><\/em><span style=\"color: #000000;\"><em>Archachatina marginata marginata (Swainson, 1821)<\/em><\/span><em><br \/>\n<strong><span style=\"color: #000000;\">\u0160peci\u00e1lne ozna\u010denie rodu: <\/span><\/strong><\/em><em><span style=\"color: #000000;\">&#8222;typ 1&#8220;<\/span><\/em><em><br \/>\n<\/em><\/span><\/p>\n<p style=\"text-align: left;\"><span style=\"font-size: 15px;\"><strong><span style=\"color: #000000;\"><em><span style=\"color: #008000;\"><span style=\"color: #424242;\"><img decoding=\"async\" src=\"https:\/\/static.xx.fbcdn.net\/images\/emoji.php\/v9\/tb4\/1\/16\/2b50.png\" alt=\"\u2b50\ufe0f\" \/> <\/span><\/span><\/em><\/span><\/strong><span style=\"color: #000000;\"><em>Pon\u00fakan\u00e9 ml\u00e1\u010fat\u00e1 z nepr\u00edbuzn\u00e9ho rodi\u010dovsk\u00e9ho p\u00e1ru. Neust\u00e1lym v\u00fdberom vhodn\u00fdch partnerov a vytv\u00e1ran\u00edm p\u00e1rov z gener\u00e1cie na gener\u00e1ciu sa \u00faspe\u0161ne udr\u017eiavaj\u00fa nepr\u00edbuzn\u00e9 plemenn\u00e9 l\u00ednie kr\u00e1savcov obrovsk\u00fdch.<\/em><\/span><\/span><\/p>\n<p style=\"text-align: left;\"><span style=\"font-size: 15px;\"><span style=\"color: #000000;\"><em><span style=\"color: #008000;\"><span style=\"color: #424242;\"><img decoding=\"async\" src=\"https:\/\/static.xx.fbcdn.net\/images\/emoji.php\/v9\/t0\/1\/16\/1f5a4.png\" alt=\"\ud83d\udda4\" \/> N\u00e1dhern\u00e9 obry Archachatina marginata marginata predstavuj\u00fa robustn\u00fd a fascinuj\u00faci vzh\u013ead vzbudzuj\u00faci \u00factu. Ich hlavnou prednos\u0165ou je tmav\u00e9, \u010diernosiv\u00e9 alebo \u010diernohned\u00e9 telo a mohutn\u00fd pancier. Slim\u00e1ky Archachatina marginata marginata <span style=\"color: #424242; font-size: 15px;\">&#8222;typ 1&#8220;<\/span> sa vyzna\u010duj\u00fa v\u00fdnimo\u010dne \u010diernymi tykadlami a takmer dechtovo \u010diernou hlavou. Prevaha \u010diernej farby vo sfarben\u00ed im dod\u00e1va takmer gotick\u00fd \u0161t\u00fdl.<\/span><\/span><\/em><\/span><\/span><\/p>\n<p style=\"text-align: left;\"><span style=\"color: #000000; font-size: 15px;\"><em><span class=\"x1xsqp64 xiy17q3 x1o6pynw x19co3pv xdj266r xcwd3tp xat24cr x39eecv x2b8uid\" data-testid=\"emoji\"><span class=\"xexx8yu xn5pp95 x18d9i69 x2fxd7x x3jgonx x1bhl96m\"><img loading=\"lazy\" decoding=\"async\" class=\"\" src=\"https:\/\/static.xx.fbcdn.net\/images\/emoji.php\/v9\/t66\/1\/32\/1f4cc.png\" alt=\"\ud83d\udccc\" width=\"18\" height=\"18\" \/> Typick\u00e1 ve\u013ekos\u0165 schr\u00e1nky tohto druhu dosahuje zna\u010dn\u00fa ve\u013ekos\u0165, pribli\u017ene 12 &#8211; 14 cm.<\/span><\/span><\/em><\/span><\/p>\n<p style=\"text-align: left;\"><span style=\"color: #000000; font-size: 15px;\"><em><img loading=\"lazy\" decoding=\"async\" class=\"xz74otr\" src=\"https:\/\/static.xx.fbcdn.net\/images\/emoji.php\/v9\/t1e\/1\/16\/1f33f.png\" alt=\"\ud83c\udf3f\" width=\"18\" height=\"18\" \/> <span style=\"color: #008000;\">Podobne ako v\u00e4\u010d\u0161ina pr\u00edslu\u0161n\u00edkov rodu Archachatina, aj marginata marginata marginata je stredne akt\u00edvny, nevyberav\u00fd a \u013eahko udr\u017eiavate\u013en\u00fd druh.<\/span><\/em><\/span><\/p>\n","protected":false},"excerpt":{"rendered":"<ul>\n<li>Cie\u013eov\u00e1 ve\u013ekos\u0165 n\u00e1bojnice:\n<ul>\n<li>cca. 12-14 cm<\/li>\n<\/ul>\n<\/li>\n<li>Z nepr\u00edbuzn\u00e9ho p\u00e1ru:\n<ul>\n<li>P14<\/li>\n<\/ul>\n<\/li>\n<li>Pon\u00fakan\u00fd juvenil:\n<ul>\n<li>cca. 4-5 cm<\/li>\n<\/ul>\n<\/li>\n<li>Cena je za:\n<ul>\n<li>Cena za 1 ks<\/li>\n<\/ul>\n<\/li>\n<\/ul>\n","protected":false},"featured_media":6079,"template":"","meta":{"_acf_changed":false,"_links_to":"","_links_to_target":""},"product_cat":[144],"product_tag":[],"class_list":{"0":"post-6076","1":"product","2":"type-product","3":"status-publish","4":"has-post-thumbnail","6":"product_cat-slimaky","8":"first","9":"outofstock","10":"shipping-taxable","11":"purchasable","12":"product-type-simple"},"acf":[],"yoast_head":"<!-- This site is optimized with the Yoast SEO plugin v24.9 - https:\/\/yoast.com\/wordpress\/plugins\/seo\/ -->\n<title>Archachatina marginata marginatatyp 1 \/ para P14 | MegaPets<\/title>\n<meta name=\"robots\" content=\"index, follow, max-snippet:-1, max-image-preview:large, max-video-preview:-1\" \/>\n<link rel=\"canonical\" href=\"https:\/\/megapets.eu\/sk\/slimaky\/archachatina-marginata-marginatatyp-1-para-p14\/\" \/>\n<meta property=\"og:locale\" content=\"sk_SK\" \/>\n<meta property=\"og:type\" content=\"article\" \/>\n<meta property=\"og:title\" content=\"Archachatina marginata marginatatyp 1 \/ para P14 | MegaPets\" \/>\n<meta property=\"og:description\" content=\"Cie\u013eov\u00e1 ve\u013ekos\u0165 n\u00e1bojnice:  cca. 12-14 cm   Z nepr\u00edbuzn\u00e9ho p\u00e1ru:  P14   Pon\u00fakan\u00fd juvenil:  cca. 4-5 cm   Cena je za:  Cena za 1 ks\" \/>\n<meta property=\"og:url\" content=\"https:\/\/megapets.eu\/sk\/slimaky\/archachatina-marginata-marginatatyp-1-para-p14\/\" \/>\n<meta property=\"og:site_name\" content=\"MegaPets\" \/>\n<meta property=\"article:publisher\" content=\"https:\/\/www.facebook.com\/MegaPets.eu\/\" \/>\n<meta property=\"og:image\" content=\"https:\/\/megapets.eu\/wp-content\/uploads\/2025\/04\/Black-Pepper-28.08.2020-Ready-1024x683.png\" \/>\n\t<meta property=\"og:image:width\" content=\"1024\" \/>\n\t<meta property=\"og:image:height\" content=\"683\" \/>\n\t<meta property=\"og:image:type\" content=\"image\/png\" \/>\n<meta name=\"twitter:card\" content=\"summary_large_image\" \/>\n<meta name=\"twitter:label1\" content=\"Predpokladan\u00fd \u010das \u010d\u00edtania\" \/>\n\t<meta name=\"twitter:data1\" content=\"1 min\u00fata\" \/>\n<script type=\"application\/ld+json\" class=\"yoast-schema-graph\">{\"@context\":\"https:\/\/schema.org\",\"@graph\":[{\"@type\":\"WebPage\",\"@id\":\"https:\/\/megapets.eu\/sk\/slimaky\/archachatina-marginata-marginatatyp-1-para-p14\/\",\"url\":\"https:\/\/megapets.eu\/sk\/slimaky\/archachatina-marginata-marginatatyp-1-para-p14\/\",\"name\":\"Archachatina marginata marginata typ 1 \/ para P14 | MegaPets\",\"isPartOf\":{\"@id\":\"https:\/\/megapets.eu\/sk\/#website\"},\"primaryImageOfPage\":{\"@id\":\"https:\/\/megapets.eu\/sk\/slimaky\/archachatina-marginata-marginatatyp-1-para-p14\/#primaryimage\"},\"image\":{\"@id\":\"https:\/\/megapets.eu\/sk\/slimaky\/archachatina-marginata-marginatatyp-1-para-p14\/#primaryimage\"},\"thumbnailUrl\":\"https:\/\/megapets.eu\/wp-content\/uploads\/2025\/04\/Black-Pepper-28.08.2020-Ready.png\",\"datePublished\":\"2024-10-06T11:40:11+00:00\",\"breadcrumb\":{\"@id\":\"https:\/\/megapets.eu\/sk\/slimaky\/archachatina-marginata-marginatatyp-1-para-p14\/#breadcrumb\"},\"inLanguage\":\"sk-SK\",\"potentialAction\":[{\"@type\":\"ReadAction\",\"target\":[\"https:\/\/megapets.eu\/sk\/slimaky\/archachatina-marginata-marginatatyp-1-para-p14\/\"]}]},{\"@type\":\"ImageObject\",\"inLanguage\":\"sk-SK\",\"@id\":\"https:\/\/megapets.eu\/sk\/slimaky\/archachatina-marginata-marginatatyp-1-para-p14\/#primaryimage\",\"url\":\"https:\/\/megapets.eu\/wp-content\/uploads\/2025\/04\/Black-Pepper-28.08.2020-Ready.png\",\"contentUrl\":\"https:\/\/megapets.eu\/wp-content\/uploads\/2025\/04\/Black-Pepper-28.08.2020-Ready.png\",\"width\":7291,\"height\":4861},{\"@type\":\"BreadcrumbList\",\"@id\":\"https:\/\/megapets.eu\/sk\/slimaky\/archachatina-marginata-marginatatyp-1-para-p14\/#breadcrumb\",\"itemListElement\":[{\"@type\":\"ListItem\",\"position\":1,\"name\":\"Strona g\u0142\u00f3wna\",\"item\":\"https:\/\/megapets.eu\/sk\/\"},{\"@type\":\"ListItem\",\"position\":2,\"name\":\"Obchod\",\"item\":\"https:\/\/megapets.eu\/obchod\/\"},{\"@type\":\"ListItem\",\"position\":3,\"name\":\"Archachatina marginata marginatatyp 1 \/ para P14\"}]},{\"@type\":\"WebSite\",\"@id\":\"https:\/\/megapets.eu\/sk\/#website\",\"url\":\"https:\/\/megapets.eu\/sk\/\",\"name\":\"Mega Pets\",\"description\":\"Jedna z najwi\u0119kszych hodowli \u015blimak\u00f3w w Europie\",\"publisher\":{\"@id\":\"https:\/\/megapets.eu\/sk\/#organization\"},\"alternateName\":\"Mega Pets\",\"potentialAction\":[{\"@type\":\"SearchAction\",\"target\":{\"@type\":\"EntryPoint\",\"urlTemplate\":\"https:\/\/megapets.eu\/sk\/?s={search_term_string}\"},\"query-input\":{\"@type\":\"PropertyValueSpecification\",\"valueRequired\":true,\"valueName\":\"search_term_string\"}}],\"inLanguage\":\"sk-SK\"},{\"@type\":\"Organization\",\"@id\":\"https:\/\/megapets.eu\/sk\/#organization\",\"name\":\"Mega Pets\",\"url\":\"https:\/\/megapets.eu\/sk\/\",\"logo\":{\"@type\":\"ImageObject\",\"inLanguage\":\"sk-SK\",\"@id\":\"https:\/\/megapets.eu\/sk\/#\/schema\/logo\/image\/\",\"url\":\"https:\/\/megapets.eu\/wp-content\/uploads\/2025\/04\/megapets_eu-logo.png\",\"contentUrl\":\"https:\/\/megapets.eu\/wp-content\/uploads\/2025\/04\/megapets_eu-logo.png\",\"width\":2362,\"height\":2362,\"caption\":\"Mega Pets\"},\"image\":{\"@id\":\"https:\/\/megapets.eu\/sk\/#\/schema\/logo\/image\/\"},\"sameAs\":[\"https:\/\/www.facebook.com\/MegaPets.eu\/\"]}]}<\/script>\n<!-- \/ Yoast SEO plugin. -->","yoast_head_json":{"title":"Archachatina marginata marginatatyp 1 \/ para P14 | MegaPets","robots":{"index":"index","follow":"follow","max-snippet":"max-snippet:-1","max-image-preview":"max-image-preview:large","max-video-preview":"max-video-preview:-1"},"canonical":"https:\/\/megapets.eu\/sk\/slimaky\/archachatina-marginata-marginatatyp-1-para-p14\/","og_locale":"sk_SK","og_type":"article","og_title":"Archachatina marginata marginatatyp 1 \/ para P14 | MegaPets","og_description":"Cie\u013eov\u00e1 ve\u013ekos\u0165 n\u00e1bojnice:  cca. 12-14 cm   Z nepr\u00edbuzn\u00e9ho p\u00e1ru:  P14   Pon\u00fakan\u00fd juvenil:  cca. 4-5 cm   Cena je za:  Cena za 1 ks","og_url":"https:\/\/megapets.eu\/sk\/slimaky\/archachatina-marginata-marginatatyp-1-para-p14\/","og_site_name":"MegaPets","article_publisher":"https:\/\/www.facebook.com\/MegaPets.eu\/","og_image":[{"width":1024,"height":683,"url":"https:\/\/megapets.eu\/wp-content\/uploads\/2025\/04\/Black-Pepper-28.08.2020-Ready-1024x683.png","type":"image\/png"}],"twitter_card":"summary_large_image","twitter_misc":{"Predpokladan\u00fd \u010das \u010d\u00edtania":"1 min\u00fata"},"schema":{"@context":"https:\/\/schema.org","@graph":[{"@type":"WebPage","@id":"https:\/\/megapets.eu\/sk\/slimaky\/archachatina-marginata-marginatatyp-1-para-p14\/","url":"https:\/\/megapets.eu\/sk\/slimaky\/archachatina-marginata-marginatatyp-1-para-p14\/","name":"Archachatina marginata marginata typ 1 \/ para P14 | MegaPets","isPartOf":{"@id":"https:\/\/megapets.eu\/sk\/#website"},"primaryImageOfPage":{"@id":"https:\/\/megapets.eu\/sk\/slimaky\/archachatina-marginata-marginatatyp-1-para-p14\/#primaryimage"},"image":{"@id":"https:\/\/megapets.eu\/sk\/slimaky\/archachatina-marginata-marginatatyp-1-para-p14\/#primaryimage"},"thumbnailUrl":"https:\/\/megapets.eu\/wp-content\/uploads\/2025\/04\/Black-Pepper-28.08.2020-Ready.png","datePublished":"2024-10-06T11:40:11+00:00","breadcrumb":{"@id":"https:\/\/megapets.eu\/sk\/slimaky\/archachatina-marginata-marginatatyp-1-para-p14\/#breadcrumb"},"inLanguage":"sk-SK","potentialAction":[{"@type":"ReadAction","target":["https:\/\/megapets.eu\/sk\/slimaky\/archachatina-marginata-marginatatyp-1-para-p14\/"]}]},{"@type":"ImageObject","inLanguage":"sk-SK","@id":"https:\/\/megapets.eu\/sk\/slimaky\/archachatina-marginata-marginatatyp-1-para-p14\/#primaryimage","url":"https:\/\/megapets.eu\/wp-content\/uploads\/2025\/04\/Black-Pepper-28.08.2020-Ready.png","contentUrl":"https:\/\/megapets.eu\/wp-content\/uploads\/2025\/04\/Black-Pepper-28.08.2020-Ready.png","width":7291,"height":4861},{"@type":"BreadcrumbList","@id":"https:\/\/megapets.eu\/sk\/slimaky\/archachatina-marginata-marginatatyp-1-para-p14\/#breadcrumb","itemListElement":[{"@type":"ListItem","position":1,"name":"Strona g\u0142\u00f3wna","item":"https:\/\/megapets.eu\/sk\/"},{"@type":"ListItem","position":2,"name":"Obchod","item":"https:\/\/megapets.eu\/obchod\/"},{"@type":"ListItem","position":3,"name":"Archachatina marginata marginatatyp 1 \/ para P14"}]},{"@type":"WebSite","@id":"https:\/\/megapets.eu\/sk\/#website","url":"https:\/\/megapets.eu\/sk\/","name":"Mega Pets","description":"Jedna z najwi\u0119kszych hodowli \u015blimak\u00f3w w Europie","publisher":{"@id":"https:\/\/megapets.eu\/sk\/#organization"},"alternateName":"Mega Pets","potentialAction":[{"@type":"SearchAction","target":{"@type":"EntryPoint","urlTemplate":"https:\/\/megapets.eu\/sk\/?s={search_term_string}"},"query-input":{"@type":"PropertyValueSpecification","valueRequired":true,"valueName":"search_term_string"}}],"inLanguage":"sk-SK"},{"@type":"Organization","@id":"https:\/\/megapets.eu\/sk\/#organization","name":"Mega Pets","url":"https:\/\/megapets.eu\/sk\/","logo":{"@type":"ImageObject","inLanguage":"sk-SK","@id":"https:\/\/megapets.eu\/sk\/#\/schema\/logo\/image\/","url":"https:\/\/megapets.eu\/wp-content\/uploads\/2025\/04\/megapets_eu-logo.png","contentUrl":"https:\/\/megapets.eu\/wp-content\/uploads\/2025\/04\/megapets_eu-logo.png","width":2362,"height":2362,"caption":"Mega Pets"},"image":{"@id":"https:\/\/megapets.eu\/sk\/#\/schema\/logo\/image\/"},"sameAs":["https:\/\/www.facebook.com\/MegaPets.eu\/"]}]}},"_links":{"self":[{"href":"https:\/\/megapets.eu\/sk\/wp-json\/wp\/v2\/product\/6076","targetHints":{"allow":["GET"]}}],"collection":[{"href":"https:\/\/megapets.eu\/sk\/wp-json\/wp\/v2\/product"}],"about":[{"href":"https:\/\/megapets.eu\/sk\/wp-json\/wp\/v2\/types\/product"}],"wp:featuredmedia":[{"embeddable":true,"href":"https:\/\/megapets.eu\/sk\/wp-json\/wp\/v2\/media\/6079"}],"wp:attachment":[{"href":"https:\/\/megapets.eu\/sk\/wp-json\/wp\/v2\/media?parent=6076"}],"wp:term":[{"taxonomy":"product_cat","embeddable":true,"href":"https:\/\/megapets.eu\/sk\/wp-json\/wp\/v2\/product_cat?post=6076"},{"taxonomy":"product_tag","embeddable":true,"href":"https:\/\/megapets.eu\/sk\/wp-json\/wp\/v2\/product_tag?post=6076"}],"curies":[{"name":"wp","href":"https:\/\/api.w.org\/{rel}","templated":true}]}}