{"id":6116,"date":"2024-10-05T21:06:48","date_gmt":"2024-10-05T21:06:48","guid":{"rendered":"https:\/\/megapets.eu\/nezaraden\u00e9\/armadillidium-maculatumyellow-zebra\/"},"modified":"2024-10-05T21:06:48","modified_gmt":"2024-10-05T21:06:48","slug":"armadillidium-maculatumyellow-zebra","status":"publish","type":"product","link":"https:\/\/megapets.eu\/sk\/izopody\/armadillidium-maculatumyellow-zebra\/","title":{"rendered":"Armadillidium maculatum<br \/>&#8222;Yellow Zebra&#8220;"},"content":{"rendered":"<p class=\"v1v1v1v1MsoNormal\"><span style=\"color: #424242;\"><strong><em><span style=\"font-size: 15px;\">Proz\u00f3die \/ Culms: g<\/span><\/em><\/strong><strong><em><span style=\"font-size: 15px;\">atunek Armadillidium maculatum &#8222;Yellow Zebra&#8220;.<\/span><\/em><\/strong><\/span><\/p>\n<p><strong style=\"color: #424242;\"><em><span style=\"font-size: 15px;\"><strong><span class=\"x1xsqp64 xiy17q3 x1o6pynw x19co3pv xdj266r xcwd3tp xat24cr x39eecv x2b8uid\" data-testid=\"emoji\"><span class=\"xexx8yu xn5pp95 x18d9i69 x2fxd7x x3jgonx x1bhl96m\">Armadillidium maculatum &#8220; <span class=\"html-span xexx8yu x4uap5 x18d9i69 xkhd6sd x1hl2dhg x16tdsg8 x1vvkbs x3nfvp2 x1j61x8r x1fcty0u xdj266r xat24cr xgzva0m xhhsvwb xxymvpz xlup9mm x1kky2od\"><img loading=\"lazy\" decoding=\"async\" class=\"xz74otr\" src=\"https:\/\/static.xx.fbcdn.net\/images\/emoji.php\/v9\/tab\/1\/16\/1f993.png\" alt=\"\ud83e\udd93\" width=\"16\" height=\"16\" \/><span style=\"font-size: 15px; color: #424242;\"><span style=\"color: #424242;\">\ud83d\udc9b <\/span><\/span><\/span>Yellow <img loading=\"lazy\" decoding=\"async\" class=\"xz74otr\" style=\"color: #333333;\" src=\"https:\/\/static.xx.fbcdn.net\/images\/emoji.php\/v9\/tab\/1\/16\/1f993.png\" alt=\"\ud83e\udd93\" width=\"16\" height=\"16\" \/><span style=\"font-size: 15px; color: #424242;\"><span style=\"color: #424242;\">\ud83d\udda4 <\/span><\/span>Zebra <\/span><\/span><\/strong><\/span><\/em><img loading=\"lazy\" decoding=\"async\" class=\"xz74otr\" style=\"color: #333333;\" src=\"https:\/\/static.xx.fbcdn.net\/images\/emoji.php\/v9\/tab\/1\/16\/1f993.png\" alt=\"\ud83e\udd93\" width=\"16\" height=\"16\" \/><strong><em><span style=\"font-size: 15px; color: #424242;\"><span style=\"font-size: 15px;\"><span class=\"x1xsqp64 xiy17q3 x1o6pynw x19co3pv xdj266r xcwd3tp xat24cr x39eecv x2b8uid\" data-testid=\"emoji\"><span class=\"xexx8yu xn5pp95 x18d9i69 x2fxd7x x3jgonx x1bhl96m\"><span style=\"color: #424242;\">\ud83d\udc9b <\/span><\/span><\/span><\/span><\/span><\/em><\/strong><\/strong><strong style=\"color: #424242;\"><em><span style=\"font-size: 15px;\"><strong><span class=\"x1xsqp64 xiy17q3 x1o6pynw x19co3pv xdj266r xcwd3tp xat24cr x39eecv x2b8uid\" data-testid=\"emoji\"><span class=\"xexx8yu xn5pp95 x18d9i69 x2fxd7x x3jgonx x1bhl96m\">&#8222;<\/span><\/span><\/strong><\/span><\/em><\/strong><\/p>\n<p><strong style=\"color: #424242;\"><em><span style=\"font-size: 15px;\"><strong><span class=\"x1xsqp64 xiy17q3 x1o6pynw x19co3pv xdj266r xcwd3tp xat24cr x39eecv x2b8uid\" data-testid=\"emoji\"><span class=\"xexx8yu xn5pp95 x18d9i69 x2fxd7x x3jgonx x1bhl96m\">Jednoduch\u00e1 na \u00fadr\u017ebu, preto je skvel\u00e1 pre za\u010diato\u010dn\u00edkov.<\/span><\/span><\/strong><\/span><\/em><\/strong><\/p>\n<p><strong style=\"color: #424242;\"><strong><em><span style=\"font-size: 15px; color: #424242;\"><strong><span style=\"font-size: 15px;\"><span class=\"x1xsqp64 xiy17q3 x1o6pynw x19co3pv xdj266r xcwd3tp xat24cr x39eecv x2b8uid\" data-testid=\"emoji\"><span class=\"xexx8yu xn5pp95 x18d9i69 x2fxd7x x3jgonx x1bhl96m\"><span style=\"color: #424242;\">\ud83d\udc9b\ud83d\udda4<\/span><span style=\"color: #424242;\">\ud83d\udc9b <\/span><\/span><\/span><\/span>H\u013ead\u00e1te nie\u010do z\u00e1bavn\u00e9 na za\u010diatok chovu? <\/strong> Pros\u00edky a pumy<strong> <\/strong>s\u00fa kr\u00e1sne a \u013eahko chovate\u013en\u00e9 tvory, pre \u010dloveka \u00faplne bezpe\u010dn\u00e9 a nehryz\u00fa. Maj\u00fa slab\u00e9 \u010de\u013euste, ktor\u00e9 s\u00fa prisp\u00f4soben\u00e9 na drvenie rastlinnej hmoty. Izop\u00f3dy uprednost\u0148uj\u00fa vlhk\u00e9 miesta, \u017eij\u00fa vo vrchnej vrstve substr\u00e1tu a \u017eivia sa listami, viaczlo\u017ekov\u00fdm substr\u00e1tom ur\u010den\u00fdm pre krokod\u00edly a zeleninou a ovoc\u00edm.<\/span><\/em><\/strong><\/strong><\/p>\n<p class=\"v1v1v1v1MsoNormal\"><span style=\"color: #424242;\"><strong><em><span style=\"font-size: 15px;\"><span class=\"x1xsqp64 xiy17q3 x1o6pynw x19co3pv xdj266r xcwd3tp xat24cr x39eecv x2b8uid\" data-testid=\"emoji\"><span class=\"xexx8yu xn5pp95 x18d9i69 x2fxd7x x3jgonx x1bhl96m\">\ud83c\udf3f <\/span><\/span>V\u0161etko, \u010do tak\u00fdto \u017eivo\u010d\u00edch potrebuje pre \u00faspe\u0161n\u00fd v\u00fdvoj a \u017eivot v ter\u00e1riu, je:<\/span><\/em><\/strong><\/span><\/p>\n<p class=\"v1v1v1v1MsoNormal\"><span style=\"color: #008000;\"><strong><em><span style=\"font-size: 15px;\">* Substr\u00e1t \/ potrava: Substr\u00e1t pre krokod\u00edly a \u010dervy alebo kokosov\u00fd substr\u00e1t;<\/span><\/em><\/strong><\/span><\/p>\n<p class=\"v1v1v1v1MsoNormal\"><span style=\"color: #008000;\"><strong><em><span style=\"font-size: 15px;\">* Potrava: \u010cerstv\u00e1 zelenina a ovocie;<\/span><\/em><\/strong><\/span><\/p>\n<p class=\"v1v1v1v1MsoNormal\"><span style=\"color: #008000;\"><strong><em><span style=\"font-size: 15px;\">* Potrava: Sepia &#8211; s\u00e9piov\u00e1 kos\u0165 je pre terarijn\u00e9 zvierat\u00e1 prirodzen\u00fdm zdrojom v\u00e1pnika; <\/span><\/em><\/strong><\/span><\/p>\n<p class=\"v1v1v1v1MsoNormal\"><span style=\"color: #008000;\"><strong><em><span style=\"font-size: 15px;\">* Potrava: Mlet\u00e9 gamarusy s\u00fa su\u0161en\u00e9 kl\u00ed\u010dky bohat\u00e9 na makro- a mikro\u017eiviny, prirodzen\u00fd zdroj \u017eivo\u010d\u00ed\u0161nych bielkov\u00edn a chit\u00ednu (k dispoz\u00edcii na na\u0161ej inej aukcii);<\/span><\/em><\/strong><\/span><\/p>\n<p class=\"v1v1v1v1MsoNormal\"><span style=\"color: #008000;\"><strong><em><span style=\"font-size: 15px;\">* Ter\u00e1rium: Faunabox alebo chovn\u00e1 n\u00e1doba je ide\u00e1lna na chov izop\u00f3dov;<\/span><\/em><\/strong><\/span><\/p>\n<p class=\"v1v1v1v1MsoNormal\"><span style=\"color: #008000;\"><strong><em><span style=\"font-size: 15px;\">* Nedovo\u013ete, aby substr\u00e1t \u00faplne vyschol, ter\u00e1rium raz za \u010das pokropte.<\/span><\/em><\/strong><\/span><\/p>\n","protected":false},"excerpt":{"rendered":"<ul class=\"product_attributes\">\n<li><strong>Cie\u013eov\u00e1 ve\u013ekos\u0165 vzoriek:<\/strong> <span style=\"color: #000000;\">cca 1,5 cm<\/span><\/li>\n<li>Pon\u00fakan\u00e9 vzorky: <span style=\"color: #000000;\">n\u00e1hodne zabalen\u00e9<\/span><\/li>\n<li>Cena je za sadu: <span style=\"color: #000000;\">6 kusov<\/span><\/li>\n<\/ul>\n","protected":false},"featured_media":6117,"template":"","meta":{"_acf_changed":false,"_links_to":"","_links_to_target":""},"product_cat":[145],"product_tag":[],"class_list":{"0":"post-6116","1":"product","2":"type-product","3":"status-publish","4":"has-post-thumbnail","6":"product_cat-izopody","8":"first","9":"outofstock","10":"shipping-taxable","11":"purchasable","12":"product-type-simple"},"acf":[],"yoast_head":"<!-- This site is optimized with the Yoast SEO plugin v24.9 - https:\/\/yoast.com\/wordpress\/plugins\/seo\/ -->\n<title>Armadillidium maculatum&quot;Yellow Zebra&quot; | MegaPets<\/title>\n<meta name=\"robots\" content=\"index, follow, max-snippet:-1, max-image-preview:large, max-video-preview:-1\" \/>\n<link rel=\"canonical\" href=\"https:\/\/megapets.eu\/sk\/izopody\/armadillidium-maculatumyellow-zebra\/\" \/>\n<meta property=\"og:locale\" content=\"sk_SK\" \/>\n<meta property=\"og:type\" content=\"article\" \/>\n<meta property=\"og:title\" content=\"Armadillidium maculatum&quot;Yellow Zebra&quot; | MegaPets\" \/>\n<meta property=\"og:description\" content=\"Cie\u013eov\u00e1 ve\u013ekos\u0165 vzoriek: cca 1,5 cm  Pon\u00fakan\u00e9 vzorky: n\u00e1hodne zabalen\u00e9  Cena je za sadu: 6 kusov\" \/>\n<meta property=\"og:url\" content=\"https:\/\/megapets.eu\/sk\/izopody\/armadillidium-maculatumyellow-zebra\/\" \/>\n<meta property=\"og:site_name\" content=\"MegaPets\" \/>\n<meta property=\"article:publisher\" content=\"https:\/\/www.facebook.com\/MegaPets.eu\/\" \/>\n<meta property=\"og:image\" content=\"https:\/\/megapets.eu\/wp-content\/uploads\/2024\/09\/Isopody2-Gatunek-Armadillidium-maculatum-Yellow-Zebra.png\" \/>\n\t<meta property=\"og:image:width\" content=\"800\" \/>\n\t<meta property=\"og:image:height\" content=\"533\" \/>\n\t<meta property=\"og:image:type\" content=\"image\/png\" \/>\n<meta name=\"twitter:card\" content=\"summary_large_image\" \/>\n<meta name=\"twitter:label1\" content=\"Predpokladan\u00fd \u010das \u010d\u00edtania\" \/>\n\t<meta name=\"twitter:data1\" content=\"1 min\u00fata\" \/>\n<script type=\"application\/ld+json\" class=\"yoast-schema-graph\">{\"@context\":\"https:\/\/schema.org\",\"@graph\":[{\"@type\":\"WebPage\",\"@id\":\"https:\/\/megapets.eu\/sk\/izopody\/armadillidium-maculatumyellow-zebra\/\",\"url\":\"https:\/\/megapets.eu\/sk\/izopody\/armadillidium-maculatumyellow-zebra\/\",\"name\":\"Armadillidium maculatum \\\"Yellow Zebra\\\" | MegaPets\",\"isPartOf\":{\"@id\":\"https:\/\/megapets.eu\/sk\/#website\"},\"primaryImageOfPage\":{\"@id\":\"https:\/\/megapets.eu\/sk\/izopody\/armadillidium-maculatumyellow-zebra\/#primaryimage\"},\"image\":{\"@id\":\"https:\/\/megapets.eu\/sk\/izopody\/armadillidium-maculatumyellow-zebra\/#primaryimage\"},\"thumbnailUrl\":\"https:\/\/megapets.eu\/wp-content\/uploads\/2024\/09\/Isopody2-Gatunek-Armadillidium-maculatum-Yellow-Zebra.png\",\"datePublished\":\"2024-10-05T21:06:48+00:00\",\"breadcrumb\":{\"@id\":\"https:\/\/megapets.eu\/sk\/izopody\/armadillidium-maculatumyellow-zebra\/#breadcrumb\"},\"inLanguage\":\"sk-SK\",\"potentialAction\":[{\"@type\":\"ReadAction\",\"target\":[\"https:\/\/megapets.eu\/sk\/izopody\/armadillidium-maculatumyellow-zebra\/\"]}]},{\"@type\":\"ImageObject\",\"inLanguage\":\"sk-SK\",\"@id\":\"https:\/\/megapets.eu\/sk\/izopody\/armadillidium-maculatumyellow-zebra\/#primaryimage\",\"url\":\"https:\/\/megapets.eu\/wp-content\/uploads\/2024\/09\/Isopody2-Gatunek-Armadillidium-maculatum-Yellow-Zebra.png\",\"contentUrl\":\"https:\/\/megapets.eu\/wp-content\/uploads\/2024\/09\/Isopody2-Gatunek-Armadillidium-maculatum-Yellow-Zebra.png\",\"width\":800,\"height\":533},{\"@type\":\"BreadcrumbList\",\"@id\":\"https:\/\/megapets.eu\/sk\/izopody\/armadillidium-maculatumyellow-zebra\/#breadcrumb\",\"itemListElement\":[{\"@type\":\"ListItem\",\"position\":1,\"name\":\"Strona g\u0142\u00f3wna\",\"item\":\"https:\/\/megapets.eu\/sk\/\"},{\"@type\":\"ListItem\",\"position\":2,\"name\":\"Obchod\",\"item\":\"https:\/\/megapets.eu\/obchod\/\"},{\"@type\":\"ListItem\",\"position\":3,\"name\":\"Armadillidium maculatum&#8222;Yellow Zebra\\\"\"}]},{\"@type\":\"WebSite\",\"@id\":\"https:\/\/megapets.eu\/sk\/#website\",\"url\":\"https:\/\/megapets.eu\/sk\/\",\"name\":\"Mega Pets\",\"description\":\"Jedna z najwi\u0119kszych hodowli \u015blimak\u00f3w w Europie\",\"publisher\":{\"@id\":\"https:\/\/megapets.eu\/sk\/#organization\"},\"alternateName\":\"Mega Pets\",\"potentialAction\":[{\"@type\":\"SearchAction\",\"target\":{\"@type\":\"EntryPoint\",\"urlTemplate\":\"https:\/\/megapets.eu\/sk\/?s={search_term_string}\"},\"query-input\":{\"@type\":\"PropertyValueSpecification\",\"valueRequired\":true,\"valueName\":\"search_term_string\"}}],\"inLanguage\":\"sk-SK\"},{\"@type\":\"Organization\",\"@id\":\"https:\/\/megapets.eu\/sk\/#organization\",\"name\":\"Mega Pets\",\"url\":\"https:\/\/megapets.eu\/sk\/\",\"logo\":{\"@type\":\"ImageObject\",\"inLanguage\":\"sk-SK\",\"@id\":\"https:\/\/megapets.eu\/sk\/#\/schema\/logo\/image\/\",\"url\":\"https:\/\/megapets.eu\/wp-content\/uploads\/2025\/04\/megapets_eu-logo.png\",\"contentUrl\":\"https:\/\/megapets.eu\/wp-content\/uploads\/2025\/04\/megapets_eu-logo.png\",\"width\":2362,\"height\":2362,\"caption\":\"Mega Pets\"},\"image\":{\"@id\":\"https:\/\/megapets.eu\/sk\/#\/schema\/logo\/image\/\"},\"sameAs\":[\"https:\/\/www.facebook.com\/MegaPets.eu\/\"]}]}<\/script>\n<!-- \/ Yoast SEO plugin. -->","yoast_head_json":{"title":"Armadillidium maculatum\"Yellow Zebra\" | MegaPets","robots":{"index":"index","follow":"follow","max-snippet":"max-snippet:-1","max-image-preview":"max-image-preview:large","max-video-preview":"max-video-preview:-1"},"canonical":"https:\/\/megapets.eu\/sk\/izopody\/armadillidium-maculatumyellow-zebra\/","og_locale":"sk_SK","og_type":"article","og_title":"Armadillidium maculatum\"Yellow Zebra\" | MegaPets","og_description":"Cie\u013eov\u00e1 ve\u013ekos\u0165 vzoriek: cca 1,5 cm  Pon\u00fakan\u00e9 vzorky: n\u00e1hodne zabalen\u00e9  Cena je za sadu: 6 kusov","og_url":"https:\/\/megapets.eu\/sk\/izopody\/armadillidium-maculatumyellow-zebra\/","og_site_name":"MegaPets","article_publisher":"https:\/\/www.facebook.com\/MegaPets.eu\/","og_image":[{"width":800,"height":533,"url":"https:\/\/megapets.eu\/wp-content\/uploads\/2024\/09\/Isopody2-Gatunek-Armadillidium-maculatum-Yellow-Zebra.png","type":"image\/png"}],"twitter_card":"summary_large_image","twitter_misc":{"Predpokladan\u00fd \u010das \u010d\u00edtania":"1 min\u00fata"},"schema":{"@context":"https:\/\/schema.org","@graph":[{"@type":"WebPage","@id":"https:\/\/megapets.eu\/sk\/izopody\/armadillidium-maculatumyellow-zebra\/","url":"https:\/\/megapets.eu\/sk\/izopody\/armadillidium-maculatumyellow-zebra\/","name":"Armadillidium maculatum \"Yellow Zebra\" | MegaPets","isPartOf":{"@id":"https:\/\/megapets.eu\/sk\/#website"},"primaryImageOfPage":{"@id":"https:\/\/megapets.eu\/sk\/izopody\/armadillidium-maculatumyellow-zebra\/#primaryimage"},"image":{"@id":"https:\/\/megapets.eu\/sk\/izopody\/armadillidium-maculatumyellow-zebra\/#primaryimage"},"thumbnailUrl":"https:\/\/megapets.eu\/wp-content\/uploads\/2024\/09\/Isopody2-Gatunek-Armadillidium-maculatum-Yellow-Zebra.png","datePublished":"2024-10-05T21:06:48+00:00","breadcrumb":{"@id":"https:\/\/megapets.eu\/sk\/izopody\/armadillidium-maculatumyellow-zebra\/#breadcrumb"},"inLanguage":"sk-SK","potentialAction":[{"@type":"ReadAction","target":["https:\/\/megapets.eu\/sk\/izopody\/armadillidium-maculatumyellow-zebra\/"]}]},{"@type":"ImageObject","inLanguage":"sk-SK","@id":"https:\/\/megapets.eu\/sk\/izopody\/armadillidium-maculatumyellow-zebra\/#primaryimage","url":"https:\/\/megapets.eu\/wp-content\/uploads\/2024\/09\/Isopody2-Gatunek-Armadillidium-maculatum-Yellow-Zebra.png","contentUrl":"https:\/\/megapets.eu\/wp-content\/uploads\/2024\/09\/Isopody2-Gatunek-Armadillidium-maculatum-Yellow-Zebra.png","width":800,"height":533},{"@type":"BreadcrumbList","@id":"https:\/\/megapets.eu\/sk\/izopody\/armadillidium-maculatumyellow-zebra\/#breadcrumb","itemListElement":[{"@type":"ListItem","position":1,"name":"Strona g\u0142\u00f3wna","item":"https:\/\/megapets.eu\/sk\/"},{"@type":"ListItem","position":2,"name":"Obchod","item":"https:\/\/megapets.eu\/obchod\/"},{"@type":"ListItem","position":3,"name":"Armadillidium maculatum&#8222;Yellow Zebra\""}]},{"@type":"WebSite","@id":"https:\/\/megapets.eu\/sk\/#website","url":"https:\/\/megapets.eu\/sk\/","name":"Mega Pets","description":"Jedna z najwi\u0119kszych hodowli \u015blimak\u00f3w w Europie","publisher":{"@id":"https:\/\/megapets.eu\/sk\/#organization"},"alternateName":"Mega Pets","potentialAction":[{"@type":"SearchAction","target":{"@type":"EntryPoint","urlTemplate":"https:\/\/megapets.eu\/sk\/?s={search_term_string}"},"query-input":{"@type":"PropertyValueSpecification","valueRequired":true,"valueName":"search_term_string"}}],"inLanguage":"sk-SK"},{"@type":"Organization","@id":"https:\/\/megapets.eu\/sk\/#organization","name":"Mega Pets","url":"https:\/\/megapets.eu\/sk\/","logo":{"@type":"ImageObject","inLanguage":"sk-SK","@id":"https:\/\/megapets.eu\/sk\/#\/schema\/logo\/image\/","url":"https:\/\/megapets.eu\/wp-content\/uploads\/2025\/04\/megapets_eu-logo.png","contentUrl":"https:\/\/megapets.eu\/wp-content\/uploads\/2025\/04\/megapets_eu-logo.png","width":2362,"height":2362,"caption":"Mega Pets"},"image":{"@id":"https:\/\/megapets.eu\/sk\/#\/schema\/logo\/image\/"},"sameAs":["https:\/\/www.facebook.com\/MegaPets.eu\/"]}]}},"_links":{"self":[{"href":"https:\/\/megapets.eu\/sk\/wp-json\/wp\/v2\/product\/6116","targetHints":{"allow":["GET"]}}],"collection":[{"href":"https:\/\/megapets.eu\/sk\/wp-json\/wp\/v2\/product"}],"about":[{"href":"https:\/\/megapets.eu\/sk\/wp-json\/wp\/v2\/types\/product"}],"wp:featuredmedia":[{"embeddable":true,"href":"https:\/\/megapets.eu\/sk\/wp-json\/wp\/v2\/media\/6117"}],"wp:attachment":[{"href":"https:\/\/megapets.eu\/sk\/wp-json\/wp\/v2\/media?parent=6116"}],"wp:term":[{"taxonomy":"product_cat","embeddable":true,"href":"https:\/\/megapets.eu\/sk\/wp-json\/wp\/v2\/product_cat?post=6116"},{"taxonomy":"product_tag","embeddable":true,"href":"https:\/\/megapets.eu\/sk\/wp-json\/wp\/v2\/product_tag?post=6116"}],"curies":[{"name":"wp","href":"https:\/\/api.w.org\/{rel}","templated":true}]}}