{"id":6121,"date":"2025-05-29T06:43:19","date_gmt":"2025-05-29T06:43:19","guid":{"rendered":"https:\/\/megapets.eu\/nezaraden\u00e9\/salpidobolus-sp-line-avatar\/"},"modified":"2025-05-29T06:43:19","modified_gmt":"2025-05-29T06:43:19","slug":"salpidobolus-sp-line-avatar","status":"publish","type":"product","link":"https:\/\/megapets.eu\/sk\/wije-sk\/salpidobolus-sp-line-avatar\/","title":{"rendered":"Salpidobolus sp. <br \/> &#8222;Line Avatar&#8220;"},"content":{"rendered":"<p class=\"v1v1v1v1MsoNormal\"><span style=\"color: #d94890;\"><strong><em><span style=\"font-size: 15px;\"><span style=\"color: #ff0000;\"><span style=\"color: #424242;\">Druh: Salpidobolus sp. &#8222;Line Avatar&#8220;<\/span><\/span><\/span><\/em><\/strong><\/span><\/p>\n<p><span style=\"color: #d94890;\"><strong><em><span style=\"font-size: 15px;\"><span style=\"color: #ff0000;\"><span style=\"color: #424242;\">Jednoduch\u00fd na \u00fadr\u017ebu, preto je vhodn\u00fd pre za\u010diato\u010dn\u00edkov.<\/span><\/span><\/span><\/em><\/strong><\/span><\/p>\n<p><span style=\"color: #424242;\"><span style=\"color: #000000;\"><em><span style=\"font-size: 15px;\">H\u013ead\u00e1te nie\u010do super na chov na za\u010diatok? <\/span><\/em><\/span><span style=\"color: #333333;\"><em><span style=\"font-size: 15px;\">V ponuke s\u00fa krokod\u00edly Salpidobolus sp. &#8222;Line Avatar&#8220; s\u00fa kr\u00e1sne a \u013eahko chovate\u013en\u00e9 tvory, ktor\u00e9 s\u00fa pre \u010dloveka \u00faplne bezpe\u010dn\u00e9 a nehryz\u00fa. Maj\u00fa slab\u00e9 \u010de\u013euste, ktor\u00e9 s\u00fa prisp\u00f4soben\u00e9 na rozb\u00edjanie rastlinnej hmoty. Krokod\u00edly uprednost\u0148uj\u00fa vlhk\u00e9 miesta, \u017eij\u00fa vo vrchnej vrstve substr\u00e1tu a \u017eivia sa listami, viaczlo\u017ekov\u00fdm substr\u00e1tom ur\u010den\u00fdm na chov krokod\u00edlov a zeleninou a ovoc\u00edm. Na \u00fazem\u00ed Slovenska sa vyskytuje aj druh Salpidobolus sp. &#8222;Line Avatar&#8220; kr\u00e1sny krokod\u00edl, ktor\u00fd dorast\u00e1 do d\u013a\u017eky pribli\u017ene 12 cm. \u013dahko udr\u017eiavate\u013en\u00fd a r\u00fdchlo rast\u00faci druh.<\/span><\/em><\/span><\/span><\/p>\n<p class=\"v1v1v1v1MsoNormal\"><span style=\"color: #424242;\"><strong><em><span style=\"font-size: 15px;\"><span class=\"x1xsqp64 xiy17q3 x1o6pynw x19co3pv xdj266r xcwd3tp xat24cr x39eecv x2b8uid\" data-testid=\"emoji\"><span class=\"xexx8yu xn5pp95 x18d9i69 x2fxd7x x3jgonx x1bhl96m\">\ud83c\udf3f <\/span><\/span><span style=\"color: #424242;\">V\u0161etko, \u010do tak\u00e9to zviera potrebuje k \u00faspe\u0161n\u00e9mu rastu a \u017eivotu v ter\u00e1riu, je:<\/span><\/span><\/em><\/strong><\/span><\/p>\n<p class=\"v1v1v1v1MsoNormal\"><span style=\"color: #008000;\"><strong><em><span style=\"font-size: 15px;\">* Substr\u00e1t \/ potrava: Substr\u00e1t pre krokod\u00edly a zmije (k dispoz\u00edcii v na\u0161ej inej aukcii);<\/span><\/em><\/strong><\/span><\/p>\n<p class=\"v1v1v1v1MsoNormal\"><span style=\"color: #008000;\"><strong><em><span style=\"font-size: 15px;\">* Potrava: \u010cerstv\u00e1 zelenina a ovocie;<\/span><\/em><\/strong><\/span><\/p>\n<p class=\"v1v1v1v1MsoNormal\"><span style=\"color: #008000;\"><strong><em><span style=\"font-size: 15px;\">* Potrava: Gammarus mlet\u00fd je su\u0161en\u00fd z\u00e1rodok, bohat\u00fd na makro- a mikro\u017eiviny, pr\u00edrodn\u00fd zdroj \u017eivo\u010d\u00ed\u0161nych bielkov\u00edn a chit\u00ednu (k dispoz\u00edcii na na\u0161ej inej aukcii);<\/span><\/em><\/strong><\/span><\/p>\n<p class=\"v1v1v1v1MsoNormal\"><span style=\"color: #008000;\"><strong><em><span style=\"font-size: 15px;\">* Ter\u00e1rium: Faunabox je ide\u00e1lny na chov zmij\u00ed a krokod\u00edlov (k dispoz\u00edcii na na\u0161ej inej aukcii);<\/span><\/em><\/strong><\/span><\/p>\n<p class=\"v1v1v1v1MsoNormal\"><span style=\"color: #008000;\"><strong><em><span style=\"font-size: 15px;\">* Odpor\u00fa\u010dan\u00e1 teplota 22-26 \u00b0C a vlhkos\u0165 pribli\u017ene 70 % (nedovo\u013ete, aby substr\u00e1t vyschol, ter\u00e1rium ka\u017ed\u00e9 2-3 dni postriekajte).<\/span><\/em><\/strong><\/span><\/p>\n","protected":false},"excerpt":{"rendered":"<ul class=\"product_attributes\">\n<li><span style=\"color: #555555;\">Cie\u013eov\u00e1 ve\u013ekos\u0165:<\/span> cca 12 cm<\/li>\n<li><span style=\"color: #555555;\">Pon\u00fakan\u00e1 ve\u013ekos\u0165:<\/span> cca 2-3 cm<\/li>\n<li><span style=\"color: #555555;\">Cena je za:<\/span> Cena za 1 ks<\/li>\n<\/ul>\n","protected":false},"featured_media":6122,"template":"","meta":{"_acf_changed":false,"_links_to":"","_links_to_target":""},"product_cat":[153],"product_tag":[],"class_list":{"0":"post-6121","1":"product","2":"type-product","3":"status-publish","4":"has-post-thumbnail","6":"product_cat-wije-sk","8":"first","9":"instock","10":"shipping-taxable","11":"purchasable","12":"product-type-simple"},"acf":[],"yoast_head":"<!-- This site is optimized with the Yoast SEO plugin v24.9 - https:\/\/yoast.com\/wordpress\/plugins\/seo\/ -->\n<title>Salpidobolus sp.  &quot;Line Avatar&quot; | MegaPets<\/title>\n<meta name=\"robots\" content=\"index, follow, max-snippet:-1, max-image-preview:large, max-video-preview:-1\" \/>\n<link rel=\"canonical\" href=\"https:\/\/megapets.eu\/sk\/wije-sk\/salpidobolus-sp-line-avatar\/\" \/>\n<meta property=\"og:locale\" content=\"sk_SK\" \/>\n<meta property=\"og:type\" content=\"article\" \/>\n<meta property=\"og:title\" content=\"Salpidobolus sp.  &quot;Line Avatar&quot; | MegaPets\" \/>\n<meta property=\"og:description\" content=\"Cie\u013eov\u00e1 ve\u013ekos\u0165: cca 12 cm  Pon\u00fakan\u00e1 ve\u013ekos\u0165: cca 2-3 cm  Cena je za: Cena za 1 ks\" \/>\n<meta property=\"og:url\" content=\"https:\/\/megapets.eu\/sk\/wije-sk\/salpidobolus-sp-line-avatar\/\" \/>\n<meta property=\"og:site_name\" content=\"MegaPets\" \/>\n<meta property=\"article:publisher\" content=\"https:\/\/www.facebook.com\/MegaPets.eu\/\" \/>\n<meta property=\"og:image\" content=\"https:\/\/megapets.eu\/wp-content\/uploads\/2025\/05\/Salpidobollus-sp.-Line-Avatar.png\" \/>\n\t<meta property=\"og:image:width\" content=\"1054\" \/>\n\t<meta property=\"og:image:height\" content=\"691\" \/>\n\t<meta property=\"og:image:type\" content=\"image\/png\" \/>\n<meta name=\"twitter:card\" content=\"summary_large_image\" \/>\n<meta name=\"twitter:label1\" content=\"Predpokladan\u00fd \u010das \u010d\u00edtania\" \/>\n\t<meta name=\"twitter:data1\" content=\"1 min\u00fata\" \/>\n<script type=\"application\/ld+json\" class=\"yoast-schema-graph\">{\"@context\":\"https:\/\/schema.org\",\"@graph\":[{\"@type\":\"WebPage\",\"@id\":\"https:\/\/megapets.eu\/sk\/wije-sk\/salpidobolus-sp-line-avatar\/\",\"url\":\"https:\/\/megapets.eu\/sk\/wije-sk\/salpidobolus-sp-line-avatar\/\",\"name\":\"Salpidobolus sp. \\\"Line Avatar\\\" | MegaPets\",\"isPartOf\":{\"@id\":\"https:\/\/megapets.eu\/sk\/#website\"},\"primaryImageOfPage\":{\"@id\":\"https:\/\/megapets.eu\/sk\/wije-sk\/salpidobolus-sp-line-avatar\/#primaryimage\"},\"image\":{\"@id\":\"https:\/\/megapets.eu\/sk\/wije-sk\/salpidobolus-sp-line-avatar\/#primaryimage\"},\"thumbnailUrl\":\"https:\/\/megapets.eu\/wp-content\/uploads\/2025\/05\/Salpidobollus-sp.-Line-Avatar.png\",\"datePublished\":\"2025-05-29T06:43:19+00:00\",\"breadcrumb\":{\"@id\":\"https:\/\/megapets.eu\/sk\/wije-sk\/salpidobolus-sp-line-avatar\/#breadcrumb\"},\"inLanguage\":\"sk-SK\",\"potentialAction\":[{\"@type\":\"ReadAction\",\"target\":[\"https:\/\/megapets.eu\/sk\/wije-sk\/salpidobolus-sp-line-avatar\/\"]}]},{\"@type\":\"ImageObject\",\"inLanguage\":\"sk-SK\",\"@id\":\"https:\/\/megapets.eu\/sk\/wije-sk\/salpidobolus-sp-line-avatar\/#primaryimage\",\"url\":\"https:\/\/megapets.eu\/wp-content\/uploads\/2025\/05\/Salpidobollus-sp.-Line-Avatar.png\",\"contentUrl\":\"https:\/\/megapets.eu\/wp-content\/uploads\/2025\/05\/Salpidobollus-sp.-Line-Avatar.png\",\"width\":1054,\"height\":691},{\"@type\":\"BreadcrumbList\",\"@id\":\"https:\/\/megapets.eu\/sk\/wije-sk\/salpidobolus-sp-line-avatar\/#breadcrumb\",\"itemListElement\":[{\"@type\":\"ListItem\",\"position\":1,\"name\":\"Strona g\u0142\u00f3wna\",\"item\":\"https:\/\/megapets.eu\/sk\/\"},{\"@type\":\"ListItem\",\"position\":2,\"name\":\"Obchod\",\"item\":\"https:\/\/megapets.eu\/obchod\/\"},{\"@type\":\"ListItem\",\"position\":3,\"name\":\"Salpidobolus sp. &#8222;Line Avatar\\\"\"}]},{\"@type\":\"WebSite\",\"@id\":\"https:\/\/megapets.eu\/sk\/#website\",\"url\":\"https:\/\/megapets.eu\/sk\/\",\"name\":\"Mega Pets\",\"description\":\"Jedna z najwi\u0119kszych hodowli \u015blimak\u00f3w w Europie\",\"publisher\":{\"@id\":\"https:\/\/megapets.eu\/sk\/#organization\"},\"alternateName\":\"Mega Pets\",\"potentialAction\":[{\"@type\":\"SearchAction\",\"target\":{\"@type\":\"EntryPoint\",\"urlTemplate\":\"https:\/\/megapets.eu\/sk\/?s={search_term_string}\"},\"query-input\":{\"@type\":\"PropertyValueSpecification\",\"valueRequired\":true,\"valueName\":\"search_term_string\"}}],\"inLanguage\":\"sk-SK\"},{\"@type\":\"Organization\",\"@id\":\"https:\/\/megapets.eu\/sk\/#organization\",\"name\":\"Mega Pets\",\"url\":\"https:\/\/megapets.eu\/sk\/\",\"logo\":{\"@type\":\"ImageObject\",\"inLanguage\":\"sk-SK\",\"@id\":\"https:\/\/megapets.eu\/sk\/#\/schema\/logo\/image\/\",\"url\":\"https:\/\/megapets.eu\/wp-content\/uploads\/2025\/04\/megapets_eu-logo.png\",\"contentUrl\":\"https:\/\/megapets.eu\/wp-content\/uploads\/2025\/04\/megapets_eu-logo.png\",\"width\":2362,\"height\":2362,\"caption\":\"Mega Pets\"},\"image\":{\"@id\":\"https:\/\/megapets.eu\/sk\/#\/schema\/logo\/image\/\"},\"sameAs\":[\"https:\/\/www.facebook.com\/MegaPets.eu\/\"]}]}<\/script>\n<!-- \/ Yoast SEO plugin. -->","yoast_head_json":{"title":"Salpidobolus sp.  \"Line Avatar\" | MegaPets","robots":{"index":"index","follow":"follow","max-snippet":"max-snippet:-1","max-image-preview":"max-image-preview:large","max-video-preview":"max-video-preview:-1"},"canonical":"https:\/\/megapets.eu\/sk\/wije-sk\/salpidobolus-sp-line-avatar\/","og_locale":"sk_SK","og_type":"article","og_title":"Salpidobolus sp.  \"Line Avatar\" | MegaPets","og_description":"Cie\u013eov\u00e1 ve\u013ekos\u0165: cca 12 cm  Pon\u00fakan\u00e1 ve\u013ekos\u0165: cca 2-3 cm  Cena je za: Cena za 1 ks","og_url":"https:\/\/megapets.eu\/sk\/wije-sk\/salpidobolus-sp-line-avatar\/","og_site_name":"MegaPets","article_publisher":"https:\/\/www.facebook.com\/MegaPets.eu\/","og_image":[{"width":1054,"height":691,"url":"https:\/\/megapets.eu\/wp-content\/uploads\/2025\/05\/Salpidobollus-sp.-Line-Avatar.png","type":"image\/png"}],"twitter_card":"summary_large_image","twitter_misc":{"Predpokladan\u00fd \u010das \u010d\u00edtania":"1 min\u00fata"},"schema":{"@context":"https:\/\/schema.org","@graph":[{"@type":"WebPage","@id":"https:\/\/megapets.eu\/sk\/wije-sk\/salpidobolus-sp-line-avatar\/","url":"https:\/\/megapets.eu\/sk\/wije-sk\/salpidobolus-sp-line-avatar\/","name":"Salpidobolus sp. \"Line Avatar\" | MegaPets","isPartOf":{"@id":"https:\/\/megapets.eu\/sk\/#website"},"primaryImageOfPage":{"@id":"https:\/\/megapets.eu\/sk\/wije-sk\/salpidobolus-sp-line-avatar\/#primaryimage"},"image":{"@id":"https:\/\/megapets.eu\/sk\/wije-sk\/salpidobolus-sp-line-avatar\/#primaryimage"},"thumbnailUrl":"https:\/\/megapets.eu\/wp-content\/uploads\/2025\/05\/Salpidobollus-sp.-Line-Avatar.png","datePublished":"2025-05-29T06:43:19+00:00","breadcrumb":{"@id":"https:\/\/megapets.eu\/sk\/wije-sk\/salpidobolus-sp-line-avatar\/#breadcrumb"},"inLanguage":"sk-SK","potentialAction":[{"@type":"ReadAction","target":["https:\/\/megapets.eu\/sk\/wije-sk\/salpidobolus-sp-line-avatar\/"]}]},{"@type":"ImageObject","inLanguage":"sk-SK","@id":"https:\/\/megapets.eu\/sk\/wije-sk\/salpidobolus-sp-line-avatar\/#primaryimage","url":"https:\/\/megapets.eu\/wp-content\/uploads\/2025\/05\/Salpidobollus-sp.-Line-Avatar.png","contentUrl":"https:\/\/megapets.eu\/wp-content\/uploads\/2025\/05\/Salpidobollus-sp.-Line-Avatar.png","width":1054,"height":691},{"@type":"BreadcrumbList","@id":"https:\/\/megapets.eu\/sk\/wije-sk\/salpidobolus-sp-line-avatar\/#breadcrumb","itemListElement":[{"@type":"ListItem","position":1,"name":"Strona g\u0142\u00f3wna","item":"https:\/\/megapets.eu\/sk\/"},{"@type":"ListItem","position":2,"name":"Obchod","item":"https:\/\/megapets.eu\/obchod\/"},{"@type":"ListItem","position":3,"name":"Salpidobolus sp. &#8222;Line Avatar\""}]},{"@type":"WebSite","@id":"https:\/\/megapets.eu\/sk\/#website","url":"https:\/\/megapets.eu\/sk\/","name":"Mega Pets","description":"Jedna z najwi\u0119kszych hodowli \u015blimak\u00f3w w Europie","publisher":{"@id":"https:\/\/megapets.eu\/sk\/#organization"},"alternateName":"Mega Pets","potentialAction":[{"@type":"SearchAction","target":{"@type":"EntryPoint","urlTemplate":"https:\/\/megapets.eu\/sk\/?s={search_term_string}"},"query-input":{"@type":"PropertyValueSpecification","valueRequired":true,"valueName":"search_term_string"}}],"inLanguage":"sk-SK"},{"@type":"Organization","@id":"https:\/\/megapets.eu\/sk\/#organization","name":"Mega Pets","url":"https:\/\/megapets.eu\/sk\/","logo":{"@type":"ImageObject","inLanguage":"sk-SK","@id":"https:\/\/megapets.eu\/sk\/#\/schema\/logo\/image\/","url":"https:\/\/megapets.eu\/wp-content\/uploads\/2025\/04\/megapets_eu-logo.png","contentUrl":"https:\/\/megapets.eu\/wp-content\/uploads\/2025\/04\/megapets_eu-logo.png","width":2362,"height":2362,"caption":"Mega Pets"},"image":{"@id":"https:\/\/megapets.eu\/sk\/#\/schema\/logo\/image\/"},"sameAs":["https:\/\/www.facebook.com\/MegaPets.eu\/"]}]}},"_links":{"self":[{"href":"https:\/\/megapets.eu\/sk\/wp-json\/wp\/v2\/product\/6121","targetHints":{"allow":["GET"]}}],"collection":[{"href":"https:\/\/megapets.eu\/sk\/wp-json\/wp\/v2\/product"}],"about":[{"href":"https:\/\/megapets.eu\/sk\/wp-json\/wp\/v2\/types\/product"}],"wp:featuredmedia":[{"embeddable":true,"href":"https:\/\/megapets.eu\/sk\/wp-json\/wp\/v2\/media\/6122"}],"wp:attachment":[{"href":"https:\/\/megapets.eu\/sk\/wp-json\/wp\/v2\/media?parent=6121"}],"wp:term":[{"taxonomy":"product_cat","embeddable":true,"href":"https:\/\/megapets.eu\/sk\/wp-json\/wp\/v2\/product_cat?post=6121"},{"taxonomy":"product_tag","embeddable":true,"href":"https:\/\/megapets.eu\/sk\/wp-json\/wp\/v2\/product_tag?post=6121"}],"curies":[{"name":"wp","href":"https:\/\/api.w.org\/{rel}","templated":true}]}}