{"id":6160,"date":"2024-10-08T09:05:58","date_gmt":"2024-10-08T09:05:58","guid":{"rendered":"https:\/\/megapets.eu\/nezaraden\u00e9\/susene-dubove-a-brezove-listy-250-mlna-izopody-zmije-svaby\/"},"modified":"2024-10-08T09:05:58","modified_gmt":"2024-10-08T09:05:58","slug":"susene-dubove-a-brezove-listy-250-mlna-izopody-zmije-svaby","status":"publish","type":"product","link":"https:\/\/megapets.eu\/sk\/prislusenstvo\/susene-dubove-a-brezove-listy-250-mlna-izopody-zmije-svaby\/","title":{"rendered":"Su\u0161en\u00e9 dubov\u00e9 a brezov\u00e9 listy 250 ml<br \/>na izop\u00f3dy, zmije, \u0161v\u00e1by"},"content":{"rendered":"<p><strong><span style=\"color: #e87020; font-size: 15px;\"><em><span style=\"color: #e87020;\"><span style=\"font-size: 15px;\">Su\u0161en\u00e9 dubov\u00e9 a brezov\u00e9 listy 250 ml na izop\u00f3dy, \u010dervy, \u0161v\u00e1by<\/span><\/span><\/em><\/span><\/strong><\/p>\n<p><strong><span style=\"color: #e87020; font-size: 15px;\"><em>Jedno balenie obsahuje 250 ml, l<span style=\"color: #e87020;\"><span style=\"font-size: 15px;\">i\u015bcie <\/span><\/span>tepelne o\u0161etren\u00e9.<\/em><\/span><\/strong><\/p>\n<p><strong><span style=\"color: #e87020; font-size: 15px;\"><em>Cena je za 1 balenie.<\/em><\/span><\/strong><\/p>\n<p><em><span style=\"color: #424242;\"><strong><span style=\"font-size: 15px;\">Su\u0161en\u00e9 dubov\u00e9 a brezov\u00e9 l\u00edstie, pr\u00edrodn\u00e1 a vynikaj\u00faca pr\u00edsada do substr\u00e1tu pre zmije, krokod\u00edly, exotick\u00e9 \u0161v\u00e1by, izopody (proz\u00f3ny, kulany), tepelne o\u0161etren\u00e9 a odpor\u00fa\u010dan\u00e9 pre chov vz\u00e1cnych a n\u00e1ro\u010dn\u00fdch druhov. Su\u0161en\u00e9 dubov\u00e9 a brezov\u00e9 listy <\/span><\/strong><\/span><\/em><em><span style=\"color: #424242;\"><strong><span style=\"font-size: 15px;\">pom\u00e1haj\u00fa udr\u017eiava\u0165 vhodn\u00fa mikrokl\u00edmu v ter\u00e1ri\u00e1ch a plnia aj dekorat\u00edvnu \u00falohu, \u010d\u00edm dod\u00e1vaj\u00fa interi\u00e9ru ter\u00e1ria prirodzen\u00fd vzh\u013ead.<\/span><\/strong><\/span><\/em><\/p>\n","protected":false},"excerpt":{"rendered":"<ul class=\"product_attributes\">\n<li><span style=\"color: #555555;\">Tepelne spracovan\u00e9<\/span><\/li>\n<li><span style=\"color: #555555;\">Balenie obsahuje:<\/span> 250 ml<\/li>\n<li><span style=\"color: #555555;\">Cena plat\u00ed pre:<\/span> Cena plat\u00ed pre 1 balenie.<\/li>\n<\/ul>\n","protected":false},"featured_media":12679,"template":"","meta":{"_acf_changed":false,"_links_to":"","_links_to_target":""},"product_cat":[146],"product_tag":[149,150,148],"class_list":{"0":"post-6160","1":"product","2":"type-product","3":"status-publish","4":"has-post-thumbnail","6":"product_cat-prislusenstvo","7":"product_tag-pre-izopody","8":"product_tag-pre-svaby","9":"product_tag-pre-uskoky","11":"first","12":"instock","13":"shipping-taxable","14":"purchasable","15":"product-type-simple"},"acf":[],"yoast_head":"<!-- This site is optimized with the Yoast SEO plugin v24.9 - https:\/\/yoast.com\/wordpress\/plugins\/seo\/ -->\n<title>Su\u0161en\u00e9 dubov\u00e9 a brezov\u00e9 listy 250 mlna izop\u00f3dy, zmije, \u0161v\u00e1by | MegaPets<\/title>\n<meta name=\"robots\" content=\"index, follow, max-snippet:-1, max-image-preview:large, max-video-preview:-1\" \/>\n<link rel=\"canonical\" href=\"https:\/\/megapets.eu\/sk\/prislusenstvo\/susene-dubove-a-brezove-listy-250-mlna-izopody-zmije-svaby\/\" \/>\n<meta property=\"og:locale\" content=\"sk_SK\" \/>\n<meta property=\"og:type\" content=\"article\" \/>\n<meta property=\"og:title\" content=\"Su\u0161en\u00e9 dubov\u00e9 a brezov\u00e9 listy 250 mlna izop\u00f3dy, zmije, \u0161v\u00e1by | MegaPets\" \/>\n<meta property=\"og:description\" content=\"Tepelne spracovan\u00e9  Balenie obsahuje: 250 ml  Cena plat\u00ed pre: Cena plat\u00ed pre 1 balenie.\" \/>\n<meta property=\"og:url\" content=\"https:\/\/megapets.eu\/sk\/prislusenstvo\/susene-dubove-a-brezove-listy-250-mlna-izopody-zmije-svaby\/\" \/>\n<meta property=\"og:site_name\" content=\"MegaPets\" \/>\n<meta property=\"article:publisher\" content=\"https:\/\/www.facebook.com\/MegaPets.eu\/\" \/>\n<meta property=\"og:image\" content=\"https:\/\/megapets.eu\/wp-content\/uploads\/2024\/10\/IMG_2712-e1728378410557.jpg\" \/>\n\t<meta property=\"og:image:width\" content=\"1416\" \/>\n\t<meta property=\"og:image:height\" content=\"952\" \/>\n\t<meta property=\"og:image:type\" content=\"image\/jpeg\" \/>\n<meta name=\"twitter:card\" content=\"summary_large_image\" \/>\n<meta name=\"twitter:label1\" content=\"Predpokladan\u00fd \u010das \u010d\u00edtania\" \/>\n\t<meta name=\"twitter:data1\" content=\"1 min\u00fata\" \/>\n<script type=\"application\/ld+json\" class=\"yoast-schema-graph\">{\"@context\":\"https:\/\/schema.org\",\"@graph\":[{\"@type\":\"WebPage\",\"@id\":\"https:\/\/megapets.eu\/sk\/prislusenstvo\/susene-dubove-a-brezove-listy-250-mlna-izopody-zmije-svaby\/\",\"url\":\"https:\/\/megapets.eu\/sk\/prislusenstvo\/susene-dubove-a-brezove-listy-250-mlna-izopody-zmije-svaby\/\",\"name\":\"Su\u0161en\u00e9 dubov\u00e9 a brezov\u00e9 listy 250 ml na izop\u00f3dy, zmije, \u0161v\u00e1by | MegaPets\",\"isPartOf\":{\"@id\":\"https:\/\/megapets.eu\/sk\/#website\"},\"primaryImageOfPage\":{\"@id\":\"https:\/\/megapets.eu\/sk\/prislusenstvo\/susene-dubove-a-brezove-listy-250-mlna-izopody-zmije-svaby\/#primaryimage\"},\"image\":{\"@id\":\"https:\/\/megapets.eu\/sk\/prislusenstvo\/susene-dubove-a-brezove-listy-250-mlna-izopody-zmije-svaby\/#primaryimage\"},\"thumbnailUrl\":\"https:\/\/megapets.eu\/wp-content\/uploads\/2024\/10\/WEBP1.webp\",\"datePublished\":\"2024-10-08T09:05:58+00:00\",\"breadcrumb\":{\"@id\":\"https:\/\/megapets.eu\/sk\/prislusenstvo\/susene-dubove-a-brezove-listy-250-mlna-izopody-zmije-svaby\/#breadcrumb\"},\"inLanguage\":\"sk-SK\",\"potentialAction\":[{\"@type\":\"ReadAction\",\"target\":[\"https:\/\/megapets.eu\/sk\/prislusenstvo\/susene-dubove-a-brezove-listy-250-mlna-izopody-zmije-svaby\/\"]}]},{\"@type\":\"ImageObject\",\"inLanguage\":\"sk-SK\",\"@id\":\"https:\/\/megapets.eu\/sk\/prislusenstvo\/susene-dubove-a-brezove-listy-250-mlna-izopody-zmije-svaby\/#primaryimage\",\"url\":\"https:\/\/megapets.eu\/wp-content\/uploads\/2024\/10\/WEBP1.webp\",\"contentUrl\":\"https:\/\/megapets.eu\/wp-content\/uploads\/2024\/10\/WEBP1.webp\",\"width\":1536,\"height\":1024},{\"@type\":\"BreadcrumbList\",\"@id\":\"https:\/\/megapets.eu\/sk\/prislusenstvo\/susene-dubove-a-brezove-listy-250-mlna-izopody-zmije-svaby\/#breadcrumb\",\"itemListElement\":[{\"@type\":\"ListItem\",\"position\":1,\"name\":\"Strona g\u0142\u00f3wna\",\"item\":\"https:\/\/megapets.eu\/sk\/\"},{\"@type\":\"ListItem\",\"position\":2,\"name\":\"Obchod\",\"item\":\"https:\/\/megapets.eu\/obchod\/\"},{\"@type\":\"ListItem\",\"position\":3,\"name\":\"Su\u0161en\u00e9 dubov\u00e9 a brezov\u00e9 listy 250 mlna izop\u00f3dy, zmije, \u0161v\u00e1by\"}]},{\"@type\":\"WebSite\",\"@id\":\"https:\/\/megapets.eu\/sk\/#website\",\"url\":\"https:\/\/megapets.eu\/sk\/\",\"name\":\"Mega Pets\",\"description\":\"Jedna z najwi\u0119kszych hodowli \u015blimak\u00f3w w Europie\",\"publisher\":{\"@id\":\"https:\/\/megapets.eu\/sk\/#organization\"},\"alternateName\":\"Mega Pets\",\"potentialAction\":[{\"@type\":\"SearchAction\",\"target\":{\"@type\":\"EntryPoint\",\"urlTemplate\":\"https:\/\/megapets.eu\/sk\/?s={search_term_string}\"},\"query-input\":{\"@type\":\"PropertyValueSpecification\",\"valueRequired\":true,\"valueName\":\"search_term_string\"}}],\"inLanguage\":\"sk-SK\"},{\"@type\":\"Organization\",\"@id\":\"https:\/\/megapets.eu\/sk\/#organization\",\"name\":\"Mega Pets\",\"url\":\"https:\/\/megapets.eu\/sk\/\",\"logo\":{\"@type\":\"ImageObject\",\"inLanguage\":\"sk-SK\",\"@id\":\"https:\/\/megapets.eu\/sk\/#\/schema\/logo\/image\/\",\"url\":\"https:\/\/megapets.eu\/wp-content\/uploads\/2025\/04\/megapets_eu-logo.png\",\"contentUrl\":\"https:\/\/megapets.eu\/wp-content\/uploads\/2025\/04\/megapets_eu-logo.png\",\"width\":2362,\"height\":2362,\"caption\":\"Mega Pets\"},\"image\":{\"@id\":\"https:\/\/megapets.eu\/sk\/#\/schema\/logo\/image\/\"},\"sameAs\":[\"https:\/\/www.facebook.com\/MegaPets.eu\/\"]}]}<\/script>\n<!-- \/ Yoast SEO plugin. -->","yoast_head_json":{"title":"Su\u0161en\u00e9 dubov\u00e9 a brezov\u00e9 listy 250 mlna izop\u00f3dy, zmije, \u0161v\u00e1by | MegaPets","robots":{"index":"index","follow":"follow","max-snippet":"max-snippet:-1","max-image-preview":"max-image-preview:large","max-video-preview":"max-video-preview:-1"},"canonical":"https:\/\/megapets.eu\/sk\/prislusenstvo\/susene-dubove-a-brezove-listy-250-mlna-izopody-zmije-svaby\/","og_locale":"sk_SK","og_type":"article","og_title":"Su\u0161en\u00e9 dubov\u00e9 a brezov\u00e9 listy 250 mlna izop\u00f3dy, zmije, \u0161v\u00e1by | MegaPets","og_description":"Tepelne spracovan\u00e9  Balenie obsahuje: 250 ml  Cena plat\u00ed pre: Cena plat\u00ed pre 1 balenie.","og_url":"https:\/\/megapets.eu\/sk\/prislusenstvo\/susene-dubove-a-brezove-listy-250-mlna-izopody-zmije-svaby\/","og_site_name":"MegaPets","article_publisher":"https:\/\/www.facebook.com\/MegaPets.eu\/","og_image":[{"width":1416,"height":952,"url":"https:\/\/megapets.eu\/wp-content\/uploads\/2024\/10\/IMG_2712-e1728378410557.jpg","type":"image\/jpeg"}],"twitter_card":"summary_large_image","twitter_misc":{"Predpokladan\u00fd \u010das \u010d\u00edtania":"1 min\u00fata"},"schema":{"@context":"https:\/\/schema.org","@graph":[{"@type":"WebPage","@id":"https:\/\/megapets.eu\/sk\/prislusenstvo\/susene-dubove-a-brezove-listy-250-mlna-izopody-zmije-svaby\/","url":"https:\/\/megapets.eu\/sk\/prislusenstvo\/susene-dubove-a-brezove-listy-250-mlna-izopody-zmije-svaby\/","name":"Su\u0161en\u00e9 dubov\u00e9 a brezov\u00e9 listy 250 ml na izop\u00f3dy, zmije, \u0161v\u00e1by | MegaPets","isPartOf":{"@id":"https:\/\/megapets.eu\/sk\/#website"},"primaryImageOfPage":{"@id":"https:\/\/megapets.eu\/sk\/prislusenstvo\/susene-dubove-a-brezove-listy-250-mlna-izopody-zmije-svaby\/#primaryimage"},"image":{"@id":"https:\/\/megapets.eu\/sk\/prislusenstvo\/susene-dubove-a-brezove-listy-250-mlna-izopody-zmije-svaby\/#primaryimage"},"thumbnailUrl":"https:\/\/megapets.eu\/wp-content\/uploads\/2024\/10\/WEBP1.webp","datePublished":"2024-10-08T09:05:58+00:00","breadcrumb":{"@id":"https:\/\/megapets.eu\/sk\/prislusenstvo\/susene-dubove-a-brezove-listy-250-mlna-izopody-zmije-svaby\/#breadcrumb"},"inLanguage":"sk-SK","potentialAction":[{"@type":"ReadAction","target":["https:\/\/megapets.eu\/sk\/prislusenstvo\/susene-dubove-a-brezove-listy-250-mlna-izopody-zmije-svaby\/"]}]},{"@type":"ImageObject","inLanguage":"sk-SK","@id":"https:\/\/megapets.eu\/sk\/prislusenstvo\/susene-dubove-a-brezove-listy-250-mlna-izopody-zmije-svaby\/#primaryimage","url":"https:\/\/megapets.eu\/wp-content\/uploads\/2024\/10\/WEBP1.webp","contentUrl":"https:\/\/megapets.eu\/wp-content\/uploads\/2024\/10\/WEBP1.webp","width":1536,"height":1024},{"@type":"BreadcrumbList","@id":"https:\/\/megapets.eu\/sk\/prislusenstvo\/susene-dubove-a-brezove-listy-250-mlna-izopody-zmije-svaby\/#breadcrumb","itemListElement":[{"@type":"ListItem","position":1,"name":"Strona g\u0142\u00f3wna","item":"https:\/\/megapets.eu\/sk\/"},{"@type":"ListItem","position":2,"name":"Obchod","item":"https:\/\/megapets.eu\/obchod\/"},{"@type":"ListItem","position":3,"name":"Su\u0161en\u00e9 dubov\u00e9 a brezov\u00e9 listy 250 mlna izop\u00f3dy, zmije, \u0161v\u00e1by"}]},{"@type":"WebSite","@id":"https:\/\/megapets.eu\/sk\/#website","url":"https:\/\/megapets.eu\/sk\/","name":"Mega Pets","description":"Jedna z najwi\u0119kszych hodowli \u015blimak\u00f3w w Europie","publisher":{"@id":"https:\/\/megapets.eu\/sk\/#organization"},"alternateName":"Mega Pets","potentialAction":[{"@type":"SearchAction","target":{"@type":"EntryPoint","urlTemplate":"https:\/\/megapets.eu\/sk\/?s={search_term_string}"},"query-input":{"@type":"PropertyValueSpecification","valueRequired":true,"valueName":"search_term_string"}}],"inLanguage":"sk-SK"},{"@type":"Organization","@id":"https:\/\/megapets.eu\/sk\/#organization","name":"Mega Pets","url":"https:\/\/megapets.eu\/sk\/","logo":{"@type":"ImageObject","inLanguage":"sk-SK","@id":"https:\/\/megapets.eu\/sk\/#\/schema\/logo\/image\/","url":"https:\/\/megapets.eu\/wp-content\/uploads\/2025\/04\/megapets_eu-logo.png","contentUrl":"https:\/\/megapets.eu\/wp-content\/uploads\/2025\/04\/megapets_eu-logo.png","width":2362,"height":2362,"caption":"Mega Pets"},"image":{"@id":"https:\/\/megapets.eu\/sk\/#\/schema\/logo\/image\/"},"sameAs":["https:\/\/www.facebook.com\/MegaPets.eu\/"]}]}},"_links":{"self":[{"href":"https:\/\/megapets.eu\/sk\/wp-json\/wp\/v2\/product\/6160","targetHints":{"allow":["GET"]}}],"collection":[{"href":"https:\/\/megapets.eu\/sk\/wp-json\/wp\/v2\/product"}],"about":[{"href":"https:\/\/megapets.eu\/sk\/wp-json\/wp\/v2\/types\/product"}],"wp:featuredmedia":[{"embeddable":true,"href":"https:\/\/megapets.eu\/sk\/wp-json\/wp\/v2\/media\/12679"}],"wp:attachment":[{"href":"https:\/\/megapets.eu\/sk\/wp-json\/wp\/v2\/media?parent=6160"}],"wp:term":[{"taxonomy":"product_cat","embeddable":true,"href":"https:\/\/megapets.eu\/sk\/wp-json\/wp\/v2\/product_cat?post=6160"},{"taxonomy":"product_tag","embeddable":true,"href":"https:\/\/megapets.eu\/sk\/wp-json\/wp\/v2\/product_tag?post=6160"}],"curies":[{"name":"wp","href":"https:\/\/api.w.org\/{rel}","templated":true}]}}