{"id":6162,"date":"2024-10-06T10:56:45","date_gmt":"2024-10-06T10:56:45","guid":{"rendered":"https:\/\/megapets.eu\/nezaraden\u00e9\/archachatina-marginata-ovum-pseudoleuticky\/"},"modified":"2024-10-06T10:56:45","modified_gmt":"2024-10-06T10:56:45","slug":"archachatina-marginata-ovum-pseudoleuticky","status":"publish","type":"product","link":"https:\/\/megapets.eu\/sk\/slimaky\/archachatina-marginata-ovum-pseudoleuticky\/","title":{"rendered":"Archachatina marginata ovum pseudoleutick\u00fd"},"content":{"rendered":"<p style=\"text-align: left;\"><span style=\"font-size: 15px;\"><strong><span style=\"color: #000000;\"><em>Druh: <\/em><\/span><\/strong><span style=\"color: #000000;\"><em>Archachatina marginata ovum (L. Pfeiffer, 1858).<\/em><\/span><strong><span style=\"color: #000000;\"><em><br \/>\nFarebn\u00e1 varieta:<\/em><\/span><\/strong><span style=\"color: #000000;\"><em> pseudoleutick\u00e1<\/em><\/span><\/span><\/p>\n<p style=\"text-align: left;\"><span style=\"font-size: 15px;\"><strong><span style=\"color: #000000;\"><em><span style=\"color: #008000;\"><span style=\"color: #424242;\"><img decoding=\"async\" src=\"https:\/\/static.xx.fbcdn.net\/images\/emoji.php\/v9\/tb4\/1\/16\/2b50.png\" alt=\"\u2b50\ufe0f\" \/> <\/span><\/span><\/em><\/span><\/strong><span style=\"color: #000000;\"><em>Pon\u00fakan\u00e9 ml\u00e1\u010fat\u00e1 z nepr\u00edbuzn\u00e9ho rodi\u010dovsk\u00e9ho p\u00e1ru. V\u010faka neust\u00e1lemu v\u00fdberu vhodn\u00fdch partnerov a vytv\u00e1raniu p\u00e1rov z gener\u00e1cie na gener\u00e1ciu sa \u00faspe\u0161ne udr\u017eiavaj\u00fa nepr\u00edbuzn\u00e9, rodokme\u0148ov\u00e9 chovn\u00e9 l\u00ednie kr\u00e1snych obrov.<\/em><\/span><\/span><\/p>\n<p style=\"text-align: left;\"><span style=\"font-size: 15px;\"><span style=\"color: #000000;\"><em><span style=\"color: #008000;\"><span style=\"color: #424242;\"><img decoding=\"async\" src=\"https:\/\/static.xx.fbcdn.net\/images\/emoji.php\/v9\/t18\/1\/16\/1fa76.png\" alt=\"\ud83e\ude76\" \/> <span style=\"color: #333333;\">Slim\u00e1ky pseudoleutickej farebnej variety sa vyzna\u010duj\u00fa v\u00fdnimo\u010dnou eleganciou, ktor\u00fa zv\u00fdraz\u0148uj\u00fa stmavnut\u00e9 tykadl\u00e1 oproti svetlej farbe tela. Prevl\u00e1daj\u00facou farbou tela je biela, kr\u00e9mov\u00e1 alebo odtiene slonovej kosti. Sivohned\u00e9 sfarbenie zmyslov\u00fdch org\u00e1nov plynule prech\u00e1dza do svetlej farby &#8211; ombre efekt \ud83d\udda4\ud83e\ude76\ud83e\udd0d medzi dvoma susedn\u00fdmi odtie\u0148mi vytv\u00e1ra n\u00e1padn\u00fd kontrast so zvy\u0161kom tela, \u010do dod\u00e1va slim\u00e1kom tejto odrody jedine\u010dn\u00fd vzh\u013ead. Rozlo\u017eenie tmav\u00fdch pl\u00f4ch sa m\u00f4\u017ee t\u00fdka\u0165 nielen rumenej senzily, ale aj hlavy. Senzily len vyliahnut\u00fdch mal\u00fdch slim\u00e1kov s\u00fa pomerne tmav\u00e9, ale ako rast\u00fa, m\u00f4\u017eu sa zosvetli\u0165.<\/span><\/span><\/span><\/em><\/span><\/span><\/p>\n<p style=\"text-align: left;\"><span style=\"color: #000000; font-size: 15px;\"><em><span class=\"x1xsqp64 xiy17q3 x1o6pynw x19co3pv xdj266r xcwd3tp xat24cr x39eecv x2b8uid\" data-testid=\"emoji\"><span class=\"xexx8yu xn5pp95 x18d9i69 x2fxd7x x3jgonx x1bhl96m\"><img loading=\"lazy\" decoding=\"async\" class=\"\" src=\"https:\/\/static.xx.fbcdn.net\/images\/emoji.php\/v9\/t66\/1\/32\/1f4cc.png\" alt=\"\ud83d\udccc\" width=\"18\" height=\"18\" \/> Obvykle ve\u013ekos\u0165 ulity tohto druhu dosahuje zna\u010dn\u00fa ve\u013ekos\u0165, pribli\u017ene 12 &#8211; 15 cm.<\/span><\/span><\/em><\/span><\/p>\n<p style=\"text-align: left;\"><span style=\"color: #000000; font-size: 15px;\"><em><img loading=\"lazy\" decoding=\"async\" class=\"xz74otr\" src=\"https:\/\/static.xx.fbcdn.net\/images\/emoji.php\/v9\/t1e\/1\/16\/1f33f.png\" alt=\"\ud83c\udf3f\" width=\"18\" height=\"18\" \/> <span style=\"color: #008000;\">Ako v\u00e4\u010d\u0161ina druhov rodu Archachatina, aj tieto slim\u00e1ky s\u00fa nen\u00e1ro\u010dn\u00e9 a dobre sa im dar\u00ed, ak maj\u00fa zabezpe\u010den\u00e9 z\u00e1kladn\u00e9 podmienky na \u00fadr\u017ebu.<\/span><\/em><\/span><\/p>\n","protected":false},"excerpt":{"rendered":"<ul>\n<li>Cie\u013eov\u00e1 ve\u013ekos\u0165 n\u00e1bojnice:\n<ul>\n<li>cca. 12-15 cm<\/li>\n<\/ul>\n<\/li>\n<li>Z nepr\u00edbuzn\u00e9ho p\u00e1ru:\n<ul>\n<li>P16<\/li>\n<\/ul>\n<\/li>\n<li>Pon\u00fakan\u00e9 ml\u00e1\u010fa:\n<ul>\n<li>cca. 4-5 cm<\/li>\n<\/ul>\n<\/li>\n<li>Cena je za:\n<ul>\n<li>Cena za 1 ks<\/li>\n<\/ul>\n<\/li>\n<\/ul>\n","protected":false},"featured_media":6163,"template":"","meta":{"_acf_changed":false,"_links_to":"","_links_to_target":""},"product_cat":[144],"product_tag":[],"class_list":{"0":"post-6162","1":"product","2":"type-product","3":"status-publish","4":"has-post-thumbnail","6":"product_cat-slimaky","8":"first","9":"outofstock","10":"shipping-taxable","11":"purchasable","12":"product-type-simple"},"acf":[],"yoast_head":"<!-- This site is optimized with the Yoast SEO plugin v24.9 - https:\/\/yoast.com\/wordpress\/plugins\/seo\/ -->\n<title>Archachatina marginata ovum pseudoleutick\u00fd | MegaPets<\/title>\n<meta name=\"robots\" content=\"index, follow, max-snippet:-1, max-image-preview:large, max-video-preview:-1\" \/>\n<link rel=\"canonical\" href=\"https:\/\/megapets.eu\/sk\/slimaky\/archachatina-marginata-ovum-pseudoleuticky\/\" \/>\n<meta property=\"og:locale\" content=\"sk_SK\" \/>\n<meta property=\"og:type\" content=\"article\" \/>\n<meta property=\"og:title\" content=\"Archachatina marginata ovum pseudoleutick\u00fd | MegaPets\" \/>\n<meta property=\"og:description\" content=\"Cie\u013eov\u00e1 ve\u013ekos\u0165 n\u00e1bojnice:  cca. 12-15 cm   Z nepr\u00edbuzn\u00e9ho p\u00e1ru:  P16   Pon\u00fakan\u00e9 ml\u00e1\u010fa:  cca. 4-5 cm   Cena je za:  Cena za 1 ks\" \/>\n<meta property=\"og:url\" content=\"https:\/\/megapets.eu\/sk\/slimaky\/archachatina-marginata-ovum-pseudoleuticky\/\" \/>\n<meta property=\"og:site_name\" content=\"MegaPets\" \/>\n<meta property=\"article:publisher\" content=\"https:\/\/www.facebook.com\/MegaPets.eu\/\" \/>\n<meta property=\"og:image\" content=\"https:\/\/megapets.eu\/wp-content\/uploads\/2024\/10\/28-White-Honey-P16-Excel.png\" \/>\n\t<meta property=\"og:image:width\" content=\"1048\" \/>\n\t<meta property=\"og:image:height\" content=\"694\" \/>\n\t<meta property=\"og:image:type\" content=\"image\/png\" \/>\n<meta name=\"twitter:card\" content=\"summary_large_image\" \/>\n<meta name=\"twitter:label1\" content=\"Predpokladan\u00fd \u010das \u010d\u00edtania\" \/>\n\t<meta name=\"twitter:data1\" content=\"1 min\u00fata\" \/>\n<script type=\"application\/ld+json\" class=\"yoast-schema-graph\">{\"@context\":\"https:\/\/schema.org\",\"@graph\":[{\"@type\":\"WebPage\",\"@id\":\"https:\/\/megapets.eu\/sk\/slimaky\/archachatina-marginata-ovum-pseudoleuticky\/\",\"url\":\"https:\/\/megapets.eu\/sk\/slimaky\/archachatina-marginata-ovum-pseudoleuticky\/\",\"name\":\"Archachatina marginata ovum pseudoleutick\u00fd | MegaPets\",\"isPartOf\":{\"@id\":\"https:\/\/megapets.eu\/sk\/#website\"},\"primaryImageOfPage\":{\"@id\":\"https:\/\/megapets.eu\/sk\/slimaky\/archachatina-marginata-ovum-pseudoleuticky\/#primaryimage\"},\"image\":{\"@id\":\"https:\/\/megapets.eu\/sk\/slimaky\/archachatina-marginata-ovum-pseudoleuticky\/#primaryimage\"},\"thumbnailUrl\":\"https:\/\/megapets.eu\/wp-content\/uploads\/2024\/10\/28-White-Honey-P16-Excel.png\",\"datePublished\":\"2024-10-06T10:56:45+00:00\",\"breadcrumb\":{\"@id\":\"https:\/\/megapets.eu\/sk\/slimaky\/archachatina-marginata-ovum-pseudoleuticky\/#breadcrumb\"},\"inLanguage\":\"sk-SK\",\"potentialAction\":[{\"@type\":\"ReadAction\",\"target\":[\"https:\/\/megapets.eu\/sk\/slimaky\/archachatina-marginata-ovum-pseudoleuticky\/\"]}]},{\"@type\":\"ImageObject\",\"inLanguage\":\"sk-SK\",\"@id\":\"https:\/\/megapets.eu\/sk\/slimaky\/archachatina-marginata-ovum-pseudoleuticky\/#primaryimage\",\"url\":\"https:\/\/megapets.eu\/wp-content\/uploads\/2024\/10\/28-White-Honey-P16-Excel.png\",\"contentUrl\":\"https:\/\/megapets.eu\/wp-content\/uploads\/2024\/10\/28-White-Honey-P16-Excel.png\",\"width\":1048,\"height\":694},{\"@type\":\"BreadcrumbList\",\"@id\":\"https:\/\/megapets.eu\/sk\/slimaky\/archachatina-marginata-ovum-pseudoleuticky\/#breadcrumb\",\"itemListElement\":[{\"@type\":\"ListItem\",\"position\":1,\"name\":\"Strona g\u0142\u00f3wna\",\"item\":\"https:\/\/megapets.eu\/sk\/\"},{\"@type\":\"ListItem\",\"position\":2,\"name\":\"Obchod\",\"item\":\"https:\/\/megapets.eu\/obchod\/\"},{\"@type\":\"ListItem\",\"position\":3,\"name\":\"Archachatina marginata ovum pseudoleutick\u00fd\"}]},{\"@type\":\"WebSite\",\"@id\":\"https:\/\/megapets.eu\/sk\/#website\",\"url\":\"https:\/\/megapets.eu\/sk\/\",\"name\":\"Mega Pets\",\"description\":\"Jedna z najwi\u0119kszych hodowli \u015blimak\u00f3w w Europie\",\"publisher\":{\"@id\":\"https:\/\/megapets.eu\/sk\/#organization\"},\"alternateName\":\"Mega Pets\",\"potentialAction\":[{\"@type\":\"SearchAction\",\"target\":{\"@type\":\"EntryPoint\",\"urlTemplate\":\"https:\/\/megapets.eu\/sk\/?s={search_term_string}\"},\"query-input\":{\"@type\":\"PropertyValueSpecification\",\"valueRequired\":true,\"valueName\":\"search_term_string\"}}],\"inLanguage\":\"sk-SK\"},{\"@type\":\"Organization\",\"@id\":\"https:\/\/megapets.eu\/sk\/#organization\",\"name\":\"Mega Pets\",\"url\":\"https:\/\/megapets.eu\/sk\/\",\"logo\":{\"@type\":\"ImageObject\",\"inLanguage\":\"sk-SK\",\"@id\":\"https:\/\/megapets.eu\/sk\/#\/schema\/logo\/image\/\",\"url\":\"https:\/\/megapets.eu\/wp-content\/uploads\/2025\/04\/megapets_eu-logo.png\",\"contentUrl\":\"https:\/\/megapets.eu\/wp-content\/uploads\/2025\/04\/megapets_eu-logo.png\",\"width\":2362,\"height\":2362,\"caption\":\"Mega Pets\"},\"image\":{\"@id\":\"https:\/\/megapets.eu\/sk\/#\/schema\/logo\/image\/\"},\"sameAs\":[\"https:\/\/www.facebook.com\/MegaPets.eu\/\"]}]}<\/script>\n<!-- \/ Yoast SEO plugin. -->","yoast_head_json":{"title":"Archachatina marginata ovum pseudoleutick\u00fd | MegaPets","robots":{"index":"index","follow":"follow","max-snippet":"max-snippet:-1","max-image-preview":"max-image-preview:large","max-video-preview":"max-video-preview:-1"},"canonical":"https:\/\/megapets.eu\/sk\/slimaky\/archachatina-marginata-ovum-pseudoleuticky\/","og_locale":"sk_SK","og_type":"article","og_title":"Archachatina marginata ovum pseudoleutick\u00fd | MegaPets","og_description":"Cie\u013eov\u00e1 ve\u013ekos\u0165 n\u00e1bojnice:  cca. 12-15 cm   Z nepr\u00edbuzn\u00e9ho p\u00e1ru:  P16   Pon\u00fakan\u00e9 ml\u00e1\u010fa:  cca. 4-5 cm   Cena je za:  Cena za 1 ks","og_url":"https:\/\/megapets.eu\/sk\/slimaky\/archachatina-marginata-ovum-pseudoleuticky\/","og_site_name":"MegaPets","article_publisher":"https:\/\/www.facebook.com\/MegaPets.eu\/","og_image":[{"width":1048,"height":694,"url":"https:\/\/megapets.eu\/wp-content\/uploads\/2024\/10\/28-White-Honey-P16-Excel.png","type":"image\/png"}],"twitter_card":"summary_large_image","twitter_misc":{"Predpokladan\u00fd \u010das \u010d\u00edtania":"1 min\u00fata"},"schema":{"@context":"https:\/\/schema.org","@graph":[{"@type":"WebPage","@id":"https:\/\/megapets.eu\/sk\/slimaky\/archachatina-marginata-ovum-pseudoleuticky\/","url":"https:\/\/megapets.eu\/sk\/slimaky\/archachatina-marginata-ovum-pseudoleuticky\/","name":"Archachatina marginata ovum pseudoleutick\u00fd | MegaPets","isPartOf":{"@id":"https:\/\/megapets.eu\/sk\/#website"},"primaryImageOfPage":{"@id":"https:\/\/megapets.eu\/sk\/slimaky\/archachatina-marginata-ovum-pseudoleuticky\/#primaryimage"},"image":{"@id":"https:\/\/megapets.eu\/sk\/slimaky\/archachatina-marginata-ovum-pseudoleuticky\/#primaryimage"},"thumbnailUrl":"https:\/\/megapets.eu\/wp-content\/uploads\/2024\/10\/28-White-Honey-P16-Excel.png","datePublished":"2024-10-06T10:56:45+00:00","breadcrumb":{"@id":"https:\/\/megapets.eu\/sk\/slimaky\/archachatina-marginata-ovum-pseudoleuticky\/#breadcrumb"},"inLanguage":"sk-SK","potentialAction":[{"@type":"ReadAction","target":["https:\/\/megapets.eu\/sk\/slimaky\/archachatina-marginata-ovum-pseudoleuticky\/"]}]},{"@type":"ImageObject","inLanguage":"sk-SK","@id":"https:\/\/megapets.eu\/sk\/slimaky\/archachatina-marginata-ovum-pseudoleuticky\/#primaryimage","url":"https:\/\/megapets.eu\/wp-content\/uploads\/2024\/10\/28-White-Honey-P16-Excel.png","contentUrl":"https:\/\/megapets.eu\/wp-content\/uploads\/2024\/10\/28-White-Honey-P16-Excel.png","width":1048,"height":694},{"@type":"BreadcrumbList","@id":"https:\/\/megapets.eu\/sk\/slimaky\/archachatina-marginata-ovum-pseudoleuticky\/#breadcrumb","itemListElement":[{"@type":"ListItem","position":1,"name":"Strona g\u0142\u00f3wna","item":"https:\/\/megapets.eu\/sk\/"},{"@type":"ListItem","position":2,"name":"Obchod","item":"https:\/\/megapets.eu\/obchod\/"},{"@type":"ListItem","position":3,"name":"Archachatina marginata ovum pseudoleutick\u00fd"}]},{"@type":"WebSite","@id":"https:\/\/megapets.eu\/sk\/#website","url":"https:\/\/megapets.eu\/sk\/","name":"Mega Pets","description":"Jedna z najwi\u0119kszych hodowli \u015blimak\u00f3w w Europie","publisher":{"@id":"https:\/\/megapets.eu\/sk\/#organization"},"alternateName":"Mega Pets","potentialAction":[{"@type":"SearchAction","target":{"@type":"EntryPoint","urlTemplate":"https:\/\/megapets.eu\/sk\/?s={search_term_string}"},"query-input":{"@type":"PropertyValueSpecification","valueRequired":true,"valueName":"search_term_string"}}],"inLanguage":"sk-SK"},{"@type":"Organization","@id":"https:\/\/megapets.eu\/sk\/#organization","name":"Mega Pets","url":"https:\/\/megapets.eu\/sk\/","logo":{"@type":"ImageObject","inLanguage":"sk-SK","@id":"https:\/\/megapets.eu\/sk\/#\/schema\/logo\/image\/","url":"https:\/\/megapets.eu\/wp-content\/uploads\/2025\/04\/megapets_eu-logo.png","contentUrl":"https:\/\/megapets.eu\/wp-content\/uploads\/2025\/04\/megapets_eu-logo.png","width":2362,"height":2362,"caption":"Mega Pets"},"image":{"@id":"https:\/\/megapets.eu\/sk\/#\/schema\/logo\/image\/"},"sameAs":["https:\/\/www.facebook.com\/MegaPets.eu\/"]}]}},"_links":{"self":[{"href":"https:\/\/megapets.eu\/sk\/wp-json\/wp\/v2\/product\/6162","targetHints":{"allow":["GET"]}}],"collection":[{"href":"https:\/\/megapets.eu\/sk\/wp-json\/wp\/v2\/product"}],"about":[{"href":"https:\/\/megapets.eu\/sk\/wp-json\/wp\/v2\/types\/product"}],"wp:featuredmedia":[{"embeddable":true,"href":"https:\/\/megapets.eu\/sk\/wp-json\/wp\/v2\/media\/6163"}],"wp:attachment":[{"href":"https:\/\/megapets.eu\/sk\/wp-json\/wp\/v2\/media?parent=6162"}],"wp:term":[{"taxonomy":"product_cat","embeddable":true,"href":"https:\/\/megapets.eu\/sk\/wp-json\/wp\/v2\/product_cat?post=6162"},{"taxonomy":"product_tag","embeddable":true,"href":"https:\/\/megapets.eu\/sk\/wp-json\/wp\/v2\/product_tag?post=6162"}],"curies":[{"name":"wp","href":"https:\/\/api.w.org\/{rel}","templated":true}]}}