{"id":6168,"date":"2025-06-03T09:27:55","date_gmt":"2025-06-03T09:27:55","guid":{"rendered":"https:\/\/megapets.eu\/nezaraden\u00e9\/archachatina-marginata-ovumalbinoticke-telo-par-p20\/"},"modified":"2025-06-03T09:27:55","modified_gmt":"2025-06-03T09:27:55","slug":"archachatina-marginata-ovumalbinoticke-telo-par-p20","status":"publish","type":"product","link":"https:\/\/megapets.eu\/sk\/slimaky\/archachatina-marginata-ovumalbinoticke-telo-par-p20\/","title":{"rendered":"Archachatina marginata ovum<br \/>albinotick\u00e9 telo \/ p\u00e1r P20"},"content":{"rendered":"<p style=\"text-align: left;\"><span style=\"font-size: 15px;\"><strong><span style=\"color: #000000;\"><em>Druh: <\/em><\/span><\/strong><span style=\"color: #000000;\"><em>Archachatina marginata ovum (L. Pfeiffer, 1858).<\/em><\/span><strong><span style=\"color: #000000;\"><em><br \/>\nFarebn\u00e1 varieta:<\/em><\/span><\/strong><span style=\"color: #000000;\"><em> albinotick\u00e9 telo<\/em><\/span><\/span><\/p>\n<p style=\"text-align: left;\"><span style=\"font-size: 15px;\"><strong><span style=\"color: #000000;\"><em><span style=\"color: #008000;\"><span style=\"color: #424242;\"><img decoding=\"async\" src=\"https:\/\/static.xx.fbcdn.net\/images\/emoji.php\/v9\/tb4\/1\/16\/2b50.png\" alt=\"\u2b50\ufe0f\" \/> <\/span><\/span><\/em><\/span><\/strong><span style=\"color: #000000;\"><em>Pon\u00fakan\u00e9 ml\u00e1\u010fat\u00e1 z nepr\u00edbuzn\u00e9ho rodi\u010dovsk\u00e9ho p\u00e1ru P20. V\u010faka priebe\u017en\u00e9mu v\u00fdberu vhodn\u00fdch partnerov a vytv\u00e1raniu p\u00e1rov z gener\u00e1cie na gener\u00e1ciu sa \u00faspe\u0161ne udr\u017eiavaj\u00fa nepr\u00edbuzn\u00e9, rodokme\u0148ov\u00e9 chovn\u00e9 l\u00ednie kr\u00e1snych, obrovsk\u00fdch archachatopsov.<\/em><\/span><\/span><\/p>\n<p style=\"text-align: left;\"><span style=\"font-size: 15px;\"><span style=\"color: #000000;\"><em><span style=\"color: #008000;\"><span style=\"color: #424242;\"><img decoding=\"async\" src=\"https:\/\/static.xx.fbcdn.net\/images\/emoji.php\/v9\/t6c\/1\/16\/2764.png\" alt=\"\u2764\" \/> Medzi farebn\u00fdmi odrodami druhu Archachatina marginata ovum vynikaj\u00fa najm\u00e4 slim\u00e1ky s \u00faplne albinotick\u00fdm telom, ktor\u00e9 pri\u0165ahuj\u00fa pozornos\u0165 svojou jemnou kr\u00e1sou. Exempl\u00e1re s albinotick\u00fdm telom s\u00fa menej \u010dast\u00e9 ako slim\u00e1ky hnedej farebnej variety a pova\u017euj\u00fa sa za jednu z najatrakt\u00edvnej\u0161\u00edch a najcennej\u0161\u00edch odr\u00f4d.<\/span><\/span><\/em><\/span><\/span><\/p>\n<p style=\"text-align: left;\"><span style=\"color: #000000; font-size: 15px;\"><em><span class=\"x1xsqp64 xiy17q3 x1o6pynw x19co3pv xdj266r xcwd3tp xat24cr x39eecv x2b8uid\" data-testid=\"emoji\"><span class=\"xexx8yu xn5pp95 x18d9i69 x2fxd7x x3jgonx x1bhl96m\"><img loading=\"lazy\" decoding=\"async\" class=\"\" src=\"https:\/\/static.xx.fbcdn.net\/images\/emoji.php\/v9\/t66\/1\/32\/1f4cc.png\" alt=\"\ud83d\udccc\" width=\"18\" height=\"18\" \/> Obvykle dosahuje ve\u013ekos\u0165 ulity tohto druhu zna\u010dn\u00fa ve\u013ekos\u0165, pribli\u017ene 12-15 cm.<\/span><\/span><\/em><\/span><\/p>\n<p style=\"text-align: left;\"><span style=\"color: #000000; font-size: 15px;\"><em><img loading=\"lazy\" decoding=\"async\" class=\"xz74otr\" src=\"https:\/\/static.xx.fbcdn.net\/images\/emoji.php\/v9\/t1e\/1\/16\/1f33f.png\" alt=\"\ud83c\udf3f\" width=\"18\" height=\"18\" \/> <span style=\"color: #008000;\">Slim\u00e1ky s albinotick\u00fdm telom m\u00f4\u017ee doma bez probl\u00e9mov chova\u0165 ka\u017ed\u00fd milovn\u00edk tejto kr\u00e1snej farebnej odrody. Albinotick\u00e9 exempl\u00e1re nie s\u00fa n\u00e1ro\u010dn\u00e9 a pri dodr\u017ean\u00ed z\u00e1kladn\u00fdch podmienok \u00fadr\u017eby dorastaj\u00fa do obrovsk\u00fdch rozmerov.<\/span><\/em><\/span><\/p>\n","protected":false},"excerpt":{"rendered":"<ul>\n<li>Cie\u013eov\u00e1 ve\u013ekos\u0165 n\u00e1bojnice:\n<ul>\n<li>cca. 12-15 cm<\/li>\n<\/ul>\n<\/li>\n<li>Z nepr\u00edbuzn\u00e9ho p\u00e1ru:\n<ul>\n<li>P20<\/li>\n<\/ul>\n<\/li>\n<li>Pon\u00fakan\u00e9 ml\u00e1\u010fa:\n<ul>\n<li>cca. 4-5 cm<\/li>\n<\/ul>\n<\/li>\n<li>Cena je za:\n<ul>\n<li>Cena za 1 ks<\/li>\n<\/ul>\n<\/li>\n<\/ul>\n","protected":false},"featured_media":5823,"template":"","meta":{"_acf_changed":false,"_links_to":"","_links_to_target":""},"product_cat":[144],"product_tag":[],"class_list":{"0":"post-6168","1":"product","2":"type-product","3":"status-publish","4":"has-post-thumbnail","6":"product_cat-slimaky","8":"first","9":"outofstock","10":"shipping-taxable","11":"purchasable","12":"product-type-simple"},"acf":[],"yoast_head":"<!-- This site is optimized with the Yoast SEO plugin v24.9 - https:\/\/yoast.com\/wordpress\/plugins\/seo\/ -->\n<title>Archachatina marginata ovumalbinotick\u00e9 telo \/ p\u00e1r P20 | MegaPets<\/title>\n<meta name=\"robots\" content=\"index, follow, max-snippet:-1, max-image-preview:large, max-video-preview:-1\" \/>\n<link rel=\"canonical\" href=\"https:\/\/megapets.eu\/sk\/slimaky\/archachatina-marginata-ovumalbinoticke-telo-par-p20\/\" \/>\n<meta property=\"og:locale\" content=\"sk_SK\" \/>\n<meta property=\"og:type\" content=\"article\" \/>\n<meta property=\"og:title\" content=\"Archachatina marginata ovumalbinotick\u00e9 telo \/ p\u00e1r P20 | MegaPets\" \/>\n<meta property=\"og:description\" content=\"Cie\u013eov\u00e1 ve\u013ekos\u0165 n\u00e1bojnice:  cca. 12-15 cm   Z nepr\u00edbuzn\u00e9ho p\u00e1ru:  P20   Pon\u00fakan\u00e9 ml\u00e1\u010fa:  cca. 4-5 cm   Cena je za:  Cena za 1 ks\" \/>\n<meta property=\"og:url\" content=\"https:\/\/megapets.eu\/sk\/slimaky\/archachatina-marginata-ovumalbinoticke-telo-par-p20\/\" \/>\n<meta property=\"og:site_name\" content=\"MegaPets\" \/>\n<meta property=\"article:publisher\" content=\"https:\/\/www.facebook.com\/MegaPets.eu\/\" \/>\n<meta property=\"og:image\" content=\"https:\/\/megapets.eu\/wp-content\/uploads\/2025\/04\/Photo-coming-soon.png\" \/>\n\t<meta property=\"og:image:width\" content=\"835\" \/>\n\t<meta property=\"og:image:height\" content=\"557\" \/>\n\t<meta property=\"og:image:type\" content=\"image\/png\" \/>\n<meta name=\"twitter:card\" content=\"summary_large_image\" \/>\n<meta name=\"twitter:label1\" content=\"Predpokladan\u00fd \u010das \u010d\u00edtania\" \/>\n\t<meta name=\"twitter:data1\" content=\"1 min\u00fata\" \/>\n<script type=\"application\/ld+json\" class=\"yoast-schema-graph\">{\"@context\":\"https:\/\/schema.org\",\"@graph\":[{\"@type\":\"WebPage\",\"@id\":\"https:\/\/megapets.eu\/sk\/slimaky\/archachatina-marginata-ovumalbinoticke-telo-par-p20\/\",\"url\":\"https:\/\/megapets.eu\/sk\/slimaky\/archachatina-marginata-ovumalbinoticke-telo-par-p20\/\",\"name\":\"Archachatina marginata ovum albinotick\u00e9 telo \/ p\u00e1r P20 | MegaPets\",\"isPartOf\":{\"@id\":\"https:\/\/megapets.eu\/sk\/#website\"},\"primaryImageOfPage\":{\"@id\":\"https:\/\/megapets.eu\/sk\/slimaky\/archachatina-marginata-ovumalbinoticke-telo-par-p20\/#primaryimage\"},\"image\":{\"@id\":\"https:\/\/megapets.eu\/sk\/slimaky\/archachatina-marginata-ovumalbinoticke-telo-par-p20\/#primaryimage\"},\"thumbnailUrl\":\"https:\/\/megapets.eu\/wp-content\/uploads\/2025\/04\/Photo-coming-soon.png\",\"datePublished\":\"2025-06-03T09:27:55+00:00\",\"breadcrumb\":{\"@id\":\"https:\/\/megapets.eu\/sk\/slimaky\/archachatina-marginata-ovumalbinoticke-telo-par-p20\/#breadcrumb\"},\"inLanguage\":\"sk-SK\",\"potentialAction\":[{\"@type\":\"ReadAction\",\"target\":[\"https:\/\/megapets.eu\/sk\/slimaky\/archachatina-marginata-ovumalbinoticke-telo-par-p20\/\"]}]},{\"@type\":\"ImageObject\",\"inLanguage\":\"sk-SK\",\"@id\":\"https:\/\/megapets.eu\/sk\/slimaky\/archachatina-marginata-ovumalbinoticke-telo-par-p20\/#primaryimage\",\"url\":\"https:\/\/megapets.eu\/wp-content\/uploads\/2025\/04\/Photo-coming-soon.png\",\"contentUrl\":\"https:\/\/megapets.eu\/wp-content\/uploads\/2025\/04\/Photo-coming-soon.png\",\"width\":835,\"height\":557},{\"@type\":\"BreadcrumbList\",\"@id\":\"https:\/\/megapets.eu\/sk\/slimaky\/archachatina-marginata-ovumalbinoticke-telo-par-p20\/#breadcrumb\",\"itemListElement\":[{\"@type\":\"ListItem\",\"position\":1,\"name\":\"Strona g\u0142\u00f3wna\",\"item\":\"https:\/\/megapets.eu\/sk\/\"},{\"@type\":\"ListItem\",\"position\":2,\"name\":\"Obchod\",\"item\":\"https:\/\/megapets.eu\/obchod\/\"},{\"@type\":\"ListItem\",\"position\":3,\"name\":\"Archachatina marginata ovumalbinotick\u00e9 telo \/ p\u00e1r P20\"}]},{\"@type\":\"WebSite\",\"@id\":\"https:\/\/megapets.eu\/sk\/#website\",\"url\":\"https:\/\/megapets.eu\/sk\/\",\"name\":\"Mega Pets\",\"description\":\"Jedna z najwi\u0119kszych hodowli \u015blimak\u00f3w w Europie\",\"publisher\":{\"@id\":\"https:\/\/megapets.eu\/sk\/#organization\"},\"alternateName\":\"Mega Pets\",\"potentialAction\":[{\"@type\":\"SearchAction\",\"target\":{\"@type\":\"EntryPoint\",\"urlTemplate\":\"https:\/\/megapets.eu\/sk\/?s={search_term_string}\"},\"query-input\":{\"@type\":\"PropertyValueSpecification\",\"valueRequired\":true,\"valueName\":\"search_term_string\"}}],\"inLanguage\":\"sk-SK\"},{\"@type\":\"Organization\",\"@id\":\"https:\/\/megapets.eu\/sk\/#organization\",\"name\":\"Mega Pets\",\"url\":\"https:\/\/megapets.eu\/sk\/\",\"logo\":{\"@type\":\"ImageObject\",\"inLanguage\":\"sk-SK\",\"@id\":\"https:\/\/megapets.eu\/sk\/#\/schema\/logo\/image\/\",\"url\":\"https:\/\/megapets.eu\/wp-content\/uploads\/2025\/04\/megapets_eu-logo.png\",\"contentUrl\":\"https:\/\/megapets.eu\/wp-content\/uploads\/2025\/04\/megapets_eu-logo.png\",\"width\":2362,\"height\":2362,\"caption\":\"Mega Pets\"},\"image\":{\"@id\":\"https:\/\/megapets.eu\/sk\/#\/schema\/logo\/image\/\"},\"sameAs\":[\"https:\/\/www.facebook.com\/MegaPets.eu\/\"]}]}<\/script>\n<!-- \/ Yoast SEO plugin. -->","yoast_head_json":{"title":"Archachatina marginata ovumalbinotick\u00e9 telo \/ p\u00e1r P20 | MegaPets","robots":{"index":"index","follow":"follow","max-snippet":"max-snippet:-1","max-image-preview":"max-image-preview:large","max-video-preview":"max-video-preview:-1"},"canonical":"https:\/\/megapets.eu\/sk\/slimaky\/archachatina-marginata-ovumalbinoticke-telo-par-p20\/","og_locale":"sk_SK","og_type":"article","og_title":"Archachatina marginata ovumalbinotick\u00e9 telo \/ p\u00e1r P20 | MegaPets","og_description":"Cie\u013eov\u00e1 ve\u013ekos\u0165 n\u00e1bojnice:  cca. 12-15 cm   Z nepr\u00edbuzn\u00e9ho p\u00e1ru:  P20   Pon\u00fakan\u00e9 ml\u00e1\u010fa:  cca. 4-5 cm   Cena je za:  Cena za 1 ks","og_url":"https:\/\/megapets.eu\/sk\/slimaky\/archachatina-marginata-ovumalbinoticke-telo-par-p20\/","og_site_name":"MegaPets","article_publisher":"https:\/\/www.facebook.com\/MegaPets.eu\/","og_image":[{"width":835,"height":557,"url":"https:\/\/megapets.eu\/wp-content\/uploads\/2025\/04\/Photo-coming-soon.png","type":"image\/png"}],"twitter_card":"summary_large_image","twitter_misc":{"Predpokladan\u00fd \u010das \u010d\u00edtania":"1 min\u00fata"},"schema":{"@context":"https:\/\/schema.org","@graph":[{"@type":"WebPage","@id":"https:\/\/megapets.eu\/sk\/slimaky\/archachatina-marginata-ovumalbinoticke-telo-par-p20\/","url":"https:\/\/megapets.eu\/sk\/slimaky\/archachatina-marginata-ovumalbinoticke-telo-par-p20\/","name":"Archachatina marginata ovum albinotick\u00e9 telo \/ p\u00e1r P20 | MegaPets","isPartOf":{"@id":"https:\/\/megapets.eu\/sk\/#website"},"primaryImageOfPage":{"@id":"https:\/\/megapets.eu\/sk\/slimaky\/archachatina-marginata-ovumalbinoticke-telo-par-p20\/#primaryimage"},"image":{"@id":"https:\/\/megapets.eu\/sk\/slimaky\/archachatina-marginata-ovumalbinoticke-telo-par-p20\/#primaryimage"},"thumbnailUrl":"https:\/\/megapets.eu\/wp-content\/uploads\/2025\/04\/Photo-coming-soon.png","datePublished":"2025-06-03T09:27:55+00:00","breadcrumb":{"@id":"https:\/\/megapets.eu\/sk\/slimaky\/archachatina-marginata-ovumalbinoticke-telo-par-p20\/#breadcrumb"},"inLanguage":"sk-SK","potentialAction":[{"@type":"ReadAction","target":["https:\/\/megapets.eu\/sk\/slimaky\/archachatina-marginata-ovumalbinoticke-telo-par-p20\/"]}]},{"@type":"ImageObject","inLanguage":"sk-SK","@id":"https:\/\/megapets.eu\/sk\/slimaky\/archachatina-marginata-ovumalbinoticke-telo-par-p20\/#primaryimage","url":"https:\/\/megapets.eu\/wp-content\/uploads\/2025\/04\/Photo-coming-soon.png","contentUrl":"https:\/\/megapets.eu\/wp-content\/uploads\/2025\/04\/Photo-coming-soon.png","width":835,"height":557},{"@type":"BreadcrumbList","@id":"https:\/\/megapets.eu\/sk\/slimaky\/archachatina-marginata-ovumalbinoticke-telo-par-p20\/#breadcrumb","itemListElement":[{"@type":"ListItem","position":1,"name":"Strona g\u0142\u00f3wna","item":"https:\/\/megapets.eu\/sk\/"},{"@type":"ListItem","position":2,"name":"Obchod","item":"https:\/\/megapets.eu\/obchod\/"},{"@type":"ListItem","position":3,"name":"Archachatina marginata ovumalbinotick\u00e9 telo \/ p\u00e1r P20"}]},{"@type":"WebSite","@id":"https:\/\/megapets.eu\/sk\/#website","url":"https:\/\/megapets.eu\/sk\/","name":"Mega Pets","description":"Jedna z najwi\u0119kszych hodowli \u015blimak\u00f3w w Europie","publisher":{"@id":"https:\/\/megapets.eu\/sk\/#organization"},"alternateName":"Mega Pets","potentialAction":[{"@type":"SearchAction","target":{"@type":"EntryPoint","urlTemplate":"https:\/\/megapets.eu\/sk\/?s={search_term_string}"},"query-input":{"@type":"PropertyValueSpecification","valueRequired":true,"valueName":"search_term_string"}}],"inLanguage":"sk-SK"},{"@type":"Organization","@id":"https:\/\/megapets.eu\/sk\/#organization","name":"Mega Pets","url":"https:\/\/megapets.eu\/sk\/","logo":{"@type":"ImageObject","inLanguage":"sk-SK","@id":"https:\/\/megapets.eu\/sk\/#\/schema\/logo\/image\/","url":"https:\/\/megapets.eu\/wp-content\/uploads\/2025\/04\/megapets_eu-logo.png","contentUrl":"https:\/\/megapets.eu\/wp-content\/uploads\/2025\/04\/megapets_eu-logo.png","width":2362,"height":2362,"caption":"Mega Pets"},"image":{"@id":"https:\/\/megapets.eu\/sk\/#\/schema\/logo\/image\/"},"sameAs":["https:\/\/www.facebook.com\/MegaPets.eu\/"]}]}},"_links":{"self":[{"href":"https:\/\/megapets.eu\/sk\/wp-json\/wp\/v2\/product\/6168","targetHints":{"allow":["GET"]}}],"collection":[{"href":"https:\/\/megapets.eu\/sk\/wp-json\/wp\/v2\/product"}],"about":[{"href":"https:\/\/megapets.eu\/sk\/wp-json\/wp\/v2\/types\/product"}],"wp:featuredmedia":[{"embeddable":true,"href":"https:\/\/megapets.eu\/sk\/wp-json\/wp\/v2\/media\/5823"}],"wp:attachment":[{"href":"https:\/\/megapets.eu\/sk\/wp-json\/wp\/v2\/media?parent=6168"}],"wp:term":[{"taxonomy":"product_cat","embeddable":true,"href":"https:\/\/megapets.eu\/sk\/wp-json\/wp\/v2\/product_cat?post=6168"},{"taxonomy":"product_tag","embeddable":true,"href":"https:\/\/megapets.eu\/sk\/wp-json\/wp\/v2\/product_tag?post=6168"}],"curies":[{"name":"wp","href":"https:\/\/api.w.org\/{rel}","templated":true}]}}