{"id":6170,"date":"2024-10-03T16:33:28","date_gmt":"2024-10-03T16:33:28","guid":{"rendered":"https:\/\/megapets.eu\/nezaraden\u00e9\/10-l-startovacia-sada-na-chovexotickych-africkych-slimakov\/"},"modified":"2024-10-03T16:33:28","modified_gmt":"2024-10-03T16:33:28","slug":"10-l-startovacia-sada-na-chovexotickych-africkych-slimakov","status":"publish","type":"product","link":"https:\/\/megapets.eu\/sk\/prislusenstvo\/10-l-startovacia-sada-na-chovexotickych-africkych-slimakov\/","title":{"rendered":"10 l \u0161tartovacia sada na chov<br \/>exotick\u00fdch \/ africk\u00fdch slim\u00e1kov"},"content":{"rendered":"<p><span style=\"color: #424242;\"><em><strong>S\u00faprava &#8222;10 l \u0161tartovacia sada na chov exotick\u00fdch\/africk\u00fdch slim\u00e1kov&#8220; obsahuje:<\/strong><\/em><\/span><\/p>\n<ul>\n<li><em><span style=\"color: #e87020; font-size: 17px;\"><strong>1 ks x plastov\u00e1 n\u00e1doba s vetrac\u00edmi otvormi na chov exotick\u00fdch slim\u00e1kov. <\/strong><\/span><\/em><\/li>\n<\/ul>\n<p><strong><span style=\"color: #424242; font-size: 15px;\"><em>N\u00e1doba s vekom s objemom 10 l. Vn\u00fatorn\u00e9 vetracie otvory n\u00e1doby s\u00fa hladk\u00e9, bez ostr\u00fdch hr\u00e1n.<\/em><\/span><\/strong><\/p>\n<p><strong><span style=\"color: #424242; font-size: 15px;\"><em>Rozmery: 25,5 cm x 38,5 cm x V 13,5 cm. Plastov\u00e1 n\u00e1doba od spolo\u010dnosti Plast Team.<\/em><\/span><\/strong><\/p>\n<ul>\n<li><em><span style=\"font-size: 17px;\"><strong><span style=\"color: #e87020;\">2 ks x kokosov\u00fd substr\u00e1t 1,5 l\/1 balenie. <\/span><\/strong><\/span><\/em><\/li>\n<\/ul>\n<p><span style=\"font-size: 15px; color: #424242;\"><strong><em>Kokosov\u00fd substr\u00e1t je pr\u00edrodn\u00fd substr\u00e1t vyroben\u00fd z drven\u00fdch kokosov\u00fdch vl\u00e1kien. Najodpor\u00fa\u010danej\u0161\u00ed substr\u00e1t na chov exotick\u00fdch slim\u00e1kov.<\/em><\/strong><\/span><\/p>\n<ul>\n<li><em><span style=\"font-size: 17px;\"><strong><span style=\"color: #e87020;\">1 balenie &#8222;Kalcium&#8220; 80g. <\/span><\/strong><\/span><\/em><\/li>\n<\/ul>\n<p><strong><span style=\"font-size: 15px; color: #424242;\"><em>Denn\u00e1 strava slim\u00e1ka mus\u00ed obsahova\u0165 z\u00e1kladn\u00fd stavebn\u00fd prvok pre kr\u00e1snu a zdrav\u00fa ulitu. Balenie &#8222;Calcium&#8220; obsahuje 100% pr\u00e1\u0161ok z vaje\u010dnej \u0161krupiny.<\/em><\/span><\/strong><\/p>\n<ul>\n<li><em><span style=\"font-size: 17px;\"><strong><span style=\"color: #e87020;\">1 x balenie &#8222;Prote\u00edn a vitam\u00edn&#8220; 50g.<\/span><\/strong><\/span><\/em><\/li>\n<\/ul>\n<p><span style=\"color: #424242; font-size: 15px;\"><strong><em>Balenie &#8222;Prote\u00edn a vitam\u00edn&#8220; obsahuje zmes obiln\u00edn, ktor\u00e1 je pln\u00e1 cenn\u00fdch \u017eiv\u00edn pre zdrav\u00fd v\u00fdvoj v\u00e1\u0161ho dom\u00e1ceho mazn\u00e1\u010dika a je prospe\u0161n\u00fdm doplnkom k z\u00e1kladnej strave slim\u00e1kov.<\/em><\/strong><\/span><\/p>\n<ul>\n<li><em><span style=\"font-size: 17px;\"><strong><span style=\"color: #e87020;\">1 ks x balenie &#8222;Exotick\u00e1 bylinn\u00e1 zmes&#8220; 40g.<\/span><\/strong><\/span><\/em><\/li>\n<\/ul>\n<p><strong><span style=\"color: #424242; font-size: 15px;\"><em>Balenie &#8222;Exotick\u00e1 bylinn\u00e1 zmes&#8220; obsahuje starostlivo vybran\u00e9 bylinky, cenn\u00fd a pr\u00edrodn\u00fd doplnok, ktor\u00fd pom\u00e1ha obohati\u0165 stravu exotick\u00fdch slim\u00e1kov na z\u00e1klade ich po\u017eiadaviek na vitam\u00edny a miner\u00e1ly, zlo\u017eky nevyhnutn\u00e9 pre zdravie dom\u00e1cich zvierat.<\/em><\/span><\/strong><\/p>\n<ul>\n<li><em><span style=\"font-size: 17px;\"><strong><span style=\"color: #e87020;\">1 ks x n\u00e1vod na chov.<\/span><\/strong><\/span><\/em><\/li>\n<\/ul>\n<p><strong><span style=\"font-size: 15px; color: #424242;\"><em>Upozornenie: pri chove pou\u017e\u00edvame \u0161peci\u00e1lne na mieru vyroben\u00e9 zariadenie na kvalitn\u00e9 a hladk\u00e9 dierovanie n\u00e1dob. Ak u\u017e m\u00e1te plastov\u00fa n\u00e1dobu a sna\u017e\u00edte sa prieduchy prerazi\u0165 sami, odstr\u00e1\u0148te ostr\u00e9 hrany a otvory dobre vybr\u00faste. Ml\u00e1\u010fat\u00e1 maj\u00fa jemn\u00fd rast nov\u00e9ho panciera, ktor\u00fd sa im m\u00f4\u017ee zachyti\u0165 pri prech\u00e1dzan\u00ed po ostr\u00fdch hran\u00e1ch zle uroben\u00fdch otvorov. To m\u00f4\u017ee ma\u0165 za n\u00e1sledok zjazvenie ulity slim\u00e1ka a stratu estetick\u00e9ho, zdrav\u00e9ho vzh\u013eadu.<\/em><\/span><\/strong><\/p>\n<p><strong><span style=\"font-size: 15px; color: #424242;\"><em>Pozn\u00e1mka: n\u00e1doby od mnoh\u00fdch firiem NIE s\u00fa vhodn\u00e9 na chov slim\u00e1kov kv\u00f4li vn\u00fatornej kon\u0161trukcii a sp\u00f4sobu zaklapnutia veka. N\u00e1doby odpor\u00fa\u010dame od spolo\u010dnosti Plast Team.<\/em><\/span><\/strong><\/p>\n","protected":false},"excerpt":{"rendered":"<ul class=\"product_attributes\">\n<li><span style=\"color: #555555;\"><strong>Dobre zvolen\u00e9 z\u00e1kladn\u00e9 pr\u00edslu\u0161enstvo<\/strong><\/span><\/li>\n<li><span style=\"color: #555555;\"><strong>Le\u0161ten\u00e9 vetracie otvory<\/strong><\/span><\/li>\n<li><span style=\"color: #555555;\"><strong>Spr\u00e1vna cirkul\u00e1cia vzduchu<\/strong><\/span><\/li>\n<\/ul>\n","protected":false},"featured_media":6175,"template":"","meta":{"_acf_changed":false,"_links_to":"","_links_to_target":""},"product_cat":[146],"product_tag":[147],"class_list":{"0":"post-6170","1":"product","2":"type-product","3":"status-publish","4":"has-post-thumbnail","6":"product_cat-prislusenstvo","7":"product_tag-pre-slimaky","9":"first","10":"instock","11":"shipping-taxable","12":"purchasable","13":"product-type-simple"},"acf":[],"yoast_head":"<!-- This site is optimized with the Yoast SEO plugin v24.9 - https:\/\/yoast.com\/wordpress\/plugins\/seo\/ -->\n<title>10 l \u0161tartovacia sada na chovexotick\u00fdch \/ africk\u00fdch slim\u00e1kov | MegaPets<\/title>\n<meta name=\"robots\" content=\"index, follow, max-snippet:-1, max-image-preview:large, max-video-preview:-1\" \/>\n<link rel=\"canonical\" href=\"https:\/\/megapets.eu\/sk\/prislusenstvo\/10-l-startovacia-sada-na-chovexotickych-africkych-slimakov\/\" \/>\n<meta property=\"og:locale\" content=\"sk_SK\" \/>\n<meta property=\"og:type\" content=\"article\" \/>\n<meta property=\"og:title\" content=\"10 l \u0161tartovacia sada na chovexotick\u00fdch \/ africk\u00fdch slim\u00e1kov | MegaPets\" \/>\n<meta property=\"og:description\" content=\"Dobre zvolen\u00e9 z\u00e1kladn\u00e9 pr\u00edslu\u0161enstvo  Le\u0161ten\u00e9 vetracie otvory  Spr\u00e1vna cirkul\u00e1cia vzduchu\" \/>\n<meta property=\"og:url\" content=\"https:\/\/megapets.eu\/sk\/prislusenstvo\/10-l-startovacia-sada-na-chovexotickych-africkych-slimakov\/\" \/>\n<meta property=\"og:site_name\" content=\"MegaPets\" \/>\n<meta property=\"article:publisher\" content=\"https:\/\/www.facebook.com\/MegaPets.eu\/\" \/>\n<meta property=\"og:image\" content=\"https:\/\/megapets.eu\/wp-content\/uploads\/2024\/10\/IMG_2716-e1728382457724.jpg\" \/>\n\t<meta property=\"og:image:width\" content=\"1908\" \/>\n\t<meta property=\"og:image:height\" content=\"1314\" \/>\n\t<meta property=\"og:image:type\" content=\"image\/jpeg\" \/>\n<meta name=\"twitter:card\" content=\"summary_large_image\" \/>\n<meta name=\"twitter:label1\" content=\"Predpokladan\u00fd \u010das \u010d\u00edtania\" \/>\n\t<meta name=\"twitter:data1\" content=\"2 min\u00fata\" \/>\n<script type=\"application\/ld+json\" class=\"yoast-schema-graph\">{\"@context\":\"https:\/\/schema.org\",\"@graph\":[{\"@type\":\"WebPage\",\"@id\":\"https:\/\/megapets.eu\/sk\/prislusenstvo\/10-l-startovacia-sada-na-chovexotickych-africkych-slimakov\/\",\"url\":\"https:\/\/megapets.eu\/sk\/prislusenstvo\/10-l-startovacia-sada-na-chovexotickych-africkych-slimakov\/\",\"name\":\"10 l \u0161tartovacia sada na chov exotick\u00fdch \/ africk\u00fdch slim\u00e1kov | MegaPets\",\"isPartOf\":{\"@id\":\"https:\/\/megapets.eu\/sk\/#website\"},\"primaryImageOfPage\":{\"@id\":\"https:\/\/megapets.eu\/sk\/prislusenstvo\/10-l-startovacia-sada-na-chovexotickych-africkych-slimakov\/#primaryimage\"},\"image\":{\"@id\":\"https:\/\/megapets.eu\/sk\/prislusenstvo\/10-l-startovacia-sada-na-chovexotickych-africkych-slimakov\/#primaryimage\"},\"thumbnailUrl\":\"https:\/\/megapets.eu\/wp-content\/uploads\/2024\/10\/IMG_2716-e1728382457724.jpg\",\"datePublished\":\"2024-10-03T16:33:28+00:00\",\"breadcrumb\":{\"@id\":\"https:\/\/megapets.eu\/sk\/prislusenstvo\/10-l-startovacia-sada-na-chovexotickych-africkych-slimakov\/#breadcrumb\"},\"inLanguage\":\"sk-SK\",\"potentialAction\":[{\"@type\":\"ReadAction\",\"target\":[\"https:\/\/megapets.eu\/sk\/prislusenstvo\/10-l-startovacia-sada-na-chovexotickych-africkych-slimakov\/\"]}]},{\"@type\":\"ImageObject\",\"inLanguage\":\"sk-SK\",\"@id\":\"https:\/\/megapets.eu\/sk\/prislusenstvo\/10-l-startovacia-sada-na-chovexotickych-africkych-slimakov\/#primaryimage\",\"url\":\"https:\/\/megapets.eu\/wp-content\/uploads\/2024\/10\/IMG_2716-e1728382457724.jpg\",\"contentUrl\":\"https:\/\/megapets.eu\/wp-content\/uploads\/2024\/10\/IMG_2716-e1728382457724.jpg\",\"width\":1908,\"height\":1314},{\"@type\":\"BreadcrumbList\",\"@id\":\"https:\/\/megapets.eu\/sk\/prislusenstvo\/10-l-startovacia-sada-na-chovexotickych-africkych-slimakov\/#breadcrumb\",\"itemListElement\":[{\"@type\":\"ListItem\",\"position\":1,\"name\":\"Strona g\u0142\u00f3wna\",\"item\":\"https:\/\/megapets.eu\/sk\/\"},{\"@type\":\"ListItem\",\"position\":2,\"name\":\"Obchod\",\"item\":\"https:\/\/megapets.eu\/obchod\/\"},{\"@type\":\"ListItem\",\"position\":3,\"name\":\"10 l \u0161tartovacia sada na chovexotick\u00fdch \/ africk\u00fdch slim\u00e1kov\"}]},{\"@type\":\"WebSite\",\"@id\":\"https:\/\/megapets.eu\/sk\/#website\",\"url\":\"https:\/\/megapets.eu\/sk\/\",\"name\":\"Mega Pets\",\"description\":\"Jedna z najwi\u0119kszych hodowli \u015blimak\u00f3w w Europie\",\"publisher\":{\"@id\":\"https:\/\/megapets.eu\/sk\/#organization\"},\"alternateName\":\"Mega Pets\",\"potentialAction\":[{\"@type\":\"SearchAction\",\"target\":{\"@type\":\"EntryPoint\",\"urlTemplate\":\"https:\/\/megapets.eu\/sk\/?s={search_term_string}\"},\"query-input\":{\"@type\":\"PropertyValueSpecification\",\"valueRequired\":true,\"valueName\":\"search_term_string\"}}],\"inLanguage\":\"sk-SK\"},{\"@type\":\"Organization\",\"@id\":\"https:\/\/megapets.eu\/sk\/#organization\",\"name\":\"Mega Pets\",\"url\":\"https:\/\/megapets.eu\/sk\/\",\"logo\":{\"@type\":\"ImageObject\",\"inLanguage\":\"sk-SK\",\"@id\":\"https:\/\/megapets.eu\/sk\/#\/schema\/logo\/image\/\",\"url\":\"https:\/\/megapets.eu\/wp-content\/uploads\/2025\/04\/megapets_eu-logo.png\",\"contentUrl\":\"https:\/\/megapets.eu\/wp-content\/uploads\/2025\/04\/megapets_eu-logo.png\",\"width\":2362,\"height\":2362,\"caption\":\"Mega Pets\"},\"image\":{\"@id\":\"https:\/\/megapets.eu\/sk\/#\/schema\/logo\/image\/\"},\"sameAs\":[\"https:\/\/www.facebook.com\/MegaPets.eu\/\"]}]}<\/script>\n<!-- \/ Yoast SEO plugin. -->","yoast_head_json":{"title":"10 l \u0161tartovacia sada na chovexotick\u00fdch \/ africk\u00fdch slim\u00e1kov | MegaPets","robots":{"index":"index","follow":"follow","max-snippet":"max-snippet:-1","max-image-preview":"max-image-preview:large","max-video-preview":"max-video-preview:-1"},"canonical":"https:\/\/megapets.eu\/sk\/prislusenstvo\/10-l-startovacia-sada-na-chovexotickych-africkych-slimakov\/","og_locale":"sk_SK","og_type":"article","og_title":"10 l \u0161tartovacia sada na chovexotick\u00fdch \/ africk\u00fdch slim\u00e1kov | MegaPets","og_description":"Dobre zvolen\u00e9 z\u00e1kladn\u00e9 pr\u00edslu\u0161enstvo  Le\u0161ten\u00e9 vetracie otvory  Spr\u00e1vna cirkul\u00e1cia vzduchu","og_url":"https:\/\/megapets.eu\/sk\/prislusenstvo\/10-l-startovacia-sada-na-chovexotickych-africkych-slimakov\/","og_site_name":"MegaPets","article_publisher":"https:\/\/www.facebook.com\/MegaPets.eu\/","og_image":[{"width":1908,"height":1314,"url":"https:\/\/megapets.eu\/wp-content\/uploads\/2024\/10\/IMG_2716-e1728382457724.jpg","type":"image\/jpeg"}],"twitter_card":"summary_large_image","twitter_misc":{"Predpokladan\u00fd \u010das \u010d\u00edtania":"2 min\u00fata"},"schema":{"@context":"https:\/\/schema.org","@graph":[{"@type":"WebPage","@id":"https:\/\/megapets.eu\/sk\/prislusenstvo\/10-l-startovacia-sada-na-chovexotickych-africkych-slimakov\/","url":"https:\/\/megapets.eu\/sk\/prislusenstvo\/10-l-startovacia-sada-na-chovexotickych-africkych-slimakov\/","name":"10 l \u0161tartovacia sada na chov exotick\u00fdch \/ africk\u00fdch slim\u00e1kov | MegaPets","isPartOf":{"@id":"https:\/\/megapets.eu\/sk\/#website"},"primaryImageOfPage":{"@id":"https:\/\/megapets.eu\/sk\/prislusenstvo\/10-l-startovacia-sada-na-chovexotickych-africkych-slimakov\/#primaryimage"},"image":{"@id":"https:\/\/megapets.eu\/sk\/prislusenstvo\/10-l-startovacia-sada-na-chovexotickych-africkych-slimakov\/#primaryimage"},"thumbnailUrl":"https:\/\/megapets.eu\/wp-content\/uploads\/2024\/10\/IMG_2716-e1728382457724.jpg","datePublished":"2024-10-03T16:33:28+00:00","breadcrumb":{"@id":"https:\/\/megapets.eu\/sk\/prislusenstvo\/10-l-startovacia-sada-na-chovexotickych-africkych-slimakov\/#breadcrumb"},"inLanguage":"sk-SK","potentialAction":[{"@type":"ReadAction","target":["https:\/\/megapets.eu\/sk\/prislusenstvo\/10-l-startovacia-sada-na-chovexotickych-africkych-slimakov\/"]}]},{"@type":"ImageObject","inLanguage":"sk-SK","@id":"https:\/\/megapets.eu\/sk\/prislusenstvo\/10-l-startovacia-sada-na-chovexotickych-africkych-slimakov\/#primaryimage","url":"https:\/\/megapets.eu\/wp-content\/uploads\/2024\/10\/IMG_2716-e1728382457724.jpg","contentUrl":"https:\/\/megapets.eu\/wp-content\/uploads\/2024\/10\/IMG_2716-e1728382457724.jpg","width":1908,"height":1314},{"@type":"BreadcrumbList","@id":"https:\/\/megapets.eu\/sk\/prislusenstvo\/10-l-startovacia-sada-na-chovexotickych-africkych-slimakov\/#breadcrumb","itemListElement":[{"@type":"ListItem","position":1,"name":"Strona g\u0142\u00f3wna","item":"https:\/\/megapets.eu\/sk\/"},{"@type":"ListItem","position":2,"name":"Obchod","item":"https:\/\/megapets.eu\/obchod\/"},{"@type":"ListItem","position":3,"name":"10 l \u0161tartovacia sada na chovexotick\u00fdch \/ africk\u00fdch slim\u00e1kov"}]},{"@type":"WebSite","@id":"https:\/\/megapets.eu\/sk\/#website","url":"https:\/\/megapets.eu\/sk\/","name":"Mega Pets","description":"Jedna z najwi\u0119kszych hodowli \u015blimak\u00f3w w Europie","publisher":{"@id":"https:\/\/megapets.eu\/sk\/#organization"},"alternateName":"Mega Pets","potentialAction":[{"@type":"SearchAction","target":{"@type":"EntryPoint","urlTemplate":"https:\/\/megapets.eu\/sk\/?s={search_term_string}"},"query-input":{"@type":"PropertyValueSpecification","valueRequired":true,"valueName":"search_term_string"}}],"inLanguage":"sk-SK"},{"@type":"Organization","@id":"https:\/\/megapets.eu\/sk\/#organization","name":"Mega Pets","url":"https:\/\/megapets.eu\/sk\/","logo":{"@type":"ImageObject","inLanguage":"sk-SK","@id":"https:\/\/megapets.eu\/sk\/#\/schema\/logo\/image\/","url":"https:\/\/megapets.eu\/wp-content\/uploads\/2025\/04\/megapets_eu-logo.png","contentUrl":"https:\/\/megapets.eu\/wp-content\/uploads\/2025\/04\/megapets_eu-logo.png","width":2362,"height":2362,"caption":"Mega Pets"},"image":{"@id":"https:\/\/megapets.eu\/sk\/#\/schema\/logo\/image\/"},"sameAs":["https:\/\/www.facebook.com\/MegaPets.eu\/"]}]}},"_links":{"self":[{"href":"https:\/\/megapets.eu\/sk\/wp-json\/wp\/v2\/product\/6170","targetHints":{"allow":["GET"]}}],"collection":[{"href":"https:\/\/megapets.eu\/sk\/wp-json\/wp\/v2\/product"}],"about":[{"href":"https:\/\/megapets.eu\/sk\/wp-json\/wp\/v2\/types\/product"}],"wp:featuredmedia":[{"embeddable":true,"href":"https:\/\/megapets.eu\/sk\/wp-json\/wp\/v2\/media\/6175"}],"wp:attachment":[{"href":"https:\/\/megapets.eu\/sk\/wp-json\/wp\/v2\/media?parent=6170"}],"wp:term":[{"taxonomy":"product_cat","embeddable":true,"href":"https:\/\/megapets.eu\/sk\/wp-json\/wp\/v2\/product_cat?post=6170"},{"taxonomy":"product_tag","embeddable":true,"href":"https:\/\/megapets.eu\/sk\/wp-json\/wp\/v2\/product_tag?post=6170"}],"curies":[{"name":"wp","href":"https:\/\/api.w.org\/{rel}","templated":true}]}}