{"id":6251,"date":"2024-10-03T20:08:43","date_gmt":"2024-10-03T20:08:43","guid":{"rendered":"https:\/\/megapets.eu\/nezaraden\u00e9\/startovacia-sada-na-chovzmiji-krokodilov-izopodov\/"},"modified":"2024-10-03T20:08:43","modified_gmt":"2024-10-03T20:08:43","slug":"startovacia-sada-na-chovzmiji-krokodilov-izopodov","status":"publish","type":"product","link":"https:\/\/megapets.eu\/sk\/prislusenstvo\/startovacia-sada-na-chovzmiji-krokodilov-izopodov\/","title":{"rendered":"\u0160tartovacia sada na chov<br \/>zmij\u00ed, krokod\u00edlov, izopodov"},"content":{"rendered":"<p><em><span style=\"color: #424242;\"><strong>S\u00faprava &#8222;\u0160tartovacia s\u00faprava na chov zmij\u00ed, krokod\u00edlov a izop\u00f3dov&#8220; obsahuje:<\/strong><\/span><\/em><\/p>\n<ul>\n<li><span style=\"color: #e87020; font-size: 17px;\"><em><strong><\/strong><\/em><\/span><\/li>\n<\/ul>\n<p><em><span style=\"color: #424242; font-size: 15px;\"><strong>Lesn\u00fd substr\u00e1t je ide\u00e1lny na chov krokod\u00edlov, zmij\u00ed, izop\u00f3dov, prozimov, kulanidov, exotick\u00fdch \u0161v\u00e1bov.<\/strong><\/span><\/em><\/p>\n<p><em><span style=\"color: #424242; font-size: 15px;\"><strong>Substr\u00e1t je vlhk\u00fd, v\u017edy \u010derstvo pripraven\u00fd, preto sa odpor\u00fa\u010da na okam\u017eit\u00e9 pou\u017eitie. <\/strong><\/span><\/em><\/p>\n<p><em><span style=\"color: #424242; font-size: 15px;\"><strong>Zlo\u017eenie substr\u00e1tu (tepelne spracovan\u00e9 zlo\u017eky): su\u0161en\u00e9 dubov\u00e9 listy; brezov\u00e9 listy; rozpadnut\u00e9 dubov\u00e9 a bukov\u00e9 drevo; dubov\u00e9 a bukov\u00e9 kocky; neutr\u00e1lna ra\u0161elina; kokosov\u00fd substr\u00e1t; ra\u0161elinov\u00fd mach Sphagnum.<\/strong><\/span><\/em><\/p>\n<ul>\n<li><span style=\"color: #e87020; font-size: 17px;\"><em><strong>1 ks x Su\u0161en\u00e9 brezov\u00e9 a dubov\u00e9 l\u00edstie 500 ml.<\/strong><\/em><\/span><\/li>\n<\/ul>\n<p><em><span style=\"color: #424242; font-size: 15px;\"><strong>Tepelne spracovan\u00e9.<\/strong><\/span><\/em><\/p>\n<ul>\n<li><span style=\"color: #e87020; font-size: 17px;\"><em><strong>1 ks x Gammarus mlet\u00fd 25 g.<\/strong><\/em><\/span><\/li>\n<\/ul>\n<p><em><span style=\"color: #424242; font-size: 15px;\"><strong>Gammarus mlet\u00fd je su\u0161en\u00fd z\u00e1rodok, bohat\u00fd na makro- a mikroprvky, pr\u00edrodn\u00fd zdroj \u017eivo\u010d\u00ed\u0161nych bielkov\u00edn a chit\u00ednu. Gammarus je ide\u00e1lny na chov exotick\u00fdch slim\u00e1kov, \u010dervov, krokod\u00edlov, exotick\u00fdch \u0161v\u00e1bov a in\u00fdch ter\u00e1riov\u00fdch zvierat.<\/strong><\/span><\/em><\/p>\n<ul>\n<li><span style=\"color: #e87020; font-size: 17px;\"><em><strong>1 ks x Sepia kusy 250 ml.<\/strong><\/em><\/span><\/li>\n<\/ul>\n<p><em><span style=\"color: #424242; font-size: 15px;\"><strong>100% pr\u00edrodn\u00e1 s\u00e9piov\u00e1 kos\u0165, zdroj v\u00e1pnika pre terarijn\u00e9 zvierat\u00e1.<\/strong><\/span><\/em><\/p>\n<ul>\n<li><span style=\"font-size: 17px; color: #e87020;\"><em><strong>1 ks x su\u0161en\u00fd ra\u0161elinov\u00fd mach Sphagnum 500 ml.<\/strong><\/em><\/span><\/li>\n<\/ul>\n<p><em><span style=\"color: #424242; font-size: 15px;\"><strong>Tepelne spracovan\u00e9<\/strong><\/span><\/em><\/p>\n<ul>\n<li><span style=\"font-size: 17px; color: #e87020;\"><em><strong>1-2 ks x Dekora\u010dn\u00e9 ozdoby.<\/strong><\/em><\/span><\/li>\n<\/ul>\n<p><em><span style=\"color: #424242; font-size: 15px;\"><strong>Vzh\u013ead ozdoby sa vyber\u00e1 n\u00e1hodne.<\/strong><\/span><\/em><\/p>\n<ul>\n<li><em><strong><span style=\"font-size: 17px;\"><span style=\"color: #e87020;\">1 ks x n\u00e1vod na chov.<\/span><\/span><\/strong><\/em><\/li>\n<\/ul>\n","protected":false},"excerpt":{"rendered":"<ul class=\"product_attributes\">\n<li><span style=\"color: #000000;\"><strong>Dobre zvolen\u00e9 z\u00e1kladn\u00e9 pr\u00edslu\u0161enstvo<\/strong><\/span><\/li>\n<li><span style=\"color: #000000;\"><strong>Lesn\u00fd substr\u00e1t, su\u0161en\u00e9 listy, mach Sphagnum,<\/strong><\/span><\/li>\n<li><span style=\"color: #000000;\"><strong>Gammarus, s\u00e9piov\u00e1 kos\u0165, ozdoby<\/strong><\/span><\/li>\n<\/ul>\n","protected":false},"featured_media":6218,"template":"","meta":{"_acf_changed":false,"_links_to":"","_links_to_target":""},"product_cat":[146],"product_tag":[149,150,148],"class_list":{"0":"post-6251","1":"product","2":"type-product","3":"status-publish","4":"has-post-thumbnail","6":"product_cat-prislusenstvo","7":"product_tag-pre-izopody","8":"product_tag-pre-svaby","9":"product_tag-pre-uskoky","11":"first","12":"instock","13":"shipping-taxable","14":"purchasable","15":"product-type-simple"},"acf":[],"yoast_head":"<!-- This site is optimized with the Yoast SEO plugin v24.9 - https:\/\/yoast.com\/wordpress\/plugins\/seo\/ -->\n<title>\u0160tartovacia sada na chovzmij\u00ed, krokod\u00edlov, izopodov | MegaPets<\/title>\n<meta name=\"robots\" content=\"index, follow, max-snippet:-1, max-image-preview:large, max-video-preview:-1\" \/>\n<link rel=\"canonical\" href=\"https:\/\/megapets.eu\/sk\/prislusenstvo\/startovacia-sada-na-chovzmiji-krokodilov-izopodov\/\" \/>\n<meta property=\"og:locale\" content=\"sk_SK\" \/>\n<meta property=\"og:type\" content=\"article\" \/>\n<meta property=\"og:title\" content=\"\u0160tartovacia sada na chovzmij\u00ed, krokod\u00edlov, izopodov | MegaPets\" \/>\n<meta property=\"og:description\" content=\"Dobre zvolen\u00e9 z\u00e1kladn\u00e9 pr\u00edslu\u0161enstvo  Lesn\u00fd substr\u00e1t, su\u0161en\u00e9 listy, mach Sphagnum,  Gammarus, s\u00e9piov\u00e1 kos\u0165, ozdoby\" \/>\n<meta property=\"og:url\" content=\"https:\/\/megapets.eu\/sk\/prislusenstvo\/startovacia-sada-na-chovzmiji-krokodilov-izopodov\/\" \/>\n<meta property=\"og:site_name\" content=\"MegaPets\" \/>\n<meta property=\"article:publisher\" content=\"https:\/\/www.facebook.com\/MegaPets.eu\/\" \/>\n<meta property=\"og:image\" content=\"https:\/\/megapets.eu\/wp-content\/uploads\/2024\/10\/2.jpg\" \/>\n\t<meta property=\"og:image:width\" content=\"1085\" \/>\n\t<meta property=\"og:image:height\" content=\"715\" \/>\n\t<meta property=\"og:image:type\" content=\"image\/jpeg\" \/>\n<meta name=\"twitter:card\" content=\"summary_large_image\" \/>\n<meta name=\"twitter:label1\" content=\"Predpokladan\u00fd \u010das \u010d\u00edtania\" \/>\n\t<meta name=\"twitter:data1\" content=\"1 min\u00fata\" \/>\n<script type=\"application\/ld+json\" class=\"yoast-schema-graph\">{\"@context\":\"https:\/\/schema.org\",\"@graph\":[{\"@type\":\"WebPage\",\"@id\":\"https:\/\/megapets.eu\/sk\/prislusenstvo\/startovacia-sada-na-chovzmiji-krokodilov-izopodov\/\",\"url\":\"https:\/\/megapets.eu\/sk\/prislusenstvo\/startovacia-sada-na-chovzmiji-krokodilov-izopodov\/\",\"name\":\"\u0160tartovacia sada na chov zmij\u00ed, krokod\u00edlov, izopodov | MegaPets\",\"isPartOf\":{\"@id\":\"https:\/\/megapets.eu\/sk\/#website\"},\"primaryImageOfPage\":{\"@id\":\"https:\/\/megapets.eu\/sk\/prislusenstvo\/startovacia-sada-na-chovzmiji-krokodilov-izopodov\/#primaryimage\"},\"image\":{\"@id\":\"https:\/\/megapets.eu\/sk\/prislusenstvo\/startovacia-sada-na-chovzmiji-krokodilov-izopodov\/#primaryimage\"},\"thumbnailUrl\":\"https:\/\/megapets.eu\/wp-content\/uploads\/2024\/10\/2.jpg\",\"datePublished\":\"2024-10-03T20:08:43+00:00\",\"breadcrumb\":{\"@id\":\"https:\/\/megapets.eu\/sk\/prislusenstvo\/startovacia-sada-na-chovzmiji-krokodilov-izopodov\/#breadcrumb\"},\"inLanguage\":\"sk-SK\",\"potentialAction\":[{\"@type\":\"ReadAction\",\"target\":[\"https:\/\/megapets.eu\/sk\/prislusenstvo\/startovacia-sada-na-chovzmiji-krokodilov-izopodov\/\"]}]},{\"@type\":\"ImageObject\",\"inLanguage\":\"sk-SK\",\"@id\":\"https:\/\/megapets.eu\/sk\/prislusenstvo\/startovacia-sada-na-chovzmiji-krokodilov-izopodov\/#primaryimage\",\"url\":\"https:\/\/megapets.eu\/wp-content\/uploads\/2024\/10\/2.jpg\",\"contentUrl\":\"https:\/\/megapets.eu\/wp-content\/uploads\/2024\/10\/2.jpg\",\"width\":1085,\"height\":715},{\"@type\":\"BreadcrumbList\",\"@id\":\"https:\/\/megapets.eu\/sk\/prislusenstvo\/startovacia-sada-na-chovzmiji-krokodilov-izopodov\/#breadcrumb\",\"itemListElement\":[{\"@type\":\"ListItem\",\"position\":1,\"name\":\"Strona g\u0142\u00f3wna\",\"item\":\"https:\/\/megapets.eu\/sk\/\"},{\"@type\":\"ListItem\",\"position\":2,\"name\":\"Obchod\",\"item\":\"https:\/\/megapets.eu\/obchod\/\"},{\"@type\":\"ListItem\",\"position\":3,\"name\":\"\u0160tartovacia sada na chovzmij\u00ed, krokod\u00edlov, izopodov\"}]},{\"@type\":\"WebSite\",\"@id\":\"https:\/\/megapets.eu\/sk\/#website\",\"url\":\"https:\/\/megapets.eu\/sk\/\",\"name\":\"Mega Pets\",\"description\":\"Jedna z najwi\u0119kszych hodowli \u015blimak\u00f3w w Europie\",\"publisher\":{\"@id\":\"https:\/\/megapets.eu\/sk\/#organization\"},\"alternateName\":\"Mega Pets\",\"potentialAction\":[{\"@type\":\"SearchAction\",\"target\":{\"@type\":\"EntryPoint\",\"urlTemplate\":\"https:\/\/megapets.eu\/sk\/?s={search_term_string}\"},\"query-input\":{\"@type\":\"PropertyValueSpecification\",\"valueRequired\":true,\"valueName\":\"search_term_string\"}}],\"inLanguage\":\"sk-SK\"},{\"@type\":\"Organization\",\"@id\":\"https:\/\/megapets.eu\/sk\/#organization\",\"name\":\"Mega Pets\",\"url\":\"https:\/\/megapets.eu\/sk\/\",\"logo\":{\"@type\":\"ImageObject\",\"inLanguage\":\"sk-SK\",\"@id\":\"https:\/\/megapets.eu\/sk\/#\/schema\/logo\/image\/\",\"url\":\"https:\/\/megapets.eu\/wp-content\/uploads\/2025\/04\/megapets_eu-logo.png\",\"contentUrl\":\"https:\/\/megapets.eu\/wp-content\/uploads\/2025\/04\/megapets_eu-logo.png\",\"width\":2362,\"height\":2362,\"caption\":\"Mega Pets\"},\"image\":{\"@id\":\"https:\/\/megapets.eu\/sk\/#\/schema\/logo\/image\/\"},\"sameAs\":[\"https:\/\/www.facebook.com\/MegaPets.eu\/\"]}]}<\/script>\n<!-- \/ Yoast SEO plugin. -->","yoast_head_json":{"title":"\u0160tartovacia sada na chovzmij\u00ed, krokod\u00edlov, izopodov | MegaPets","robots":{"index":"index","follow":"follow","max-snippet":"max-snippet:-1","max-image-preview":"max-image-preview:large","max-video-preview":"max-video-preview:-1"},"canonical":"https:\/\/megapets.eu\/sk\/prislusenstvo\/startovacia-sada-na-chovzmiji-krokodilov-izopodov\/","og_locale":"sk_SK","og_type":"article","og_title":"\u0160tartovacia sada na chovzmij\u00ed, krokod\u00edlov, izopodov | MegaPets","og_description":"Dobre zvolen\u00e9 z\u00e1kladn\u00e9 pr\u00edslu\u0161enstvo  Lesn\u00fd substr\u00e1t, su\u0161en\u00e9 listy, mach Sphagnum,  Gammarus, s\u00e9piov\u00e1 kos\u0165, ozdoby","og_url":"https:\/\/megapets.eu\/sk\/prislusenstvo\/startovacia-sada-na-chovzmiji-krokodilov-izopodov\/","og_site_name":"MegaPets","article_publisher":"https:\/\/www.facebook.com\/MegaPets.eu\/","og_image":[{"width":1085,"height":715,"url":"https:\/\/megapets.eu\/wp-content\/uploads\/2024\/10\/2.jpg","type":"image\/jpeg"}],"twitter_card":"summary_large_image","twitter_misc":{"Predpokladan\u00fd \u010das \u010d\u00edtania":"1 min\u00fata"},"schema":{"@context":"https:\/\/schema.org","@graph":[{"@type":"WebPage","@id":"https:\/\/megapets.eu\/sk\/prislusenstvo\/startovacia-sada-na-chovzmiji-krokodilov-izopodov\/","url":"https:\/\/megapets.eu\/sk\/prislusenstvo\/startovacia-sada-na-chovzmiji-krokodilov-izopodov\/","name":"\u0160tartovacia sada na chov zmij\u00ed, krokod\u00edlov, izopodov | MegaPets","isPartOf":{"@id":"https:\/\/megapets.eu\/sk\/#website"},"primaryImageOfPage":{"@id":"https:\/\/megapets.eu\/sk\/prislusenstvo\/startovacia-sada-na-chovzmiji-krokodilov-izopodov\/#primaryimage"},"image":{"@id":"https:\/\/megapets.eu\/sk\/prislusenstvo\/startovacia-sada-na-chovzmiji-krokodilov-izopodov\/#primaryimage"},"thumbnailUrl":"https:\/\/megapets.eu\/wp-content\/uploads\/2024\/10\/2.jpg","datePublished":"2024-10-03T20:08:43+00:00","breadcrumb":{"@id":"https:\/\/megapets.eu\/sk\/prislusenstvo\/startovacia-sada-na-chovzmiji-krokodilov-izopodov\/#breadcrumb"},"inLanguage":"sk-SK","potentialAction":[{"@type":"ReadAction","target":["https:\/\/megapets.eu\/sk\/prislusenstvo\/startovacia-sada-na-chovzmiji-krokodilov-izopodov\/"]}]},{"@type":"ImageObject","inLanguage":"sk-SK","@id":"https:\/\/megapets.eu\/sk\/prislusenstvo\/startovacia-sada-na-chovzmiji-krokodilov-izopodov\/#primaryimage","url":"https:\/\/megapets.eu\/wp-content\/uploads\/2024\/10\/2.jpg","contentUrl":"https:\/\/megapets.eu\/wp-content\/uploads\/2024\/10\/2.jpg","width":1085,"height":715},{"@type":"BreadcrumbList","@id":"https:\/\/megapets.eu\/sk\/prislusenstvo\/startovacia-sada-na-chovzmiji-krokodilov-izopodov\/#breadcrumb","itemListElement":[{"@type":"ListItem","position":1,"name":"Strona g\u0142\u00f3wna","item":"https:\/\/megapets.eu\/sk\/"},{"@type":"ListItem","position":2,"name":"Obchod","item":"https:\/\/megapets.eu\/obchod\/"},{"@type":"ListItem","position":3,"name":"\u0160tartovacia sada na chovzmij\u00ed, krokod\u00edlov, izopodov"}]},{"@type":"WebSite","@id":"https:\/\/megapets.eu\/sk\/#website","url":"https:\/\/megapets.eu\/sk\/","name":"Mega Pets","description":"Jedna z najwi\u0119kszych hodowli \u015blimak\u00f3w w Europie","publisher":{"@id":"https:\/\/megapets.eu\/sk\/#organization"},"alternateName":"Mega Pets","potentialAction":[{"@type":"SearchAction","target":{"@type":"EntryPoint","urlTemplate":"https:\/\/megapets.eu\/sk\/?s={search_term_string}"},"query-input":{"@type":"PropertyValueSpecification","valueRequired":true,"valueName":"search_term_string"}}],"inLanguage":"sk-SK"},{"@type":"Organization","@id":"https:\/\/megapets.eu\/sk\/#organization","name":"Mega Pets","url":"https:\/\/megapets.eu\/sk\/","logo":{"@type":"ImageObject","inLanguage":"sk-SK","@id":"https:\/\/megapets.eu\/sk\/#\/schema\/logo\/image\/","url":"https:\/\/megapets.eu\/wp-content\/uploads\/2025\/04\/megapets_eu-logo.png","contentUrl":"https:\/\/megapets.eu\/wp-content\/uploads\/2025\/04\/megapets_eu-logo.png","width":2362,"height":2362,"caption":"Mega Pets"},"image":{"@id":"https:\/\/megapets.eu\/sk\/#\/schema\/logo\/image\/"},"sameAs":["https:\/\/www.facebook.com\/MegaPets.eu\/"]}]}},"_links":{"self":[{"href":"https:\/\/megapets.eu\/sk\/wp-json\/wp\/v2\/product\/6251","targetHints":{"allow":["GET"]}}],"collection":[{"href":"https:\/\/megapets.eu\/sk\/wp-json\/wp\/v2\/product"}],"about":[{"href":"https:\/\/megapets.eu\/sk\/wp-json\/wp\/v2\/types\/product"}],"wp:featuredmedia":[{"embeddable":true,"href":"https:\/\/megapets.eu\/sk\/wp-json\/wp\/v2\/media\/6218"}],"wp:attachment":[{"href":"https:\/\/megapets.eu\/sk\/wp-json\/wp\/v2\/media?parent=6251"}],"wp:term":[{"taxonomy":"product_cat","embeddable":true,"href":"https:\/\/megapets.eu\/sk\/wp-json\/wp\/v2\/product_cat?post=6251"},{"taxonomy":"product_tag","embeddable":true,"href":"https:\/\/megapets.eu\/sk\/wp-json\/wp\/v2\/product_tag?post=6251"}],"curies":[{"name":"wp","href":"https:\/\/api.w.org\/{rel}","templated":true}]}}