{"id":6253,"date":"2024-10-04T06:48:33","date_gmt":"2024-10-04T06:48:33","guid":{"rendered":"https:\/\/megapets.eu\/nezaraden\u00e9\/sepia-sepiova-kost-sada-hrubych-kusov\/"},"modified":"2024-10-04T06:48:33","modified_gmt":"2024-10-04T06:48:33","slug":"sepia-sepiova-kost-sada-hrubych-kusov","status":"publish","type":"product","link":"https:\/\/megapets.eu\/sk\/prislusenstvo\/sepia-sepiova-kost-sada-hrubych-kusov\/","title":{"rendered":"S\u00e9pia \u2013 s\u00e9piov\u00e1 kos\u0165<br \/> &quot;Sada hrub\u00fdch kusov&quot;"},"content":{"rendered":"<p><strong><span style=\"color: #e87020; font-size: 15px;\"><em>S\u00e9pia &#8211; S\u00e9piov\u00e1 kos\u0165 &quot;Sada hrub\u00fdch k\u00faskov&quot;<\/em><\/span><\/strong><strong><span style=\"color: #e87020; font-size: 15px;\"><em> Jedno balenie obsahuje 5 ks hrub\u00fdch k\u00faskov s\u00e9pie s tvrd\u00fdm obalom pribli\u017ene 4-6 cm.<\/em><\/span><\/strong><strong><span style=\"color: #e87020; font-size: 15px;\"><em> Zlo\u017eenie: 100% pr\u00edrodn\u00e1 s\u00e9piov\u00e1 kos\u0165.<\/em><\/span><\/strong><strong><span style=\"color: #e87020; font-size: 15px;\"><em> Cena je za 1 balenie.<\/em><\/span><\/strong><em><span style=\"color: #424242;\"><strong><span style=\"font-size: 15px;\"> Hrub\u00e9 k\u00fasky s\u00e9pie s\u00fa 100% pr\u00edrodn\u00e1 s\u00e9piov\u00e1 kos\u0165, zdroj v\u00e1pnika pre exotick\u00e9 slim\u00e1ky, korytna\u010dky a in\u00e9 ter\u00e1riov\u00e9 \u017eivo\u010d\u00edchy. S\u00e9pia v kusoch s tvrdou pancierou rozdelen\u00e1 na polovice s ve\u013ekos\u0165ou pribli\u017ene 4-6 cm, po\u010det kusov d\u00e1va mo\u017enos\u0165 u\u0161etri\u0165 v porovnan\u00ed so s\u00e9piou v celku. <\/span><\/strong><\/span><\/em><em><span style=\"color: #424242;\"><strong><span style=\"font-size: 15px;\"> S\u00e9pia sa zvierat\u00e1m pod\u00e1va z m\u00e4kkej strany. S\u00e9piov\u00e1 kos\u0165 by sa mala vymeni\u0165 za \u010derstv\u00fa po tom, \u010do zviera zo\u0161krabe m\u00e4kk\u00fa \u010das\u0165 s\u00e9pie alebo pri prv\u00fdch pr\u00edznakoch znehodnotenia (vzh\u013ead \u0161kv\u0155n, ktor\u00e9 s\u00fa sp\u00f4soben\u00e9 vlhk\u00fdmi podmienkami ter\u00e1ria). <\/span><\/strong><\/span><\/em><em><span style=\"color: #424242;\"><strong><span style=\"font-size: 15px;\"> V\u017edy m\u00f4\u017eete diverzifikova\u0165 formu v\u00e1pnika, ktorou k\u0155mite svojho dom\u00e1ceho mazn\u00e1\u010dika, a navy\u0161e mu pon\u00faknu\u0165 \u201eCalcium\u201c \u2013 v\u00e1pnik pre slim\u00e1ky. <\/span><\/strong><\/span><\/em><em><span style=\"color: #424242;\"><strong><span style=\"font-size: 15px;\"> Na\u0161e odpor\u00fa\u010dan\u00e9 doplnky, ktor\u00e9 dok\u00e1\u017eu uspokoji\u0165 potreby cenn\u00fdch \u017eiv\u00edn aj t\u00fdch najn\u00e1ro\u010dnej\u0161\u00edch druhov: \u201eProte\u00edn a vitam\u00edn\u201c, Exotick\u00e1 bylinn\u00e1 zmes, mlet\u00fd gammarus. Odpor\u00fa\u010da sa pou\u017e\u00edva\u0165 doplnky striedavo, v\u010faka \u010domu zostane strava dom\u00e1ceho mazn\u00e1\u010dika pestr\u00e1 a kompletn\u00e1.<\/span><\/strong><\/span><\/em><\/p>\n","protected":false},"excerpt":{"rendered":"<ul class=\"product_attributes\">\n<li><span style=\"color: #555555;\">Zlo\u017eenie:<\/span> 100% pr\u00edrodn\u00e1 s\u00e9piov\u00e1 kos\u0165<\/li>\n<li><span style=\"color: #555555;\"> Po\u010det kusov v sade:<\/span> 5 ks<\/li>\n<li><span style=\"color: #555555;\"> Cena plat\u00ed pre:<\/span> 1 balenie<\/li>\n<\/ul>\n","protected":false},"featured_media":6255,"template":"","meta":{"_acf_changed":false,"_links_to":"","_links_to_target":""},"product_cat":[146],"product_tag":[149,147,150,148],"class_list":{"0":"post-6253","1":"product","2":"type-product","3":"status-publish","4":"has-post-thumbnail","6":"product_cat-prislusenstvo","7":"product_tag-pre-izopody","8":"product_tag-pre-slimaky","9":"product_tag-pre-svaby","10":"product_tag-pre-uskoky","12":"first","13":"instock","14":"shipping-taxable","15":"purchasable","16":"product-type-simple"},"acf":[],"yoast_head":"<!-- This site is optimized with the Yoast SEO plugin v24.9 - https:\/\/yoast.com\/wordpress\/plugins\/seo\/ -->\n<title>S\u00e9pia \u2013 s\u00e9piov\u00e1 kos\u0165 &quot;Sada hrub\u00fdch kusov&quot; | MegaPets<\/title>\n<meta name=\"robots\" content=\"index, follow, max-snippet:-1, max-image-preview:large, max-video-preview:-1\" \/>\n<link rel=\"canonical\" href=\"https:\/\/megapets.eu\/sk\/prislusenstvo\/sepia-sepiova-kost-sada-hrubych-kusov\/\" \/>\n<meta property=\"og:locale\" content=\"sk_SK\" \/>\n<meta property=\"og:type\" content=\"article\" \/>\n<meta property=\"og:title\" content=\"S\u00e9pia \u2013 s\u00e9piov\u00e1 kos\u0165 &quot;Sada hrub\u00fdch kusov&quot; | MegaPets\" \/>\n<meta property=\"og:description\" content=\"Zlo\u017eenie: 100% pr\u00edrodn\u00e1 s\u00e9piov\u00e1 kos\u0165 Po\u010det kusov v sade: 5 ks Cena plat\u00ed pre: 1 balenie\" \/>\n<meta property=\"og:url\" content=\"https:\/\/megapets.eu\/sk\/prislusenstvo\/sepia-sepiova-kost-sada-hrubych-kusov\/\" \/>\n<meta property=\"og:site_name\" content=\"MegaPets\" \/>\n<meta property=\"article:publisher\" content=\"https:\/\/www.facebook.com\/MegaPets.eu\/\" \/>\n<meta property=\"og:image\" content=\"https:\/\/megapets.eu\/wp-content\/uploads\/2024\/10\/2002.jpg\" \/>\n\t<meta property=\"og:image:width\" content=\"956\" \/>\n\t<meta property=\"og:image:height\" content=\"638\" \/>\n\t<meta property=\"og:image:type\" content=\"image\/jpeg\" \/>\n<meta name=\"twitter:card\" content=\"summary_large_image\" \/>\n<meta name=\"twitter:label1\" content=\"Predpokladan\u00fd \u010das \u010d\u00edtania\" \/>\n\t<meta name=\"twitter:data1\" content=\"1 min\u00fata\" \/>\n<script type=\"application\/ld+json\" class=\"yoast-schema-graph\">{\"@context\":\"https:\/\/schema.org\",\"@graph\":[{\"@type\":\"WebPage\",\"@id\":\"https:\/\/megapets.eu\/sk\/prislusenstvo\/sepia-sepiova-kost-sada-hrubych-kusov\/\",\"url\":\"https:\/\/megapets.eu\/sk\/prislusenstvo\/sepia-sepiova-kost-sada-hrubych-kusov\/\",\"name\":\"S\u00e9pia \u2013 s\u00e9piov\u00e1 kos\u0165 &quot;Sada hrub\u00fdch kusov&quot; | MegaPets\",\"isPartOf\":{\"@id\":\"https:\/\/megapets.eu\/sk\/#website\"},\"primaryImageOfPage\":{\"@id\":\"https:\/\/megapets.eu\/sk\/prislusenstvo\/sepia-sepiova-kost-sada-hrubych-kusov\/#primaryimage\"},\"image\":{\"@id\":\"https:\/\/megapets.eu\/sk\/prislusenstvo\/sepia-sepiova-kost-sada-hrubych-kusov\/#primaryimage\"},\"thumbnailUrl\":\"https:\/\/megapets.eu\/wp-content\/uploads\/2024\/10\/2002.jpg\",\"datePublished\":\"2024-10-04T06:48:33+00:00\",\"breadcrumb\":{\"@id\":\"https:\/\/megapets.eu\/sk\/prislusenstvo\/sepia-sepiova-kost-sada-hrubych-kusov\/#breadcrumb\"},\"inLanguage\":\"sk-SK\",\"potentialAction\":[{\"@type\":\"ReadAction\",\"target\":[\"https:\/\/megapets.eu\/sk\/prislusenstvo\/sepia-sepiova-kost-sada-hrubych-kusov\/\"]}]},{\"@type\":\"ImageObject\",\"inLanguage\":\"sk-SK\",\"@id\":\"https:\/\/megapets.eu\/sk\/prislusenstvo\/sepia-sepiova-kost-sada-hrubych-kusov\/#primaryimage\",\"url\":\"https:\/\/megapets.eu\/wp-content\/uploads\/2024\/10\/2002.jpg\",\"contentUrl\":\"https:\/\/megapets.eu\/wp-content\/uploads\/2024\/10\/2002.jpg\",\"width\":956,\"height\":638},{\"@type\":\"BreadcrumbList\",\"@id\":\"https:\/\/megapets.eu\/sk\/prislusenstvo\/sepia-sepiova-kost-sada-hrubych-kusov\/#breadcrumb\",\"itemListElement\":[{\"@type\":\"ListItem\",\"position\":1,\"name\":\"Strona g\u0142\u00f3wna\",\"item\":\"https:\/\/megapets.eu\/sk\/\"},{\"@type\":\"ListItem\",\"position\":2,\"name\":\"Obchod\",\"item\":\"https:\/\/megapets.eu\/obchod\/\"},{\"@type\":\"ListItem\",\"position\":3,\"name\":\"S\u00e9pia \u2013 s\u00e9piov\u00e1 kos\u0165 &quot;Sada hrub\u00fdch kusov&quot;\"}]},{\"@type\":\"WebSite\",\"@id\":\"https:\/\/megapets.eu\/sk\/#website\",\"url\":\"https:\/\/megapets.eu\/sk\/\",\"name\":\"Mega Pets\",\"description\":\"Jedna z najwi\u0119kszych hodowli \u015blimak\u00f3w w Europie\",\"publisher\":{\"@id\":\"https:\/\/megapets.eu\/sk\/#organization\"},\"alternateName\":\"Mega Pets\",\"potentialAction\":[{\"@type\":\"SearchAction\",\"target\":{\"@type\":\"EntryPoint\",\"urlTemplate\":\"https:\/\/megapets.eu\/sk\/?s={search_term_string}\"},\"query-input\":{\"@type\":\"PropertyValueSpecification\",\"valueRequired\":true,\"valueName\":\"search_term_string\"}}],\"inLanguage\":\"sk-SK\"},{\"@type\":\"Organization\",\"@id\":\"https:\/\/megapets.eu\/sk\/#organization\",\"name\":\"Mega Pets\",\"url\":\"https:\/\/megapets.eu\/sk\/\",\"logo\":{\"@type\":\"ImageObject\",\"inLanguage\":\"sk-SK\",\"@id\":\"https:\/\/megapets.eu\/sk\/#\/schema\/logo\/image\/\",\"url\":\"https:\/\/megapets.eu\/wp-content\/uploads\/2025\/04\/megapets_eu-logo.png\",\"contentUrl\":\"https:\/\/megapets.eu\/wp-content\/uploads\/2025\/04\/megapets_eu-logo.png\",\"width\":2362,\"height\":2362,\"caption\":\"Mega Pets\"},\"image\":{\"@id\":\"https:\/\/megapets.eu\/sk\/#\/schema\/logo\/image\/\"},\"sameAs\":[\"https:\/\/www.facebook.com\/MegaPets.eu\/\"]}]}<\/script>\n<!-- \/ Yoast SEO plugin. -->","yoast_head_json":{"title":"S\u00e9pia \u2013 s\u00e9piov\u00e1 kos\u0165 &quot;Sada hrub\u00fdch kusov&quot; | MegaPets","robots":{"index":"index","follow":"follow","max-snippet":"max-snippet:-1","max-image-preview":"max-image-preview:large","max-video-preview":"max-video-preview:-1"},"canonical":"https:\/\/megapets.eu\/sk\/prislusenstvo\/sepia-sepiova-kost-sada-hrubych-kusov\/","og_locale":"sk_SK","og_type":"article","og_title":"S\u00e9pia \u2013 s\u00e9piov\u00e1 kos\u0165 &quot;Sada hrub\u00fdch kusov&quot; | MegaPets","og_description":"Zlo\u017eenie: 100% pr\u00edrodn\u00e1 s\u00e9piov\u00e1 kos\u0165 Po\u010det kusov v sade: 5 ks Cena plat\u00ed pre: 1 balenie","og_url":"https:\/\/megapets.eu\/sk\/prislusenstvo\/sepia-sepiova-kost-sada-hrubych-kusov\/","og_site_name":"MegaPets","article_publisher":"https:\/\/www.facebook.com\/MegaPets.eu\/","og_image":[{"width":956,"height":638,"url":"https:\/\/megapets.eu\/wp-content\/uploads\/2024\/10\/2002.jpg","type":"image\/jpeg"}],"twitter_card":"summary_large_image","twitter_misc":{"Predpokladan\u00fd \u010das \u010d\u00edtania":"1 min\u00fata"},"schema":{"@context":"https:\/\/schema.org","@graph":[{"@type":"WebPage","@id":"https:\/\/megapets.eu\/sk\/prislusenstvo\/sepia-sepiova-kost-sada-hrubych-kusov\/","url":"https:\/\/megapets.eu\/sk\/prislusenstvo\/sepia-sepiova-kost-sada-hrubych-kusov\/","name":"S\u00e9pia \u2013 s\u00e9piov\u00e1 kos\u0165 &quot;Sada hrub\u00fdch kusov&quot; | MegaPets","isPartOf":{"@id":"https:\/\/megapets.eu\/sk\/#website"},"primaryImageOfPage":{"@id":"https:\/\/megapets.eu\/sk\/prislusenstvo\/sepia-sepiova-kost-sada-hrubych-kusov\/#primaryimage"},"image":{"@id":"https:\/\/megapets.eu\/sk\/prislusenstvo\/sepia-sepiova-kost-sada-hrubych-kusov\/#primaryimage"},"thumbnailUrl":"https:\/\/megapets.eu\/wp-content\/uploads\/2024\/10\/2002.jpg","datePublished":"2024-10-04T06:48:33+00:00","breadcrumb":{"@id":"https:\/\/megapets.eu\/sk\/prislusenstvo\/sepia-sepiova-kost-sada-hrubych-kusov\/#breadcrumb"},"inLanguage":"sk-SK","potentialAction":[{"@type":"ReadAction","target":["https:\/\/megapets.eu\/sk\/prislusenstvo\/sepia-sepiova-kost-sada-hrubych-kusov\/"]}]},{"@type":"ImageObject","inLanguage":"sk-SK","@id":"https:\/\/megapets.eu\/sk\/prislusenstvo\/sepia-sepiova-kost-sada-hrubych-kusov\/#primaryimage","url":"https:\/\/megapets.eu\/wp-content\/uploads\/2024\/10\/2002.jpg","contentUrl":"https:\/\/megapets.eu\/wp-content\/uploads\/2024\/10\/2002.jpg","width":956,"height":638},{"@type":"BreadcrumbList","@id":"https:\/\/megapets.eu\/sk\/prislusenstvo\/sepia-sepiova-kost-sada-hrubych-kusov\/#breadcrumb","itemListElement":[{"@type":"ListItem","position":1,"name":"Strona g\u0142\u00f3wna","item":"https:\/\/megapets.eu\/sk\/"},{"@type":"ListItem","position":2,"name":"Obchod","item":"https:\/\/megapets.eu\/obchod\/"},{"@type":"ListItem","position":3,"name":"S\u00e9pia \u2013 s\u00e9piov\u00e1 kos\u0165 &quot;Sada hrub\u00fdch kusov&quot;"}]},{"@type":"WebSite","@id":"https:\/\/megapets.eu\/sk\/#website","url":"https:\/\/megapets.eu\/sk\/","name":"Mega Pets","description":"Jedna z najwi\u0119kszych hodowli \u015blimak\u00f3w w Europie","publisher":{"@id":"https:\/\/megapets.eu\/sk\/#organization"},"alternateName":"Mega Pets","potentialAction":[{"@type":"SearchAction","target":{"@type":"EntryPoint","urlTemplate":"https:\/\/megapets.eu\/sk\/?s={search_term_string}"},"query-input":{"@type":"PropertyValueSpecification","valueRequired":true,"valueName":"search_term_string"}}],"inLanguage":"sk-SK"},{"@type":"Organization","@id":"https:\/\/megapets.eu\/sk\/#organization","name":"Mega Pets","url":"https:\/\/megapets.eu\/sk\/","logo":{"@type":"ImageObject","inLanguage":"sk-SK","@id":"https:\/\/megapets.eu\/sk\/#\/schema\/logo\/image\/","url":"https:\/\/megapets.eu\/wp-content\/uploads\/2025\/04\/megapets_eu-logo.png","contentUrl":"https:\/\/megapets.eu\/wp-content\/uploads\/2025\/04\/megapets_eu-logo.png","width":2362,"height":2362,"caption":"Mega Pets"},"image":{"@id":"https:\/\/megapets.eu\/sk\/#\/schema\/logo\/image\/"},"sameAs":["https:\/\/www.facebook.com\/MegaPets.eu\/"]}]}},"_links":{"self":[{"href":"https:\/\/megapets.eu\/sk\/wp-json\/wp\/v2\/product\/6253","targetHints":{"allow":["GET"]}}],"collection":[{"href":"https:\/\/megapets.eu\/sk\/wp-json\/wp\/v2\/product"}],"about":[{"href":"https:\/\/megapets.eu\/sk\/wp-json\/wp\/v2\/types\/product"}],"wp:featuredmedia":[{"embeddable":true,"href":"https:\/\/megapets.eu\/sk\/wp-json\/wp\/v2\/media\/6255"}],"wp:attachment":[{"href":"https:\/\/megapets.eu\/sk\/wp-json\/wp\/v2\/media?parent=6253"}],"wp:term":[{"taxonomy":"product_cat","embeddable":true,"href":"https:\/\/megapets.eu\/sk\/wp-json\/wp\/v2\/product_cat?post=6253"},{"taxonomy":"product_tag","embeddable":true,"href":"https:\/\/megapets.eu\/sk\/wp-json\/wp\/v2\/product_tag?post=6253"}],"curies":[{"name":"wp","href":"https:\/\/api.w.org\/{rel}","templated":true}]}}