{"id":6256,"date":"2024-10-04T07:01:14","date_gmt":"2024-10-04T07:01:14","guid":{"rendered":"https:\/\/megapets.eu\/nezaraden\u00e9\/sepia-sepiova-kostsada-5-ks\/"},"modified":"2024-10-04T07:01:14","modified_gmt":"2024-10-04T07:01:14","slug":"sepia-sepiova-kostsada-5-ks","status":"publish","type":"product","link":"https:\/\/megapets.eu\/sk\/prislusenstvo\/sepia-sepiova-kostsada-5-ks\/","title":{"rendered":"Sepia &#8211; s\u00e9piov\u00e1 kos\u0165<br \/>&#8222;Sada 5 ks&#8220;"},"content":{"rendered":"<p><strong><span style=\"color: #e87020; font-size: 15px;\"><em>S\u00e9pia &#8211; s\u00e9piov\u00e1 kos\u0165 &#8222;Set of 5&#8220;<\/em><\/span><\/strong><\/p>\n<p><strong><span style=\"color: #e87020; font-size: 15px;\"><em>Jedno balenie obsahuje 5 kusov s\u00e9pi\u00ed s d\u013a\u017ekou pribli\u017ene 10-12 cm.<\/em><\/span><\/strong><\/p>\n<p><strong><span style=\"color: #e87020; font-size: 15px;\"><em>Zlo\u017eenie: <\/em><\/span><\/strong><\/p>\n<p><strong><span style=\"color: #e87020; font-size: 15px;\"><em> Cena je za 1 balenie.<\/em><\/span><\/strong><\/p>\n<p><em><span style=\"color: #424242;\"><strong><span style=\"font-size: 15px;\">S\u00e9pia &#8211; s\u00e9piov\u00e1 kos\u0165 je pr\u00edrodn\u00fdm zdrojom v\u00e1pnika pre exotick\u00e9 slim\u00e1ky, korytna\u010dky a in\u00e9 terarijn\u00e9 zvierat\u00e1.<\/span><\/strong><\/span><\/em><\/p>\n<p><em><span style=\"color: #424242;\"><strong><span style=\"font-size: 15px;\">S\u00e9pia sa zvierat\u00e1m pod\u00e1va z m\u00e4kkej strany. S\u00e9piov\u00e9 kosti by sa mali vymeni\u0165 za \u010derstv\u00e9 po tom, ako zviera zo\u0161kriabe m\u00e4kk\u00fa \u010das\u0165 s\u00e9pie, alebo pri prv\u00fdch pr\u00edznakoch kazenia (v\u00fdskyt \u0161kv\u0155n, ktor\u00fd je sp\u00f4soben\u00fd vlhk\u00fdmi podmienkami v ter\u00e1riu).<\/span><\/strong><\/span><\/em><\/p>\n<p><em><span style=\"color: #424242;\"><strong><span style=\"font-size: 15px;\">Pod\u00e1van\u00e9 formy v\u00e1pnika m\u00f4\u017eete v\u017edy obmie\u0148a\u0165 a zviera\u0165u dodato\u010dne pon\u00faknu\u0165 &#8222;kalcium&#8220; &#8211; v\u00e1pnik pre slim\u00e1ky.<\/span><\/strong><\/span><\/em><\/p>\n<p><em><span style=\"color: #424242;\"><strong><span style=\"font-size: 15px;\">Doplnky, ktor\u00e9 odpor\u00fa\u010dame, dok\u00e1\u017eu uspokoji\u0165 potreby v oblasti cenn\u00fdch \u017eiv\u00edn aj t\u00fdch najn\u00e1ro\u010dnej\u0161\u00edch druhov: &#8222;Prote\u00edn a vitam\u00edn&#8220;, zmes exotick\u00fdch byl\u00edn, mlet\u00fd gamarus. Odpor\u00fa\u010dame tieto doplnky pou\u017e\u00edva\u0165 striedavo, aby strava v\u00e1\u0161ho dom\u00e1ceho mazn\u00e1\u010dika zostala pestr\u00e1 a kompletn\u00e1.<\/span><\/strong><\/span><\/em><\/p>\n","protected":false},"excerpt":{"rendered":"<ul class=\"product_attributes\">\n<li><span style=\"color: #555555;\">Zlo\u017eenie:<\/span><\/li>\n<li><span style=\"color: #555555;\"> Sada: 100% pr\u00edrodn\u00e1 s\u00e9piov\u00e1 kos\u0165<\/span> 5 s\u00e9piov\u00fdch kusov, cca 10-12 cm<\/li>\n<li><span style=\"color: #555555;\">Cena sa t\u00fdka:<\/span> Cena: 1 balenie.<\/li>\n<\/ul>\n","protected":false},"featured_media":6258,"template":"","meta":{"_acf_changed":false,"_links_to":"","_links_to_target":""},"product_cat":[146],"product_tag":[149,147,150,148],"class_list":{"0":"post-6256","1":"product","2":"type-product","3":"status-publish","4":"has-post-thumbnail","6":"product_cat-prislusenstvo","7":"product_tag-pre-izopody","8":"product_tag-pre-slimaky","9":"product_tag-pre-svaby","10":"product_tag-pre-uskoky","12":"first","13":"instock","14":"shipping-taxable","15":"purchasable","16":"product-type-simple"},"acf":[],"yoast_head":"<!-- This site is optimized with the Yoast SEO plugin v24.9 - https:\/\/yoast.com\/wordpress\/plugins\/seo\/ -->\n<title>Sepia - s\u00e9piov\u00e1 kos\u0165&quot;Sada 5 ks&quot; | MegaPets<\/title>\n<meta name=\"robots\" content=\"index, follow, max-snippet:-1, max-image-preview:large, max-video-preview:-1\" \/>\n<link rel=\"canonical\" href=\"https:\/\/megapets.eu\/sk\/prislusenstvo\/sepia-sepiova-kostsada-5-ks\/\" \/>\n<meta property=\"og:locale\" content=\"sk_SK\" \/>\n<meta property=\"og:type\" content=\"article\" \/>\n<meta property=\"og:title\" content=\"Sepia - s\u00e9piov\u00e1 kos\u0165&quot;Sada 5 ks&quot; | MegaPets\" \/>\n<meta property=\"og:description\" content=\"Zlo\u017eenie:  Sada: 100% pr\u00edrodn\u00e1 s\u00e9piov\u00e1 kos\u0165 5 s\u00e9piov\u00fdch kusov, cca 10-12 cm  Cena sa t\u00fdka: Cena: 1 balenie.\" \/>\n<meta property=\"og:url\" content=\"https:\/\/megapets.eu\/sk\/prislusenstvo\/sepia-sepiova-kostsada-5-ks\/\" \/>\n<meta property=\"og:site_name\" content=\"MegaPets\" \/>\n<meta property=\"article:publisher\" content=\"https:\/\/www.facebook.com\/MegaPets.eu\/\" \/>\n<meta property=\"og:image\" content=\"https:\/\/megapets.eu\/wp-content\/uploads\/2024\/10\/122.jpg\" \/>\n\t<meta property=\"og:image:width\" content=\"1029\" \/>\n\t<meta property=\"og:image:height\" content=\"691\" \/>\n\t<meta property=\"og:image:type\" content=\"image\/jpeg\" \/>\n<meta name=\"twitter:card\" content=\"summary_large_image\" \/>\n<meta name=\"twitter:label1\" content=\"Predpokladan\u00fd \u010das \u010d\u00edtania\" \/>\n\t<meta name=\"twitter:data1\" content=\"1 min\u00fata\" \/>\n<script type=\"application\/ld+json\" class=\"yoast-schema-graph\">{\"@context\":\"https:\/\/schema.org\",\"@graph\":[{\"@type\":\"WebPage\",\"@id\":\"https:\/\/megapets.eu\/sk\/prislusenstvo\/sepia-sepiova-kostsada-5-ks\/\",\"url\":\"https:\/\/megapets.eu\/sk\/prislusenstvo\/sepia-sepiova-kostsada-5-ks\/\",\"name\":\"Sepia - s\u00e9piov\u00e1 kos\u0165 \\\"Sada 5 ks\\\" | MegaPets\",\"isPartOf\":{\"@id\":\"https:\/\/megapets.eu\/sk\/#website\"},\"primaryImageOfPage\":{\"@id\":\"https:\/\/megapets.eu\/sk\/prislusenstvo\/sepia-sepiova-kostsada-5-ks\/#primaryimage\"},\"image\":{\"@id\":\"https:\/\/megapets.eu\/sk\/prislusenstvo\/sepia-sepiova-kostsada-5-ks\/#primaryimage\"},\"thumbnailUrl\":\"https:\/\/megapets.eu\/wp-content\/uploads\/2024\/10\/122.jpg\",\"datePublished\":\"2024-10-04T07:01:14+00:00\",\"breadcrumb\":{\"@id\":\"https:\/\/megapets.eu\/sk\/prislusenstvo\/sepia-sepiova-kostsada-5-ks\/#breadcrumb\"},\"inLanguage\":\"sk-SK\",\"potentialAction\":[{\"@type\":\"ReadAction\",\"target\":[\"https:\/\/megapets.eu\/sk\/prislusenstvo\/sepia-sepiova-kostsada-5-ks\/\"]}]},{\"@type\":\"ImageObject\",\"inLanguage\":\"sk-SK\",\"@id\":\"https:\/\/megapets.eu\/sk\/prislusenstvo\/sepia-sepiova-kostsada-5-ks\/#primaryimage\",\"url\":\"https:\/\/megapets.eu\/wp-content\/uploads\/2024\/10\/122.jpg\",\"contentUrl\":\"https:\/\/megapets.eu\/wp-content\/uploads\/2024\/10\/122.jpg\",\"width\":1029,\"height\":691},{\"@type\":\"BreadcrumbList\",\"@id\":\"https:\/\/megapets.eu\/sk\/prislusenstvo\/sepia-sepiova-kostsada-5-ks\/#breadcrumb\",\"itemListElement\":[{\"@type\":\"ListItem\",\"position\":1,\"name\":\"Strona g\u0142\u00f3wna\",\"item\":\"https:\/\/megapets.eu\/sk\/\"},{\"@type\":\"ListItem\",\"position\":2,\"name\":\"Obchod\",\"item\":\"https:\/\/megapets.eu\/obchod\/\"},{\"@type\":\"ListItem\",\"position\":3,\"name\":\"Sepia &#8211; s\u00e9piov\u00e1 kos\u0165&#8222;Sada 5 ks\\\"\"}]},{\"@type\":\"WebSite\",\"@id\":\"https:\/\/megapets.eu\/sk\/#website\",\"url\":\"https:\/\/megapets.eu\/sk\/\",\"name\":\"Mega Pets\",\"description\":\"Jedna z najwi\u0119kszych hodowli \u015blimak\u00f3w w Europie\",\"publisher\":{\"@id\":\"https:\/\/megapets.eu\/sk\/#organization\"},\"alternateName\":\"Mega Pets\",\"potentialAction\":[{\"@type\":\"SearchAction\",\"target\":{\"@type\":\"EntryPoint\",\"urlTemplate\":\"https:\/\/megapets.eu\/sk\/?s={search_term_string}\"},\"query-input\":{\"@type\":\"PropertyValueSpecification\",\"valueRequired\":true,\"valueName\":\"search_term_string\"}}],\"inLanguage\":\"sk-SK\"},{\"@type\":\"Organization\",\"@id\":\"https:\/\/megapets.eu\/sk\/#organization\",\"name\":\"Mega Pets\",\"url\":\"https:\/\/megapets.eu\/sk\/\",\"logo\":{\"@type\":\"ImageObject\",\"inLanguage\":\"sk-SK\",\"@id\":\"https:\/\/megapets.eu\/sk\/#\/schema\/logo\/image\/\",\"url\":\"https:\/\/megapets.eu\/wp-content\/uploads\/2025\/04\/megapets_eu-logo.png\",\"contentUrl\":\"https:\/\/megapets.eu\/wp-content\/uploads\/2025\/04\/megapets_eu-logo.png\",\"width\":2362,\"height\":2362,\"caption\":\"Mega Pets\"},\"image\":{\"@id\":\"https:\/\/megapets.eu\/sk\/#\/schema\/logo\/image\/\"},\"sameAs\":[\"https:\/\/www.facebook.com\/MegaPets.eu\/\"]}]}<\/script>\n<!-- \/ Yoast SEO plugin. -->","yoast_head_json":{"title":"Sepia - s\u00e9piov\u00e1 kos\u0165\"Sada 5 ks\" | MegaPets","robots":{"index":"index","follow":"follow","max-snippet":"max-snippet:-1","max-image-preview":"max-image-preview:large","max-video-preview":"max-video-preview:-1"},"canonical":"https:\/\/megapets.eu\/sk\/prislusenstvo\/sepia-sepiova-kostsada-5-ks\/","og_locale":"sk_SK","og_type":"article","og_title":"Sepia - s\u00e9piov\u00e1 kos\u0165\"Sada 5 ks\" | MegaPets","og_description":"Zlo\u017eenie:  Sada: 100% pr\u00edrodn\u00e1 s\u00e9piov\u00e1 kos\u0165 5 s\u00e9piov\u00fdch kusov, cca 10-12 cm  Cena sa t\u00fdka: Cena: 1 balenie.","og_url":"https:\/\/megapets.eu\/sk\/prislusenstvo\/sepia-sepiova-kostsada-5-ks\/","og_site_name":"MegaPets","article_publisher":"https:\/\/www.facebook.com\/MegaPets.eu\/","og_image":[{"width":1029,"height":691,"url":"https:\/\/megapets.eu\/wp-content\/uploads\/2024\/10\/122.jpg","type":"image\/jpeg"}],"twitter_card":"summary_large_image","twitter_misc":{"Predpokladan\u00fd \u010das \u010d\u00edtania":"1 min\u00fata"},"schema":{"@context":"https:\/\/schema.org","@graph":[{"@type":"WebPage","@id":"https:\/\/megapets.eu\/sk\/prislusenstvo\/sepia-sepiova-kostsada-5-ks\/","url":"https:\/\/megapets.eu\/sk\/prislusenstvo\/sepia-sepiova-kostsada-5-ks\/","name":"Sepia - s\u00e9piov\u00e1 kos\u0165 \"Sada 5 ks\" | MegaPets","isPartOf":{"@id":"https:\/\/megapets.eu\/sk\/#website"},"primaryImageOfPage":{"@id":"https:\/\/megapets.eu\/sk\/prislusenstvo\/sepia-sepiova-kostsada-5-ks\/#primaryimage"},"image":{"@id":"https:\/\/megapets.eu\/sk\/prislusenstvo\/sepia-sepiova-kostsada-5-ks\/#primaryimage"},"thumbnailUrl":"https:\/\/megapets.eu\/wp-content\/uploads\/2024\/10\/122.jpg","datePublished":"2024-10-04T07:01:14+00:00","breadcrumb":{"@id":"https:\/\/megapets.eu\/sk\/prislusenstvo\/sepia-sepiova-kostsada-5-ks\/#breadcrumb"},"inLanguage":"sk-SK","potentialAction":[{"@type":"ReadAction","target":["https:\/\/megapets.eu\/sk\/prislusenstvo\/sepia-sepiova-kostsada-5-ks\/"]}]},{"@type":"ImageObject","inLanguage":"sk-SK","@id":"https:\/\/megapets.eu\/sk\/prislusenstvo\/sepia-sepiova-kostsada-5-ks\/#primaryimage","url":"https:\/\/megapets.eu\/wp-content\/uploads\/2024\/10\/122.jpg","contentUrl":"https:\/\/megapets.eu\/wp-content\/uploads\/2024\/10\/122.jpg","width":1029,"height":691},{"@type":"BreadcrumbList","@id":"https:\/\/megapets.eu\/sk\/prislusenstvo\/sepia-sepiova-kostsada-5-ks\/#breadcrumb","itemListElement":[{"@type":"ListItem","position":1,"name":"Strona g\u0142\u00f3wna","item":"https:\/\/megapets.eu\/sk\/"},{"@type":"ListItem","position":2,"name":"Obchod","item":"https:\/\/megapets.eu\/obchod\/"},{"@type":"ListItem","position":3,"name":"Sepia &#8211; s\u00e9piov\u00e1 kos\u0165&#8222;Sada 5 ks\""}]},{"@type":"WebSite","@id":"https:\/\/megapets.eu\/sk\/#website","url":"https:\/\/megapets.eu\/sk\/","name":"Mega Pets","description":"Jedna z najwi\u0119kszych hodowli \u015blimak\u00f3w w Europie","publisher":{"@id":"https:\/\/megapets.eu\/sk\/#organization"},"alternateName":"Mega Pets","potentialAction":[{"@type":"SearchAction","target":{"@type":"EntryPoint","urlTemplate":"https:\/\/megapets.eu\/sk\/?s={search_term_string}"},"query-input":{"@type":"PropertyValueSpecification","valueRequired":true,"valueName":"search_term_string"}}],"inLanguage":"sk-SK"},{"@type":"Organization","@id":"https:\/\/megapets.eu\/sk\/#organization","name":"Mega Pets","url":"https:\/\/megapets.eu\/sk\/","logo":{"@type":"ImageObject","inLanguage":"sk-SK","@id":"https:\/\/megapets.eu\/sk\/#\/schema\/logo\/image\/","url":"https:\/\/megapets.eu\/wp-content\/uploads\/2025\/04\/megapets_eu-logo.png","contentUrl":"https:\/\/megapets.eu\/wp-content\/uploads\/2025\/04\/megapets_eu-logo.png","width":2362,"height":2362,"caption":"Mega Pets"},"image":{"@id":"https:\/\/megapets.eu\/sk\/#\/schema\/logo\/image\/"},"sameAs":["https:\/\/www.facebook.com\/MegaPets.eu\/"]}]}},"_links":{"self":[{"href":"https:\/\/megapets.eu\/sk\/wp-json\/wp\/v2\/product\/6256","targetHints":{"allow":["GET"]}}],"collection":[{"href":"https:\/\/megapets.eu\/sk\/wp-json\/wp\/v2\/product"}],"about":[{"href":"https:\/\/megapets.eu\/sk\/wp-json\/wp\/v2\/types\/product"}],"wp:featuredmedia":[{"embeddable":true,"href":"https:\/\/megapets.eu\/sk\/wp-json\/wp\/v2\/media\/6258"}],"wp:attachment":[{"href":"https:\/\/megapets.eu\/sk\/wp-json\/wp\/v2\/media?parent=6256"}],"wp:term":[{"taxonomy":"product_cat","embeddable":true,"href":"https:\/\/megapets.eu\/sk\/wp-json\/wp\/v2\/product_cat?post=6256"},{"taxonomy":"product_tag","embeddable":true,"href":"https:\/\/megapets.eu\/sk\/wp-json\/wp\/v2\/product_tag?post=6256"}],"curies":[{"name":"wp","href":"https:\/\/api.w.org\/{rel}","templated":true}]}}