{"id":6259,"date":"2024-10-05T16:59:53","date_gmt":"2024-10-05T16:59:53","guid":{"rendered":"https:\/\/megapets.eu\/nezaraden\u00e9\/porcellio-opusta-milk-backcleaning-crew\/"},"modified":"2024-10-05T16:59:53","modified_gmt":"2024-10-05T16:59:53","slug":"porcellio-opusta-milk-backcleaning-crew","status":"publish","type":"product","link":"https:\/\/megapets.eu\/sk\/izopody\/porcellio-opusta-milk-backcleaning-crew\/","title":{"rendered":"Porcellio op\u00fa\u0161\u0165a &#8222;Milk Back&#8220;<br \/>&#8222;Cleaning crew&#8220;"},"content":{"rendered":"<p class=\"v1v1v1v1MsoNormal\"><span style=\"color: #424242;\"><strong><em><span style=\"font-size: 15px;\">Prosion \/ Culottes: g<\/span><\/em><\/strong><strong><em><span style=\"font-size: 15px;\">atunek Porcellio leaves &#8222;Milk Back&#8220;.<\/span><\/em><\/strong><\/span><\/p>\n<p><span style=\"color: #424242;\"><strong><em><span style=\"font-size: 15px;\"><strong style=\"color: #424242;\"><span class=\"x1xsqp64 xiy17q3 x1o6pynw x19co3pv xdj266r xcwd3tp xat24cr x39eecv x2b8uid\" data-testid=\"emoji\"><span class=\"xexx8yu xn5pp95 x18d9i69 x2fxd7x x3jgonx x1bhl96m\">Porcellio leaves &#8222;<span style=\"font-size: 15px; color: #424242;\">\ud83e\udd0d<\/span>Milk<span style=\"font-size: 15px; color: #424242;\">\ud83d\udc04<\/span>Back<span style=\"font-size: 15px; color: #424242;\">\ud83d\udda4<\/span>&#8222;, kr\u00e1sna odroda Porcellio leaves, podobn\u00e1 ob\u013e\u00faben\u00e9mu &#8222;fudge&#8220;, \u013eahko sa udr\u017eiava, a preto je skvel\u00e1 pre za\u010diato\u010dn\u00edkov.<\/span><\/span><\/strong><\/span><\/em><\/strong><\/span><\/p>\n<p><strong style=\"color: #424242;\"><strong><em><span style=\"font-size: 15px; color: #424242;\"><strong><span style=\"font-size: 15px;\"><span style=\"color: #424242;\"><span class=\"x1xsqp64 xiy17q3 x1o6pynw x19co3pv xdj266r xcwd3tp xat24cr x39eecv x2b8uid\" data-testid=\"emoji\"><span class=\"xexx8yu xn5pp95 x18d9i69 x2fxd7x x3jgonx x1bhl96m\">\ud83d\udda4\ud83e\udd0d\ud83d\udda4 <\/span><\/span><\/span><\/span>H\u013ead\u00e1te nie\u010do z\u00e1bavn\u00e9 na za\u010diatok pestovania? <\/strong> Pros\u00edky a pumy<strong> <\/strong>s\u00fa kr\u00e1sne a \u013eahko chovate\u013en\u00e9 tvory, pre \u010dloveka \u00faplne bezpe\u010dn\u00e9 a nehryz\u00fa. Maj\u00fa slab\u00e9 \u010de\u013euste, ktor\u00e9 s\u00fa prisp\u00f4soben\u00e9 na drvenie rastlinnej hmoty. Izop\u00f3dy uprednost\u0148uj\u00fa vlhk\u00e9 miesta, \u017eij\u00fa vo vrchnej vrstve substr\u00e1tu a \u017eivia sa listami, viaczlo\u017ekov\u00fdm substr\u00e1tom ur\u010den\u00fdm pre krokod\u00edly a zeleninou a ovoc\u00edm.<\/span><\/em><\/strong><\/strong><\/p>\n<p class=\"v1v1v1v1MsoNormal\"><span style=\"color: #424242;\"><strong><em><span style=\"font-size: 15px;\"><span class=\"x1xsqp64 xiy17q3 x1o6pynw x19co3pv xdj266r xcwd3tp xat24cr x39eecv x2b8uid\" data-testid=\"emoji\"><span class=\"xexx8yu xn5pp95 x18d9i69 x2fxd7x x3jgonx x1bhl96m\">\ud83c\udf3f <\/span><\/span>V\u0161etko, \u010do tak\u00fdto \u017eivo\u010d\u00edch potrebuje k \u00faspe\u0161n\u00e9mu v\u00fdvoju a \u017eivotu v ter\u00e1riu, je:<\/span><\/em><\/strong><\/span><\/p>\n<p class=\"v1v1v1v1MsoNormal\"><span style=\"color: #008000;\"><strong><em><span style=\"font-size: 15px;\">* Substr\u00e1t \/ potrava: Substr\u00e1t pre krokod\u00edly a \u010dervy alebo kokosov\u00fd substr\u00e1t;<\/span><\/em><\/strong><\/span><\/p>\n<p class=\"v1v1v1v1MsoNormal\"><span style=\"color: #008000;\"><strong><em><span style=\"font-size: 15px;\">* Potrava: \u010cerstv\u00e1 zelenina a ovocie;<\/span><\/em><\/strong><\/span><\/p>\n<p class=\"v1v1v1v1MsoNormal\"><span style=\"color: #008000;\"><strong><em><span style=\"font-size: 15px;\">* Potrava: Sepia &#8211; s\u00e9piov\u00e1 kos\u0165 je pre terarijn\u00e9 zvierat\u00e1 prirodzen\u00fdm zdrojom v\u00e1pnika; <\/span><\/em><\/strong><\/span><\/p>\n<p class=\"v1v1v1v1MsoNormal\"><span style=\"color: #008000;\"><strong><em><span style=\"font-size: 15px;\">* Potrava: Mlet\u00e9 gamarusy s\u00fa su\u0161en\u00e9 kl\u00ed\u010dky bohat\u00e9 na makro- a mikro\u017eiviny, prirodzen\u00fd zdroj \u017eivo\u010d\u00ed\u0161nych bielkov\u00edn a chit\u00ednu (k dispoz\u00edcii na na\u0161ej inej aukcii);<\/span><\/em><\/strong><\/span><\/p>\n<p class=\"v1v1v1v1MsoNormal\"><span style=\"color: #008000;\"><strong><em><span style=\"font-size: 15px;\">* Ter\u00e1rium: Faunabox alebo chovn\u00e1 n\u00e1doba je ide\u00e1lna na chov izop\u00f3dov;<\/span><\/em><\/strong><\/span><\/p>\n<p class=\"v1v1v1v1MsoNormal\"><span style=\"color: #008000;\"><strong><em><span style=\"font-size: 15px;\">* Nedovo\u013ete, aby substr\u00e1t \u00faplne vyschol, raz za \u010das ter\u00e1rium pokropte.<\/span><\/em><\/strong><\/span><\/p>\n","protected":false},"excerpt":{"rendered":"<ul class=\"product_attributes\">\n<li><strong>Cie\u013eov\u00e1 ve\u013ekos\u0165 vzoriek:<\/strong> <span style=\"color: #000000;\">cca 2 cm<\/span><\/li>\n<li>Pon\u00fakan\u00e9 vzorky: <span style=\"color: #000000;\">n\u00e1hodne zabalen\u00e9<\/span><\/li>\n<li>Cena je za sadu: <span style=\"color: #000000;\">10 kusov<\/span><\/li>\n<\/ul>\n","protected":false},"featured_media":6260,"template":"","meta":{"_acf_changed":false,"_links_to":"","_links_to_target":""},"product_cat":[145],"product_tag":[],"class_list":{"0":"post-6259","1":"product","2":"type-product","3":"status-publish","4":"has-post-thumbnail","6":"product_cat-izopody","8":"first","9":"instock","10":"shipping-taxable","11":"purchasable","12":"product-type-simple"},"acf":[],"yoast_head":"<!-- This site is optimized with the Yoast SEO plugin v24.9 - https:\/\/yoast.com\/wordpress\/plugins\/seo\/ -->\n<title>Porcellio op\u00fa\u0161\u0165a &quot;Milk Back&quot;&quot;Cleaning crew&quot; | MegaPets<\/title>\n<meta name=\"robots\" content=\"index, follow, max-snippet:-1, max-image-preview:large, max-video-preview:-1\" \/>\n<link rel=\"canonical\" href=\"https:\/\/megapets.eu\/sk\/izopody\/porcellio-opusta-milk-backcleaning-crew\/\" \/>\n<meta property=\"og:locale\" content=\"sk_SK\" \/>\n<meta property=\"og:type\" content=\"article\" \/>\n<meta property=\"og:title\" content=\"Porcellio op\u00fa\u0161\u0165a &quot;Milk Back&quot;&quot;Cleaning crew&quot; | MegaPets\" \/>\n<meta property=\"og:description\" content=\"Cie\u013eov\u00e1 ve\u013ekos\u0165 vzoriek: cca 2 cm  Pon\u00fakan\u00e9 vzorky: n\u00e1hodne zabalen\u00e9  Cena je za sadu: 10 kusov\" \/>\n<meta property=\"og:url\" content=\"https:\/\/megapets.eu\/sk\/izopody\/porcellio-opusta-milk-backcleaning-crew\/\" \/>\n<meta property=\"og:site_name\" content=\"MegaPets\" \/>\n<meta property=\"article:publisher\" content=\"https:\/\/www.facebook.com\/MegaPets.eu\/\" \/>\n<meta property=\"og:image\" content=\"https:\/\/megapets.eu\/wp-content\/uploads\/2024\/10\/IMG_20240807_121627-scaled.jpg\" \/>\n\t<meta property=\"og:image:width\" content=\"2560\" \/>\n\t<meta property=\"og:image:height\" content=\"1920\" \/>\n\t<meta property=\"og:image:type\" content=\"image\/jpeg\" \/>\n<meta name=\"twitter:card\" content=\"summary_large_image\" \/>\n<meta name=\"twitter:label1\" content=\"Predpokladan\u00fd \u010das \u010d\u00edtania\" \/>\n\t<meta name=\"twitter:data1\" content=\"1 min\u00fata\" \/>\n<script type=\"application\/ld+json\" class=\"yoast-schema-graph\">{\"@context\":\"https:\/\/schema.org\",\"@graph\":[{\"@type\":\"WebPage\",\"@id\":\"https:\/\/megapets.eu\/sk\/izopody\/porcellio-opusta-milk-backcleaning-crew\/\",\"url\":\"https:\/\/megapets.eu\/sk\/izopody\/porcellio-opusta-milk-backcleaning-crew\/\",\"name\":\"Porcellio op\u00fa\u0161\u0165a \\\"Milk Back\\\" \\\"Cleaning crew\\\" | MegaPets\",\"isPartOf\":{\"@id\":\"https:\/\/megapets.eu\/sk\/#website\"},\"primaryImageOfPage\":{\"@id\":\"https:\/\/megapets.eu\/sk\/izopody\/porcellio-opusta-milk-backcleaning-crew\/#primaryimage\"},\"image\":{\"@id\":\"https:\/\/megapets.eu\/sk\/izopody\/porcellio-opusta-milk-backcleaning-crew\/#primaryimage\"},\"thumbnailUrl\":\"https:\/\/megapets.eu\/wp-content\/uploads\/2024\/10\/IMG_20240807_121627-scaled.jpg\",\"datePublished\":\"2024-10-05T16:59:53+00:00\",\"breadcrumb\":{\"@id\":\"https:\/\/megapets.eu\/sk\/izopody\/porcellio-opusta-milk-backcleaning-crew\/#breadcrumb\"},\"inLanguage\":\"sk-SK\",\"potentialAction\":[{\"@type\":\"ReadAction\",\"target\":[\"https:\/\/megapets.eu\/sk\/izopody\/porcellio-opusta-milk-backcleaning-crew\/\"]}]},{\"@type\":\"ImageObject\",\"inLanguage\":\"sk-SK\",\"@id\":\"https:\/\/megapets.eu\/sk\/izopody\/porcellio-opusta-milk-backcleaning-crew\/#primaryimage\",\"url\":\"https:\/\/megapets.eu\/wp-content\/uploads\/2024\/10\/IMG_20240807_121627-scaled.jpg\",\"contentUrl\":\"https:\/\/megapets.eu\/wp-content\/uploads\/2024\/10\/IMG_20240807_121627-scaled.jpg\",\"width\":2560,\"height\":1920},{\"@type\":\"BreadcrumbList\",\"@id\":\"https:\/\/megapets.eu\/sk\/izopody\/porcellio-opusta-milk-backcleaning-crew\/#breadcrumb\",\"itemListElement\":[{\"@type\":\"ListItem\",\"position\":1,\"name\":\"Strona g\u0142\u00f3wna\",\"item\":\"https:\/\/megapets.eu\/sk\/\"},{\"@type\":\"ListItem\",\"position\":2,\"name\":\"Obchod\",\"item\":\"https:\/\/megapets.eu\/obchod\/\"},{\"@type\":\"ListItem\",\"position\":3,\"name\":\"Porcellio op\u00fa\u0161\u0165a &#8222;Milk Back\\\"&#8222;Cleaning crew\\\"\"}]},{\"@type\":\"WebSite\",\"@id\":\"https:\/\/megapets.eu\/sk\/#website\",\"url\":\"https:\/\/megapets.eu\/sk\/\",\"name\":\"Mega Pets\",\"description\":\"Jedna z najwi\u0119kszych hodowli \u015blimak\u00f3w w Europie\",\"publisher\":{\"@id\":\"https:\/\/megapets.eu\/sk\/#organization\"},\"alternateName\":\"Mega Pets\",\"potentialAction\":[{\"@type\":\"SearchAction\",\"target\":{\"@type\":\"EntryPoint\",\"urlTemplate\":\"https:\/\/megapets.eu\/sk\/?s={search_term_string}\"},\"query-input\":{\"@type\":\"PropertyValueSpecification\",\"valueRequired\":true,\"valueName\":\"search_term_string\"}}],\"inLanguage\":\"sk-SK\"},{\"@type\":\"Organization\",\"@id\":\"https:\/\/megapets.eu\/sk\/#organization\",\"name\":\"Mega Pets\",\"url\":\"https:\/\/megapets.eu\/sk\/\",\"logo\":{\"@type\":\"ImageObject\",\"inLanguage\":\"sk-SK\",\"@id\":\"https:\/\/megapets.eu\/sk\/#\/schema\/logo\/image\/\",\"url\":\"https:\/\/megapets.eu\/wp-content\/uploads\/2025\/04\/megapets_eu-logo.png\",\"contentUrl\":\"https:\/\/megapets.eu\/wp-content\/uploads\/2025\/04\/megapets_eu-logo.png\",\"width\":2362,\"height\":2362,\"caption\":\"Mega Pets\"},\"image\":{\"@id\":\"https:\/\/megapets.eu\/sk\/#\/schema\/logo\/image\/\"},\"sameAs\":[\"https:\/\/www.facebook.com\/MegaPets.eu\/\"]}]}<\/script>\n<!-- \/ Yoast SEO plugin. -->","yoast_head_json":{"title":"Porcellio op\u00fa\u0161\u0165a \"Milk Back\"\"Cleaning crew\" | MegaPets","robots":{"index":"index","follow":"follow","max-snippet":"max-snippet:-1","max-image-preview":"max-image-preview:large","max-video-preview":"max-video-preview:-1"},"canonical":"https:\/\/megapets.eu\/sk\/izopody\/porcellio-opusta-milk-backcleaning-crew\/","og_locale":"sk_SK","og_type":"article","og_title":"Porcellio op\u00fa\u0161\u0165a \"Milk Back\"\"Cleaning crew\" | MegaPets","og_description":"Cie\u013eov\u00e1 ve\u013ekos\u0165 vzoriek: cca 2 cm  Pon\u00fakan\u00e9 vzorky: n\u00e1hodne zabalen\u00e9  Cena je za sadu: 10 kusov","og_url":"https:\/\/megapets.eu\/sk\/izopody\/porcellio-opusta-milk-backcleaning-crew\/","og_site_name":"MegaPets","article_publisher":"https:\/\/www.facebook.com\/MegaPets.eu\/","og_image":[{"width":2560,"height":1920,"url":"https:\/\/megapets.eu\/wp-content\/uploads\/2024\/10\/IMG_20240807_121627-scaled.jpg","type":"image\/jpeg"}],"twitter_card":"summary_large_image","twitter_misc":{"Predpokladan\u00fd \u010das \u010d\u00edtania":"1 min\u00fata"},"schema":{"@context":"https:\/\/schema.org","@graph":[{"@type":"WebPage","@id":"https:\/\/megapets.eu\/sk\/izopody\/porcellio-opusta-milk-backcleaning-crew\/","url":"https:\/\/megapets.eu\/sk\/izopody\/porcellio-opusta-milk-backcleaning-crew\/","name":"Porcellio op\u00fa\u0161\u0165a \"Milk Back\" \"Cleaning crew\" | MegaPets","isPartOf":{"@id":"https:\/\/megapets.eu\/sk\/#website"},"primaryImageOfPage":{"@id":"https:\/\/megapets.eu\/sk\/izopody\/porcellio-opusta-milk-backcleaning-crew\/#primaryimage"},"image":{"@id":"https:\/\/megapets.eu\/sk\/izopody\/porcellio-opusta-milk-backcleaning-crew\/#primaryimage"},"thumbnailUrl":"https:\/\/megapets.eu\/wp-content\/uploads\/2024\/10\/IMG_20240807_121627-scaled.jpg","datePublished":"2024-10-05T16:59:53+00:00","breadcrumb":{"@id":"https:\/\/megapets.eu\/sk\/izopody\/porcellio-opusta-milk-backcleaning-crew\/#breadcrumb"},"inLanguage":"sk-SK","potentialAction":[{"@type":"ReadAction","target":["https:\/\/megapets.eu\/sk\/izopody\/porcellio-opusta-milk-backcleaning-crew\/"]}]},{"@type":"ImageObject","inLanguage":"sk-SK","@id":"https:\/\/megapets.eu\/sk\/izopody\/porcellio-opusta-milk-backcleaning-crew\/#primaryimage","url":"https:\/\/megapets.eu\/wp-content\/uploads\/2024\/10\/IMG_20240807_121627-scaled.jpg","contentUrl":"https:\/\/megapets.eu\/wp-content\/uploads\/2024\/10\/IMG_20240807_121627-scaled.jpg","width":2560,"height":1920},{"@type":"BreadcrumbList","@id":"https:\/\/megapets.eu\/sk\/izopody\/porcellio-opusta-milk-backcleaning-crew\/#breadcrumb","itemListElement":[{"@type":"ListItem","position":1,"name":"Strona g\u0142\u00f3wna","item":"https:\/\/megapets.eu\/sk\/"},{"@type":"ListItem","position":2,"name":"Obchod","item":"https:\/\/megapets.eu\/obchod\/"},{"@type":"ListItem","position":3,"name":"Porcellio op\u00fa\u0161\u0165a &#8222;Milk Back\"&#8222;Cleaning crew\""}]},{"@type":"WebSite","@id":"https:\/\/megapets.eu\/sk\/#website","url":"https:\/\/megapets.eu\/sk\/","name":"Mega Pets","description":"Jedna z najwi\u0119kszych hodowli \u015blimak\u00f3w w Europie","publisher":{"@id":"https:\/\/megapets.eu\/sk\/#organization"},"alternateName":"Mega Pets","potentialAction":[{"@type":"SearchAction","target":{"@type":"EntryPoint","urlTemplate":"https:\/\/megapets.eu\/sk\/?s={search_term_string}"},"query-input":{"@type":"PropertyValueSpecification","valueRequired":true,"valueName":"search_term_string"}}],"inLanguage":"sk-SK"},{"@type":"Organization","@id":"https:\/\/megapets.eu\/sk\/#organization","name":"Mega Pets","url":"https:\/\/megapets.eu\/sk\/","logo":{"@type":"ImageObject","inLanguage":"sk-SK","@id":"https:\/\/megapets.eu\/sk\/#\/schema\/logo\/image\/","url":"https:\/\/megapets.eu\/wp-content\/uploads\/2025\/04\/megapets_eu-logo.png","contentUrl":"https:\/\/megapets.eu\/wp-content\/uploads\/2025\/04\/megapets_eu-logo.png","width":2362,"height":2362,"caption":"Mega Pets"},"image":{"@id":"https:\/\/megapets.eu\/sk\/#\/schema\/logo\/image\/"},"sameAs":["https:\/\/www.facebook.com\/MegaPets.eu\/"]}]}},"_links":{"self":[{"href":"https:\/\/megapets.eu\/sk\/wp-json\/wp\/v2\/product\/6259","targetHints":{"allow":["GET"]}}],"collection":[{"href":"https:\/\/megapets.eu\/sk\/wp-json\/wp\/v2\/product"}],"about":[{"href":"https:\/\/megapets.eu\/sk\/wp-json\/wp\/v2\/types\/product"}],"wp:featuredmedia":[{"embeddable":true,"href":"https:\/\/megapets.eu\/sk\/wp-json\/wp\/v2\/media\/6260"}],"wp:attachment":[{"href":"https:\/\/megapets.eu\/sk\/wp-json\/wp\/v2\/media?parent=6259"}],"wp:term":[{"taxonomy":"product_cat","embeddable":true,"href":"https:\/\/megapets.eu\/sk\/wp-json\/wp\/v2\/product_cat?post=6259"},{"taxonomy":"product_tag","embeddable":true,"href":"https:\/\/megapets.eu\/sk\/wp-json\/wp\/v2\/product_tag?post=6259"}],"curies":[{"name":"wp","href":"https:\/\/api.w.org\/{rel}","templated":true}]}}