{"id":6287,"date":"2024-10-04T19:58:06","date_gmt":"2024-10-04T19:58:06","guid":{"rendered":"https:\/\/megapets.eu\/nezaraden\u00e9\/balenie-vapnika-80-g\/"},"modified":"2025-10-26T07:20:07","modified_gmt":"2025-10-26T07:20:07","slug":"balenie-vapnika-80-g","status":"publish","type":"product","link":"https:\/\/megapets.eu\/sk\/prislusenstvo\/balenie-vapnika-80-g\/","title":{"rendered":"Balenie v\u00e1pnika 80 g"},"content":{"rendered":"<p><strong><span style=\"color: #e87020; font-size: 15px;\"><em>Balenie &#8222;Calcium&#8220; 80 g<\/em><\/span><\/strong><\/p>\n<p><strong><span style=\"color: #e87020; font-size: 15px;\"><em>Jedno balenie obsahuje 80 g.<\/em><\/span><\/strong><\/p>\n<p><strong><span style=\"color: #e87020; font-size: 15px;\"><em>Zlo\u017eenie: <\/em><\/span><\/strong><\/p>\n<p><strong><span style=\"color: #e87020; font-size: 15px;\"><em> Cena je za 1 balenie.<\/em><\/span><\/strong><\/p>\n<p><em><span style=\"color: #424242;\"><strong><span style=\"font-size: 15px;\">Balenie &#8222;Kalcium&#8220; obsahuje 100% pr\u00e1\u0161ok z vaje\u010dn\u00fdch \u0161krup\u00edn. Vaje\u010dn\u00e9 \u0161krupiny s\u00fa umyt\u00e9, tepelne spracovan\u00e9, vysu\u0161en\u00e9 a zomlet\u00e9 na jemn\u00fd pr\u00e1\u0161ok. <\/span><\/strong><\/span><\/em><em><span style=\"color: #424242;\"><strong><span style=\"font-size: 15px;\">V ka\u017edodennej strave slim\u00e1ka nesmie ch\u00fdba\u0165 z\u00e1kladn\u00fd stavebn\u00fd prvok kr\u00e1snej a zdravej ulity. Pr\u00edrodn\u00fdm zdrojom dokonale str\u00e1vite\u013en\u00e9ho v\u00e1pnika je pr\u00e1\u0161ok z vaje\u010dn\u00fdch \u0161krup\u00edn. V\u00e1pnik vo forme 98 % uhli\u010ditanu v\u00e1penat\u00e9ho (CaCO3) je z\u00e1kladnou zlo\u017ekou vaje\u010dn\u00fdch \u0161krup\u00edn. <\/span><\/strong><\/span><\/em><\/p>\n<p><em><span style=\"color: #424242;\"><strong><span style=\"font-size: 15px;\">Pr\u00e1\u0161ok z vaje\u010dn\u00fdch \u0161krup\u00edn by ste mali pod\u00e1va\u0165 v\u00e1\u0161mu dom\u00e1cemu mil\u00e1\u010dikovi pri ka\u017edom k\u0155men\u00ed, jednoducho ho z\u013eahka nasypte na \u010das\u0165 krmiva. Upozornenie: vaje\u010dn\u00e9 \u0161krupiny sa m\u00f4\u017eu slim\u00e1kom pod\u00e1va\u0165 len vo forme jemne mlet\u00e9ho pr\u00e1\u0161ku. <\/span><\/strong><\/span><\/em><\/p>\n<p><em><span style=\"color: #424242;\"><strong><span style=\"font-size: 15px;\">Pod\u00e1van\u00fa formu v\u00e1pnika m\u00f4\u017eete v\u017edy spestri\u0165 a dodato\u010dne svojmu zvieratku pon\u00faknu\u0165 s\u00e9piu &#8211; s\u00e9piov\u00fa kos\u0165. <\/span><\/strong><\/span><\/em><\/p>\n<p><em><span style=\"color: #424242;\"><strong><span style=\"font-size: 15px;\">Odpor\u00fa\u010dame doplnky, ktor\u00e9 dok\u00e1\u017eu uspokoji\u0165 potreby v oblasti cenn\u00fdch \u017eiv\u00edn aj t\u00fdch najn\u00e1ro\u010dnej\u0161\u00edch druhov: &#8222;Prote\u00edn a vitam\u00edn&#8220;, zmes exotick\u00fdch byl\u00edn, mlet\u00fd gamarus. Odpor\u00fa\u010dame tieto doplnky pou\u017e\u00edva\u0165 striedavo, aby strava v\u00e1\u0161ho dom\u00e1ceho mazn\u00e1\u010dika zostala pestr\u00e1 a kompletn\u00e1.<\/span><\/strong><\/span><\/em><\/p>\n","protected":false},"excerpt":{"rendered":"<ul class=\"product_attributes\">\n<li><span style=\"color: #555555;\">Zlo\u017eenie:<\/span> Balenie obsahuje: 100% pr\u00e1\u0161ok z vaje\u010dnej \u0161krupiny<\/li>\n<li><span style=\"color: #555555;\"><\/span> <\/li>\n<li><span style=\"color: #555555;\">Cena plat\u00ed pre:<\/span> Cena plat\u00ed pre 1 balenie.<\/li>\n<\/ul>\n","protected":false},"featured_media":6288,"template":"","meta":{"_acf_changed":false,"_links_to":"","_links_to_target":""},"product_cat":[146],"product_tag":[149,147],"class_list":{"0":"post-6287","1":"product","2":"type-product","3":"status-publish","4":"has-post-thumbnail","6":"product_cat-prislusenstvo","7":"product_tag-pre-izopody","8":"product_tag-pre-slimaky","10":"first","11":"instock","12":"shipping-taxable","13":"purchasable","14":"product-type-simple"},"acf":[],"yoast_head":"<!-- This site is optimized with the Yoast SEO plugin v24.9 - https:\/\/yoast.com\/wordpress\/plugins\/seo\/ -->\n<title>Balenie v\u00e1pnika 80 g | MegaPets<\/title>\n<meta name=\"robots\" content=\"index, follow, max-snippet:-1, max-image-preview:large, max-video-preview:-1\" \/>\n<link rel=\"canonical\" href=\"https:\/\/megapets.eu\/sk\/prislusenstvo\/balenie-vapnika-80-g\/\" \/>\n<meta property=\"og:locale\" content=\"sk_SK\" \/>\n<meta property=\"og:type\" content=\"article\" \/>\n<meta property=\"og:title\" content=\"Balenie v\u00e1pnika 80 g | MegaPets\" \/>\n<meta property=\"og:description\" content=\"Zlo\u017eenie: Balenie obsahuje: 100% pr\u00e1\u0161ok z vaje\u010dnej \u0161krupiny    Cena plat\u00ed pre: Cena plat\u00ed pre 1 balenie.\" \/>\n<meta property=\"og:url\" content=\"https:\/\/megapets.eu\/sk\/prislusenstvo\/balenie-vapnika-80-g\/\" \/>\n<meta property=\"og:site_name\" content=\"MegaPets\" \/>\n<meta property=\"article:publisher\" content=\"https:\/\/www.facebook.com\/MegaPets.eu\/\" \/>\n<meta property=\"article:modified_time\" content=\"2025-10-26T07:20:07+00:00\" \/>\n<meta property=\"og:image\" content=\"https:\/\/megapets.eu\/wp-content\/uploads\/2024\/10\/IMG_20200728_173922-1-1024x734.png\" \/>\n\t<meta property=\"og:image:width\" content=\"1024\" \/>\n\t<meta property=\"og:image:height\" content=\"734\" \/>\n\t<meta property=\"og:image:type\" content=\"image\/png\" \/>\n<meta name=\"twitter:card\" content=\"summary_large_image\" \/>\n<meta name=\"twitter:label1\" content=\"Predpokladan\u00fd \u010das \u010d\u00edtania\" \/>\n\t<meta name=\"twitter:data1\" content=\"1 min\u00fata\" \/>\n<script type=\"application\/ld+json\" class=\"yoast-schema-graph\">{\"@context\":\"https:\/\/schema.org\",\"@graph\":[{\"@type\":\"WebPage\",\"@id\":\"https:\/\/megapets.eu\/sk\/prislusenstvo\/balenie-vapnika-80-g\/\",\"url\":\"https:\/\/megapets.eu\/sk\/prislusenstvo\/balenie-vapnika-80-g\/\",\"name\":\"Balenie v\u00e1pnika 80 g | MegaPets\",\"isPartOf\":{\"@id\":\"https:\/\/megapets.eu\/sk\/#website\"},\"primaryImageOfPage\":{\"@id\":\"https:\/\/megapets.eu\/sk\/prislusenstvo\/balenie-vapnika-80-g\/#primaryimage\"},\"image\":{\"@id\":\"https:\/\/megapets.eu\/sk\/prislusenstvo\/balenie-vapnika-80-g\/#primaryimage\"},\"thumbnailUrl\":\"https:\/\/megapets.eu\/wp-content\/uploads\/2024\/10\/IMG_20200728_173922-1.png\",\"datePublished\":\"2024-10-04T19:58:06+00:00\",\"dateModified\":\"2025-10-26T07:20:07+00:00\",\"breadcrumb\":{\"@id\":\"https:\/\/megapets.eu\/sk\/prislusenstvo\/balenie-vapnika-80-g\/#breadcrumb\"},\"inLanguage\":\"sk-SK\",\"potentialAction\":[{\"@type\":\"ReadAction\",\"target\":[\"https:\/\/megapets.eu\/sk\/prislusenstvo\/balenie-vapnika-80-g\/\"]}]},{\"@type\":\"ImageObject\",\"inLanguage\":\"sk-SK\",\"@id\":\"https:\/\/megapets.eu\/sk\/prislusenstvo\/balenie-vapnika-80-g\/#primaryimage\",\"url\":\"https:\/\/megapets.eu\/wp-content\/uploads\/2024\/10\/IMG_20200728_173922-1.png\",\"contentUrl\":\"https:\/\/megapets.eu\/wp-content\/uploads\/2024\/10\/IMG_20200728_173922-1.png\",\"width\":3006,\"height\":2156},{\"@type\":\"BreadcrumbList\",\"@id\":\"https:\/\/megapets.eu\/sk\/prislusenstvo\/balenie-vapnika-80-g\/#breadcrumb\",\"itemListElement\":[{\"@type\":\"ListItem\",\"position\":1,\"name\":\"Strona g\u0142\u00f3wna\",\"item\":\"https:\/\/megapets.eu\/sk\/\"},{\"@type\":\"ListItem\",\"position\":2,\"name\":\"Obchod\",\"item\":\"https:\/\/megapets.eu\/obchod\/\"},{\"@type\":\"ListItem\",\"position\":3,\"name\":\"Balenie v\u00e1pnika 80 g\"}]},{\"@type\":\"WebSite\",\"@id\":\"https:\/\/megapets.eu\/sk\/#website\",\"url\":\"https:\/\/megapets.eu\/sk\/\",\"name\":\"Mega Pets\",\"description\":\"Jedna z najwi\u0119kszych hodowli \u015blimak\u00f3w w Europie\",\"publisher\":{\"@id\":\"https:\/\/megapets.eu\/sk\/#organization\"},\"alternateName\":\"Mega Pets\",\"potentialAction\":[{\"@type\":\"SearchAction\",\"target\":{\"@type\":\"EntryPoint\",\"urlTemplate\":\"https:\/\/megapets.eu\/sk\/?s={search_term_string}\"},\"query-input\":{\"@type\":\"PropertyValueSpecification\",\"valueRequired\":true,\"valueName\":\"search_term_string\"}}],\"inLanguage\":\"sk-SK\"},{\"@type\":\"Organization\",\"@id\":\"https:\/\/megapets.eu\/sk\/#organization\",\"name\":\"Mega Pets\",\"url\":\"https:\/\/megapets.eu\/sk\/\",\"logo\":{\"@type\":\"ImageObject\",\"inLanguage\":\"sk-SK\",\"@id\":\"https:\/\/megapets.eu\/sk\/#\/schema\/logo\/image\/\",\"url\":\"https:\/\/megapets.eu\/wp-content\/uploads\/2025\/04\/megapets_eu-logo.png\",\"contentUrl\":\"https:\/\/megapets.eu\/wp-content\/uploads\/2025\/04\/megapets_eu-logo.png\",\"width\":2362,\"height\":2362,\"caption\":\"Mega Pets\"},\"image\":{\"@id\":\"https:\/\/megapets.eu\/sk\/#\/schema\/logo\/image\/\"},\"sameAs\":[\"https:\/\/www.facebook.com\/MegaPets.eu\/\"]}]}<\/script>\n<!-- \/ Yoast SEO plugin. -->","yoast_head_json":{"title":"Balenie v\u00e1pnika 80 g | MegaPets","robots":{"index":"index","follow":"follow","max-snippet":"max-snippet:-1","max-image-preview":"max-image-preview:large","max-video-preview":"max-video-preview:-1"},"canonical":"https:\/\/megapets.eu\/sk\/prislusenstvo\/balenie-vapnika-80-g\/","og_locale":"sk_SK","og_type":"article","og_title":"Balenie v\u00e1pnika 80 g | MegaPets","og_description":"Zlo\u017eenie: Balenie obsahuje: 100% pr\u00e1\u0161ok z vaje\u010dnej \u0161krupiny    Cena plat\u00ed pre: Cena plat\u00ed pre 1 balenie.","og_url":"https:\/\/megapets.eu\/sk\/prislusenstvo\/balenie-vapnika-80-g\/","og_site_name":"MegaPets","article_publisher":"https:\/\/www.facebook.com\/MegaPets.eu\/","article_modified_time":"2025-10-26T07:20:07+00:00","og_image":[{"width":1024,"height":734,"url":"https:\/\/megapets.eu\/wp-content\/uploads\/2024\/10\/IMG_20200728_173922-1-1024x734.png","type":"image\/png"}],"twitter_card":"summary_large_image","twitter_misc":{"Predpokladan\u00fd \u010das \u010d\u00edtania":"1 min\u00fata"},"schema":{"@context":"https:\/\/schema.org","@graph":[{"@type":"WebPage","@id":"https:\/\/megapets.eu\/sk\/prislusenstvo\/balenie-vapnika-80-g\/","url":"https:\/\/megapets.eu\/sk\/prislusenstvo\/balenie-vapnika-80-g\/","name":"Balenie v\u00e1pnika 80 g | MegaPets","isPartOf":{"@id":"https:\/\/megapets.eu\/sk\/#website"},"primaryImageOfPage":{"@id":"https:\/\/megapets.eu\/sk\/prislusenstvo\/balenie-vapnika-80-g\/#primaryimage"},"image":{"@id":"https:\/\/megapets.eu\/sk\/prislusenstvo\/balenie-vapnika-80-g\/#primaryimage"},"thumbnailUrl":"https:\/\/megapets.eu\/wp-content\/uploads\/2024\/10\/IMG_20200728_173922-1.png","datePublished":"2024-10-04T19:58:06+00:00","dateModified":"2025-10-26T07:20:07+00:00","breadcrumb":{"@id":"https:\/\/megapets.eu\/sk\/prislusenstvo\/balenie-vapnika-80-g\/#breadcrumb"},"inLanguage":"sk-SK","potentialAction":[{"@type":"ReadAction","target":["https:\/\/megapets.eu\/sk\/prislusenstvo\/balenie-vapnika-80-g\/"]}]},{"@type":"ImageObject","inLanguage":"sk-SK","@id":"https:\/\/megapets.eu\/sk\/prislusenstvo\/balenie-vapnika-80-g\/#primaryimage","url":"https:\/\/megapets.eu\/wp-content\/uploads\/2024\/10\/IMG_20200728_173922-1.png","contentUrl":"https:\/\/megapets.eu\/wp-content\/uploads\/2024\/10\/IMG_20200728_173922-1.png","width":3006,"height":2156},{"@type":"BreadcrumbList","@id":"https:\/\/megapets.eu\/sk\/prislusenstvo\/balenie-vapnika-80-g\/#breadcrumb","itemListElement":[{"@type":"ListItem","position":1,"name":"Strona g\u0142\u00f3wna","item":"https:\/\/megapets.eu\/sk\/"},{"@type":"ListItem","position":2,"name":"Obchod","item":"https:\/\/megapets.eu\/obchod\/"},{"@type":"ListItem","position":3,"name":"Balenie v\u00e1pnika 80 g"}]},{"@type":"WebSite","@id":"https:\/\/megapets.eu\/sk\/#website","url":"https:\/\/megapets.eu\/sk\/","name":"Mega Pets","description":"Jedna z najwi\u0119kszych hodowli \u015blimak\u00f3w w Europie","publisher":{"@id":"https:\/\/megapets.eu\/sk\/#organization"},"alternateName":"Mega Pets","potentialAction":[{"@type":"SearchAction","target":{"@type":"EntryPoint","urlTemplate":"https:\/\/megapets.eu\/sk\/?s={search_term_string}"},"query-input":{"@type":"PropertyValueSpecification","valueRequired":true,"valueName":"search_term_string"}}],"inLanguage":"sk-SK"},{"@type":"Organization","@id":"https:\/\/megapets.eu\/sk\/#organization","name":"Mega Pets","url":"https:\/\/megapets.eu\/sk\/","logo":{"@type":"ImageObject","inLanguage":"sk-SK","@id":"https:\/\/megapets.eu\/sk\/#\/schema\/logo\/image\/","url":"https:\/\/megapets.eu\/wp-content\/uploads\/2025\/04\/megapets_eu-logo.png","contentUrl":"https:\/\/megapets.eu\/wp-content\/uploads\/2025\/04\/megapets_eu-logo.png","width":2362,"height":2362,"caption":"Mega Pets"},"image":{"@id":"https:\/\/megapets.eu\/sk\/#\/schema\/logo\/image\/"},"sameAs":["https:\/\/www.facebook.com\/MegaPets.eu\/"]}]}},"_links":{"self":[{"href":"https:\/\/megapets.eu\/sk\/wp-json\/wp\/v2\/product\/6287","targetHints":{"allow":["GET"]}}],"collection":[{"href":"https:\/\/megapets.eu\/sk\/wp-json\/wp\/v2\/product"}],"about":[{"href":"https:\/\/megapets.eu\/sk\/wp-json\/wp\/v2\/types\/product"}],"wp:featuredmedia":[{"embeddable":true,"href":"https:\/\/megapets.eu\/sk\/wp-json\/wp\/v2\/media\/6288"}],"wp:attachment":[{"href":"https:\/\/megapets.eu\/sk\/wp-json\/wp\/v2\/media?parent=6287"}],"wp:term":[{"taxonomy":"product_cat","embeddable":true,"href":"https:\/\/megapets.eu\/sk\/wp-json\/wp\/v2\/product_cat?post=6287"},{"taxonomy":"product_tag","embeddable":true,"href":"https:\/\/megapets.eu\/sk\/wp-json\/wp\/v2\/product_tag?post=6287"}],"curies":[{"name":"wp","href":"https:\/\/api.w.org\/{rel}","templated":true}]}}