{"id":6292,"date":"2024-10-05T12:01:38","date_gmt":"2024-10-05T12:01:38","guid":{"rendered":"https:\/\/megapets.eu\/nezaraden\u00e9\/spirobolellus-sp-mauifluorescencia-pod-uv-svetlom\/"},"modified":"2025-08-13T14:58:55","modified_gmt":"2025-08-13T14:58:55","slug":"spirobolellus-sp-mauifluorescencia-pod-uv-svetlom","status":"publish","type":"product","link":"https:\/\/megapets.eu\/sk\/wije-sk\/spirobolellus-sp-mauifluorescencia-pod-uv-svetlom\/","title":{"rendered":"Spirobolellus sp. Maui<br>&#8222;Fluorescencia pod UV svetlom&#8220;"},"content":{"rendered":"<p class=\"v1v1v1v1MsoNormal\" style=\"text-align: left;\"><span style=\"color: #d94890;\"><strong><em><span style=\"font-size: 15px;\"><span style=\"color: #424242;\">\u017d\u00e1ner:<\/span> <span style=\"color: #3366ff;\">mnohono\u017eka Spirobolellus sp. Maui &#8222;Fluorescencia pod UV \u017eiaren\u00edm&#8220;. <\/span><\/span><\/em><\/strong><\/span><\/p>\n<p class=\"v1v1v1v1MsoNormal\" style=\"text-align: left;\"><span style=\"color: #424242;\"><strong><em><span style=\"font-size: 15px;\">\u013dahko sa udr\u017eiavaj\u00fa, tak\u017ee s\u00fa skvel\u00e9 pre za\u010diato\u010dn\u00edkov.<\/span><\/em><\/strong><\/span><\/p>\n<p style=\"text-align: left;\"><span style=\"color: #800000;\"><span style=\"color: #424242;\"><strong><em><span style=\"font-size: 15px;\">Nie je mo\u017en\u00e9<\/span><\/em><\/strong><\/span><strong><em><span style=\"font-size: 15px;\"><span style=\"color: #424242;\">zvoli\u0165 p\u00e1r:<b> <\/b>samec a \u017eena. <span style=\"color: #3366ff;\">Na rozmno\u017eovanie tohto druhu v\u00e1m odpor\u00fa\u010dame k\u00fapi\u0165 si aspo\u0148 5 kusov, ale nie je to potrebn\u00e9, jedinec m\u00f4\u017ee \u017ei\u0165 s\u00e1m.<\/span><\/span><\/span><\/em><\/strong><\/span><\/p>\n<p style=\"text-align: left;\"><span style=\"color: #800000;\"><strong><em><span style=\"font-size: 15px;\"><span style=\"color: #424242;\"><span style=\"color: #3366ff;\"><strong style=\"color: #424242;\">\ud83d\udc99\u2b50\ufe0f\ud83e\ude75 <\/strong>Fluorescencia. Niektor\u00e9 druhy ter\u00e1riov\u00fdch \u017eivo\u010d\u00edchov o\u017eiaren\u00fdch UV svetlom za\u010dn\u00fa \u017eiari\u0165 modrozelenou farbou \ud83e\ude75\u2b50\ufe0f\ud83d\udc99. <\/span><\/span><\/span><\/em><\/strong><\/span><\/p>\n<p style=\"text-align: left;\"><span style=\"color: #424242;\"><strong><em><span style=\"font-size: 15px;\"><strong style=\"color: #424242;\"><span style=\"color: #800000;\"><span style=\"color: #3366ff;\">\ud83e\ude75<\/span><\/span> H\u013ead\u00e1te nie\u010do z\u00e1bavn\u00e9 na za\u010diatok?  <\/strong><span style=\"color: #3366ff;\">Mnohono\u017eky Spirobolellus sp. Maui s\u00fa kr\u00e1sne a \u013eahko udr\u017eiavate\u013en\u00e9 stvorenia, \u00faplne bezpe\u010dn\u00e9 pre \u013eud\u00ed, nehryz\u00fa. Maj\u00fa slab\u00e9 \u010de\u013euste, ktor\u00e9 s\u00fa prisp\u00f4soben\u00e9 na drvenie rastlinnej hmoty. Mnohono\u017eky uprednost\u0148uj\u00fa vlhk\u00e9 miesta, \u017eij\u00fa v vrchnej vrstve substr\u00e1tu a \u017eivia sa listami, viaczlo\u017ekov\u00fdm substr\u00e1tom ur\u010den\u00fdm na chov mnohono\u017eiek, ako aj zeleniny a ovocia.   <\/span><\/span><\/em><\/strong><\/span><\/p>\n","protected":false},"excerpt":{"rendered":"<ul>\n<li>Cie\u013eov\u00e1 ve\u013ekos\u0165:\n<ul>\n<li>asi 4-5 cm<\/li>\n<\/ul>\n<\/li>\n<li>Pon\u00fakan\u00e9 ml\u00e1\u010fat\u00e1:\n<ul>\n<li>Ok. 2-3 cm<\/li>\n<\/ul>\n<\/li>\n<li>Cena sa vz\u0165ahuje na:\n<ul>\n<li>1 ks<\/li>\n<\/ul>\n<\/li>\n<\/ul>\n","protected":false},"featured_media":6295,"template":"","meta":{"_acf_changed":false,"_links_to":"","_links_to_target":""},"product_cat":[153],"product_tag":[],"class_list":{"0":"post-6292","1":"product","2":"type-product","3":"status-publish","4":"has-post-thumbnail","6":"product_cat-wije-sk","8":"first","9":"outofstock","10":"shipping-taxable","11":"purchasable","12":"product-type-simple"},"acf":[],"yoast_head":"<!-- This site is optimized with the Yoast SEO plugin v24.9 - https:\/\/yoast.com\/wordpress\/plugins\/seo\/ -->\n<title>Spirobolellus sp. Maui&quot;Fluorescencia pod UV svetlom&quot; | MegaPets<\/title>\n<meta name=\"robots\" content=\"index, follow, max-snippet:-1, max-image-preview:large, max-video-preview:-1\" \/>\n<link rel=\"canonical\" href=\"https:\/\/megapets.eu\/sk\/wije-sk\/spirobolellus-sp-mauifluorescencia-pod-uv-svetlom\/\" \/>\n<meta property=\"og:locale\" content=\"sk_SK\" \/>\n<meta property=\"og:type\" content=\"article\" \/>\n<meta property=\"og:title\" content=\"Spirobolellus sp. Maui&quot;Fluorescencia pod UV svetlom&quot; | MegaPets\" \/>\n<meta property=\"og:description\" content=\"Cie\u013eov\u00e1 ve\u013ekos\u0165:  asi 4-5 cm   Pon\u00fakan\u00e9 ml\u00e1\u010fat\u00e1:  Ok. 2-3 cm   Cena sa vz\u0165ahuje na:  1 ks\" \/>\n<meta property=\"og:url\" content=\"https:\/\/megapets.eu\/sk\/wije-sk\/spirobolellus-sp-mauifluorescencia-pod-uv-svetlom\/\" \/>\n<meta property=\"og:site_name\" content=\"MegaPets\" \/>\n<meta property=\"article:publisher\" content=\"https:\/\/www.facebook.com\/MegaPets.eu\/\" \/>\n<meta property=\"article:modified_time\" content=\"2025-08-13T14:58:55+00:00\" \/>\n<meta property=\"og:image\" content=\"https:\/\/megapets.eu\/wp-content\/uploads\/2024\/10\/1-9765-1024x691.png\" \/>\n\t<meta property=\"og:image:width\" content=\"1024\" \/>\n\t<meta property=\"og:image:height\" content=\"691\" \/>\n\t<meta property=\"og:image:type\" content=\"image\/png\" \/>\n<meta name=\"twitter:card\" content=\"summary_large_image\" \/>\n<meta name=\"twitter:label1\" content=\"Predpokladan\u00fd \u010das \u010d\u00edtania\" \/>\n\t<meta name=\"twitter:data1\" content=\"1 min\u00fata\" \/>\n<script type=\"application\/ld+json\" class=\"yoast-schema-graph\">{\"@context\":\"https:\/\/schema.org\",\"@graph\":[{\"@type\":\"WebPage\",\"@id\":\"https:\/\/megapets.eu\/sk\/wije-sk\/spirobolellus-sp-mauifluorescencia-pod-uv-svetlom\/\",\"url\":\"https:\/\/megapets.eu\/sk\/wije-sk\/spirobolellus-sp-mauifluorescencia-pod-uv-svetlom\/\",\"name\":\"Spirobolellus sp. Maui \\\"Fluorescencia pod UV svetlom\\\" | MegaPets\",\"isPartOf\":{\"@id\":\"https:\/\/megapets.eu\/sk\/#website\"},\"primaryImageOfPage\":{\"@id\":\"https:\/\/megapets.eu\/sk\/wije-sk\/spirobolellus-sp-mauifluorescencia-pod-uv-svetlom\/#primaryimage\"},\"image\":{\"@id\":\"https:\/\/megapets.eu\/sk\/wije-sk\/spirobolellus-sp-mauifluorescencia-pod-uv-svetlom\/#primaryimage\"},\"thumbnailUrl\":\"https:\/\/megapets.eu\/wp-content\/uploads\/2024\/10\/1-9765.png\",\"datePublished\":\"2024-10-05T12:01:38+00:00\",\"dateModified\":\"2025-08-13T14:58:55+00:00\",\"breadcrumb\":{\"@id\":\"https:\/\/megapets.eu\/sk\/wije-sk\/spirobolellus-sp-mauifluorescencia-pod-uv-svetlom\/#breadcrumb\"},\"inLanguage\":\"sk-SK\",\"potentialAction\":[{\"@type\":\"ReadAction\",\"target\":[\"https:\/\/megapets.eu\/sk\/wije-sk\/spirobolellus-sp-mauifluorescencia-pod-uv-svetlom\/\"]}]},{\"@type\":\"ImageObject\",\"inLanguage\":\"sk-SK\",\"@id\":\"https:\/\/megapets.eu\/sk\/wije-sk\/spirobolellus-sp-mauifluorescencia-pod-uv-svetlom\/#primaryimage\",\"url\":\"https:\/\/megapets.eu\/wp-content\/uploads\/2024\/10\/1-9765.png\",\"contentUrl\":\"https:\/\/megapets.eu\/wp-content\/uploads\/2024\/10\/1-9765.png\",\"width\":3092,\"height\":2088},{\"@type\":\"BreadcrumbList\",\"@id\":\"https:\/\/megapets.eu\/sk\/wije-sk\/spirobolellus-sp-mauifluorescencia-pod-uv-svetlom\/#breadcrumb\",\"itemListElement\":[{\"@type\":\"ListItem\",\"position\":1,\"name\":\"Strona g\u0142\u00f3wna\",\"item\":\"https:\/\/megapets.eu\/sk\/\"},{\"@type\":\"ListItem\",\"position\":2,\"name\":\"Obchod\",\"item\":\"https:\/\/megapets.eu\/obchod\/\"},{\"@type\":\"ListItem\",\"position\":3,\"name\":\"Spirobolellus sp. Maui&#8222;Fluorescencia pod UV svetlom\\\"\"}]},{\"@type\":\"WebSite\",\"@id\":\"https:\/\/megapets.eu\/sk\/#website\",\"url\":\"https:\/\/megapets.eu\/sk\/\",\"name\":\"Mega Pets\",\"description\":\"Jedna z najwi\u0119kszych hodowli \u015blimak\u00f3w w Europie\",\"publisher\":{\"@id\":\"https:\/\/megapets.eu\/sk\/#organization\"},\"alternateName\":\"Mega Pets\",\"potentialAction\":[{\"@type\":\"SearchAction\",\"target\":{\"@type\":\"EntryPoint\",\"urlTemplate\":\"https:\/\/megapets.eu\/sk\/?s={search_term_string}\"},\"query-input\":{\"@type\":\"PropertyValueSpecification\",\"valueRequired\":true,\"valueName\":\"search_term_string\"}}],\"inLanguage\":\"sk-SK\"},{\"@type\":\"Organization\",\"@id\":\"https:\/\/megapets.eu\/sk\/#organization\",\"name\":\"Mega Pets\",\"url\":\"https:\/\/megapets.eu\/sk\/\",\"logo\":{\"@type\":\"ImageObject\",\"inLanguage\":\"sk-SK\",\"@id\":\"https:\/\/megapets.eu\/sk\/#\/schema\/logo\/image\/\",\"url\":\"https:\/\/megapets.eu\/wp-content\/uploads\/2025\/04\/megapets_eu-logo.png\",\"contentUrl\":\"https:\/\/megapets.eu\/wp-content\/uploads\/2025\/04\/megapets_eu-logo.png\",\"width\":2362,\"height\":2362,\"caption\":\"Mega Pets\"},\"image\":{\"@id\":\"https:\/\/megapets.eu\/sk\/#\/schema\/logo\/image\/\"},\"sameAs\":[\"https:\/\/www.facebook.com\/MegaPets.eu\/\"]}]}<\/script>\n<!-- \/ Yoast SEO plugin. -->","yoast_head_json":{"title":"Spirobolellus sp. Maui\"Fluorescencia pod UV svetlom\" | MegaPets","robots":{"index":"index","follow":"follow","max-snippet":"max-snippet:-1","max-image-preview":"max-image-preview:large","max-video-preview":"max-video-preview:-1"},"canonical":"https:\/\/megapets.eu\/sk\/wije-sk\/spirobolellus-sp-mauifluorescencia-pod-uv-svetlom\/","og_locale":"sk_SK","og_type":"article","og_title":"Spirobolellus sp. Maui\"Fluorescencia pod UV svetlom\" | MegaPets","og_description":"Cie\u013eov\u00e1 ve\u013ekos\u0165:  asi 4-5 cm   Pon\u00fakan\u00e9 ml\u00e1\u010fat\u00e1:  Ok. 2-3 cm   Cena sa vz\u0165ahuje na:  1 ks","og_url":"https:\/\/megapets.eu\/sk\/wije-sk\/spirobolellus-sp-mauifluorescencia-pod-uv-svetlom\/","og_site_name":"MegaPets","article_publisher":"https:\/\/www.facebook.com\/MegaPets.eu\/","article_modified_time":"2025-08-13T14:58:55+00:00","og_image":[{"width":1024,"height":691,"url":"https:\/\/megapets.eu\/wp-content\/uploads\/2024\/10\/1-9765-1024x691.png","type":"image\/png"}],"twitter_card":"summary_large_image","twitter_misc":{"Predpokladan\u00fd \u010das \u010d\u00edtania":"1 min\u00fata"},"schema":{"@context":"https:\/\/schema.org","@graph":[{"@type":"WebPage","@id":"https:\/\/megapets.eu\/sk\/wije-sk\/spirobolellus-sp-mauifluorescencia-pod-uv-svetlom\/","url":"https:\/\/megapets.eu\/sk\/wije-sk\/spirobolellus-sp-mauifluorescencia-pod-uv-svetlom\/","name":"Spirobolellus sp. Maui \"Fluorescencia pod UV svetlom\" | MegaPets","isPartOf":{"@id":"https:\/\/megapets.eu\/sk\/#website"},"primaryImageOfPage":{"@id":"https:\/\/megapets.eu\/sk\/wije-sk\/spirobolellus-sp-mauifluorescencia-pod-uv-svetlom\/#primaryimage"},"image":{"@id":"https:\/\/megapets.eu\/sk\/wije-sk\/spirobolellus-sp-mauifluorescencia-pod-uv-svetlom\/#primaryimage"},"thumbnailUrl":"https:\/\/megapets.eu\/wp-content\/uploads\/2024\/10\/1-9765.png","datePublished":"2024-10-05T12:01:38+00:00","dateModified":"2025-08-13T14:58:55+00:00","breadcrumb":{"@id":"https:\/\/megapets.eu\/sk\/wije-sk\/spirobolellus-sp-mauifluorescencia-pod-uv-svetlom\/#breadcrumb"},"inLanguage":"sk-SK","potentialAction":[{"@type":"ReadAction","target":["https:\/\/megapets.eu\/sk\/wije-sk\/spirobolellus-sp-mauifluorescencia-pod-uv-svetlom\/"]}]},{"@type":"ImageObject","inLanguage":"sk-SK","@id":"https:\/\/megapets.eu\/sk\/wije-sk\/spirobolellus-sp-mauifluorescencia-pod-uv-svetlom\/#primaryimage","url":"https:\/\/megapets.eu\/wp-content\/uploads\/2024\/10\/1-9765.png","contentUrl":"https:\/\/megapets.eu\/wp-content\/uploads\/2024\/10\/1-9765.png","width":3092,"height":2088},{"@type":"BreadcrumbList","@id":"https:\/\/megapets.eu\/sk\/wije-sk\/spirobolellus-sp-mauifluorescencia-pod-uv-svetlom\/#breadcrumb","itemListElement":[{"@type":"ListItem","position":1,"name":"Strona g\u0142\u00f3wna","item":"https:\/\/megapets.eu\/sk\/"},{"@type":"ListItem","position":2,"name":"Obchod","item":"https:\/\/megapets.eu\/obchod\/"},{"@type":"ListItem","position":3,"name":"Spirobolellus sp. Maui&#8222;Fluorescencia pod UV svetlom\""}]},{"@type":"WebSite","@id":"https:\/\/megapets.eu\/sk\/#website","url":"https:\/\/megapets.eu\/sk\/","name":"Mega Pets","description":"Jedna z najwi\u0119kszych hodowli \u015blimak\u00f3w w Europie","publisher":{"@id":"https:\/\/megapets.eu\/sk\/#organization"},"alternateName":"Mega Pets","potentialAction":[{"@type":"SearchAction","target":{"@type":"EntryPoint","urlTemplate":"https:\/\/megapets.eu\/sk\/?s={search_term_string}"},"query-input":{"@type":"PropertyValueSpecification","valueRequired":true,"valueName":"search_term_string"}}],"inLanguage":"sk-SK"},{"@type":"Organization","@id":"https:\/\/megapets.eu\/sk\/#organization","name":"Mega Pets","url":"https:\/\/megapets.eu\/sk\/","logo":{"@type":"ImageObject","inLanguage":"sk-SK","@id":"https:\/\/megapets.eu\/sk\/#\/schema\/logo\/image\/","url":"https:\/\/megapets.eu\/wp-content\/uploads\/2025\/04\/megapets_eu-logo.png","contentUrl":"https:\/\/megapets.eu\/wp-content\/uploads\/2025\/04\/megapets_eu-logo.png","width":2362,"height":2362,"caption":"Mega Pets"},"image":{"@id":"https:\/\/megapets.eu\/sk\/#\/schema\/logo\/image\/"},"sameAs":["https:\/\/www.facebook.com\/MegaPets.eu\/"]}]}},"_links":{"self":[{"href":"https:\/\/megapets.eu\/sk\/wp-json\/wp\/v2\/product\/6292","targetHints":{"allow":["GET"]}}],"collection":[{"href":"https:\/\/megapets.eu\/sk\/wp-json\/wp\/v2\/product"}],"about":[{"href":"https:\/\/megapets.eu\/sk\/wp-json\/wp\/v2\/types\/product"}],"wp:featuredmedia":[{"embeddable":true,"href":"https:\/\/megapets.eu\/sk\/wp-json\/wp\/v2\/media\/6295"}],"wp:attachment":[{"href":"https:\/\/megapets.eu\/sk\/wp-json\/wp\/v2\/media?parent=6292"}],"wp:term":[{"taxonomy":"product_cat","embeddable":true,"href":"https:\/\/megapets.eu\/sk\/wp-json\/wp\/v2\/product_cat?post=6292"},{"taxonomy":"product_tag","embeddable":true,"href":"https:\/\/megapets.eu\/sk\/wp-json\/wp\/v2\/product_tag?post=6292"}],"curies":[{"name":"wp","href":"https:\/\/api.w.org\/{rel}","templated":true}]}}