{"id":6305,"date":"2024-10-04T15:41:08","date_gmt":"2024-10-04T15:41:08","guid":{"rendered":"https:\/\/megapets.eu\/nezaraden\u00e9\/doplnkove-krmivo-pre-izopody-50-gpre-izopody-a-zmije\/"},"modified":"2025-11-17T11:11:37","modified_gmt":"2025-11-17T11:11:37","slug":"doplnkove-krmivo-pre-izopody-50-gpre-izopody-a-zmije","status":"publish","type":"product","link":"https:\/\/megapets.eu\/sk\/prislusenstvo\/doplnkove-krmivo-pre-izopody-50-gpre-izopody-a-zmije\/","title":{"rendered":"&#8222;Doplnkov\u00e9 krmivo pre izopody&#8220; 50 g<br \/>pre izopody a zmije"},"content":{"rendered":"<p><strong><span style=\"color: #e87020; font-size: 15px;\"><em>Balenie doplnkov\u00e9ho krmiva pre izop\u00f3dy 50 g pre izop\u00f3dy a zmije<\/em><\/span><\/strong><\/p>\n<p><strong><span style=\"color: #e87020; font-size: 15px;\"><em>Zdroj bielkov\u00edn: rastlinn\u00e9 a \u017eivo\u010d\u00ed\u0161ne.<\/em><\/span><\/strong><\/p>\n<p><strong><span style=\"color: #e87020; font-size: 15px;\"><em>Cena je za 1 balenie.<\/em><\/span><\/strong><\/p>\n<p><em><span style=\"color: #424242;\"><strong><span style=\"font-size: 15px;\">&#8222;Doplnkov\u00e9 krmivo pre izopody&#8220; je ide\u00e1lne na chov izopodov, zmij\u00ed, krokod\u00edlov, exotick\u00fdch \u0161v\u00e1bov at\u010f.<\/span><\/strong><\/span><\/em><\/p>\n<p><em><span style=\"color: #424242;\"><strong><span style=\"font-size: 15px;\">D\u00e1vkovanie: z\u013eahka posypte \u010das\u0165 krmiva.<\/span><\/strong><\/span><\/em><\/p>\n","protected":false},"excerpt":{"rendered":"<ul class=\"product_attributes\">\n<li><span style=\"color: #555555;\">Zdroj bielkov\u00edn:<\/span> rastlinn\u00e9 a \u017eivo\u010d\u00ed\u0161ne<\/li>\n<li><span style=\"color: #555555;\">Balenie obsahuje:<\/span> 50 g<\/li>\n<li><span style=\"color: #555555;\">Cena plat\u00ed pre:<\/span> Cena plat\u00ed pre 1 balenie.<\/li>\n<\/ul>\n","protected":false},"featured_media":6318,"template":"","meta":{"_acf_changed":false,"_links_to":"","_links_to_target":""},"product_cat":[146],"product_tag":[149,150,148],"class_list":{"0":"post-6305","1":"product","2":"type-product","3":"status-publish","4":"has-post-thumbnail","6":"product_cat-prislusenstvo","7":"product_tag-pre-izopody","8":"product_tag-pre-svaby","9":"product_tag-pre-uskoky","11":"first","12":"instock","13":"shipping-taxable","14":"purchasable","15":"product-type-simple"},"acf":[],"yoast_head":"<!-- This site is optimized with the Yoast SEO plugin v24.9 - https:\/\/yoast.com\/wordpress\/plugins\/seo\/ -->\n<title>&quot;Doplnkov\u00e9 krmivo pre izopody&quot; 50 gpre izopody a zmije | MegaPets<\/title>\n<meta name=\"robots\" content=\"index, follow, max-snippet:-1, max-image-preview:large, max-video-preview:-1\" \/>\n<link rel=\"canonical\" href=\"https:\/\/megapets.eu\/sk\/prislusenstvo\/doplnkove-krmivo-pre-izopody-50-gpre-izopody-a-zmije\/\" \/>\n<meta property=\"og:locale\" content=\"sk_SK\" \/>\n<meta property=\"og:type\" content=\"article\" \/>\n<meta property=\"og:title\" content=\"&quot;Doplnkov\u00e9 krmivo pre izopody&quot; 50 gpre izopody a zmije | MegaPets\" \/>\n<meta property=\"og:description\" content=\"Zdroj bielkov\u00edn: rastlinn\u00e9 a \u017eivo\u010d\u00ed\u0161ne  Balenie obsahuje: 50 g  Cena plat\u00ed pre: Cena plat\u00ed pre 1 balenie.\" \/>\n<meta property=\"og:url\" content=\"https:\/\/megapets.eu\/sk\/prislusenstvo\/doplnkove-krmivo-pre-izopody-50-gpre-izopody-a-zmije\/\" \/>\n<meta property=\"og:site_name\" content=\"MegaPets\" \/>\n<meta property=\"article:publisher\" content=\"https:\/\/www.facebook.com\/MegaPets.eu\/\" \/>\n<meta property=\"article:modified_time\" content=\"2025-11-17T11:11:37+00:00\" \/>\n<meta property=\"og:image\" content=\"https:\/\/megapets.eu\/wp-content\/uploads\/2024\/10\/3-1.png\" \/>\n\t<meta property=\"og:image:width\" content=\"1021\" \/>\n\t<meta property=\"og:image:height\" content=\"651\" \/>\n\t<meta property=\"og:image:type\" content=\"image\/png\" \/>\n<meta name=\"twitter:card\" content=\"summary_large_image\" \/>\n<script type=\"application\/ld+json\" class=\"yoast-schema-graph\">{\"@context\":\"https:\/\/schema.org\",\"@graph\":[{\"@type\":\"WebPage\",\"@id\":\"https:\/\/megapets.eu\/sk\/prislusenstvo\/doplnkove-krmivo-pre-izopody-50-gpre-izopody-a-zmije\/\",\"url\":\"https:\/\/megapets.eu\/sk\/prislusenstvo\/doplnkove-krmivo-pre-izopody-50-gpre-izopody-a-zmije\/\",\"name\":\"\\\"Doplnkov\u00e9 krmivo pre izopody\\\" 50 g pre izopody a zmije | MegaPets\",\"isPartOf\":{\"@id\":\"https:\/\/megapets.eu\/sk\/#website\"},\"primaryImageOfPage\":{\"@id\":\"https:\/\/megapets.eu\/sk\/prislusenstvo\/doplnkove-krmivo-pre-izopody-50-gpre-izopody-a-zmije\/#primaryimage\"},\"image\":{\"@id\":\"https:\/\/megapets.eu\/sk\/prislusenstvo\/doplnkove-krmivo-pre-izopody-50-gpre-izopody-a-zmije\/#primaryimage\"},\"thumbnailUrl\":\"https:\/\/megapets.eu\/wp-content\/uploads\/2024\/10\/3-1.png\",\"datePublished\":\"2024-10-04T15:41:08+00:00\",\"dateModified\":\"2025-11-17T11:11:37+00:00\",\"breadcrumb\":{\"@id\":\"https:\/\/megapets.eu\/sk\/prislusenstvo\/doplnkove-krmivo-pre-izopody-50-gpre-izopody-a-zmije\/#breadcrumb\"},\"inLanguage\":\"sk-SK\",\"potentialAction\":[{\"@type\":\"ReadAction\",\"target\":[\"https:\/\/megapets.eu\/sk\/prislusenstvo\/doplnkove-krmivo-pre-izopody-50-gpre-izopody-a-zmije\/\"]}]},{\"@type\":\"ImageObject\",\"inLanguage\":\"sk-SK\",\"@id\":\"https:\/\/megapets.eu\/sk\/prislusenstvo\/doplnkove-krmivo-pre-izopody-50-gpre-izopody-a-zmije\/#primaryimage\",\"url\":\"https:\/\/megapets.eu\/wp-content\/uploads\/2024\/10\/3-1.png\",\"contentUrl\":\"https:\/\/megapets.eu\/wp-content\/uploads\/2024\/10\/3-1.png\",\"width\":1021,\"height\":651},{\"@type\":\"BreadcrumbList\",\"@id\":\"https:\/\/megapets.eu\/sk\/prislusenstvo\/doplnkove-krmivo-pre-izopody-50-gpre-izopody-a-zmije\/#breadcrumb\",\"itemListElement\":[{\"@type\":\"ListItem\",\"position\":1,\"name\":\"Strona g\u0142\u00f3wna\",\"item\":\"https:\/\/megapets.eu\/sk\/\"},{\"@type\":\"ListItem\",\"position\":2,\"name\":\"Obchod\",\"item\":\"https:\/\/megapets.eu\/obchod\/\"},{\"@type\":\"ListItem\",\"position\":3,\"name\":\"&#8222;Doplnkov\u00e9 krmivo pre izopody\\\" 50 gpre izopody a zmije\"}]},{\"@type\":\"WebSite\",\"@id\":\"https:\/\/megapets.eu\/sk\/#website\",\"url\":\"https:\/\/megapets.eu\/sk\/\",\"name\":\"Mega Pets\",\"description\":\"Jedna z najwi\u0119kszych hodowli \u015blimak\u00f3w w Europie\",\"publisher\":{\"@id\":\"https:\/\/megapets.eu\/sk\/#organization\"},\"alternateName\":\"Mega Pets\",\"potentialAction\":[{\"@type\":\"SearchAction\",\"target\":{\"@type\":\"EntryPoint\",\"urlTemplate\":\"https:\/\/megapets.eu\/sk\/?s={search_term_string}\"},\"query-input\":{\"@type\":\"PropertyValueSpecification\",\"valueRequired\":true,\"valueName\":\"search_term_string\"}}],\"inLanguage\":\"sk-SK\"},{\"@type\":\"Organization\",\"@id\":\"https:\/\/megapets.eu\/sk\/#organization\",\"name\":\"Mega Pets\",\"url\":\"https:\/\/megapets.eu\/sk\/\",\"logo\":{\"@type\":\"ImageObject\",\"inLanguage\":\"sk-SK\",\"@id\":\"https:\/\/megapets.eu\/sk\/#\/schema\/logo\/image\/\",\"url\":\"https:\/\/megapets.eu\/wp-content\/uploads\/2025\/04\/megapets_eu-logo.png\",\"contentUrl\":\"https:\/\/megapets.eu\/wp-content\/uploads\/2025\/04\/megapets_eu-logo.png\",\"width\":2362,\"height\":2362,\"caption\":\"Mega Pets\"},\"image\":{\"@id\":\"https:\/\/megapets.eu\/sk\/#\/schema\/logo\/image\/\"},\"sameAs\":[\"https:\/\/www.facebook.com\/MegaPets.eu\/\"]}]}<\/script>\n<!-- \/ Yoast SEO plugin. -->","yoast_head_json":{"title":"\"Doplnkov\u00e9 krmivo pre izopody\" 50 gpre izopody a zmije | MegaPets","robots":{"index":"index","follow":"follow","max-snippet":"max-snippet:-1","max-image-preview":"max-image-preview:large","max-video-preview":"max-video-preview:-1"},"canonical":"https:\/\/megapets.eu\/sk\/prislusenstvo\/doplnkove-krmivo-pre-izopody-50-gpre-izopody-a-zmije\/","og_locale":"sk_SK","og_type":"article","og_title":"\"Doplnkov\u00e9 krmivo pre izopody\" 50 gpre izopody a zmije | MegaPets","og_description":"Zdroj bielkov\u00edn: rastlinn\u00e9 a \u017eivo\u010d\u00ed\u0161ne  Balenie obsahuje: 50 g  Cena plat\u00ed pre: Cena plat\u00ed pre 1 balenie.","og_url":"https:\/\/megapets.eu\/sk\/prislusenstvo\/doplnkove-krmivo-pre-izopody-50-gpre-izopody-a-zmije\/","og_site_name":"MegaPets","article_publisher":"https:\/\/www.facebook.com\/MegaPets.eu\/","article_modified_time":"2025-11-17T11:11:37+00:00","og_image":[{"width":1021,"height":651,"url":"https:\/\/megapets.eu\/wp-content\/uploads\/2024\/10\/3-1.png","type":"image\/png"}],"twitter_card":"summary_large_image","schema":{"@context":"https:\/\/schema.org","@graph":[{"@type":"WebPage","@id":"https:\/\/megapets.eu\/sk\/prislusenstvo\/doplnkove-krmivo-pre-izopody-50-gpre-izopody-a-zmije\/","url":"https:\/\/megapets.eu\/sk\/prislusenstvo\/doplnkove-krmivo-pre-izopody-50-gpre-izopody-a-zmije\/","name":"\"Doplnkov\u00e9 krmivo pre izopody\" 50 g pre izopody a zmije | MegaPets","isPartOf":{"@id":"https:\/\/megapets.eu\/sk\/#website"},"primaryImageOfPage":{"@id":"https:\/\/megapets.eu\/sk\/prislusenstvo\/doplnkove-krmivo-pre-izopody-50-gpre-izopody-a-zmije\/#primaryimage"},"image":{"@id":"https:\/\/megapets.eu\/sk\/prislusenstvo\/doplnkove-krmivo-pre-izopody-50-gpre-izopody-a-zmije\/#primaryimage"},"thumbnailUrl":"https:\/\/megapets.eu\/wp-content\/uploads\/2024\/10\/3-1.png","datePublished":"2024-10-04T15:41:08+00:00","dateModified":"2025-11-17T11:11:37+00:00","breadcrumb":{"@id":"https:\/\/megapets.eu\/sk\/prislusenstvo\/doplnkove-krmivo-pre-izopody-50-gpre-izopody-a-zmije\/#breadcrumb"},"inLanguage":"sk-SK","potentialAction":[{"@type":"ReadAction","target":["https:\/\/megapets.eu\/sk\/prislusenstvo\/doplnkove-krmivo-pre-izopody-50-gpre-izopody-a-zmije\/"]}]},{"@type":"ImageObject","inLanguage":"sk-SK","@id":"https:\/\/megapets.eu\/sk\/prislusenstvo\/doplnkove-krmivo-pre-izopody-50-gpre-izopody-a-zmije\/#primaryimage","url":"https:\/\/megapets.eu\/wp-content\/uploads\/2024\/10\/3-1.png","contentUrl":"https:\/\/megapets.eu\/wp-content\/uploads\/2024\/10\/3-1.png","width":1021,"height":651},{"@type":"BreadcrumbList","@id":"https:\/\/megapets.eu\/sk\/prislusenstvo\/doplnkove-krmivo-pre-izopody-50-gpre-izopody-a-zmije\/#breadcrumb","itemListElement":[{"@type":"ListItem","position":1,"name":"Strona g\u0142\u00f3wna","item":"https:\/\/megapets.eu\/sk\/"},{"@type":"ListItem","position":2,"name":"Obchod","item":"https:\/\/megapets.eu\/obchod\/"},{"@type":"ListItem","position":3,"name":"&#8222;Doplnkov\u00e9 krmivo pre izopody\" 50 gpre izopody a zmije"}]},{"@type":"WebSite","@id":"https:\/\/megapets.eu\/sk\/#website","url":"https:\/\/megapets.eu\/sk\/","name":"Mega Pets","description":"Jedna z najwi\u0119kszych hodowli \u015blimak\u00f3w w Europie","publisher":{"@id":"https:\/\/megapets.eu\/sk\/#organization"},"alternateName":"Mega Pets","potentialAction":[{"@type":"SearchAction","target":{"@type":"EntryPoint","urlTemplate":"https:\/\/megapets.eu\/sk\/?s={search_term_string}"},"query-input":{"@type":"PropertyValueSpecification","valueRequired":true,"valueName":"search_term_string"}}],"inLanguage":"sk-SK"},{"@type":"Organization","@id":"https:\/\/megapets.eu\/sk\/#organization","name":"Mega Pets","url":"https:\/\/megapets.eu\/sk\/","logo":{"@type":"ImageObject","inLanguage":"sk-SK","@id":"https:\/\/megapets.eu\/sk\/#\/schema\/logo\/image\/","url":"https:\/\/megapets.eu\/wp-content\/uploads\/2025\/04\/megapets_eu-logo.png","contentUrl":"https:\/\/megapets.eu\/wp-content\/uploads\/2025\/04\/megapets_eu-logo.png","width":2362,"height":2362,"caption":"Mega Pets"},"image":{"@id":"https:\/\/megapets.eu\/sk\/#\/schema\/logo\/image\/"},"sameAs":["https:\/\/www.facebook.com\/MegaPets.eu\/"]}]}},"_links":{"self":[{"href":"https:\/\/megapets.eu\/sk\/wp-json\/wp\/v2\/product\/6305","targetHints":{"allow":["GET"]}}],"collection":[{"href":"https:\/\/megapets.eu\/sk\/wp-json\/wp\/v2\/product"}],"about":[{"href":"https:\/\/megapets.eu\/sk\/wp-json\/wp\/v2\/types\/product"}],"wp:featuredmedia":[{"embeddable":true,"href":"https:\/\/megapets.eu\/sk\/wp-json\/wp\/v2\/media\/6318"}],"wp:attachment":[{"href":"https:\/\/megapets.eu\/sk\/wp-json\/wp\/v2\/media?parent=6305"}],"wp:term":[{"taxonomy":"product_cat","embeddable":true,"href":"https:\/\/megapets.eu\/sk\/wp-json\/wp\/v2\/product_cat?post=6305"},{"taxonomy":"product_tag","embeddable":true,"href":"https:\/\/megapets.eu\/sk\/wp-json\/wp\/v2\/product_tag?post=6305"}],"curies":[{"name":"wp","href":"https:\/\/api.w.org\/{rel}","templated":true}]}}