{"id":9353,"date":"2025-06-28T06:51:42","date_gmt":"2025-06-28T06:51:42","guid":{"rendered":"https:\/\/megapets.eu\/?post_type=product&#038;p=9353"},"modified":"2025-08-07T12:43:26","modified_gmt":"2025-08-07T12:43:26","slug":"archachatina-marginata-ovum-xxlstandard-par-p10-kopia","status":"publish","type":"product","link":"https:\/\/megapets.eu\/sk\/slimaky\/archachatina-marginata-ovum-xxlstandard-par-p10-kopia\/","title":{"rendered":"Archachatina marginata vaj\u00ed\u010dko XXL <br> \u0161tandardn\u00fd\/p\u00e1r P11"},"content":{"rendered":"<p class=\"v1v1v1v1MsoNormal\"><span style=\"color: #424242; font-size: 15px;\"><em><span style=\"color: #000000;\"><strong>\u017d\u00e1ner:<\/strong> <\/span><\/em><span style=\"color: #000000;\"><em>Archachatina marginata vaj\u00ed\u010dko (L. Pfeiffer, 1858)<\/em><\/span><em><br \/>\n<strong><span style=\"color: #000000;\">\u0160peci\u00e1lne ozna\u010denie l\u00ednie: <\/span><\/strong><\/em> <em><span style=\"color: #000000;\">&#8222;XXL&#8220;<\/span><\/em><em><br \/>\n<span style=\"color: #000000;\"><strong>Farebn\u00e1 odroda<\/strong>:<\/span><\/em> <em><span style=\"color: #000000;\">  \u0161tandard<\/span><\/em><\/span><\/p>\n<p style=\"text-align: left;\"><span style=\"font-size: 15px;\"><span style=\"color: #000000;\"><em><img loading=\"lazy\" decoding=\"async\" class=\"\" src=\"https:\/\/static.xx.fbcdn.net\/images\/emoji.php\/v9\/ta\/1\/32\/1f525.png\" alt=\"\ud83d\udd25\" width=\"18\" height=\"18\"> <\/em><\/span><em style=\"color: #000000;\"><span style=\"color: #008000;\"><span style=\"color: #424242;\"><span style=\"color: #993300;\">Jeden z najv\u00e4\u010d\u0161\u00edch suchozemsk\u00fdch slim\u00e1kov, nesporn\u00ed obri Archachatina marginata ovum XXL, v \u0161tandardnej farebnej odrode, zaujm\u00fa na prv\u00fd poh\u013ead svojou kolos\u00e1lnou ve\u013ekos\u0165ou. Hned\u00ed obri, zn\u00e1mi medzi milovn\u00edkmi slim\u00e1kov, dosahuj\u00fa p\u00f4sobiv\u00e9 rozmery \u2013 viac ako 16 cm mu\u0161l\u00ed. To v\u0161ak nie je limit \u2013 existuj\u00fa aj exempl\u00e1re v\u00fdnimo\u010dnej ve\u013ekosti, v rozmedz\u00ed od 18 do 20 cm.   Ulity skuto\u010dn\u00fdch obrov s\u00fa ve\u013emi \u0161irok\u00e9 a mas\u00edvne a jeden slim\u00e1k tohto druhu v\u00e1\u017ei viac ako pol kilogramu.<\/span><\/span><\/span><\/em><\/span><\/p>\n<p style=\"text-align: left;\"><span style=\"color: #000000; font-size: 15px;\"><em><span class=\"x1xsqp64 xiy17q3 x1o6pynw x19co3pv xdj266r xcwd3tp xat24cr x39eecv x2b8uid\" data-testid=\"emoji\"><span class=\"xexx8yu xn5pp95 x18d9i69 x2fxd7x x3jgonx x1bhl96m\"><img loading=\"lazy\" decoding=\"async\" class=\"\" src=\"https:\/\/static.xx.fbcdn.net\/images\/emoji.php\/v9\/t66\/1\/32\/1f4cc.png\" alt=\"\ud83d\udccc\" width=\"18\" height=\"18\">  Matn\u00e1 \u0161krupina nem\u00e1 jednotn\u00fa farebn\u00fa sch\u00e9mu \u2013 predstavuje \u0161k\u00e1lu od \u017eltej, oran\u017eovej, hnedej a\u017e po \u010dierne farby a ich odtiene r\u00f4znej intenzity a s\u00fdtosti. Pozadie mu\u0161l\u00ed je husto posiate v\u00fdrazn\u00fdmi pruhmi, cikcakmi a \u0161kvrnami. Pruhy, cikcaky a \u0161kvrny s\u00fa niekedy tak husto rozmiestnen\u00e9, \u017ee m\u00f4\u017eu takmer \u00faplne zakry\u0165 telesn\u00fa cievku \u0161krupiny a doda\u0165 jej s\u00fdtu oran\u017eovo-hned\u00fa farbu, alebo v\u00fdrazne stmavi\u0165 \u0161krupinu na intenz\u00edvne hnedo-\u010dierne odtiene.  <\/span><\/span><\/em><\/span><\/p>\n<p style=\"text-align: left;\"><span style=\"color: #000000; font-size: 15px;\"><em><img loading=\"lazy\" decoding=\"async\" class=\"xz74otr\" src=\"https:\/\/static.xx.fbcdn.net\/images\/emoji.php\/v9\/t1e\/1\/16\/1f33f.png\" alt=\"\ud83c\udf3f\" width=\"18\" height=\"18\"> <span style=\"color: #008000;\">Ako v\u00e4\u010d\u0161ina druhov rodu Archachatina, aj tieto slim\u00e1ky s\u00fa nen\u00e1ro\u010dn\u00e9 a dobre sa vyv\u00edjaj\u00fa v z\u00e1kladn\u00fdch podmienkach ustajnenia.<\/span><\/em><\/span><\/p>\n","protected":false},"excerpt":{"rendered":"<ul>\n<li>Od nepr\u00edbuzn\u00e9ho p\u00e1ru:\n<ul>\n<li>Str. 11<\/li>\n<\/ul>\n<\/li>\n<li>Cie\u013eov\u00e1 ve\u013ekos\u0165 \u0161krupiny:\n<ul>\n<li>cca 16 cm a viac <\/li>\n<\/ul>\n<\/li>\n<li>Pon\u00fakan\u00e9 ml\u00e1\u010fat\u00e1:\n<ul>\n<li>cca 5 cm <\/li>\n<\/ul>\n<\/li>\n<li>Cena sa vz\u0165ahuje na:\n<ul>\n<li>1 ks<\/li>\n<\/ul>\n<\/li>\n<\/ul>\n","protected":false},"featured_media":13505,"template":"","meta":{"_acf_changed":false,"_links_to":"","_links_to_target":""},"product_cat":[144],"product_tag":[],"class_list":{"0":"post-9353","1":"product","2":"type-product","3":"status-publish","4":"has-post-thumbnail","6":"product_cat-slimaky","8":"first","9":"instock","10":"shipping-taxable","11":"purchasable","12":"product-type-simple"},"acf":[],"yoast_head":"<!-- This site is optimized with the Yoast SEO plugin v24.9 - https:\/\/yoast.com\/wordpress\/plugins\/seo\/ -->\n<title>Archachatina marginata vaj\u00ed\u010dko XXL  \u0161tandardn\u00fd\/p\u00e1r P11 | MegaPets<\/title>\n<meta name=\"robots\" content=\"index, follow, max-snippet:-1, max-image-preview:large, max-video-preview:-1\" \/>\n<link rel=\"canonical\" href=\"https:\/\/megapets.eu\/sk\/slimaky\/archachatina-marginata-ovum-xxlstandard-par-p10-kopia\/\" \/>\n<meta property=\"og:locale\" content=\"sk_SK\" \/>\n<meta property=\"og:type\" content=\"article\" \/>\n<meta property=\"og:title\" content=\"Archachatina marginata vaj\u00ed\u010dko XXL  \u0161tandardn\u00fd\/p\u00e1r P11 | MegaPets\" \/>\n<meta property=\"og:description\" content=\"Od nepr\u00edbuzn\u00e9ho p\u00e1ru:  Str. 11   Cie\u013eov\u00e1 ve\u013ekos\u0165 \u0161krupiny:  cca 16 cm a viac   Pon\u00fakan\u00e9 ml\u00e1\u010fat\u00e1:  cca 5 cm   Cena sa vz\u0165ahuje na:  1 ks\" \/>\n<meta property=\"og:url\" content=\"https:\/\/megapets.eu\/sk\/slimaky\/archachatina-marginata-ovum-xxlstandard-par-p10-kopia\/\" \/>\n<meta property=\"og:site_name\" content=\"MegaPets\" \/>\n<meta property=\"article:publisher\" content=\"https:\/\/www.facebook.com\/MegaPets.eu\/\" \/>\n<meta property=\"article:modified_time\" content=\"2025-08-07T12:43:26+00:00\" \/>\n<meta property=\"og:image\" content=\"https:\/\/megapets.eu\/wp-content\/uploads\/2025\/06\/33-Hulk-P11.png\" \/>\n\t<meta property=\"og:image:width\" content=\"1037\" \/>\n\t<meta property=\"og:image:height\" content=\"685\" \/>\n\t<meta property=\"og:image:type\" content=\"image\/png\" \/>\n<meta name=\"twitter:card\" content=\"summary_large_image\" \/>\n<meta name=\"twitter:label1\" content=\"Predpokladan\u00fd \u010das \u010d\u00edtania\" \/>\n\t<meta name=\"twitter:data1\" content=\"1 min\u00fata\" \/>\n<script type=\"application\/ld+json\" class=\"yoast-schema-graph\">{\"@context\":\"https:\/\/schema.org\",\"@graph\":[{\"@type\":\"WebPage\",\"@id\":\"https:\/\/megapets.eu\/sk\/slimaky\/archachatina-marginata-ovum-xxlstandard-par-p10-kopia\/\",\"url\":\"https:\/\/megapets.eu\/sk\/slimaky\/archachatina-marginata-ovum-xxlstandard-par-p10-kopia\/\",\"name\":\"Archachatina marginata vaj\u00ed\u010dko XXL \u0161tandardn\u00fd\/p\u00e1r P11 | MegaPets\",\"isPartOf\":{\"@id\":\"https:\/\/megapets.eu\/sk\/#website\"},\"primaryImageOfPage\":{\"@id\":\"https:\/\/megapets.eu\/sk\/slimaky\/archachatina-marginata-ovum-xxlstandard-par-p10-kopia\/#primaryimage\"},\"image\":{\"@id\":\"https:\/\/megapets.eu\/sk\/slimaky\/archachatina-marginata-ovum-xxlstandard-par-p10-kopia\/#primaryimage\"},\"thumbnailUrl\":\"https:\/\/megapets.eu\/wp-content\/uploads\/2025\/06\/MegaPets_eu_optimized_main_photo.jpg\",\"datePublished\":\"2025-06-28T06:51:42+00:00\",\"dateModified\":\"2025-08-07T12:43:26+00:00\",\"breadcrumb\":{\"@id\":\"https:\/\/megapets.eu\/sk\/slimaky\/archachatina-marginata-ovum-xxlstandard-par-p10-kopia\/#breadcrumb\"},\"inLanguage\":\"sk-SK\",\"potentialAction\":[{\"@type\":\"ReadAction\",\"target\":[\"https:\/\/megapets.eu\/sk\/slimaky\/archachatina-marginata-ovum-xxlstandard-par-p10-kopia\/\"]}]},{\"@type\":\"ImageObject\",\"inLanguage\":\"sk-SK\",\"@id\":\"https:\/\/megapets.eu\/sk\/slimaky\/archachatina-marginata-ovum-xxlstandard-par-p10-kopia\/#primaryimage\",\"url\":\"https:\/\/megapets.eu\/wp-content\/uploads\/2025\/06\/MegaPets_eu_optimized_main_photo.jpg\",\"contentUrl\":\"https:\/\/megapets.eu\/wp-content\/uploads\/2025\/06\/MegaPets_eu_optimized_main_photo.jpg\",\"width\":1600,\"height\":1058},{\"@type\":\"BreadcrumbList\",\"@id\":\"https:\/\/megapets.eu\/sk\/slimaky\/archachatina-marginata-ovum-xxlstandard-par-p10-kopia\/#breadcrumb\",\"itemListElement\":[{\"@type\":\"ListItem\",\"position\":1,\"name\":\"Strona g\u0142\u00f3wna\",\"item\":\"https:\/\/megapets.eu\/sk\/\"},{\"@type\":\"ListItem\",\"position\":2,\"name\":\"Obchod\",\"item\":\"https:\/\/megapets.eu\/obchod\/\"},{\"@type\":\"ListItem\",\"position\":3,\"name\":\"Archachatina marginata vaj\u00ed\u010dko XXL \u0161tandardn\u00fd\/p\u00e1r P11\"}]},{\"@type\":\"WebSite\",\"@id\":\"https:\/\/megapets.eu\/sk\/#website\",\"url\":\"https:\/\/megapets.eu\/sk\/\",\"name\":\"Mega Pets\",\"description\":\"Jedna z najwi\u0119kszych hodowli \u015blimak\u00f3w w Europie\",\"publisher\":{\"@id\":\"https:\/\/megapets.eu\/sk\/#organization\"},\"alternateName\":\"Mega Pets\",\"potentialAction\":[{\"@type\":\"SearchAction\",\"target\":{\"@type\":\"EntryPoint\",\"urlTemplate\":\"https:\/\/megapets.eu\/sk\/?s={search_term_string}\"},\"query-input\":{\"@type\":\"PropertyValueSpecification\",\"valueRequired\":true,\"valueName\":\"search_term_string\"}}],\"inLanguage\":\"sk-SK\"},{\"@type\":\"Organization\",\"@id\":\"https:\/\/megapets.eu\/sk\/#organization\",\"name\":\"Mega Pets\",\"url\":\"https:\/\/megapets.eu\/sk\/\",\"logo\":{\"@type\":\"ImageObject\",\"inLanguage\":\"sk-SK\",\"@id\":\"https:\/\/megapets.eu\/sk\/#\/schema\/logo\/image\/\",\"url\":\"https:\/\/megapets.eu\/wp-content\/uploads\/2025\/04\/megapets_eu-logo.png\",\"contentUrl\":\"https:\/\/megapets.eu\/wp-content\/uploads\/2025\/04\/megapets_eu-logo.png\",\"width\":2362,\"height\":2362,\"caption\":\"Mega Pets\"},\"image\":{\"@id\":\"https:\/\/megapets.eu\/sk\/#\/schema\/logo\/image\/\"},\"sameAs\":[\"https:\/\/www.facebook.com\/MegaPets.eu\/\"]}]}<\/script>\n<!-- \/ Yoast SEO plugin. -->","yoast_head_json":{"title":"Archachatina marginata vaj\u00ed\u010dko XXL  \u0161tandardn\u00fd\/p\u00e1r P11 | MegaPets","robots":{"index":"index","follow":"follow","max-snippet":"max-snippet:-1","max-image-preview":"max-image-preview:large","max-video-preview":"max-video-preview:-1"},"canonical":"https:\/\/megapets.eu\/sk\/slimaky\/archachatina-marginata-ovum-xxlstandard-par-p10-kopia\/","og_locale":"sk_SK","og_type":"article","og_title":"Archachatina marginata vaj\u00ed\u010dko XXL  \u0161tandardn\u00fd\/p\u00e1r P11 | MegaPets","og_description":"Od nepr\u00edbuzn\u00e9ho p\u00e1ru:  Str. 11   Cie\u013eov\u00e1 ve\u013ekos\u0165 \u0161krupiny:  cca 16 cm a viac   Pon\u00fakan\u00e9 ml\u00e1\u010fat\u00e1:  cca 5 cm   Cena sa vz\u0165ahuje na:  1 ks","og_url":"https:\/\/megapets.eu\/sk\/slimaky\/archachatina-marginata-ovum-xxlstandard-par-p10-kopia\/","og_site_name":"MegaPets","article_publisher":"https:\/\/www.facebook.com\/MegaPets.eu\/","article_modified_time":"2025-08-07T12:43:26+00:00","og_image":[{"width":1037,"height":685,"url":"https:\/\/megapets.eu\/wp-content\/uploads\/2025\/06\/33-Hulk-P11.png","type":"image\/png"}],"twitter_card":"summary_large_image","twitter_misc":{"Predpokladan\u00fd \u010das \u010d\u00edtania":"1 min\u00fata"},"schema":{"@context":"https:\/\/schema.org","@graph":[{"@type":"WebPage","@id":"https:\/\/megapets.eu\/sk\/slimaky\/archachatina-marginata-ovum-xxlstandard-par-p10-kopia\/","url":"https:\/\/megapets.eu\/sk\/slimaky\/archachatina-marginata-ovum-xxlstandard-par-p10-kopia\/","name":"Archachatina marginata vaj\u00ed\u010dko XXL \u0161tandardn\u00fd\/p\u00e1r P11 | MegaPets","isPartOf":{"@id":"https:\/\/megapets.eu\/sk\/#website"},"primaryImageOfPage":{"@id":"https:\/\/megapets.eu\/sk\/slimaky\/archachatina-marginata-ovum-xxlstandard-par-p10-kopia\/#primaryimage"},"image":{"@id":"https:\/\/megapets.eu\/sk\/slimaky\/archachatina-marginata-ovum-xxlstandard-par-p10-kopia\/#primaryimage"},"thumbnailUrl":"https:\/\/megapets.eu\/wp-content\/uploads\/2025\/06\/MegaPets_eu_optimized_main_photo.jpg","datePublished":"2025-06-28T06:51:42+00:00","dateModified":"2025-08-07T12:43:26+00:00","breadcrumb":{"@id":"https:\/\/megapets.eu\/sk\/slimaky\/archachatina-marginata-ovum-xxlstandard-par-p10-kopia\/#breadcrumb"},"inLanguage":"sk-SK","potentialAction":[{"@type":"ReadAction","target":["https:\/\/megapets.eu\/sk\/slimaky\/archachatina-marginata-ovum-xxlstandard-par-p10-kopia\/"]}]},{"@type":"ImageObject","inLanguage":"sk-SK","@id":"https:\/\/megapets.eu\/sk\/slimaky\/archachatina-marginata-ovum-xxlstandard-par-p10-kopia\/#primaryimage","url":"https:\/\/megapets.eu\/wp-content\/uploads\/2025\/06\/MegaPets_eu_optimized_main_photo.jpg","contentUrl":"https:\/\/megapets.eu\/wp-content\/uploads\/2025\/06\/MegaPets_eu_optimized_main_photo.jpg","width":1600,"height":1058},{"@type":"BreadcrumbList","@id":"https:\/\/megapets.eu\/sk\/slimaky\/archachatina-marginata-ovum-xxlstandard-par-p10-kopia\/#breadcrumb","itemListElement":[{"@type":"ListItem","position":1,"name":"Strona g\u0142\u00f3wna","item":"https:\/\/megapets.eu\/sk\/"},{"@type":"ListItem","position":2,"name":"Obchod","item":"https:\/\/megapets.eu\/obchod\/"},{"@type":"ListItem","position":3,"name":"Archachatina marginata vaj\u00ed\u010dko XXL \u0161tandardn\u00fd\/p\u00e1r P11"}]},{"@type":"WebSite","@id":"https:\/\/megapets.eu\/sk\/#website","url":"https:\/\/megapets.eu\/sk\/","name":"Mega Pets","description":"Jedna z najwi\u0119kszych hodowli \u015blimak\u00f3w w Europie","publisher":{"@id":"https:\/\/megapets.eu\/sk\/#organization"},"alternateName":"Mega Pets","potentialAction":[{"@type":"SearchAction","target":{"@type":"EntryPoint","urlTemplate":"https:\/\/megapets.eu\/sk\/?s={search_term_string}"},"query-input":{"@type":"PropertyValueSpecification","valueRequired":true,"valueName":"search_term_string"}}],"inLanguage":"sk-SK"},{"@type":"Organization","@id":"https:\/\/megapets.eu\/sk\/#organization","name":"Mega Pets","url":"https:\/\/megapets.eu\/sk\/","logo":{"@type":"ImageObject","inLanguage":"sk-SK","@id":"https:\/\/megapets.eu\/sk\/#\/schema\/logo\/image\/","url":"https:\/\/megapets.eu\/wp-content\/uploads\/2025\/04\/megapets_eu-logo.png","contentUrl":"https:\/\/megapets.eu\/wp-content\/uploads\/2025\/04\/megapets_eu-logo.png","width":2362,"height":2362,"caption":"Mega Pets"},"image":{"@id":"https:\/\/megapets.eu\/sk\/#\/schema\/logo\/image\/"},"sameAs":["https:\/\/www.facebook.com\/MegaPets.eu\/"]}]}},"_links":{"self":[{"href":"https:\/\/megapets.eu\/sk\/wp-json\/wp\/v2\/product\/9353","targetHints":{"allow":["GET"]}}],"collection":[{"href":"https:\/\/megapets.eu\/sk\/wp-json\/wp\/v2\/product"}],"about":[{"href":"https:\/\/megapets.eu\/sk\/wp-json\/wp\/v2\/types\/product"}],"wp:featuredmedia":[{"embeddable":true,"href":"https:\/\/megapets.eu\/sk\/wp-json\/wp\/v2\/media\/13505"}],"wp:attachment":[{"href":"https:\/\/megapets.eu\/sk\/wp-json\/wp\/v2\/media?parent=9353"}],"wp:term":[{"taxonomy":"product_cat","embeddable":true,"href":"https:\/\/megapets.eu\/sk\/wp-json\/wp\/v2\/product_cat?post=9353"},{"taxonomy":"product_tag","embeddable":true,"href":"https:\/\/megapets.eu\/sk\/wp-json\/wp\/v2\/product_tag?post=9353"}],"curies":[{"name":"wp","href":"https:\/\/api.w.org\/{rel}","templated":true}]}}