{"id":9545,"date":"2025-07-08T11:44:18","date_gmt":"2025-07-08T11:44:18","guid":{"rendered":"https:\/\/megapets.eu\/?post_type=product&#038;p=9545"},"modified":"2025-07-15T06:51:27","modified_gmt":"2025-07-15T06:51:27","slug":"spiropoeus-fischeriobrovsky-cierny-krokodil-kopia","status":"publish","type":"product","link":"https:\/\/megapets.eu\/sk\/wije-sk\/spiropoeus-fischeriobrovsky-cierny-krokodil-kopia\/","title":{"rendered":"Spiropoeus fischeri<br>&#8222;Obrovsk\u00e1 \u010dierna stono\u017eka&#8220;"},"content":{"rendered":"<p class=\"v1v1v1v1MsoNormal\"><span style=\"color: #333333;\"><strong><em><span style=\"font-size: 15px;\">Druh: <\/span><\/em><\/strong><\/span><span style=\"color: #000000;\"><strong><em><span style=\"font-size: 15px;\">Stono\u017eka Spiropoeus fischeri &#8222;Obrovsk\u00e1 \u010dierna stono\u017eka&#8220;. <\/span><\/em><\/strong><\/span> <\/p>\n<p class=\"v1v1v1v1MsoNormal\"><span style=\"color: #333333;\"><strong><em><span style=\"font-size: 15px;\">\u013dahko sa udr\u017eiavaj\u00fa, tak\u017ee s\u00fa skvel\u00e9 pre za\u010diato\u010dn\u00edkov.<\/span><\/em><\/strong><\/span><\/p>\n<p><span style=\"font-size: 15px;\"><em><strong><span style=\"color: #000000;\"><span style=\"color: #333333;\">Stono\u017eka obrovsk\u00e1 Spiropoeus fischeri<\/span> C\ud83d\udda4Z\ud83d\udda4A\ud83d\udda4R\ud83d\udda4N Y\ud83d\udda4<\/span>, cie\u013eov\u00e1 <span style=\"color: #333333;\">ve\u013ekos\u0165 dospel\u00e9ho jedinca asi 20 cm.<\/span><\/strong><\/em><\/span><\/p>\n<p><strong style=\"color: #424242;\"><em><span style=\"font-size: 15px;\"><span style=\"color: #424242;\"><span class=\"x1xsqp64 xiy17q3 x1o6pynw x19co3pv xdj266r xcwd3tp xat24cr x39eecv x2b8uid\" data-testid=\"emoji\"><span class=\"xexx8yu xn5pp95 x18d9i69 x2fxd7x x3jgonx x1bhl96m\">\ud83d\udda4\ud83d\udda4\ud83d\udda4  <\/span><\/span><\/span><\/span><span style=\"font-size: 15px;\"><span style=\"color: #424242;\"><strong><span style=\"color: #333333;\">H\u013ead\u00e1te nie\u010do z\u00e1bavn\u00e9 na za\u010diatok?<\/span> <\/strong><\/span> <span style=\"color: #000000;\"><strong>Mnohono\u017eky Spiropoeus fischeri<\/strong><strong> <\/strong>S\u00fa to kr\u00e1sne a \u013eahko udr\u017eiavate\u013en\u00e9 stvorenia, \u00faplne bezpe\u010dn\u00e9 pre \u013eud\u00ed, nehryz\u00fa. Maj\u00fa slab\u00e9 \u010de\u013euste, ktor\u00e9 s\u00fa prisp\u00f4soben\u00e9 na drvenie rastlinnej hmoty. Mnohono\u017eky uprednost\u0148uj\u00fa vlhk\u00e9 miesta, \u017eij\u00fa v vrchnej vrstve substr\u00e1tu a \u017eivia sa listami, viaczlo\u017ekov\u00fdm substr\u00e1tom ur\u010den\u00fdm na chov mnohono\u017eiek, ako aj zeleniny a ovocia.    <\/span><\/span><\/em><\/strong><\/p>\n","protected":false},"excerpt":{"rendered":"<ul>\n<li>Cie\u013eov\u00e1 ve\u013ekos\u0165:\n<ul>\n<li>cca 20 cm <\/li>\n<\/ul>\n<\/li>\n<li>Pon\u00fakan\u00e9 individu\u00e1lne:\n<ul>\n<li>cca 10-15 cm <\/li>\n<\/ul>\n<\/li>\n<li>Cena sa vz\u0165ahuje na:\n<ul>\n<li>1 ks<\/li>\n<\/ul>\n<\/li>\n<\/ul>\n","protected":false},"featured_media":6268,"template":"","meta":{"_acf_changed":false,"_links_to":"","_links_to_target":""},"product_cat":[153],"product_tag":[],"class_list":{"0":"post-9545","1":"product","2":"type-product","3":"status-publish","4":"has-post-thumbnail","6":"product_cat-wije-sk","8":"first","9":"outofstock","10":"shipping-taxable","11":"purchasable","12":"product-type-simple"},"acf":[],"yoast_head":"<!-- This site is optimized with the Yoast SEO plugin v24.9 - https:\/\/yoast.com\/wordpress\/plugins\/seo\/ -->\n<title>Spiropoeus fischeri&quot;Obrovsk\u00e1 \u010dierna stono\u017eka&quot; | MegaPets<\/title>\n<meta name=\"robots\" content=\"index, follow, max-snippet:-1, max-image-preview:large, max-video-preview:-1\" \/>\n<link rel=\"canonical\" href=\"https:\/\/megapets.eu\/sk\/wije-sk\/spiropoeus-fischeriobrovsky-cierny-krokodil-kopia\/\" \/>\n<meta property=\"og:locale\" content=\"sk_SK\" \/>\n<meta property=\"og:type\" content=\"article\" \/>\n<meta property=\"og:title\" content=\"Spiropoeus fischeri&quot;Obrovsk\u00e1 \u010dierna stono\u017eka&quot; | MegaPets\" \/>\n<meta property=\"og:description\" content=\"Cie\u013eov\u00e1 ve\u013ekos\u0165:  cca 20 cm   Pon\u00fakan\u00e9 individu\u00e1lne:  cca 10-15 cm   Cena sa vz\u0165ahuje na:  1 ks\" \/>\n<meta property=\"og:url\" content=\"https:\/\/megapets.eu\/sk\/wije-sk\/spiropoeus-fischeriobrovsky-cierny-krokodil-kopia\/\" \/>\n<meta property=\"og:site_name\" content=\"MegaPets\" \/>\n<meta property=\"article:publisher\" content=\"https:\/\/www.facebook.com\/MegaPets.eu\/\" \/>\n<meta property=\"article:modified_time\" content=\"2025-07-15T06:51:27+00:00\" \/>\n<meta property=\"og:image\" content=\"https:\/\/megapets.eu\/wp-content\/uploads\/2024\/10\/IMG_20220926_125351-scaled.jpg\" \/>\n\t<meta property=\"og:image:width\" content=\"2560\" \/>\n\t<meta property=\"og:image:height\" content=\"1706\" \/>\n\t<meta property=\"og:image:type\" content=\"image\/jpeg\" \/>\n<meta name=\"twitter:card\" content=\"summary_large_image\" \/>\n<meta name=\"twitter:label1\" content=\"Predpokladan\u00fd \u010das \u010d\u00edtania\" \/>\n\t<meta name=\"twitter:data1\" content=\"1 min\u00fata\" \/>\n<script type=\"application\/ld+json\" class=\"yoast-schema-graph\">{\"@context\":\"https:\/\/schema.org\",\"@graph\":[{\"@type\":\"WebPage\",\"@id\":\"https:\/\/megapets.eu\/sk\/wije-sk\/spiropoeus-fischeriobrovsky-cierny-krokodil-kopia\/\",\"url\":\"https:\/\/megapets.eu\/sk\/wije-sk\/spiropoeus-fischeriobrovsky-cierny-krokodil-kopia\/\",\"name\":\"Spiropoeus fischeri \\\"Obrovsk\u00e1 \u010dierna stono\u017eka\\\" | MegaPets\",\"isPartOf\":{\"@id\":\"https:\/\/megapets.eu\/sk\/#website\"},\"primaryImageOfPage\":{\"@id\":\"https:\/\/megapets.eu\/sk\/wije-sk\/spiropoeus-fischeriobrovsky-cierny-krokodil-kopia\/#primaryimage\"},\"image\":{\"@id\":\"https:\/\/megapets.eu\/sk\/wije-sk\/spiropoeus-fischeriobrovsky-cierny-krokodil-kopia\/#primaryimage\"},\"thumbnailUrl\":\"https:\/\/megapets.eu\/wp-content\/uploads\/2024\/10\/IMG_20220926_125351-scaled.jpg\",\"datePublished\":\"2025-07-08T11:44:18+00:00\",\"dateModified\":\"2025-07-15T06:51:27+00:00\",\"breadcrumb\":{\"@id\":\"https:\/\/megapets.eu\/sk\/wije-sk\/spiropoeus-fischeriobrovsky-cierny-krokodil-kopia\/#breadcrumb\"},\"inLanguage\":\"sk-SK\",\"potentialAction\":[{\"@type\":\"ReadAction\",\"target\":[\"https:\/\/megapets.eu\/sk\/wije-sk\/spiropoeus-fischeriobrovsky-cierny-krokodil-kopia\/\"]}]},{\"@type\":\"ImageObject\",\"inLanguage\":\"sk-SK\",\"@id\":\"https:\/\/megapets.eu\/sk\/wije-sk\/spiropoeus-fischeriobrovsky-cierny-krokodil-kopia\/#primaryimage\",\"url\":\"https:\/\/megapets.eu\/wp-content\/uploads\/2024\/10\/IMG_20220926_125351-scaled.jpg\",\"contentUrl\":\"https:\/\/megapets.eu\/wp-content\/uploads\/2024\/10\/IMG_20220926_125351-scaled.jpg\",\"width\":2560,\"height\":1706},{\"@type\":\"BreadcrumbList\",\"@id\":\"https:\/\/megapets.eu\/sk\/wije-sk\/spiropoeus-fischeriobrovsky-cierny-krokodil-kopia\/#breadcrumb\",\"itemListElement\":[{\"@type\":\"ListItem\",\"position\":1,\"name\":\"Strona g\u0142\u00f3wna\",\"item\":\"https:\/\/megapets.eu\/sk\/\"},{\"@type\":\"ListItem\",\"position\":2,\"name\":\"Obchod\",\"item\":\"https:\/\/megapets.eu\/obchod\/\"},{\"@type\":\"ListItem\",\"position\":3,\"name\":\"Spiropoeus fischeri&#8222;Obrovsk\u00e1 \u010dierna stono\u017eka\\\"\"}]},{\"@type\":\"WebSite\",\"@id\":\"https:\/\/megapets.eu\/sk\/#website\",\"url\":\"https:\/\/megapets.eu\/sk\/\",\"name\":\"Mega Pets\",\"description\":\"Jedna z najwi\u0119kszych hodowli \u015blimak\u00f3w w Europie\",\"publisher\":{\"@id\":\"https:\/\/megapets.eu\/sk\/#organization\"},\"alternateName\":\"Mega Pets\",\"potentialAction\":[{\"@type\":\"SearchAction\",\"target\":{\"@type\":\"EntryPoint\",\"urlTemplate\":\"https:\/\/megapets.eu\/sk\/?s={search_term_string}\"},\"query-input\":{\"@type\":\"PropertyValueSpecification\",\"valueRequired\":true,\"valueName\":\"search_term_string\"}}],\"inLanguage\":\"sk-SK\"},{\"@type\":\"Organization\",\"@id\":\"https:\/\/megapets.eu\/sk\/#organization\",\"name\":\"Mega Pets\",\"url\":\"https:\/\/megapets.eu\/sk\/\",\"logo\":{\"@type\":\"ImageObject\",\"inLanguage\":\"sk-SK\",\"@id\":\"https:\/\/megapets.eu\/sk\/#\/schema\/logo\/image\/\",\"url\":\"https:\/\/megapets.eu\/wp-content\/uploads\/2025\/04\/megapets_eu-logo.png\",\"contentUrl\":\"https:\/\/megapets.eu\/wp-content\/uploads\/2025\/04\/megapets_eu-logo.png\",\"width\":2362,\"height\":2362,\"caption\":\"Mega Pets\"},\"image\":{\"@id\":\"https:\/\/megapets.eu\/sk\/#\/schema\/logo\/image\/\"},\"sameAs\":[\"https:\/\/www.facebook.com\/MegaPets.eu\/\"]}]}<\/script>\n<!-- \/ Yoast SEO plugin. -->","yoast_head_json":{"title":"Spiropoeus fischeri\"Obrovsk\u00e1 \u010dierna stono\u017eka\" | MegaPets","robots":{"index":"index","follow":"follow","max-snippet":"max-snippet:-1","max-image-preview":"max-image-preview:large","max-video-preview":"max-video-preview:-1"},"canonical":"https:\/\/megapets.eu\/sk\/wije-sk\/spiropoeus-fischeriobrovsky-cierny-krokodil-kopia\/","og_locale":"sk_SK","og_type":"article","og_title":"Spiropoeus fischeri\"Obrovsk\u00e1 \u010dierna stono\u017eka\" | MegaPets","og_description":"Cie\u013eov\u00e1 ve\u013ekos\u0165:  cca 20 cm   Pon\u00fakan\u00e9 individu\u00e1lne:  cca 10-15 cm   Cena sa vz\u0165ahuje na:  1 ks","og_url":"https:\/\/megapets.eu\/sk\/wije-sk\/spiropoeus-fischeriobrovsky-cierny-krokodil-kopia\/","og_site_name":"MegaPets","article_publisher":"https:\/\/www.facebook.com\/MegaPets.eu\/","article_modified_time":"2025-07-15T06:51:27+00:00","og_image":[{"width":2560,"height":1706,"url":"https:\/\/megapets.eu\/wp-content\/uploads\/2024\/10\/IMG_20220926_125351-scaled.jpg","type":"image\/jpeg"}],"twitter_card":"summary_large_image","twitter_misc":{"Predpokladan\u00fd \u010das \u010d\u00edtania":"1 min\u00fata"},"schema":{"@context":"https:\/\/schema.org","@graph":[{"@type":"WebPage","@id":"https:\/\/megapets.eu\/sk\/wije-sk\/spiropoeus-fischeriobrovsky-cierny-krokodil-kopia\/","url":"https:\/\/megapets.eu\/sk\/wije-sk\/spiropoeus-fischeriobrovsky-cierny-krokodil-kopia\/","name":"Spiropoeus fischeri \"Obrovsk\u00e1 \u010dierna stono\u017eka\" | MegaPets","isPartOf":{"@id":"https:\/\/megapets.eu\/sk\/#website"},"primaryImageOfPage":{"@id":"https:\/\/megapets.eu\/sk\/wije-sk\/spiropoeus-fischeriobrovsky-cierny-krokodil-kopia\/#primaryimage"},"image":{"@id":"https:\/\/megapets.eu\/sk\/wije-sk\/spiropoeus-fischeriobrovsky-cierny-krokodil-kopia\/#primaryimage"},"thumbnailUrl":"https:\/\/megapets.eu\/wp-content\/uploads\/2024\/10\/IMG_20220926_125351-scaled.jpg","datePublished":"2025-07-08T11:44:18+00:00","dateModified":"2025-07-15T06:51:27+00:00","breadcrumb":{"@id":"https:\/\/megapets.eu\/sk\/wije-sk\/spiropoeus-fischeriobrovsky-cierny-krokodil-kopia\/#breadcrumb"},"inLanguage":"sk-SK","potentialAction":[{"@type":"ReadAction","target":["https:\/\/megapets.eu\/sk\/wije-sk\/spiropoeus-fischeriobrovsky-cierny-krokodil-kopia\/"]}]},{"@type":"ImageObject","inLanguage":"sk-SK","@id":"https:\/\/megapets.eu\/sk\/wije-sk\/spiropoeus-fischeriobrovsky-cierny-krokodil-kopia\/#primaryimage","url":"https:\/\/megapets.eu\/wp-content\/uploads\/2024\/10\/IMG_20220926_125351-scaled.jpg","contentUrl":"https:\/\/megapets.eu\/wp-content\/uploads\/2024\/10\/IMG_20220926_125351-scaled.jpg","width":2560,"height":1706},{"@type":"BreadcrumbList","@id":"https:\/\/megapets.eu\/sk\/wije-sk\/spiropoeus-fischeriobrovsky-cierny-krokodil-kopia\/#breadcrumb","itemListElement":[{"@type":"ListItem","position":1,"name":"Strona g\u0142\u00f3wna","item":"https:\/\/megapets.eu\/sk\/"},{"@type":"ListItem","position":2,"name":"Obchod","item":"https:\/\/megapets.eu\/obchod\/"},{"@type":"ListItem","position":3,"name":"Spiropoeus fischeri&#8222;Obrovsk\u00e1 \u010dierna stono\u017eka\""}]},{"@type":"WebSite","@id":"https:\/\/megapets.eu\/sk\/#website","url":"https:\/\/megapets.eu\/sk\/","name":"Mega Pets","description":"Jedna z najwi\u0119kszych hodowli \u015blimak\u00f3w w Europie","publisher":{"@id":"https:\/\/megapets.eu\/sk\/#organization"},"alternateName":"Mega Pets","potentialAction":[{"@type":"SearchAction","target":{"@type":"EntryPoint","urlTemplate":"https:\/\/megapets.eu\/sk\/?s={search_term_string}"},"query-input":{"@type":"PropertyValueSpecification","valueRequired":true,"valueName":"search_term_string"}}],"inLanguage":"sk-SK"},{"@type":"Organization","@id":"https:\/\/megapets.eu\/sk\/#organization","name":"Mega Pets","url":"https:\/\/megapets.eu\/sk\/","logo":{"@type":"ImageObject","inLanguage":"sk-SK","@id":"https:\/\/megapets.eu\/sk\/#\/schema\/logo\/image\/","url":"https:\/\/megapets.eu\/wp-content\/uploads\/2025\/04\/megapets_eu-logo.png","contentUrl":"https:\/\/megapets.eu\/wp-content\/uploads\/2025\/04\/megapets_eu-logo.png","width":2362,"height":2362,"caption":"Mega Pets"},"image":{"@id":"https:\/\/megapets.eu\/sk\/#\/schema\/logo\/image\/"},"sameAs":["https:\/\/www.facebook.com\/MegaPets.eu\/"]}]}},"_links":{"self":[{"href":"https:\/\/megapets.eu\/sk\/wp-json\/wp\/v2\/product\/9545","targetHints":{"allow":["GET"]}}],"collection":[{"href":"https:\/\/megapets.eu\/sk\/wp-json\/wp\/v2\/product"}],"about":[{"href":"https:\/\/megapets.eu\/sk\/wp-json\/wp\/v2\/types\/product"}],"wp:featuredmedia":[{"embeddable":true,"href":"https:\/\/megapets.eu\/sk\/wp-json\/wp\/v2\/media\/6268"}],"wp:attachment":[{"href":"https:\/\/megapets.eu\/sk\/wp-json\/wp\/v2\/media?parent=9545"}],"wp:term":[{"taxonomy":"product_cat","embeddable":true,"href":"https:\/\/megapets.eu\/sk\/wp-json\/wp\/v2\/product_cat?post=9545"},{"taxonomy":"product_tag","embeddable":true,"href":"https:\/\/megapets.eu\/sk\/wp-json\/wp\/v2\/product_tag?post=9545"}],"curies":[{"name":"wp","href":"https:\/\/api.w.org\/{rel}","templated":true}]}}