{"id":9743,"date":"2025-07-13T14:04:04","date_gmt":"2025-07-13T14:04:04","guid":{"rendered":"https:\/\/megapets.eu\/?post_type=product&#038;p=9743"},"modified":"2025-07-14T09:09:01","modified_gmt":"2025-07-14T09:09:01","slug":"skokani-cervenaupratovaci-tim-kopia","status":"publish","type":"product","link":"https:\/\/megapets.eu\/sk\/izopody\/skokani-cervenaupratovaci-tim-kopia\/","title":{"rendered":"Chvostoskoky &#8222;\u017elt\u00e9&#8220; <br> Ceratophysella sp. &#8222;Lilac \u017elt\u00fd alb\u00edn&#8220; <br> &#8222;Upratovacia pos\u00e1dka&#8220;"},"content":{"rendered":"<p class=\"v1v1v1v1MsoNormal\"><span style=\"color: #424242;\"><strong><em><span style=\"font-size: 15px;\">Chvostoskoky: Chvostoskoky &#8222;\u017elt\u00e9&#8220;. Ceratophysella spec. &#8222;Lilac \u017elt\u00fd alb\u00edn&#8220;  <\/span><\/em><\/strong><\/span><\/p>\n<p class=\"v1v1v1v1MsoNormal\"><span style=\"color: #424242;\"><strong><em><span style=\"font-size: 15px;\">&#8222;Upratovacia pos\u00e1dka&#8220; <strong style=\"color: #424242;\"><span class=\"x1xsqp64 xiy17q3 x1o6pynw x19co3pv xdj266r xcwd3tp xat24cr x39eecv x2b8uid\" data-testid=\"emoji\"><span class=\"xexx8yu xn5pp95 x18d9i69 x2fxd7x x3jgonx x1bhl96m\"><span style=\"font-size: 15px; color: #424242;\"><span class=\"html-span xexx8yu x4uap5 x18d9i69 xkhd6sd x1hl2dhg x16tdsg8 x1vvkbs x3nfvp2 x1j61x8r x1fcty0u xdj266r xat24cr xgzva0m xhhsvwb xxymvpz xlup9mm x1kky2od\"><img loading=\"lazy\" decoding=\"async\" class=\"xz74otr\" src=\"https:\/\/static.xx.fbcdn.net\/images\/emoji.php\/v9\/ta4\/1\/16\/1f9f9.png\" alt=\"\ud83e\uddf9\" width=\"16\" height=\"16\"><img loading=\"lazy\" decoding=\"async\" class=\"xz74otr\" src=\"https:\/\/static.xx.fbcdn.net\/images\/emoji.php\/v9\/tbc\/1\/16\/1f30a.png\" alt=\"\ud83c\udf0a\" width=\"16\" height=\"16\"><\/span><span class=\"html-span xexx8yu x4uap5 x18d9i69 xkhd6sd x1hl2dhg x16tdsg8 x1vvkbs x3nfvp2 x1j61x8r x1fcty0u xdj266r xat24cr xgzva0m xhhsvwb xxymvpz xlup9mm x1kky2od\"><img loading=\"lazy\" decoding=\"async\" class=\"xz74otr\" src=\"https:\/\/static.xx.fbcdn.net\/images\/emoji.php\/v9\/t4f\/1\/16\/1f9fd.png\" alt=\"\ud83e\uddfd\" width=\"16\" height=\"16\"><\/span><\/span><\/span><\/span><\/strong>pre ter\u00e1rium.<\/span><\/em><\/strong><\/span><\/p>\n<p><strong style=\"color: #424242;\"><em><span style=\"font-size: 15px;\"><strong><span class=\"x1xsqp64 xiy17q3 x1o6pynw x19co3pv xdj266r xcwd3tp xat24cr x39eecv x2b8uid\" data-testid=\"emoji\"><span class=\"xexx8yu xn5pp95 x18d9i69 x2fxd7x x3jgonx x1bhl96m\">\u013dahko sa udr\u017eiavaj\u00fa, tak\u017ee s\u00fa skvel\u00e9 pre za\u010diato\u010dn\u00edkov.<\/span><\/span><\/strong><\/span><\/em><\/strong><\/p>\n<p>&nbsp;<\/p>\n<p><strong style=\"color: #424242;\"><strong><em><span style=\"font-size: 15px; color: #424242;\"><strong><span style=\"font-size: 15px;\"><span class=\"x1xsqp64 xiy17q3 x1o6pynw x19co3pv xdj266r xcwd3tp xat24cr x39eecv x2b8uid\" data-testid=\"emoji\"><span class=\"xexx8yu xn5pp95 x18d9i69 x2fxd7x x3jgonx x1bhl96m\"><span style=\"color: #424242;\">\u2764\ufe0f\ud83e\udde1\u2764\ufe0f <\/span><\/span><\/span><\/span>H\u013ead\u00e1te nie\u010do z\u00e1bavn\u00e9 na za\u010diatok? <\/strong> Chvostoskoky<strong> <\/strong>S\u00fa to kr\u00e1sne a \u013eahko udr\u017eiavate\u013en\u00e9 stvorenia, \u00faplne bezpe\u010dn\u00e9 pre \u013eud\u00ed, nehryz\u00fa. Maj\u00fa slab\u00e9 \u010de\u013euste, ktor\u00e9 s\u00fa prisp\u00f4soben\u00e9 na drvenie rastlinnej hmoty. Chvostoskoky uprednost\u0148uj\u00fa vlhk\u00e9 miesta, \u017eij\u00fa v vrchnej vrstve substr\u00e1tu a \u017eivia sa listami, viaczlo\u017ekov\u00fdm substr\u00e1tom ur\u010den\u00fdm na chov mnohono\u017eiek, ako aj zeleniny a ovocia.  <\/span><\/em><\/strong><\/strong><\/p>\n<p>&nbsp;<\/p>\n<p class=\"v1v1v1v1MsoNormal\"><span style=\"color: #424242;\"><strong><em><span style=\"font-size: 15px;\"><span class=\"x1xsqp64 xiy17q3 x1o6pynw x19co3pv xdj266r xcwd3tp xat24cr x39eecv x2b8uid\" data-testid=\"emoji\"><span class=\"xexx8yu xn5pp95 x18d9i69 x2fxd7x x3jgonx x1bhl96m\">\ud83c\udf3f <\/span><\/span>V\u0161etko, \u010do tak\u00e9to zviera potrebuje na \u00faspe\u0161n\u00fd v\u00fdvoj a \u017eivot v ter\u00e1riu, je:<\/span><\/em><\/strong><\/span><\/p>\n<p class=\"v1v1v1v1MsoNormal\"><span style=\"color: #008000;\"><strong><em><span style=\"font-size: 15px;\">* Substr\u00e1t \/ krmivo: Chovn\u00e9 m\u00e9dium pre mnohono\u017eky a myri\u00e1dy alebo kokosov\u00fd substr\u00e1t;<\/span><\/em><\/strong><\/span><\/p>\n<p class=\"v1v1v1v1MsoNormal\"><span style=\"color: #008000;\"><strong><em><span style=\"font-size: 15px;\">* Superpotraviny: \u010cerstv\u00e1 zelenina a ovocie;<\/span><\/em><\/strong><\/span><\/p>\n<p class=\"v1v1v1v1MsoNormal\"><span style=\"color: #008000;\"><strong><em><span style=\"font-size: 15px;\">* Jedlo: S\u00e9pia &#8211; s\u00e9piov\u00e1 kos\u0165 je pr\u00edrodn\u00fdm zdrojom v\u00e1pnika pre ter\u00e1riov\u00e9 zvierat\u00e1;  <\/span><\/em><\/strong><\/span><\/p>\n<p class=\"v1v1v1v1MsoNormal\"><span style=\"color: #008000;\"><strong><em><span style=\"font-size: 15px;\">* Jedlo: Mlet\u00fd gammarus je su\u0161en\u00fd gammarus, bohat\u00fd na makro- a mikroelementy, pr\u00edrodn\u00fd zdroj \u017eivo\u010d\u00ed\u0161nych bielkov\u00edn a chit\u00ednu (dostupn\u00fd na na\u0161ej \u010fal\u0161ej aukcii);<\/span><\/em><\/strong><\/span><\/p>\n<p class=\"v1v1v1v1MsoNormal\"><span style=\"color: #008000;\"><strong><em><span style=\"font-size: 15px;\">* Ter\u00e1rium: Faunabox alebo chovn\u00e1 n\u00e1doba je ide\u00e1lna na chov rovnono\u017ecov;<\/span><\/em><\/strong><\/span><\/p>\n<p class=\"v1v1v1v1MsoNormal\"><span style=\"color: #008000;\"><strong><em><span style=\"font-size: 15px;\">* Nenechajte substr\u00e1t \u00faplne vyschn\u00fa\u0165, z \u010dasu na \u010das posypte ter\u00e1rium.<\/span><\/em><\/strong><\/span><\/p>\n","protected":false},"excerpt":{"rendered":"<ul class=\"product_attributes\">\n<li><strong>Cie\u013eov\u00e1 ve\u013ekos\u0165 jedincov:<\/strong> <span style=\"color: #000000;\">cca 0,2 cm<\/span><\/li>\n<li>Pon\u00fakan\u00e9 jednotlivce: <span style=\"color: #000000;\">zabalen\u00e9 n\u00e1hodne<\/span><\/li>\n<li>Cena plat\u00ed za s\u00fapravu: <span style=\"color: #000000;\">10-15 kusov<\/span><\/li>\n<\/ul>\n","protected":false},"featured_media":9782,"template":"","meta":{"_acf_changed":false,"_links_to":"","_links_to_target":""},"product_cat":[145],"product_tag":[],"class_list":{"0":"post-9743","1":"product","2":"type-product","3":"status-publish","4":"has-post-thumbnail","6":"product_cat-izopody","8":"first","9":"outofstock","10":"shipping-taxable","11":"purchasable","12":"product-type-simple"},"acf":[],"yoast_head":"<!-- This site is optimized with the Yoast SEO plugin v24.9 - https:\/\/yoast.com\/wordpress\/plugins\/seo\/ -->\n<title>Chvostoskoky &quot;\u017elt\u00e9&quot;  Ceratophysella sp. &quot;Lilac \u017elt\u00fd alb\u00edn&quot;  &quot;Upratovacia pos\u00e1dka&quot; | MegaPets<\/title>\n<meta name=\"robots\" content=\"index, follow, max-snippet:-1, max-image-preview:large, max-video-preview:-1\" \/>\n<link rel=\"canonical\" href=\"https:\/\/megapets.eu\/sk\/izopody\/skokani-cervenaupratovaci-tim-kopia\/\" \/>\n<meta property=\"og:locale\" content=\"sk_SK\" \/>\n<meta property=\"og:type\" content=\"article\" \/>\n<meta property=\"og:title\" content=\"Chvostoskoky &quot;\u017elt\u00e9&quot;  Ceratophysella sp. &quot;Lilac \u017elt\u00fd alb\u00edn&quot;  &quot;Upratovacia pos\u00e1dka&quot; | MegaPets\" \/>\n<meta property=\"og:description\" content=\"Cie\u013eov\u00e1 ve\u013ekos\u0165 jedincov: cca 0,2 cm  Pon\u00fakan\u00e9 jednotlivce: zabalen\u00e9 n\u00e1hodne  Cena plat\u00ed za s\u00fapravu: 10-15 kusov\" \/>\n<meta property=\"og:url\" content=\"https:\/\/megapets.eu\/sk\/izopody\/skokani-cervenaupratovaci-tim-kopia\/\" \/>\n<meta property=\"og:site_name\" content=\"MegaPets\" \/>\n<meta property=\"article:publisher\" content=\"https:\/\/www.facebook.com\/MegaPets.eu\/\" \/>\n<meta property=\"article:modified_time\" content=\"2025-07-14T09:09:01+00:00\" \/>\n<meta property=\"og:image\" content=\"https:\/\/megapets.eu\/wp-content\/uploads\/2025\/07\/skocz-1.png\" \/>\n\t<meta property=\"og:image:width\" content=\"1051\" \/>\n\t<meta property=\"og:image:height\" content=\"693\" \/>\n\t<meta property=\"og:image:type\" content=\"image\/png\" \/>\n<meta name=\"twitter:card\" content=\"summary_large_image\" \/>\n<meta name=\"twitter:label1\" content=\"Predpokladan\u00fd \u010das \u010d\u00edtania\" \/>\n\t<meta name=\"twitter:data1\" content=\"1 min\u00fata\" \/>\n<script type=\"application\/ld+json\" class=\"yoast-schema-graph\">{\"@context\":\"https:\/\/schema.org\",\"@graph\":[{\"@type\":\"WebPage\",\"@id\":\"https:\/\/megapets.eu\/sk\/izopody\/skokani-cervenaupratovaci-tim-kopia\/\",\"url\":\"https:\/\/megapets.eu\/sk\/izopody\/skokani-cervenaupratovaci-tim-kopia\/\",\"name\":\"Chvostoskoky \\\"\u017elt\u00e9\\\" Ceratophysella sp. \\\"Lilac \u017elt\u00fd alb\u00edn\\\" \\\"Upratovacia pos\u00e1dka\\\" | MegaPets\",\"isPartOf\":{\"@id\":\"https:\/\/megapets.eu\/sk\/#website\"},\"primaryImageOfPage\":{\"@id\":\"https:\/\/megapets.eu\/sk\/izopody\/skokani-cervenaupratovaci-tim-kopia\/#primaryimage\"},\"image\":{\"@id\":\"https:\/\/megapets.eu\/sk\/izopody\/skokani-cervenaupratovaci-tim-kopia\/#primaryimage\"},\"thumbnailUrl\":\"https:\/\/megapets.eu\/wp-content\/uploads\/2025\/07\/skocz-1-1.png\",\"datePublished\":\"2025-07-13T14:04:04+00:00\",\"dateModified\":\"2025-07-14T09:09:01+00:00\",\"breadcrumb\":{\"@id\":\"https:\/\/megapets.eu\/sk\/izopody\/skokani-cervenaupratovaci-tim-kopia\/#breadcrumb\"},\"inLanguage\":\"sk-SK\",\"potentialAction\":[{\"@type\":\"ReadAction\",\"target\":[\"https:\/\/megapets.eu\/sk\/izopody\/skokani-cervenaupratovaci-tim-kopia\/\"]}]},{\"@type\":\"ImageObject\",\"inLanguage\":\"sk-SK\",\"@id\":\"https:\/\/megapets.eu\/sk\/izopody\/skokani-cervenaupratovaci-tim-kopia\/#primaryimage\",\"url\":\"https:\/\/megapets.eu\/wp-content\/uploads\/2025\/07\/skocz-1-1.png\",\"contentUrl\":\"https:\/\/megapets.eu\/wp-content\/uploads\/2025\/07\/skocz-1-1.png\",\"width\":1053,\"height\":695},{\"@type\":\"BreadcrumbList\",\"@id\":\"https:\/\/megapets.eu\/sk\/izopody\/skokani-cervenaupratovaci-tim-kopia\/#breadcrumb\",\"itemListElement\":[{\"@type\":\"ListItem\",\"position\":1,\"name\":\"Strona g\u0142\u00f3wna\",\"item\":\"https:\/\/megapets.eu\/sk\/\"},{\"@type\":\"ListItem\",\"position\":2,\"name\":\"Obchod\",\"item\":\"https:\/\/megapets.eu\/obchod\/\"},{\"@type\":\"ListItem\",\"position\":3,\"name\":\"Chvostoskoky &#8222;\u017elt\u00e9\\\" Ceratophysella sp. &#8222;Lilac \u017elt\u00fd alb\u00edn\\\" &#8222;Upratovacia pos\u00e1dka\\\"\"}]},{\"@type\":\"WebSite\",\"@id\":\"https:\/\/megapets.eu\/sk\/#website\",\"url\":\"https:\/\/megapets.eu\/sk\/\",\"name\":\"Mega Pets\",\"description\":\"Jedna z najwi\u0119kszych hodowli \u015blimak\u00f3w w Europie\",\"publisher\":{\"@id\":\"https:\/\/megapets.eu\/sk\/#organization\"},\"alternateName\":\"Mega Pets\",\"potentialAction\":[{\"@type\":\"SearchAction\",\"target\":{\"@type\":\"EntryPoint\",\"urlTemplate\":\"https:\/\/megapets.eu\/sk\/?s={search_term_string}\"},\"query-input\":{\"@type\":\"PropertyValueSpecification\",\"valueRequired\":true,\"valueName\":\"search_term_string\"}}],\"inLanguage\":\"sk-SK\"},{\"@type\":\"Organization\",\"@id\":\"https:\/\/megapets.eu\/sk\/#organization\",\"name\":\"Mega Pets\",\"url\":\"https:\/\/megapets.eu\/sk\/\",\"logo\":{\"@type\":\"ImageObject\",\"inLanguage\":\"sk-SK\",\"@id\":\"https:\/\/megapets.eu\/sk\/#\/schema\/logo\/image\/\",\"url\":\"https:\/\/megapets.eu\/wp-content\/uploads\/2025\/04\/megapets_eu-logo.png\",\"contentUrl\":\"https:\/\/megapets.eu\/wp-content\/uploads\/2025\/04\/megapets_eu-logo.png\",\"width\":2362,\"height\":2362,\"caption\":\"Mega Pets\"},\"image\":{\"@id\":\"https:\/\/megapets.eu\/sk\/#\/schema\/logo\/image\/\"},\"sameAs\":[\"https:\/\/www.facebook.com\/MegaPets.eu\/\"]}]}<\/script>\n<!-- \/ Yoast SEO plugin. -->","yoast_head_json":{"title":"Chvostoskoky \"\u017elt\u00e9\"  Ceratophysella sp. \"Lilac \u017elt\u00fd alb\u00edn\"  \"Upratovacia pos\u00e1dka\" | MegaPets","robots":{"index":"index","follow":"follow","max-snippet":"max-snippet:-1","max-image-preview":"max-image-preview:large","max-video-preview":"max-video-preview:-1"},"canonical":"https:\/\/megapets.eu\/sk\/izopody\/skokani-cervenaupratovaci-tim-kopia\/","og_locale":"sk_SK","og_type":"article","og_title":"Chvostoskoky \"\u017elt\u00e9\"  Ceratophysella sp. \"Lilac \u017elt\u00fd alb\u00edn\"  \"Upratovacia pos\u00e1dka\" | MegaPets","og_description":"Cie\u013eov\u00e1 ve\u013ekos\u0165 jedincov: cca 0,2 cm  Pon\u00fakan\u00e9 jednotlivce: zabalen\u00e9 n\u00e1hodne  Cena plat\u00ed za s\u00fapravu: 10-15 kusov","og_url":"https:\/\/megapets.eu\/sk\/izopody\/skokani-cervenaupratovaci-tim-kopia\/","og_site_name":"MegaPets","article_publisher":"https:\/\/www.facebook.com\/MegaPets.eu\/","article_modified_time":"2025-07-14T09:09:01+00:00","og_image":[{"width":1051,"height":693,"url":"https:\/\/megapets.eu\/wp-content\/uploads\/2025\/07\/skocz-1.png","type":"image\/png"}],"twitter_card":"summary_large_image","twitter_misc":{"Predpokladan\u00fd \u010das \u010d\u00edtania":"1 min\u00fata"},"schema":{"@context":"https:\/\/schema.org","@graph":[{"@type":"WebPage","@id":"https:\/\/megapets.eu\/sk\/izopody\/skokani-cervenaupratovaci-tim-kopia\/","url":"https:\/\/megapets.eu\/sk\/izopody\/skokani-cervenaupratovaci-tim-kopia\/","name":"Chvostoskoky \"\u017elt\u00e9\" Ceratophysella sp. \"Lilac \u017elt\u00fd alb\u00edn\" \"Upratovacia pos\u00e1dka\" | MegaPets","isPartOf":{"@id":"https:\/\/megapets.eu\/sk\/#website"},"primaryImageOfPage":{"@id":"https:\/\/megapets.eu\/sk\/izopody\/skokani-cervenaupratovaci-tim-kopia\/#primaryimage"},"image":{"@id":"https:\/\/megapets.eu\/sk\/izopody\/skokani-cervenaupratovaci-tim-kopia\/#primaryimage"},"thumbnailUrl":"https:\/\/megapets.eu\/wp-content\/uploads\/2025\/07\/skocz-1-1.png","datePublished":"2025-07-13T14:04:04+00:00","dateModified":"2025-07-14T09:09:01+00:00","breadcrumb":{"@id":"https:\/\/megapets.eu\/sk\/izopody\/skokani-cervenaupratovaci-tim-kopia\/#breadcrumb"},"inLanguage":"sk-SK","potentialAction":[{"@type":"ReadAction","target":["https:\/\/megapets.eu\/sk\/izopody\/skokani-cervenaupratovaci-tim-kopia\/"]}]},{"@type":"ImageObject","inLanguage":"sk-SK","@id":"https:\/\/megapets.eu\/sk\/izopody\/skokani-cervenaupratovaci-tim-kopia\/#primaryimage","url":"https:\/\/megapets.eu\/wp-content\/uploads\/2025\/07\/skocz-1-1.png","contentUrl":"https:\/\/megapets.eu\/wp-content\/uploads\/2025\/07\/skocz-1-1.png","width":1053,"height":695},{"@type":"BreadcrumbList","@id":"https:\/\/megapets.eu\/sk\/izopody\/skokani-cervenaupratovaci-tim-kopia\/#breadcrumb","itemListElement":[{"@type":"ListItem","position":1,"name":"Strona g\u0142\u00f3wna","item":"https:\/\/megapets.eu\/sk\/"},{"@type":"ListItem","position":2,"name":"Obchod","item":"https:\/\/megapets.eu\/obchod\/"},{"@type":"ListItem","position":3,"name":"Chvostoskoky &#8222;\u017elt\u00e9\" Ceratophysella sp. &#8222;Lilac \u017elt\u00fd alb\u00edn\" &#8222;Upratovacia pos\u00e1dka\""}]},{"@type":"WebSite","@id":"https:\/\/megapets.eu\/sk\/#website","url":"https:\/\/megapets.eu\/sk\/","name":"Mega Pets","description":"Jedna z najwi\u0119kszych hodowli \u015blimak\u00f3w w Europie","publisher":{"@id":"https:\/\/megapets.eu\/sk\/#organization"},"alternateName":"Mega Pets","potentialAction":[{"@type":"SearchAction","target":{"@type":"EntryPoint","urlTemplate":"https:\/\/megapets.eu\/sk\/?s={search_term_string}"},"query-input":{"@type":"PropertyValueSpecification","valueRequired":true,"valueName":"search_term_string"}}],"inLanguage":"sk-SK"},{"@type":"Organization","@id":"https:\/\/megapets.eu\/sk\/#organization","name":"Mega Pets","url":"https:\/\/megapets.eu\/sk\/","logo":{"@type":"ImageObject","inLanguage":"sk-SK","@id":"https:\/\/megapets.eu\/sk\/#\/schema\/logo\/image\/","url":"https:\/\/megapets.eu\/wp-content\/uploads\/2025\/04\/megapets_eu-logo.png","contentUrl":"https:\/\/megapets.eu\/wp-content\/uploads\/2025\/04\/megapets_eu-logo.png","width":2362,"height":2362,"caption":"Mega Pets"},"image":{"@id":"https:\/\/megapets.eu\/sk\/#\/schema\/logo\/image\/"},"sameAs":["https:\/\/www.facebook.com\/MegaPets.eu\/"]}]}},"_links":{"self":[{"href":"https:\/\/megapets.eu\/sk\/wp-json\/wp\/v2\/product\/9743","targetHints":{"allow":["GET"]}}],"collection":[{"href":"https:\/\/megapets.eu\/sk\/wp-json\/wp\/v2\/product"}],"about":[{"href":"https:\/\/megapets.eu\/sk\/wp-json\/wp\/v2\/types\/product"}],"wp:featuredmedia":[{"embeddable":true,"href":"https:\/\/megapets.eu\/sk\/wp-json\/wp\/v2\/media\/9782"}],"wp:attachment":[{"href":"https:\/\/megapets.eu\/sk\/wp-json\/wp\/v2\/media?parent=9743"}],"wp:term":[{"taxonomy":"product_cat","embeddable":true,"href":"https:\/\/megapets.eu\/sk\/wp-json\/wp\/v2\/product_cat?post=9743"},{"taxonomy":"product_tag","embeddable":true,"href":"https:\/\/megapets.eu\/sk\/wp-json\/wp\/v2\/product_tag?post=9743"}],"curies":[{"name":"wp","href":"https:\/\/api.w.org\/{rel}","templated":true}]}}